{"id":1086,"date":"2024-04-11T16:43:10","date_gmt":"2024-04-11T14:43:10","guid":{"rendered":"https:\/\/mishmashidiomesbarcelona.com\/es\/?page_id=1086"},"modified":"2025-05-08T12:06:58","modified_gmt":"2025-05-08T10:06:58","slug":"cursos-intensivos-de-verano-ingles","status":"publish","type":"page","link":"https:\/\/mishmashidiomesbarcelona.com\/es\/cursos-intensivos-de-verano-ingles\/","title":{"rendered":"Cursos intensivos de verano"},"content":{"rendered":"\n<h2 class=\"wp-block-heading has-luminous-vivid-amber-background-color has-background\"><strong>SUMMER\u00a0FUN<\/strong> (para ni\u00f1os de 4 a 5 a\u00f1os)<\/h2>\n\n\n\n<p>Del <strong>30 de junio al 11 de julio<\/strong>, de <strong>9:30h a 11:30h<\/strong>, ofrecemos unas ma\u00f1anas llenas de juegos, canciones y manualidades en ingl\u00e9s, en nuestras aulas (C\/ St. Antoni M\u00aa Claret, 358).<\/p>\n\n\n\n<p>Nuestros talleres est\u00e1n especialmente pensados para ni\u00f1os y ni\u00f1as de <strong>4 y 5 a\u00f1os<\/strong>. Aprender\u00e1n ingl\u00e9s jugando, cantando y experimentando, en un ambiente alegre, acogedor y seguro.<\/p>\n\n\n\n<p>Cada d\u00eda realizaremos una actividad diferente, divertida y adaptada a su edad\u2026 \u00a1y todo en ingl\u00e9s!<\/p>\n\n\n\n<p>Si quer\u00e9is que vuestros peques participen en esta aventura, solo ten\u00e9is que rellenar el siguiente formulario:  <\/p>\n\n\n\n<p><a href=\"https:\/\/docs.google.com\/forms\/d\/e\/1FAIpQLSfD0Qy1LGThQqniCc_GTZxIUCx90iMX8_Mlw9fZU29fIbbtKA\/viewform\">SUMMER FUN INSCRIPCI\u00d3N<\/a><\/p>\n\n\n\n<h2 class=\"wp-block-heading has-pale-pink-background-color has-background\"><strong>SUMMER CREATIVE LAB<\/strong> (para ni\u00f1os de 7 a 10 a\u00f1os)<\/h2>\n\n\n\n<p>Tus hijos pueden disfrutar de unas ma\u00f1anas din\u00e1micas y creativas del 30 de junio al 11 de julio, de 9.<em>30h a 11.<\/em>30h, en nuestras aulas (St.Antoni *M\u00aaClaret, 358); todo en uno en torno a inmersi\u00f3n.<br>Nuestros talleres est\u00e1n dise\u00f1ados para ni\u00f1os de 7 a 10 a\u00f1os. Los ni\u00f1os aprender\u00e1n ingl\u00e9s de una manera din\u00e1mica, participativa y l\u00fadica a trav\u00e9s de varias actividades creativas, en un ambiente divertido y seguro.<\/p>\n\n\n\n<p>Cada ma\u00f1ana haremos una actividad creativa diferente y \u00a1todo en ingl\u00e9s!<\/p>\n\n\n\n<p>Si est\u00e1is interesados en que vuestros hijos formen parte de esta experiencia, pod\u00e9is rellenar el siguiente formulario:<\/p>\n\n\n\n<p class=\"has-white-background-color has-background\"><a href=\"https:\/\/docs.google.com\/forms\/d\/1JHx27MOIkOe2nZnONALICF_SCA0ZMNzLOXpxO9YmcTI\/prefill\">SUMMER CREATIVE LAB INSCRIPCI\u00d3N<\/a><\/p>\n\n\n\n<p><\/p>\n\n\n\n<p><\/p>\n\n\n\n<h2 class=\"wp-block-heading has-vivid-cyan-blue-background-color has-background\"><strong>SUMMER PLUS<\/strong> (dirigidos a alumnos de A1, A2, B1 y de B2, grupos por nivel)<\/h2>\n\n\n\n<p>Si est\u00e1s buscando un curso de ingl\u00e9s intensivo para tu hijo que le permita mejorar su nivel de ingl\u00e9s en poco tiempo, nuestro curso intensivo de ingl\u00e9s de 20 horas es la opci\u00f3n perfecta. \u00a1Empezamos el 30 de junio!.<\/p>\n\n\n\n<p>A trav\u00e9s de clases din\u00e1micas y pr\u00e1cticas, mejoraremos la gram\u00e1tica, vocabulario, comprensi\u00f3n auditiva y expresi\u00f3n oral y escrita. El objetivo es reforzar el nivel y, dependiendo del nivel, trabajar las din\u00e1micas de los ex\u00e1menes oficiales.<\/p>\n\n\n\n<p>Nuestros profesores, le guiar\u00e1n en todo el proceso de aprendizaje. Adem\u00e1s, nuestros grupos son reducidos para que los alumnos puedan practicar y recibir atenci\u00f3n personalizada.<\/p>\n\n\n\n<p>Si est\u00e1is interesados en que vuestros hijos formen parte de esta experiencia, pod\u00e9is rellenar el siguiente formulario:<\/p>\n\n\n\n<p><a href=\"https:\/\/docs.google.com\/forms\/d\/1xW4-xhtGZ6SXcy42EscBGqm1qmZGB8V1HnvflqVaj6I\/prefill\">SUMMER PLUS INSCRIPCI\u00d3N<\/a><\/p>\n","protected":false},"excerpt":{"rendered":"<p>SUMMER\u00a0FUN (para ni\u00f1os de 4 a 5 a\u00f1os) Del 30 de junio al 11 de julio, de 9:30h a 11:30h, ofrecemos unas ma\u00f1anas llenas de juegos, canciones y manualidades en ingl\u00e9s, en nuestras aulas (C\/ St. Antoni M\u00aa Claret, 358). Nuestros talleres est\u00e1n especialmente pensados para ni\u00f1os y ni\u00f1as de 4 y 5 a\u00f1os. Aprender\u00e1n&hellip; <br \/> <a class=\"read-more\" href=\"https:\/\/mishmashidiomesbarcelona.com\/es\/cursos-intensivos-de-verano-ingles\/\">Read more<\/a><\/p>\n","protected":false},"author":1,"featured_media":0,"parent":0,"menu_order":0,"comment_status":"closed","ping_status":"closed","template":"","meta":{"footnotes":""},"class_list":["post-1086","page","type-page","status-publish","hentry"],"yoast_head":"<!-- This site is optimized with the Yoast SEO plugin v22.4 - https:\/\/yoast.com\/wordpress\/plugins\/seo\/ -->\n<title>Cursos intensivos de verano - MishMash Idiomes Barcelona<\/title>\n<meta name=\"description\" content=\"\u00a1Aprovecha nuestros cursos intensivos de verano para mejorar tu nivel de ingl\u00e9s! Cont\u00e1ctanos.\" \/>\n<meta name=\"robots\" content=\"index, follow, max-snippet:-1, max-image-preview:large, max-video-preview:-1\" \/>\n<link rel=\"canonical\" href=\"https:\/\/mishmashidiomesbarcelona.com\/es\/cursos-intensivos-de-verano-ingles\/\" \/>\n<meta property=\"og:locale\" content=\"es_ES\" \/>\n<meta property=\"og:type\" content=\"article\" \/>\n<meta property=\"og:title\" content=\"Cursos intensivos de verano - MishMash Idiomes Barcelona\" \/>\n<meta property=\"og:description\" content=\"\u00a1Aprovecha nuestros cursos intensivos de verano para mejorar tu nivel de ingl\u00e9s! Cont\u00e1ctanos.\" \/>\n<meta property=\"og:url\" content=\"https:\/\/mishmashidiomesbarcelona.com\/es\/cursos-intensivos-de-verano-ingles\/\" \/>\n<meta property=\"og:site_name\" content=\"MishMash Idiomes Barcelona\" \/>\n<meta property=\"article:publisher\" content=\"https:\/\/www.facebook.com\/mishmashidiomasbarcelona\/\" \/>\n<meta property=\"article:modified_time\" content=\"2025-05-08T10:06:58+00:00\" \/>\n<meta name=\"twitter:card\" content=\"summary_large_image\" \/>\n<meta name=\"twitter:label1\" content=\"Tiempo de lectura\" \/>\n\t<meta name=\"twitter:data1\" content=\"2 minutos\" \/>\n<script type=\"application\/ld+json\" class=\"yoast-schema-graph\">{\"@context\":\"https:\/\/schema.org\",\"@graph\":[{\"@type\":\"WebPage\",\"@id\":\"https:\/\/mishmashidiomesbarcelona.com\/es\/cursos-intensivos-de-verano-ingles\/\",\"url\":\"https:\/\/mishmashidiomesbarcelona.com\/es\/cursos-intensivos-de-verano-ingles\/\",\"name\":\"Cursos intensivos de verano - MishMash Idiomes Barcelona\",\"isPartOf\":{\"@id\":\"https:\/\/mishmashidiomesbarcelona.com\/es\/#website\"},\"datePublished\":\"2024-04-11T14:43:10+00:00\",\"dateModified\":\"2025-05-08T10:06:58+00:00\",\"description\":\"\u00a1Aprovecha nuestros cursos intensivos de verano para mejorar tu nivel de ingl\u00e9s! Cont\u00e1ctanos.\",\"breadcrumb\":{\"@id\":\"https:\/\/mishmashidiomesbarcelona.com\/es\/cursos-intensivos-de-verano-ingles\/#breadcrumb\"},\"inLanguage\":\"es\",\"potentialAction\":[{\"@type\":\"ReadAction\",\"target\":[\"https:\/\/mishmashidiomesbarcelona.com\/es\/cursos-intensivos-de-verano-ingles\/\"]}]},{\"@type\":\"BreadcrumbList\",\"@id\":\"https:\/\/mishmashidiomesbarcelona.com\/es\/cursos-intensivos-de-verano-ingles\/#breadcrumb\",\"itemListElement\":[{\"@type\":\"ListItem\",\"position\":1,\"name\":\"Portada\",\"item\":\"https:\/\/mishmashidiomesbarcelona.com\/es\/\"},{\"@type\":\"ListItem\",\"position\":2,\"name\":\"Cursos intensivos de verano\"}]},{\"@type\":\"WebSite\",\"@id\":\"https:\/\/mishmashidiomesbarcelona.com\/es\/#website\",\"url\":\"https:\/\/mishmashidiomesbarcelona.com\/es\/\",\"name\":\"MishMash Idiomes Barcelona\",\"description\":\"Academia de ingl\u00e9s para ni\u00f1os y adultos. M\u00e9todo propio y creativo.\",\"publisher\":{\"@id\":\"https:\/\/mishmashidiomesbarcelona.com\/es\/#organization\"},\"potentialAction\":[{\"@type\":\"SearchAction\",\"target\":{\"@type\":\"EntryPoint\",\"urlTemplate\":\"https:\/\/mishmashidiomesbarcelona.com\/es\/?s={search_term_string}\"},\"query-input\":\"required name=search_term_string\"}],\"inLanguage\":\"es\"},{\"@type\":\"Organization\",\"@id\":\"https:\/\/mishmashidiomesbarcelona.com\/es\/#organization\",\"name\":\"MishMash Idiomes Barcelona\",\"url\":\"https:\/\/mishmashidiomesbarcelona.com\/es\/\",\"logo\":{\"@type\":\"ImageObject\",\"inLanguage\":\"es\",\"@id\":\"https:\/\/mishmashidiomesbarcelona.com\/es\/#\/schema\/logo\/image\/\",\"url\":\"https:\/\/mishmashidiomesbarcelona.com\/es\/wp-content\/uploads\/2023\/06\/cropped-logo-activitats-angles-escola-barcelona-mishmash.jpg\",\"contentUrl\":\"https:\/\/mishmashidiomesbarcelona.com\/es\/wp-content\/uploads\/2023\/06\/cropped-logo-activitats-angles-escola-barcelona-mishmash.jpg\",\"width\":1343,\"height\":687,\"caption\":\"MishMash Idiomes Barcelona\"},\"image\":{\"@id\":\"https:\/\/mishmashidiomesbarcelona.com\/es\/#\/schema\/logo\/image\/\"},\"sameAs\":[\"https:\/\/www.facebook.com\/mishmashidiomasbarcelona\/\",\"https:\/\/www.instagram.com\/mishmashidiomasbarcelona\/\"]}]}<\/script>\n<!-- \/ Yoast SEO plugin. -->","yoast_head_json":{"title":"Cursos intensivos de verano - MishMash Idiomes Barcelona","description":"\u00a1Aprovecha nuestros cursos intensivos de verano para mejorar tu nivel de ingl\u00e9s! Cont\u00e1ctanos.","robots":{"index":"index","follow":"follow","max-snippet":"max-snippet:-1","max-image-preview":"max-image-preview:large","max-video-preview":"max-video-preview:-1"},"canonical":"https:\/\/mishmashidiomesbarcelona.com\/es\/cursos-intensivos-de-verano-ingles\/","og_locale":"es_ES","og_type":"article","og_title":"Cursos intensivos de verano - MishMash Idiomes Barcelona","og_description":"\u00a1Aprovecha nuestros cursos intensivos de verano para mejorar tu nivel de ingl\u00e9s! Cont\u00e1ctanos.","og_url":"https:\/\/mishmashidiomesbarcelona.com\/es\/cursos-intensivos-de-verano-ingles\/","og_site_name":"MishMash Idiomes Barcelona","article_publisher":"https:\/\/www.facebook.com\/mishmashidiomasbarcelona\/","article_modified_time":"2025-05-08T10:06:58+00:00","twitter_card":"summary_large_image","twitter_misc":{"Tiempo de lectura":"2 minutos"},"schema":{"@context":"https:\/\/schema.org","@graph":[{"@type":"WebPage","@id":"https:\/\/mishmashidiomesbarcelona.com\/es\/cursos-intensivos-de-verano-ingles\/","url":"https:\/\/mishmashidiomesbarcelona.com\/es\/cursos-intensivos-de-verano-ingles\/","name":"Cursos intensivos de verano - MishMash Idiomes Barcelona","isPartOf":{"@id":"https:\/\/mishmashidiomesbarcelona.com\/es\/#website"},"datePublished":"2024-04-11T14:43:10+00:00","dateModified":"2025-05-08T10:06:58+00:00","description":"\u00a1Aprovecha nuestros cursos intensivos de verano para mejorar tu nivel de ingl\u00e9s! Cont\u00e1ctanos.","breadcrumb":{"@id":"https:\/\/mishmashidiomesbarcelona.com\/es\/cursos-intensivos-de-verano-ingles\/#breadcrumb"},"inLanguage":"es","potentialAction":[{"@type":"ReadAction","target":["https:\/\/mishmashidiomesbarcelona.com\/es\/cursos-intensivos-de-verano-ingles\/"]}]},{"@type":"BreadcrumbList","@id":"https:\/\/mishmashidiomesbarcelona.com\/es\/cursos-intensivos-de-verano-ingles\/#breadcrumb","itemListElement":[{"@type":"ListItem","position":1,"name":"Portada","item":"https:\/\/mishmashidiomesbarcelona.com\/es\/"},{"@type":"ListItem","position":2,"name":"Cursos intensivos de verano"}]},{"@type":"WebSite","@id":"https:\/\/mishmashidiomesbarcelona.com\/es\/#website","url":"https:\/\/mishmashidiomesbarcelona.com\/es\/","name":"MishMash Idiomes Barcelona","description":"Academia de ingl\u00e9s para ni\u00f1os y adultos. M\u00e9todo propio y creativo.","publisher":{"@id":"https:\/\/mishmashidiomesbarcelona.com\/es\/#organization"},"potentialAction":[{"@type":"SearchAction","target":{"@type":"EntryPoint","urlTemplate":"https:\/\/mishmashidiomesbarcelona.com\/es\/?s={search_term_string}"},"query-input":"required name=search_term_string"}],"inLanguage":"es"},{"@type":"Organization","@id":"https:\/\/mishmashidiomesbarcelona.com\/es\/#organization","name":"MishMash Idiomes Barcelona","url":"https:\/\/mishmashidiomesbarcelona.com\/es\/","logo":{"@type":"ImageObject","inLanguage":"es","@id":"https:\/\/mishmashidiomesbarcelona.com\/es\/#\/schema\/logo\/image\/","url":"https:\/\/mishmashidiomesbarcelona.com\/es\/wp-content\/uploads\/2023\/06\/cropped-logo-activitats-angles-escola-barcelona-mishmash.jpg","contentUrl":"https:\/\/mishmashidiomesbarcelona.com\/es\/wp-content\/uploads\/2023\/06\/cropped-logo-activitats-angles-escola-barcelona-mishmash.jpg","width":1343,"height":687,"caption":"MishMash Idiomes Barcelona"},"image":{"@id":"https:\/\/mishmashidiomesbarcelona.com\/es\/#\/schema\/logo\/image\/"},"sameAs":["https:\/\/www.facebook.com\/mishmashidiomasbarcelona\/","https:\/\/www.instagram.com\/mishmashidiomasbarcelona\/"]}]}},"_links":{"self":[{"href":"https:\/\/mishmashidiomesbarcelona.com\/es\/wp-json\/wp\/v2\/pages\/1086","targetHints":{"allow":["GET"]}}],"collection":[{"href":"https:\/\/mishmashidiomesbarcelona.com\/es\/wp-json\/wp\/v2\/pages"}],"about":[{"href":"https:\/\/mishmashidiomesbarcelona.com\/es\/wp-json\/wp\/v2\/types\/page"}],"author":[{"embeddable":true,"href":"https:\/\/mishmashidiomesbarcelona.com\/es\/wp-json\/wp\/v2\/users\/1"}],"replies":[{"embeddable":true,"href":"https:\/\/mishmashidiomesbarcelona.com\/es\/wp-json\/wp\/v2\/comments?post=1086"}],"version-history":[{"count":5,"href":"https:\/\/mishmashidiomesbarcelona.com\/es\/wp-json\/wp\/v2\/pages\/1086\/revisions"}],"predecessor-version":[{"id":1105,"href":"https:\/\/mishmashidiomesbarcelona.com\/es\/wp-json\/wp\/v2\/pages\/1086\/revisions\/1105"}],"wp:attachment":[{"href":"https:\/\/mishmashidiomesbarcelona.com\/es\/wp-json\/wp\/v2\/media?parent=1086"}],"curies":[{"name":"wp","href":"https:\/\/api.w.org\/{rel}","templated":true}]}}