{"id":1096,"date":"2024-06-05T20:49:25","date_gmt":"2024-06-05T18:49:25","guid":{"rendered":"https:\/\/mishmashidiomesbarcelona.com\/es\/?page_id=1096"},"modified":"2025-05-08T12:24:56","modified_gmt":"2025-05-08T10:24:56","slug":"inscripciones-abiertas-curso-2024-25","status":"publish","type":"page","link":"https:\/\/mishmashidiomesbarcelona.com\/es\/inscripciones-abiertas-curso-2024-25\/","title":{"rendered":"\u00a1Haz tu inscripci\u00f3n curso 2025-26!"},"content":{"rendered":"\n<p>En <strong>MishMash<\/strong> empezamos a preparar un nuevo curso lleno de creatividad, aprendizajes y experiencias en ingl\u00e9s.<\/p>\n\n\n\n<p>Ofrecemos clases para todas las edades, en grupos reducidos y en un entorno de inmersi\u00f3n donde los ni\u00f1os aprenden de forma natural, divertida y din\u00e1mica.<\/p>\n\n\n\n<figure class=\"wp-block-image size-large\"><img loading=\"lazy\" decoding=\"async\" width=\"1024\" height=\"575\" src=\"https:\/\/mishmashidiomesbarcelona.com\/es\/wp-content\/uploads\/2025\/05\/image-1024x575.png\" alt=\"\" class=\"wp-image-1112\" srcset=\"https:\/\/mishmashidiomesbarcelona.com\/es\/wp-content\/uploads\/2025\/05\/image-1024x575.png 1024w, https:\/\/mishmashidiomesbarcelona.com\/es\/wp-content\/uploads\/2025\/05\/image-300x168.png 300w, https:\/\/mishmashidiomesbarcelona.com\/es\/wp-content\/uploads\/2025\/05\/image-768x431.png 768w, https:\/\/mishmashidiomesbarcelona.com\/es\/wp-content\/uploads\/2025\/05\/image.png 1183w\" sizes=\"auto, (max-width: 1024px) 100vw, 1024px\" \/><\/figure>\n\n\n\n<p>Tanto si ya formas parte de nuestra comunidad como si acabas de conocernos, te explicamos c\u00f3mo hacer la inscripci\u00f3n:<\/p>\n\n\n\n<h3 class=\"wp-block-heading\">RENOVACIONES:<\/h3>\n\n\n\n<p>Del <strong>19 al 29 de mayo<\/strong>.<br>Si ya sois alumnos de MishMash, pod\u00e9is renovar vuestra plaza y asegurar la continuidad del grupo.<\/p>\n\n\n\n<h3 class=\"wp-block-heading\">NUEVAS INSCRIPCIONES:<\/h3>\n\n\n\n<p>A partir del <strong>2 de junio<\/strong>.<br>Abrimos inscripciones para nuevos alumnos que quieran formar parte de la aventura MishMash.<\/p>\n\n\n\n<p>Si quieres que tu hijo forme parte de nuestra escuela de ingl\u00e9s, s\u00f3lo tienes que rellenar el <a href=\"https:\/\/docs.google.com\/forms\/d\/e\/1FAIpQLSef3pSyPViNMh5PQwzRB80j0VnWi5zOGox9_Ne7rAOFo4Mnyw\/viewform?usp=sharing\">formulario de inscripci\u00f3n<\/a>.<\/p>\n","protected":false},"excerpt":{"rendered":"<p>En MishMash empezamos a preparar un nuevo curso lleno de creatividad, aprendizajes y experiencias en ingl\u00e9s. Ofrecemos clases para todas las edades, en grupos reducidos y en un entorno de inmersi\u00f3n donde los ni\u00f1os aprenden de forma natural, divertida y din\u00e1mica. Tanto si ya formas parte de nuestra comunidad como si acabas de conocernos, te&hellip; <br \/> <a class=\"read-more\" href=\"https:\/\/mishmashidiomesbarcelona.com\/es\/inscripciones-abiertas-curso-2024-25\/\">Read more<\/a><\/p>\n","protected":false},"author":1,"featured_media":0,"parent":0,"menu_order":0,"comment_status":"closed","ping_status":"closed","template":"","meta":{"footnotes":""},"class_list":["post-1096","page","type-page","status-publish","hentry"],"yoast_head":"<!-- This site is optimized with the Yoast SEO plugin v22.4 - https:\/\/yoast.com\/wordpress\/plugins\/seo\/ -->\n<title>\u00a1Haz tu inscripci\u00f3n curso 2025-26! - MishMash Idiomes Barcelona<\/title>\n<meta name=\"robots\" content=\"index, follow, max-snippet:-1, max-image-preview:large, max-video-preview:-1\" \/>\n<link rel=\"canonical\" href=\"https:\/\/mishmashidiomesbarcelona.com\/es\/inscripciones-abiertas-curso-2024-25\/\" \/>\n<meta property=\"og:locale\" content=\"es_ES\" \/>\n<meta property=\"og:type\" content=\"article\" \/>\n<meta property=\"og:title\" content=\"\u00a1Haz tu inscripci\u00f3n curso 2025-26! - MishMash Idiomes Barcelona\" \/>\n<meta property=\"og:description\" content=\"En MishMash empezamos a preparar un nuevo curso lleno de creatividad, aprendizajes y experiencias en ingl\u00e9s. Ofrecemos clases para todas las edades, en grupos reducidos y en un entorno de inmersi\u00f3n donde los ni\u00f1os aprenden de forma natural, divertida y din\u00e1mica. Tanto si ya formas parte de nuestra comunidad como si acabas de conocernos, te&hellip; Read more\" \/>\n<meta property=\"og:url\" content=\"https:\/\/mishmashidiomesbarcelona.com\/es\/inscripciones-abiertas-curso-2024-25\/\" \/>\n<meta property=\"og:site_name\" content=\"MishMash Idiomes Barcelona\" \/>\n<meta property=\"article:publisher\" content=\"https:\/\/www.facebook.com\/mishmashidiomasbarcelona\/\" \/>\n<meta property=\"article:modified_time\" content=\"2025-05-08T10:24:56+00:00\" \/>\n<meta property=\"og:image\" content=\"https:\/\/mishmashidiomesbarcelona.com\/es\/wp-content\/uploads\/2025\/05\/image-1024x575.png\" \/>\n<meta name=\"twitter:card\" content=\"summary_large_image\" \/>\n<meta name=\"twitter:label1\" content=\"Tiempo de lectura\" \/>\n\t<meta name=\"twitter:data1\" content=\"1 minuto\" \/>\n<script type=\"application\/ld+json\" class=\"yoast-schema-graph\">{\"@context\":\"https:\/\/schema.org\",\"@graph\":[{\"@type\":\"WebPage\",\"@id\":\"https:\/\/mishmashidiomesbarcelona.com\/es\/inscripciones-abiertas-curso-2024-25\/\",\"url\":\"https:\/\/mishmashidiomesbarcelona.com\/es\/inscripciones-abiertas-curso-2024-25\/\",\"name\":\"\u00a1Haz tu inscripci\u00f3n curso 2025-26! - MishMash Idiomes Barcelona\",\"isPartOf\":{\"@id\":\"https:\/\/mishmashidiomesbarcelona.com\/es\/#website\"},\"primaryImageOfPage\":{\"@id\":\"https:\/\/mishmashidiomesbarcelona.com\/es\/inscripciones-abiertas-curso-2024-25\/#primaryimage\"},\"image\":{\"@id\":\"https:\/\/mishmashidiomesbarcelona.com\/es\/inscripciones-abiertas-curso-2024-25\/#primaryimage\"},\"thumbnailUrl\":\"https:\/\/mishmashidiomesbarcelona.com\/es\/wp-content\/uploads\/2025\/05\/image-1024x575.png\",\"datePublished\":\"2024-06-05T18:49:25+00:00\",\"dateModified\":\"2025-05-08T10:24:56+00:00\",\"breadcrumb\":{\"@id\":\"https:\/\/mishmashidiomesbarcelona.com\/es\/inscripciones-abiertas-curso-2024-25\/#breadcrumb\"},\"inLanguage\":\"es\",\"potentialAction\":[{\"@type\":\"ReadAction\",\"target\":[\"https:\/\/mishmashidiomesbarcelona.com\/es\/inscripciones-abiertas-curso-2024-25\/\"]}]},{\"@type\":\"ImageObject\",\"inLanguage\":\"es\",\"@id\":\"https:\/\/mishmashidiomesbarcelona.com\/es\/inscripciones-abiertas-curso-2024-25\/#primaryimage\",\"url\":\"https:\/\/mishmashidiomesbarcelona.com\/es\/wp-content\/uploads\/2025\/05\/image.png\",\"contentUrl\":\"https:\/\/mishmashidiomesbarcelona.com\/es\/wp-content\/uploads\/2025\/05\/image.png\",\"width\":1183,\"height\":664},{\"@type\":\"BreadcrumbList\",\"@id\":\"https:\/\/mishmashidiomesbarcelona.com\/es\/inscripciones-abiertas-curso-2024-25\/#breadcrumb\",\"itemListElement\":[{\"@type\":\"ListItem\",\"position\":1,\"name\":\"Portada\",\"item\":\"https:\/\/mishmashidiomesbarcelona.com\/es\/\"},{\"@type\":\"ListItem\",\"position\":2,\"name\":\"\u00a1Haz tu inscripci\u00f3n curso 2025-26!\"}]},{\"@type\":\"WebSite\",\"@id\":\"https:\/\/mishmashidiomesbarcelona.com\/es\/#website\",\"url\":\"https:\/\/mishmashidiomesbarcelona.com\/es\/\",\"name\":\"MishMash Idiomes Barcelona\",\"description\":\"Academia de ingl\u00e9s para ni\u00f1os y adultos. M\u00e9todo propio y creativo.\",\"publisher\":{\"@id\":\"https:\/\/mishmashidiomesbarcelona.com\/es\/#organization\"},\"potentialAction\":[{\"@type\":\"SearchAction\",\"target\":{\"@type\":\"EntryPoint\",\"urlTemplate\":\"https:\/\/mishmashidiomesbarcelona.com\/es\/?s={search_term_string}\"},\"query-input\":\"required name=search_term_string\"}],\"inLanguage\":\"es\"},{\"@type\":\"Organization\",\"@id\":\"https:\/\/mishmashidiomesbarcelona.com\/es\/#organization\",\"name\":\"MishMash Idiomes Barcelona\",\"url\":\"https:\/\/mishmashidiomesbarcelona.com\/es\/\",\"logo\":{\"@type\":\"ImageObject\",\"inLanguage\":\"es\",\"@id\":\"https:\/\/mishmashidiomesbarcelona.com\/es\/#\/schema\/logo\/image\/\",\"url\":\"https:\/\/mishmashidiomesbarcelona.com\/es\/wp-content\/uploads\/2023\/06\/cropped-logo-activitats-angles-escola-barcelona-mishmash.jpg\",\"contentUrl\":\"https:\/\/mishmashidiomesbarcelona.com\/es\/wp-content\/uploads\/2023\/06\/cropped-logo-activitats-angles-escola-barcelona-mishmash.jpg\",\"width\":1343,\"height\":687,\"caption\":\"MishMash Idiomes Barcelona\"},\"image\":{\"@id\":\"https:\/\/mishmashidiomesbarcelona.com\/es\/#\/schema\/logo\/image\/\"},\"sameAs\":[\"https:\/\/www.facebook.com\/mishmashidiomasbarcelona\/\",\"https:\/\/www.instagram.com\/mishmashidiomasbarcelona\/\"]}]}<\/script>\n<!-- \/ Yoast SEO plugin. -->","yoast_head_json":{"title":"\u00a1Haz tu inscripci\u00f3n curso 2025-26! - MishMash Idiomes Barcelona","robots":{"index":"index","follow":"follow","max-snippet":"max-snippet:-1","max-image-preview":"max-image-preview:large","max-video-preview":"max-video-preview:-1"},"canonical":"https:\/\/mishmashidiomesbarcelona.com\/es\/inscripciones-abiertas-curso-2024-25\/","og_locale":"es_ES","og_type":"article","og_title":"\u00a1Haz tu inscripci\u00f3n curso 2025-26! - MishMash Idiomes Barcelona","og_description":"En MishMash empezamos a preparar un nuevo curso lleno de creatividad, aprendizajes y experiencias en ingl\u00e9s. Ofrecemos clases para todas las edades, en grupos reducidos y en un entorno de inmersi\u00f3n donde los ni\u00f1os aprenden de forma natural, divertida y din\u00e1mica. Tanto si ya formas parte de nuestra comunidad como si acabas de conocernos, te&hellip; Read more","og_url":"https:\/\/mishmashidiomesbarcelona.com\/es\/inscripciones-abiertas-curso-2024-25\/","og_site_name":"MishMash Idiomes Barcelona","article_publisher":"https:\/\/www.facebook.com\/mishmashidiomasbarcelona\/","article_modified_time":"2025-05-08T10:24:56+00:00","og_image":[{"url":"https:\/\/mishmashidiomesbarcelona.com\/es\/wp-content\/uploads\/2025\/05\/image-1024x575.png"}],"twitter_card":"summary_large_image","twitter_misc":{"Tiempo de lectura":"1 minuto"},"schema":{"@context":"https:\/\/schema.org","@graph":[{"@type":"WebPage","@id":"https:\/\/mishmashidiomesbarcelona.com\/es\/inscripciones-abiertas-curso-2024-25\/","url":"https:\/\/mishmashidiomesbarcelona.com\/es\/inscripciones-abiertas-curso-2024-25\/","name":"\u00a1Haz tu inscripci\u00f3n curso 2025-26! - MishMash Idiomes Barcelona","isPartOf":{"@id":"https:\/\/mishmashidiomesbarcelona.com\/es\/#website"},"primaryImageOfPage":{"@id":"https:\/\/mishmashidiomesbarcelona.com\/es\/inscripciones-abiertas-curso-2024-25\/#primaryimage"},"image":{"@id":"https:\/\/mishmashidiomesbarcelona.com\/es\/inscripciones-abiertas-curso-2024-25\/#primaryimage"},"thumbnailUrl":"https:\/\/mishmashidiomesbarcelona.com\/es\/wp-content\/uploads\/2025\/05\/image-1024x575.png","datePublished":"2024-06-05T18:49:25+00:00","dateModified":"2025-05-08T10:24:56+00:00","breadcrumb":{"@id":"https:\/\/mishmashidiomesbarcelona.com\/es\/inscripciones-abiertas-curso-2024-25\/#breadcrumb"},"inLanguage":"es","potentialAction":[{"@type":"ReadAction","target":["https:\/\/mishmashidiomesbarcelona.com\/es\/inscripciones-abiertas-curso-2024-25\/"]}]},{"@type":"ImageObject","inLanguage":"es","@id":"https:\/\/mishmashidiomesbarcelona.com\/es\/inscripciones-abiertas-curso-2024-25\/#primaryimage","url":"https:\/\/mishmashidiomesbarcelona.com\/es\/wp-content\/uploads\/2025\/05\/image.png","contentUrl":"https:\/\/mishmashidiomesbarcelona.com\/es\/wp-content\/uploads\/2025\/05\/image.png","width":1183,"height":664},{"@type":"BreadcrumbList","@id":"https:\/\/mishmashidiomesbarcelona.com\/es\/inscripciones-abiertas-curso-2024-25\/#breadcrumb","itemListElement":[{"@type":"ListItem","position":1,"name":"Portada","item":"https:\/\/mishmashidiomesbarcelona.com\/es\/"},{"@type":"ListItem","position":2,"name":"\u00a1Haz tu inscripci\u00f3n curso 2025-26!"}]},{"@type":"WebSite","@id":"https:\/\/mishmashidiomesbarcelona.com\/es\/#website","url":"https:\/\/mishmashidiomesbarcelona.com\/es\/","name":"MishMash Idiomes Barcelona","description":"Academia de ingl\u00e9s para ni\u00f1os y adultos. M\u00e9todo propio y creativo.","publisher":{"@id":"https:\/\/mishmashidiomesbarcelona.com\/es\/#organization"},"potentialAction":[{"@type":"SearchAction","target":{"@type":"EntryPoint","urlTemplate":"https:\/\/mishmashidiomesbarcelona.com\/es\/?s={search_term_string}"},"query-input":"required name=search_term_string"}],"inLanguage":"es"},{"@type":"Organization","@id":"https:\/\/mishmashidiomesbarcelona.com\/es\/#organization","name":"MishMash Idiomes Barcelona","url":"https:\/\/mishmashidiomesbarcelona.com\/es\/","logo":{"@type":"ImageObject","inLanguage":"es","@id":"https:\/\/mishmashidiomesbarcelona.com\/es\/#\/schema\/logo\/image\/","url":"https:\/\/mishmashidiomesbarcelona.com\/es\/wp-content\/uploads\/2023\/06\/cropped-logo-activitats-angles-escola-barcelona-mishmash.jpg","contentUrl":"https:\/\/mishmashidiomesbarcelona.com\/es\/wp-content\/uploads\/2023\/06\/cropped-logo-activitats-angles-escola-barcelona-mishmash.jpg","width":1343,"height":687,"caption":"MishMash Idiomes Barcelona"},"image":{"@id":"https:\/\/mishmashidiomesbarcelona.com\/es\/#\/schema\/logo\/image\/"},"sameAs":["https:\/\/www.facebook.com\/mishmashidiomasbarcelona\/","https:\/\/www.instagram.com\/mishmashidiomasbarcelona\/"]}]}},"_links":{"self":[{"href":"https:\/\/mishmashidiomesbarcelona.com\/es\/wp-json\/wp\/v2\/pages\/1096","targetHints":{"allow":["GET"]}}],"collection":[{"href":"https:\/\/mishmashidiomesbarcelona.com\/es\/wp-json\/wp\/v2\/pages"}],"about":[{"href":"https:\/\/mishmashidiomesbarcelona.com\/es\/wp-json\/wp\/v2\/types\/page"}],"author":[{"embeddable":true,"href":"https:\/\/mishmashidiomesbarcelona.com\/es\/wp-json\/wp\/v2\/users\/1"}],"replies":[{"embeddable":true,"href":"https:\/\/mishmashidiomesbarcelona.com\/es\/wp-json\/wp\/v2\/comments?post=1096"}],"version-history":[{"count":3,"href":"https:\/\/mishmashidiomesbarcelona.com\/es\/wp-json\/wp\/v2\/pages\/1096\/revisions"}],"predecessor-version":[{"id":1113,"href":"https:\/\/mishmashidiomesbarcelona.com\/es\/wp-json\/wp\/v2\/pages\/1096\/revisions\/1113"}],"wp:attachment":[{"href":"https:\/\/mishmashidiomesbarcelona.com\/es\/wp-json\/wp\/v2\/media?parent=1096"}],"curies":[{"name":"wp","href":"https:\/\/api.w.org\/{rel}","templated":true}]}}