{"id":139,"date":"2018-03-22T09:44:41","date_gmt":"2018-03-22T09:44:41","guid":{"rendered":"http:\/\/preschool.selena-work.cloud-press.net\/?page_id=139"},"modified":"2023-07-14T21:42:48","modified_gmt":"2023-07-14T19:42:48","slug":"nuestro-proyecto","status":"publish","type":"page","link":"https:\/\/mishmashidiomesbarcelona.com\/es\/nuestro-proyecto\/","title":{"rendered":"Nuestro proyecto"},"content":{"rendered":"<div  data-label=\"About\" data-id=\"about--1\" data-export-id=\"about-9\" data-category=\"about\" class=\"about-9 content-section content-section-spacing\" id=\"about-1\" style=\"background-color: rgb(255, 255, 255);\"><div  class=\"gridContainer\"> <div  class=\"row middle-sm text-center\"><div  class=\"col-sm-5 space-bottom-xs content-column content-right-sm\" data-type=\"column\"> <h5  class=\"\"><span  style=\"font-family: &quot;Open Sans&quot;, arial, helvetica, sans-serif;\">\u00bfQui\u00e9nes somos?<\/span><\/h5> <h2  class=\"\"><span  style=\"font-family: &quot;Open Sans&quot;, arial, helvetica, sans-serif;\">Somos MishMash Idiomes, tu escuela de ingl\u00e9s en Barcelona.<\/span><\/h2> <p  class=\"\"><span  style=\"font-family: &quot;Open Sans&quot;, arial, helvetica, sans-serif; font-weight: 400;\">MishMash es una escuela de ingl\u00e9s din\u00e1mica e innovadora que ofrece un proceso de aprendizaje intuitivo y natural. Fomentamos la interacci\u00f3n entre los alumnos en un entorno de inmersi\u00f3n, brindando un ambiente seguro y estimulante para desarrollar su curiosidad, creatividad y habilidades ling\u00fc\u00edsticas.<\/span><br ><span  style=\"font-family: &quot;Open Sans&quot;, arial, helvetica, sans-serif; font-weight: 400;\">\nNuestras actividades est\u00e1n dise\u00f1adas espec\u00edficamente para captar la atenci\u00f3n y el inter\u00e9s de los alumnos y desarrollar su capacidad de expresi\u00f3n en ingl\u00e9s de manera efectiva y mejorar su confianza en el uso del idioma.<\/span><br ><span  style=\"font-family: &quot;Open Sans&quot;, arial, helvetica, sans-serif; font-weight: 400;\">\nNuestro equipo est\u00e1 compuesto por profesionales nativos o biling\u00fces cuyo perfil creativo se refleja en nuestras clases. Su experiencia y dedicaci\u00f3n aseguran que nuestros alumnos disfruten de un ambiente de aprendizaje enriquecedor y estimulante.<\/span><br ><span  style=\"font-family: &quot;Open Sans&quot;, arial, helvetica, sans-serif; font-weight: 400;\">\n\u00a1Descubre una forma emocionante y entretenida de aprender ingl\u00e9s<\/span>!.<\/p> <a class=\"button color1\" href=\"https:\/\/mishmashidiomesbarcelona.com\/es\/contacto\" target=\"_self\" data-cp-link=\"1\" data-icon=\"\" rel=\"noopener\">EMPECEMOS!<\/a><\/div> <div  class=\"col-sm-7 flexbox flexbox middle-xs center-xs space-bottom-xs\"><div  class=\"overlay-box flexbox middle-xs center-xs overlay-holder \"> <div  class=\"overlay-box-offset offset-background shadow-medium bg-color2 hide-xs\"><\/div> <img  decoding=\"async\" class=\"flexbox shadow-large img1\" src=\"https:\/\/mishmashidiomesbarcelona.com\/es\/wp-content\/uploads\/2023\/07\/cropped-nuestro-proyecto-1.png\" data-size=\"600x400\" title=\"cropped-nuestro-proyecto-1.png\" alt=\"\"><\/div> <\/div><\/div> <\/div><\/div><div  data-label=\"Features\" data-id=\"features--1\" data-export-id=\"features-13-card-bordered\" data-category=\"features\" class=\"features-13 content-section content-section-spacing\" id=\"features-1\" style=\"background-color: rgb(245, 250, 253);\"><div  class=\"gridContainer\"> <div  class=\"row text-center\"><div  class=\"section-title-col\" data-type=\"column\">  <\/div> <\/div> <div  class=\"row spaced-cols start-sm content-left-sm\" data-type=\"row\"> <div  class=\"col-sm-4\"> <div  class=\"card bordered y-move\" data-type=\"column\"> <i  class=\"fa icon fa-asterisk reverse round big color1\"><\/i> <h4  class=\"\"><span  style=\"font-family: &quot;Open Sans&quot;, arial, helvetica, sans-serif; font-weight: 700;\">Nuestros objetivos<\/span><\/h4> <p  class=\"\"><span  style=\"font-family: &quot;Open Sans&quot;, arial, helvetica, sans-serif;\">Abrir el o\u00eddo a la lengua inglesa en un contexto divertido y estimulante.\n<\/span><br ><br ><span  style=\"font-family: &quot;Open Sans&quot;, arial, helvetica, sans-serif;\">\nDesarrollar y mejorar las competencias ling\u00fc\u00edsticas en un entorno de inmersi\u00f3n.\n<\/span><br ><br ><span  style=\"font-family: &quot;Open Sans&quot;, arial, helvetica, sans-serif;\">\nAprender a trav\u00e9s de los sentidos viviendo nuevas experiencias y desarrollando las habilidades de forma natural, l\u00fadica y creativa.\n<\/span><br ><br ><span  style=\"font-family: &quot;Open Sans&quot;, arial, helvetica, sans-serif;\">\nAcompa\u00f1ar a los alumnos en su aprendizaje con el objetivo de vivir la adquisici\u00f3n de la lengua como experiencia positiva.<\/span><\/p> <\/div> <\/div> <div  class=\"col-sm-4\"> <div  class=\"card bordered y-move\" data-type=\"column\"> <i  class=\"fa icon fa-asterisk reverse round big color2\"><\/i> <h4  class=\"\"><span  style=\"font-family: &quot;Open Sans&quot;, arial, helvetica, sans-serif; font-weight: 700;\">Nuestros valores<\/span><\/h4> <p  class=\"\"><span  style=\"font-family: &quot;Open Sans&quot;, arial, helvetica, sans-serif;\"><span  style=\"font-weight: 700;\">ENTUSIASMO.<\/span> Ponemos toda la energ\u00eda para conseguir nuestros objetivos. Nos fascina nuestro trabajo.\n<\/span><br ><br ><span  style=\"font-family: &quot;Open Sans&quot;, arial, helvetica, sans-serif;\">\n<span  style=\"font-weight: 700;\">CREATIVIDAD.<\/span> Todos somos artistas. Entendemos la creatividad como un concepto global.\n<\/span><br ><br ><span  style=\"font-family: &quot;Open Sans&quot;, arial, helvetica, sans-serif;\">\n<span  style=\"font-weight: 700;\">CULTURA OPEN. <\/span>Somos abiertos, honestos, nos adaptamos y apostamos por el trabajo en equipo, porque creemos que las mejores ideas nacen de una conversaci\u00f3n.\n<\/span><br ><br ><span  style=\"font-family: &quot;Open Sans&quot;, arial, helvetica, sans-serif;\"><span  style=\"font-weight: 700;\">\nRESPETO.<\/span> Valoramos la diversidad de ideas, opiniones y formas de ser.\n<\/span><br ><br ><span  style=\"font-family: &quot;Open Sans&quot;, arial, helvetica, sans-serif;\">\n<span  style=\"font-weight: 700;\">COMPROMISO.<\/span> Nos comprometemos con nuestro proyecto desde un punto de vista global (alumnos, familias, equipo y experiencia).<\/span><\/p> <\/div> <\/div> <div  class=\"col-sm-4\"> <div  class=\"card bordered y-move\" data-type=\"column\">  <i  class=\"fa icon fa-asterisk reverse round big color3\"><\/i><h4  class=\"\"><span  style=\"font-family: &quot;Open Sans&quot;, arial, helvetica, sans-serif; font-weight: 700;\">Nuestra misi\u00f3n<\/span><\/h4> <p  class=\"\"><span  style=\"font-family: &quot;Open Sans&quot;, arial, helvetica, sans-serif;\">Fomentar el <span  style=\"font-weight: 700;\">aprendizaje de idiomas<\/span> mediante la creatividad, la imaginaci\u00f3n, la comunicaci\u00f3n y los valores.\n<\/span><br ><br ><span  style=\"font-family: &quot;Open Sans&quot;, arial, helvetica, sans-serif;\">\n<span  style=\"font-weight: 700;\">Nuestra visi\u00f3n<\/span> es:<\/span><br ><span  style=\"font-family: &quot;Open Sans&quot;, arial, helvetica, sans-serif;\">\nSer una organizaci\u00f3n l\u00edder y competitiva con programas flexibles, creativos y actualizados sin perder nuestro compromiso por la calidad de nuestros servicios, adapt\u00e1ndonos a las necesidades de nuestros alumnos.<\/span><\/p> <\/div> <\/div><\/div> <\/div><\/div><div  data-label=\"Cta\" data-id=\"cta--1\" data-export-id=\"cta-centered-section-grid\" data-category=\"cta\" class=\"cta-centered-section-grid content-section content-section-spacing-medium bg-color1 white-text\" id=\"cta-1\"><div  class=\"gridContainer\"> <div  class=\"row text-center\"><div  class=\"col-xs-12 col-sm-10 col-sm-offset-1 col-md-8 col-md-offset-2\" data-type=\"column\"> <h2  class=\"\">Contacta con nosotros<\/h2> <p  class=\"\">Mejora tu nivel de ingl\u00e9s y descubre una nueva manera efectiva de aprender ingl\u00e9s, con entusiasmo y confianza.<br >\nNos desplazamos a centros educativos, empresas y otras instituciones, brindando comodidad y flexibilidad para que puedas beneficiarte de nuestros programas sin tener que desplazarte.<\/p> <a class=\"button color3 dark-text\" href=\"https:\/\/mishmashidiomesbarcelona.com\/es\/contacto\" target=\"_self\" data-cp-link=\"1\" data-icon=\"\" rel=\"noopener\">EMPEZAR<\/a><\/div> <\/div><\/div> <\/div><div  data-label=\"Clients\" data-id=\"clients--1\" data-export-id=\"clients-4\" data-category=\"clients\" class=\"clients-4 content-section content-section-spacing-small\" id=\"clients-1\" style=\"background-color: rgb(255, 255, 255);\"><div  class=\"gridContainer\"> <div  class=\"row\"><div  data-type=\"column\" class=\"section-title-col\"> <h2  class=\"font-700\"><span  style=\"font-family: &quot;Open Sans&quot;, arial, helvetica, sans-serif;\">Colaboraciones<\/span><\/h2> <p  class=\"lead\"><span  style=\"font-family: &quot;Open Sans&quot;, arial, helvetica, sans-serif; font-weight: 400;\">\u00c9stos son algunos de los colegios y entidades que han confiado en nuestro m\u00e9todo. Y cada vez son m\u00e1s.<\/span><br ><span  style=\"font-family: &quot;Open Sans&quot;, arial, helvetica, sans-serif; font-weight: 400;\">\nValoran nuestro enfoque personalizado y nuestra experiencia en la ense\u00f1anza del ingl\u00e9s. Trabajamos estrechamente con ellos para desarrollar programas de formaci\u00f3n que potencien sus habilidades ling\u00fc\u00edsticas y promuevan la comunicaci\u00f3n efectiva.<\/span><\/p><\/div> <\/div> <div  data-type=\"row\" class=\"row spaced-cols middle-xs center-xs space-bottom padding-lr\"> <div  class=\"col-sm-2 col-xs-4\"> <img  decoding=\"async\" src=\"https:\/\/mishmashidiomesbarcelona.com\/es\/wp-content\/uploads\/2023\/06\/Logos_Empresas_colegios_AFA_AMPA_Colaboradores-12.png\" class=\"\" title=\"Logos_Empresas_colegios_AFA_AMPA_Colaboradores-12\" alt=\"\"><\/div> <div  class=\"col-sm-2 col-xs-4\"> <img  decoding=\"async\" src=\"https:\/\/mishmashidiomesbarcelona.com\/es\/wp-content\/uploads\/2023\/06\/Logos_Empresas_colegios_AFA_AMPA_Colaboradores-13.png\" class=\"\" title=\"Logos_Empresas_colegios_AFA_AMPA_Colaboradores-13\" alt=\"\"><\/div> <div  class=\"col-sm-2 col-xs-4\"> <img  decoding=\"async\" src=\"https:\/\/mishmashidiomesbarcelona.com\/es\/wp-content\/uploads\/2023\/06\/Logos_Empresas_colegios_AFA_AMPA_Colaboradores-01.png\" class=\"\" title=\"Logos_Empresas_colegios_AFA_AMPA_Colaboradores-01\" alt=\"\"><\/div> <div  class=\"col-sm-2 col-xs-4\"> <img  decoding=\"async\" src=\"https:\/\/mishmashidiomesbarcelona.com\/es\/wp-content\/uploads\/2023\/06\/Logos_Empresas_colegios_AFA_AMPA_Colaboradores-02.png\" class=\"\" title=\"Logos_Empresas_colegios_AFA_AMPA_Colaboradores-02\" alt=\"\"><\/div> <div  class=\"col-sm-2 col-xs-4\"> <img  decoding=\"async\" src=\"https:\/\/mishmashidiomesbarcelona.com\/es\/wp-content\/uploads\/2023\/06\/Logos_Empresas_colegios_AFA_AMPA_Colaboradores-03.png\" class=\"\" title=\"Logos_Empresas_colegios_AFA_AMPA_Colaboradores-03\" alt=\"\"><\/div> <div  class=\"col-sm-2 col-xs-4\"> <img  decoding=\"async\" src=\"https:\/\/mishmashidiomesbarcelona.com\/es\/wp-content\/uploads\/2023\/06\/Logos_Empresas_colegios_AFA_AMPA_Colaboradores-04.png\" class=\"\" title=\"Logos_Empresas_colegios_AFA_AMPA_Colaboradores-04\" alt=\"\"><\/div> <div  class=\"col-sm-2 col-xs-4\"> <img  decoding=\"async\" src=\"https:\/\/mishmashidiomesbarcelona.com\/es\/wp-content\/uploads\/2023\/06\/Logos_Empresas_colegios_AFA_AMPA_Colaboradores-05.png\" class=\"\" title=\"Logos_Empresas_colegios_AFA_AMPA_Colaboradores-05\" alt=\"\"><\/div><div  class=\"col-sm-2 col-xs-4\"> <img  decoding=\"async\" src=\"https:\/\/mishmashidiomesbarcelona.com\/es\/wp-content\/uploads\/2023\/06\/Logos_Empresas_colegios_AFA_AMPA_Colaboradores-06.png\" class=\"\" title=\"Logos_Empresas_colegios_AFA_AMPA_Colaboradores-06\" alt=\"\"><\/div><div  class=\"col-sm-2 col-xs-4\"> <img  decoding=\"async\" src=\"https:\/\/mishmashidiomesbarcelona.com\/es\/wp-content\/uploads\/2023\/06\/Logos_Empresas_colegios_AFA_AMPA_Colaboradores-07.png\" class=\"\" title=\"Logos_Empresas_colegios_AFA_AMPA_Colaboradores-07\" alt=\"\"><\/div><div  class=\"col-sm-2 col-xs-4\"> <img  decoding=\"async\" src=\"https:\/\/mishmashidiomesbarcelona.com\/es\/wp-content\/uploads\/2023\/06\/Logos_Empresas_colegios_AFA_AMPA_Colaboradores-14.png\" class=\"\" title=\"Logos_Empresas_colegios_AFA_AMPA_Colaboradores-14\" alt=\"\"><\/div><div  class=\"col-sm-2 col-xs-4\"> <img  decoding=\"async\" src=\"https:\/\/mishmashidiomesbarcelona.com\/es\/wp-content\/uploads\/2023\/06\/Logos_Empresas_colegios_AFA_AMPA_Colaboradores-08.png\" class=\"\" title=\"Logos_Empresas_colegios_AFA_AMPA_Colaboradores-08\" alt=\"\"><\/div><div  class=\"col-sm-2 col-xs-4\"> <img  decoding=\"async\" src=\"https:\/\/mishmashidiomesbarcelona.com\/es\/wp-content\/uploads\/2023\/06\/Logos_Empresas_colegios_AFA_AMPA_Colaboradores-09.png\" class=\"\" title=\"Logos_Empresas_colegios_AFA_AMPA_Colaboradores-09\" alt=\"\"><\/div><div  class=\"col-sm-2 col-xs-4\"> <img  decoding=\"async\" src=\"https:\/\/mishmashidiomesbarcelona.com\/es\/wp-content\/uploads\/2023\/06\/Logos_Empresas_colegios_AFA_AMPA_Colaboradores-10.png\" class=\"\" title=\"Logos_Empresas_colegios_AFA_AMPA_Colaboradores-10\" alt=\"\"><\/div><div  class=\"col-sm-2 col-xs-4\"> <img  decoding=\"async\" src=\"https:\/\/mishmashidiomesbarcelona.com\/es\/wp-content\/uploads\/2023\/06\/Logos_Empresas_colegios_AFA_AMPA_Colaboradores-11.png\" class=\"\" title=\"Logos_Empresas_colegios_AFA_AMPA_Colaboradores-11\" alt=\"\"><\/div><div  class=\"col-sm-2 col-xs-4\"> <img  decoding=\"async\" src=\"https:\/\/mishmashidiomesbarcelona.com\/es\/wp-content\/uploads\/2023\/07\/presentacio-logo-3-.png\" class=\"\" title=\"presentacio\u0301-logo-3-\" alt=\"\"><\/div><div  class=\"col-sm-2 col-xs-4\"> <img  decoding=\"async\" src=\"https:\/\/mishmashidiomesbarcelona.com\/es\/wp-content\/uploads\/2023\/07\/M-espais-en-blanc-allargat.png\" class=\"\" title=\"M-espais-en-blanc-allargat\" alt=\"\"><\/div><div  class=\"col-sm-2 col-xs-4\"> <img  decoding=\"async\" src=\"https:\/\/mishmashidiomesbarcelona.com\/es\/wp-content\/uploads\/2023\/07\/doctor-ferran-i-clua_512.png\" class=\"\" title=\"doctor-ferran-i-clua_512\" alt=\"\"><\/div><\/div><\/div> <\/div>","protected":false},"excerpt":{"rendered":"<p>\u00bfQui\u00e9nes somos? Somos MishMash Idiomes, tu escuela de ingl\u00e9s en Barcelona. MishMash es una escuela de ingl\u00e9s din\u00e1mica e innovadora que ofrece un proceso de aprendizaje intuitivo y natural. Fomentamos la interacci\u00f3n entre los alumnos en un entorno de inmersi\u00f3n, brindando un ambiente seguro y estimulante para desarrollar su curiosidad, creatividad y habilidades ling\u00fc\u00edsticas. Nuestras&hellip; <br \/> <a class=\"read-more\" href=\"https:\/\/mishmashidiomesbarcelona.com\/es\/nuestro-proyecto\/\">Read more<\/a><\/p>\n","protected":false},"author":1,"featured_media":0,"parent":0,"menu_order":0,"comment_status":"closed","ping_status":"closed","template":"pro\/page-templates\/full-width-page.php","meta":{"footnotes":""},"class_list":["post-139","page","type-page","status-publish","hentry"],"yoast_head":"<!-- This site is optimized with the Yoast SEO plugin v22.4 - https:\/\/yoast.com\/wordpress\/plugins\/seo\/ -->\n<title>Nuestro proyecto - MishMash Idiomes Barcelona | Academia de idiomas<\/title>\n<meta name=\"description\" content=\"Nuestro proyecto | Somos una escuela de idiomas (ingl\u00e9s y espa\u00f1ol) innovadora y din\u00e1mica en su metodolog\u00eda. Academia idiomas en Barcelona.\" \/>\n<meta name=\"robots\" content=\"index, follow, max-snippet:-1, max-image-preview:large, max-video-preview:-1\" \/>\n<link rel=\"canonical\" href=\"https:\/\/mishmashidiomesbarcelona.com\/es\/nuestro-proyecto\/\" \/>\n<meta property=\"og:locale\" content=\"es_ES\" \/>\n<meta property=\"og:type\" content=\"article\" \/>\n<meta property=\"og:title\" content=\"Nuestro proyecto - MishMash Idiomes Barcelona | Academia de idiomas\" \/>\n<meta property=\"og:description\" content=\"Nuestro proyecto | Somos una escuela de idiomas (ingl\u00e9s y espa\u00f1ol) innovadora y din\u00e1mica en su metodolog\u00eda. Academia idiomas en Barcelona.\" \/>\n<meta property=\"og:url\" content=\"https:\/\/mishmashidiomesbarcelona.com\/es\/nuestro-proyecto\/\" \/>\n<meta property=\"og:site_name\" content=\"MishMash Idiomes Barcelona\" \/>\n<meta property=\"article:publisher\" content=\"https:\/\/www.facebook.com\/mishmashidiomasbarcelona\/\" \/>\n<meta property=\"article:modified_time\" content=\"2023-07-14T19:42:48+00:00\" \/>\n<meta property=\"og:image\" content=\"https:\/\/mishmashidiomesbarcelona.com\/es\/wp-content\/uploads\/2023\/07\/cropped-nuestro-proyecto-1.png\" \/>\n<meta name=\"twitter:card\" content=\"summary_large_image\" \/>\n<meta name=\"twitter:label1\" content=\"Tiempo de lectura\" \/>\n\t<meta name=\"twitter:data1\" content=\"5 minutos\" \/>\n<script type=\"application\/ld+json\" class=\"yoast-schema-graph\">{\"@context\":\"https:\/\/schema.org\",\"@graph\":[{\"@type\":\"WebPage\",\"@id\":\"https:\/\/mishmashidiomesbarcelona.com\/es\/nuestro-proyecto\/\",\"url\":\"https:\/\/mishmashidiomesbarcelona.com\/es\/nuestro-proyecto\/\",\"name\":\"Nuestro proyecto - MishMash Idiomes Barcelona | Academia de idiomas\",\"isPartOf\":{\"@id\":\"https:\/\/mishmashidiomesbarcelona.com\/es\/#website\"},\"primaryImageOfPage\":{\"@id\":\"https:\/\/mishmashidiomesbarcelona.com\/es\/nuestro-proyecto\/#primaryimage\"},\"image\":{\"@id\":\"https:\/\/mishmashidiomesbarcelona.com\/es\/nuestro-proyecto\/#primaryimage\"},\"thumbnailUrl\":\"https:\/\/mishmashidiomesbarcelona.com\/es\/wp-content\/uploads\/2023\/07\/cropped-nuestro-proyecto-1.png\",\"datePublished\":\"2018-03-22T09:44:41+00:00\",\"dateModified\":\"2023-07-14T19:42:48+00:00\",\"description\":\"Nuestro proyecto | Somos una escuela de idiomas (ingl\u00e9s y espa\u00f1ol) innovadora y din\u00e1mica en su metodolog\u00eda. Academia idiomas en Barcelona.\",\"breadcrumb\":{\"@id\":\"https:\/\/mishmashidiomesbarcelona.com\/es\/nuestro-proyecto\/#breadcrumb\"},\"inLanguage\":\"es\",\"potentialAction\":[{\"@type\":\"ReadAction\",\"target\":[\"https:\/\/mishmashidiomesbarcelona.com\/es\/nuestro-proyecto\/\"]}]},{\"@type\":\"ImageObject\",\"inLanguage\":\"es\",\"@id\":\"https:\/\/mishmashidiomesbarcelona.com\/es\/nuestro-proyecto\/#primaryimage\",\"url\":\"https:\/\/mishmashidiomesbarcelona.com\/es\/wp-content\/uploads\/2023\/07\/cropped-nuestro-proyecto-1.png\",\"contentUrl\":\"https:\/\/mishmashidiomesbarcelona.com\/es\/wp-content\/uploads\/2023\/07\/cropped-nuestro-proyecto-1.png\",\"width\":849,\"height\":566},{\"@type\":\"BreadcrumbList\",\"@id\":\"https:\/\/mishmashidiomesbarcelona.com\/es\/nuestro-proyecto\/#breadcrumb\",\"itemListElement\":[{\"@type\":\"ListItem\",\"position\":1,\"name\":\"Portada\",\"item\":\"https:\/\/mishmashidiomesbarcelona.com\/es\/\"},{\"@type\":\"ListItem\",\"position\":2,\"name\":\"Nuestro proyecto\"}]},{\"@type\":\"WebSite\",\"@id\":\"https:\/\/mishmashidiomesbarcelona.com\/es\/#website\",\"url\":\"https:\/\/mishmashidiomesbarcelona.com\/es\/\",\"name\":\"MishMash Idiomes Barcelona\",\"description\":\"Academia de ingl\u00e9s para ni\u00f1os y adultos. M\u00e9todo propio y creativo.\",\"publisher\":{\"@id\":\"https:\/\/mishmashidiomesbarcelona.com\/es\/#organization\"},\"potentialAction\":[{\"@type\":\"SearchAction\",\"target\":{\"@type\":\"EntryPoint\",\"urlTemplate\":\"https:\/\/mishmashidiomesbarcelona.com\/es\/?s={search_term_string}\"},\"query-input\":\"required name=search_term_string\"}],\"inLanguage\":\"es\"},{\"@type\":\"Organization\",\"@id\":\"https:\/\/mishmashidiomesbarcelona.com\/es\/#organization\",\"name\":\"MishMash Idiomes Barcelona\",\"url\":\"https:\/\/mishmashidiomesbarcelona.com\/es\/\",\"logo\":{\"@type\":\"ImageObject\",\"inLanguage\":\"es\",\"@id\":\"https:\/\/mishmashidiomesbarcelona.com\/es\/#\/schema\/logo\/image\/\",\"url\":\"https:\/\/mishmashidiomesbarcelona.com\/es\/wp-content\/uploads\/2023\/06\/cropped-logo-activitats-angles-escola-barcelona-mishmash.jpg\",\"contentUrl\":\"https:\/\/mishmashidiomesbarcelona.com\/es\/wp-content\/uploads\/2023\/06\/cropped-logo-activitats-angles-escola-barcelona-mishmash.jpg\",\"width\":1343,\"height\":687,\"caption\":\"MishMash Idiomes Barcelona\"},\"image\":{\"@id\":\"https:\/\/mishmashidiomesbarcelona.com\/es\/#\/schema\/logo\/image\/\"},\"sameAs\":[\"https:\/\/www.facebook.com\/mishmashidiomasbarcelona\/\",\"https:\/\/www.instagram.com\/mishmashidiomasbarcelona\/\"]}]}<\/script>\n<!-- \/ Yoast SEO plugin. -->","yoast_head_json":{"title":"Nuestro proyecto - MishMash Idiomes Barcelona | Academia de idiomas","description":"Nuestro proyecto | Somos una escuela de idiomas (ingl\u00e9s y espa\u00f1ol) innovadora y din\u00e1mica en su metodolog\u00eda. Academia idiomas en Barcelona.","robots":{"index":"index","follow":"follow","max-snippet":"max-snippet:-1","max-image-preview":"max-image-preview:large","max-video-preview":"max-video-preview:-1"},"canonical":"https:\/\/mishmashidiomesbarcelona.com\/es\/nuestro-proyecto\/","og_locale":"es_ES","og_type":"article","og_title":"Nuestro proyecto - MishMash Idiomes Barcelona | Academia de idiomas","og_description":"Nuestro proyecto | Somos una escuela de idiomas (ingl\u00e9s y espa\u00f1ol) innovadora y din\u00e1mica en su metodolog\u00eda. Academia idiomas en Barcelona.","og_url":"https:\/\/mishmashidiomesbarcelona.com\/es\/nuestro-proyecto\/","og_site_name":"MishMash Idiomes Barcelona","article_publisher":"https:\/\/www.facebook.com\/mishmashidiomasbarcelona\/","article_modified_time":"2023-07-14T19:42:48+00:00","og_image":[{"url":"https:\/\/mishmashidiomesbarcelona.com\/es\/wp-content\/uploads\/2023\/07\/cropped-nuestro-proyecto-1.png"}],"twitter_card":"summary_large_image","twitter_misc":{"Tiempo de lectura":"5 minutos"},"schema":{"@context":"https:\/\/schema.org","@graph":[{"@type":"WebPage","@id":"https:\/\/mishmashidiomesbarcelona.com\/es\/nuestro-proyecto\/","url":"https:\/\/mishmashidiomesbarcelona.com\/es\/nuestro-proyecto\/","name":"Nuestro proyecto - MishMash Idiomes Barcelona | Academia de idiomas","isPartOf":{"@id":"https:\/\/mishmashidiomesbarcelona.com\/es\/#website"},"primaryImageOfPage":{"@id":"https:\/\/mishmashidiomesbarcelona.com\/es\/nuestro-proyecto\/#primaryimage"},"image":{"@id":"https:\/\/mishmashidiomesbarcelona.com\/es\/nuestro-proyecto\/#primaryimage"},"thumbnailUrl":"https:\/\/mishmashidiomesbarcelona.com\/es\/wp-content\/uploads\/2023\/07\/cropped-nuestro-proyecto-1.png","datePublished":"2018-03-22T09:44:41+00:00","dateModified":"2023-07-14T19:42:48+00:00","description":"Nuestro proyecto | Somos una escuela de idiomas (ingl\u00e9s y espa\u00f1ol) innovadora y din\u00e1mica en su metodolog\u00eda. Academia idiomas en Barcelona.","breadcrumb":{"@id":"https:\/\/mishmashidiomesbarcelona.com\/es\/nuestro-proyecto\/#breadcrumb"},"inLanguage":"es","potentialAction":[{"@type":"ReadAction","target":["https:\/\/mishmashidiomesbarcelona.com\/es\/nuestro-proyecto\/"]}]},{"@type":"ImageObject","inLanguage":"es","@id":"https:\/\/mishmashidiomesbarcelona.com\/es\/nuestro-proyecto\/#primaryimage","url":"https:\/\/mishmashidiomesbarcelona.com\/es\/wp-content\/uploads\/2023\/07\/cropped-nuestro-proyecto-1.png","contentUrl":"https:\/\/mishmashidiomesbarcelona.com\/es\/wp-content\/uploads\/2023\/07\/cropped-nuestro-proyecto-1.png","width":849,"height":566},{"@type":"BreadcrumbList","@id":"https:\/\/mishmashidiomesbarcelona.com\/es\/nuestro-proyecto\/#breadcrumb","itemListElement":[{"@type":"ListItem","position":1,"name":"Portada","item":"https:\/\/mishmashidiomesbarcelona.com\/es\/"},{"@type":"ListItem","position":2,"name":"Nuestro proyecto"}]},{"@type":"WebSite","@id":"https:\/\/mishmashidiomesbarcelona.com\/es\/#website","url":"https:\/\/mishmashidiomesbarcelona.com\/es\/","name":"MishMash Idiomes Barcelona","description":"Academia de ingl\u00e9s para ni\u00f1os y adultos. M\u00e9todo propio y creativo.","publisher":{"@id":"https:\/\/mishmashidiomesbarcelona.com\/es\/#organization"},"potentialAction":[{"@type":"SearchAction","target":{"@type":"EntryPoint","urlTemplate":"https:\/\/mishmashidiomesbarcelona.com\/es\/?s={search_term_string}"},"query-input":"required name=search_term_string"}],"inLanguage":"es"},{"@type":"Organization","@id":"https:\/\/mishmashidiomesbarcelona.com\/es\/#organization","name":"MishMash Idiomes Barcelona","url":"https:\/\/mishmashidiomesbarcelona.com\/es\/","logo":{"@type":"ImageObject","inLanguage":"es","@id":"https:\/\/mishmashidiomesbarcelona.com\/es\/#\/schema\/logo\/image\/","url":"https:\/\/mishmashidiomesbarcelona.com\/es\/wp-content\/uploads\/2023\/06\/cropped-logo-activitats-angles-escola-barcelona-mishmash.jpg","contentUrl":"https:\/\/mishmashidiomesbarcelona.com\/es\/wp-content\/uploads\/2023\/06\/cropped-logo-activitats-angles-escola-barcelona-mishmash.jpg","width":1343,"height":687,"caption":"MishMash Idiomes Barcelona"},"image":{"@id":"https:\/\/mishmashidiomesbarcelona.com\/es\/#\/schema\/logo\/image\/"},"sameAs":["https:\/\/www.facebook.com\/mishmashidiomasbarcelona\/","https:\/\/www.instagram.com\/mishmashidiomasbarcelona\/"]}]}},"_links":{"self":[{"href":"https:\/\/mishmashidiomesbarcelona.com\/es\/wp-json\/wp\/v2\/pages\/139","targetHints":{"allow":["GET"]}}],"collection":[{"href":"https:\/\/mishmashidiomesbarcelona.com\/es\/wp-json\/wp\/v2\/pages"}],"about":[{"href":"https:\/\/mishmashidiomesbarcelona.com\/es\/wp-json\/wp\/v2\/types\/page"}],"author":[{"embeddable":true,"href":"https:\/\/mishmashidiomesbarcelona.com\/es\/wp-json\/wp\/v2\/users\/1"}],"replies":[{"embeddable":true,"href":"https:\/\/mishmashidiomesbarcelona.com\/es\/wp-json\/wp\/v2\/comments?post=139"}],"version-history":[{"count":11,"href":"https:\/\/mishmashidiomesbarcelona.com\/es\/wp-json\/wp\/v2\/pages\/139\/revisions"}],"predecessor-version":[{"id":964,"href":"https:\/\/mishmashidiomesbarcelona.com\/es\/wp-json\/wp\/v2\/pages\/139\/revisions\/964"}],"wp:attachment":[{"href":"https:\/\/mishmashidiomesbarcelona.com\/es\/wp-json\/wp\/v2\/media?parent=139"}],"curies":[{"name":"wp","href":"https:\/\/api.w.org\/{rel}","templated":true}]}}