{"id":14,"date":"2018-03-21T13:13:24","date_gmt":"2018-03-21T13:13:24","guid":{"rendered":"http:\/\/preschool.selena-work.cloud-press.net\/?page_id=14"},"modified":"2023-07-19T21:40:36","modified_gmt":"2023-07-19T19:40:36","slug":"little-english","status":"publish","type":"page","link":"https:\/\/mishmashidiomesbarcelona.com\/es\/little-english\/","title":{"rendered":"Little English (P3)"},"content":{"rendered":"<div  data-label=\"Content\" data-id=\"content--4\" data-export-id=\"content-17\" data-category=\"content\" class=\"content-17 content-section content-section-spacing\" id=\"content-4\" style=\"background-color: rgb(255, 255, 255);\"><div  class=\"gridContainer\"> <div  class=\"row middle-sm\"><div  class=\"col-sm-6 space-bottom-xs\" data-type=\"column\"> <h3  class=\"\">LITTLE ENGLISH<\/h3><h2  class=\"\">Clases de ingl\u00e9s para ni\u00f1os de 3 a\u00f1os<\/h2> <p  class=\"\"><span  style=\"font-family: &quot;Open Sans&quot;, arial, helvetica, sans-serif;\">\u00a1Bienvenidos a nuestras clases de ingl\u00e9s dise\u00f1adas especialmente para ni\u00f1os de 3 a\u00f1os!\n<\/span><br ><span  style=\"font-family: &quot;Open Sans&quot;, arial, helvetica, sans-serif;\">\nEn MishMash, ofrecemos una experiencia educativa enriquecedora y divertida que introduce a los m\u00e1s peque\u00f1os al mundo del ingl\u00e9s de una manera l\u00fadica y estimulante. Creemos que los ni\u00f1os aprenden mejor cuando est\u00e1n activamente involucrados en su entorno.\n<\/span><br ><span  style=\"font-family: &quot;Open Sans&quot;, arial, helvetica, sans-serif;\">\nEn nuestras clases de ingl\u00e9s para ni\u00f1os de 3 a\u00f1os, nos enfocamos en fomentar la exploraci\u00f3n y el descubrimiento. Les brindamos la oportunidad de descubrir el idioma de una manera natural y divertida mediante actividades interactivas y juegos educativos.<\/span><\/p> <a class=\"button color1\" href=\"https:\/\/mishmashidiomesbarcelona.com\/es\/contacto\" target=\"_self\" data-cp-link=\"1\" data-icon=\"\" rel=\"noopener\">CONTACTAR<\/a><\/div> <div  class=\"col-sm-6 flexbox around-xs top-xs space-top-xs space-bottom-xs\"><div  class=\"overlay-box flexbox middle-xs center-xs overlay-holder\"> <div  class=\"overlay-box-offset offset-background shadow-medium bg-color2 hide-xs\"><\/div> <img decoding=\"async\"  class=\"flexbox shadow-large img1\" data-size=\"500x500\" src=\"https:\/\/mishmashidiomesbarcelona.com\/es\/wp-content\/uploads\/2023\/07\/cropped-little-english-1.png\" title=\"cropped-little-english-1.png\" alt=\"\"><\/div> <\/div><\/div> <\/div><\/div><div  data-label=\"Cta\" data-id=\"cta--1\" data-export-id=\"cta-centered-section-grid\" data-category=\"cta\" class=\"cta-centered-section-grid content-section content-section-spacing-medium bg-color1 white-text content-relative\" id=\"cta-1\"><div  class=\"gridContainer\"> <div  class=\"row text-center\"><div  class=\"col-xs-12 col-sm-10 col-sm-offset-1 col-md-8 col-md-offset-2\" data-type=\"column\"> <h2  class=\"\">Exploraci\u00f3n y Descubrimiento<\/h2> <p  class=\"\"><span  style=\"font-family: &quot;Open Sans&quot;, arial, helvetica, sans-serif; font-weight: 400;\">En esta etapa crucial del desarrollo, acompa\u00f1amos y brindamos una oportunidad \u00fanica para descubrir el idioma de manera natural y divertida.<\/span><\/p> <a class=\"button color3 dark-text\" href=\"https:\/\/mishmashidiomesbarcelona.com\/es\/contacto\" target=\"_self\" data-cp-link=\"1\" data-icon=\"\" rel=\"noopener\">\u00bfEMPEZAMOS?<\/a><\/div> <\/div><\/div> <div  class=\"section-separator-bottom\">\n    <svg  xmlns=\"http:\/\/www.w3.org\/2000\/svg\" viewBox=\"0 0 1000 100\" preserveAspectRatio=\"none\" data-separator-name=\"book\" class=\"section-separator-bottom\">\n\t<path  class=\"svg-white-bg\" d=\"M194,99c186.7,0.7,305-78.3,306-97.2c1,18.9,119.3,97.9,306,97.2c114.3-0.3,194,0.3,194,0.3s0-91.7,0-100c0,0,0,0,0-0 L0,0v99.3C0,99.3,79.7,98.7,194,99z\"><\/path>\n<\/svg>\n<\/div><\/div>","protected":false},"excerpt":{"rendered":"<p>LITTLE ENGLISHClases de ingl\u00e9s para ni\u00f1os de 3 a\u00f1os \u00a1Bienvenidos a nuestras clases de ingl\u00e9s dise\u00f1adas especialmente para ni\u00f1os de 3 a\u00f1os! En MishMash, ofrecemos una experiencia educativa enriquecedora y divertida que introduce a los m\u00e1s peque\u00f1os al mundo del ingl\u00e9s de una manera l\u00fadica y estimulante. Creemos que los ni\u00f1os aprenden mejor cuando est\u00e1n&hellip; <br \/> <a class=\"read-more\" href=\"https:\/\/mishmashidiomesbarcelona.com\/es\/little-english\/\">Read more<\/a><\/p>\n","protected":false},"author":1,"featured_media":0,"parent":0,"menu_order":0,"comment_status":"closed","ping_status":"closed","template":"pro\/page-templates\/full-width-page.php","meta":{"footnotes":""},"class_list":["post-14","page","type-page","status-publish","hentry"],"yoast_head":"<!-- This site is optimized with the Yoast SEO plugin v22.4 - https:\/\/yoast.com\/wordpress\/plugins\/seo\/ -->\n<title>Little English (P3) - MishMash Idiomes Barcelona | Clases de ingl\u00e9s para ni\u00f1os en Barcelona<\/title>\n<meta name=\"description\" content=\"Little English | Clases de ingl\u00e9s para ni\u00f1os en Barcelona. Conf\u00eda en nuestros profesionales y sienta las bases del ingl\u00e9s en los m\u00e1s peque\u00f1os\" \/>\n<meta name=\"robots\" content=\"index, follow, max-snippet:-1, max-image-preview:large, max-video-preview:-1\" \/>\n<link rel=\"canonical\" href=\"https:\/\/mishmashidiomesbarcelona.com\/es\/little-english\/\" \/>\n<meta property=\"og:locale\" content=\"es_ES\" \/>\n<meta property=\"og:type\" content=\"article\" \/>\n<meta property=\"og:title\" content=\"Little English (P3) - MishMash Idiomes Barcelona | Clases de ingl\u00e9s para ni\u00f1os en Barcelona\" \/>\n<meta property=\"og:description\" content=\"Little English | Clases de ingl\u00e9s para ni\u00f1os en Barcelona. Conf\u00eda en nuestros profesionales y sienta las bases del ingl\u00e9s en los m\u00e1s peque\u00f1os\" \/>\n<meta property=\"og:url\" content=\"https:\/\/mishmashidiomesbarcelona.com\/es\/little-english\/\" \/>\n<meta property=\"og:site_name\" content=\"MishMash Idiomes Barcelona\" \/>\n<meta property=\"article:publisher\" content=\"https:\/\/www.facebook.com\/mishmashidiomasbarcelona\/\" \/>\n<meta property=\"article:modified_time\" content=\"2023-07-19T19:40:36+00:00\" \/>\n<meta property=\"og:image\" content=\"https:\/\/mishmashidiomesbarcelona.com\/es\/wp-content\/uploads\/2023\/07\/cropped-little-english-1.png\" \/>\n<meta name=\"twitter:card\" content=\"summary_large_image\" \/>\n<meta name=\"twitter:label1\" content=\"Tiempo de lectura\" \/>\n\t<meta name=\"twitter:data1\" content=\"4 minutos\" \/>\n<script type=\"application\/ld+json\" class=\"yoast-schema-graph\">{\"@context\":\"https:\/\/schema.org\",\"@graph\":[{\"@type\":\"WebPage\",\"@id\":\"https:\/\/mishmashidiomesbarcelona.com\/es\/little-english\/\",\"url\":\"https:\/\/mishmashidiomesbarcelona.com\/es\/little-english\/\",\"name\":\"Little English (P3) - MishMash Idiomes Barcelona | Clases de ingl\u00e9s para ni\u00f1os en Barcelona\",\"isPartOf\":{\"@id\":\"https:\/\/mishmashidiomesbarcelona.com\/es\/#website\"},\"primaryImageOfPage\":{\"@id\":\"https:\/\/mishmashidiomesbarcelona.com\/es\/little-english\/#primaryimage\"},\"image\":{\"@id\":\"https:\/\/mishmashidiomesbarcelona.com\/es\/little-english\/#primaryimage\"},\"thumbnailUrl\":\"https:\/\/mishmashidiomesbarcelona.com\/es\/wp-content\/uploads\/2023\/07\/cropped-little-english-1.png\",\"datePublished\":\"2018-03-21T13:13:24+00:00\",\"dateModified\":\"2023-07-19T19:40:36+00:00\",\"description\":\"Little English | Clases de ingl\u00e9s para ni\u00f1os en Barcelona. Conf\u00eda en nuestros profesionales y sienta las bases del ingl\u00e9s en los m\u00e1s peque\u00f1os\",\"breadcrumb\":{\"@id\":\"https:\/\/mishmashidiomesbarcelona.com\/es\/little-english\/#breadcrumb\"},\"inLanguage\":\"es\",\"potentialAction\":[{\"@type\":\"ReadAction\",\"target\":[\"https:\/\/mishmashidiomesbarcelona.com\/es\/little-english\/\"]}]},{\"@type\":\"ImageObject\",\"inLanguage\":\"es\",\"@id\":\"https:\/\/mishmashidiomesbarcelona.com\/es\/little-english\/#primaryimage\",\"url\":\"https:\/\/mishmashidiomesbarcelona.com\/es\/wp-content\/uploads\/2023\/07\/cropped-little-english-1.png\",\"contentUrl\":\"https:\/\/mishmashidiomesbarcelona.com\/es\/wp-content\/uploads\/2023\/07\/cropped-little-english-1.png\",\"width\":849,\"height\":849},{\"@type\":\"BreadcrumbList\",\"@id\":\"https:\/\/mishmashidiomesbarcelona.com\/es\/little-english\/#breadcrumb\",\"itemListElement\":[{\"@type\":\"ListItem\",\"position\":1,\"name\":\"Portada\",\"item\":\"https:\/\/mishmashidiomesbarcelona.com\/es\/\"},{\"@type\":\"ListItem\",\"position\":2,\"name\":\"Little English (P3)\"}]},{\"@type\":\"WebSite\",\"@id\":\"https:\/\/mishmashidiomesbarcelona.com\/es\/#website\",\"url\":\"https:\/\/mishmashidiomesbarcelona.com\/es\/\",\"name\":\"MishMash Idiomes Barcelona\",\"description\":\"Academia de ingl\u00e9s para ni\u00f1os y adultos. M\u00e9todo propio y creativo.\",\"publisher\":{\"@id\":\"https:\/\/mishmashidiomesbarcelona.com\/es\/#organization\"},\"potentialAction\":[{\"@type\":\"SearchAction\",\"target\":{\"@type\":\"EntryPoint\",\"urlTemplate\":\"https:\/\/mishmashidiomesbarcelona.com\/es\/?s={search_term_string}\"},\"query-input\":\"required name=search_term_string\"}],\"inLanguage\":\"es\"},{\"@type\":\"Organization\",\"@id\":\"https:\/\/mishmashidiomesbarcelona.com\/es\/#organization\",\"name\":\"MishMash Idiomes Barcelona\",\"url\":\"https:\/\/mishmashidiomesbarcelona.com\/es\/\",\"logo\":{\"@type\":\"ImageObject\",\"inLanguage\":\"es\",\"@id\":\"https:\/\/mishmashidiomesbarcelona.com\/es\/#\/schema\/logo\/image\/\",\"url\":\"https:\/\/mishmashidiomesbarcelona.com\/es\/wp-content\/uploads\/2023\/06\/cropped-logo-activitats-angles-escola-barcelona-mishmash.jpg\",\"contentUrl\":\"https:\/\/mishmashidiomesbarcelona.com\/es\/wp-content\/uploads\/2023\/06\/cropped-logo-activitats-angles-escola-barcelona-mishmash.jpg\",\"width\":1343,\"height\":687,\"caption\":\"MishMash Idiomes Barcelona\"},\"image\":{\"@id\":\"https:\/\/mishmashidiomesbarcelona.com\/es\/#\/schema\/logo\/image\/\"},\"sameAs\":[\"https:\/\/www.facebook.com\/mishmashidiomasbarcelona\/\",\"https:\/\/www.instagram.com\/mishmashidiomasbarcelona\/\"]}]}<\/script>\n<!-- \/ Yoast SEO plugin. -->","yoast_head_json":{"title":"Little English (P3) - MishMash Idiomes Barcelona | Clases de ingl\u00e9s para ni\u00f1os en Barcelona","description":"Little English | Clases de ingl\u00e9s para ni\u00f1os en Barcelona. Conf\u00eda en nuestros profesionales y sienta las bases del ingl\u00e9s en los m\u00e1s peque\u00f1os","robots":{"index":"index","follow":"follow","max-snippet":"max-snippet:-1","max-image-preview":"max-image-preview:large","max-video-preview":"max-video-preview:-1"},"canonical":"https:\/\/mishmashidiomesbarcelona.com\/es\/little-english\/","og_locale":"es_ES","og_type":"article","og_title":"Little English (P3) - MishMash Idiomes Barcelona | Clases de ingl\u00e9s para ni\u00f1os en Barcelona","og_description":"Little English | Clases de ingl\u00e9s para ni\u00f1os en Barcelona. Conf\u00eda en nuestros profesionales y sienta las bases del ingl\u00e9s en los m\u00e1s peque\u00f1os","og_url":"https:\/\/mishmashidiomesbarcelona.com\/es\/little-english\/","og_site_name":"MishMash Idiomes Barcelona","article_publisher":"https:\/\/www.facebook.com\/mishmashidiomasbarcelona\/","article_modified_time":"2023-07-19T19:40:36+00:00","og_image":[{"url":"https:\/\/mishmashidiomesbarcelona.com\/es\/wp-content\/uploads\/2023\/07\/cropped-little-english-1.png"}],"twitter_card":"summary_large_image","twitter_misc":{"Tiempo de lectura":"4 minutos"},"schema":{"@context":"https:\/\/schema.org","@graph":[{"@type":"WebPage","@id":"https:\/\/mishmashidiomesbarcelona.com\/es\/little-english\/","url":"https:\/\/mishmashidiomesbarcelona.com\/es\/little-english\/","name":"Little English (P3) - MishMash Idiomes Barcelona | Clases de ingl\u00e9s para ni\u00f1os en Barcelona","isPartOf":{"@id":"https:\/\/mishmashidiomesbarcelona.com\/es\/#website"},"primaryImageOfPage":{"@id":"https:\/\/mishmashidiomesbarcelona.com\/es\/little-english\/#primaryimage"},"image":{"@id":"https:\/\/mishmashidiomesbarcelona.com\/es\/little-english\/#primaryimage"},"thumbnailUrl":"https:\/\/mishmashidiomesbarcelona.com\/es\/wp-content\/uploads\/2023\/07\/cropped-little-english-1.png","datePublished":"2018-03-21T13:13:24+00:00","dateModified":"2023-07-19T19:40:36+00:00","description":"Little English | Clases de ingl\u00e9s para ni\u00f1os en Barcelona. Conf\u00eda en nuestros profesionales y sienta las bases del ingl\u00e9s en los m\u00e1s peque\u00f1os","breadcrumb":{"@id":"https:\/\/mishmashidiomesbarcelona.com\/es\/little-english\/#breadcrumb"},"inLanguage":"es","potentialAction":[{"@type":"ReadAction","target":["https:\/\/mishmashidiomesbarcelona.com\/es\/little-english\/"]}]},{"@type":"ImageObject","inLanguage":"es","@id":"https:\/\/mishmashidiomesbarcelona.com\/es\/little-english\/#primaryimage","url":"https:\/\/mishmashidiomesbarcelona.com\/es\/wp-content\/uploads\/2023\/07\/cropped-little-english-1.png","contentUrl":"https:\/\/mishmashidiomesbarcelona.com\/es\/wp-content\/uploads\/2023\/07\/cropped-little-english-1.png","width":849,"height":849},{"@type":"BreadcrumbList","@id":"https:\/\/mishmashidiomesbarcelona.com\/es\/little-english\/#breadcrumb","itemListElement":[{"@type":"ListItem","position":1,"name":"Portada","item":"https:\/\/mishmashidiomesbarcelona.com\/es\/"},{"@type":"ListItem","position":2,"name":"Little English (P3)"}]},{"@type":"WebSite","@id":"https:\/\/mishmashidiomesbarcelona.com\/es\/#website","url":"https:\/\/mishmashidiomesbarcelona.com\/es\/","name":"MishMash Idiomes Barcelona","description":"Academia de ingl\u00e9s para ni\u00f1os y adultos. M\u00e9todo propio y creativo.","publisher":{"@id":"https:\/\/mishmashidiomesbarcelona.com\/es\/#organization"},"potentialAction":[{"@type":"SearchAction","target":{"@type":"EntryPoint","urlTemplate":"https:\/\/mishmashidiomesbarcelona.com\/es\/?s={search_term_string}"},"query-input":"required name=search_term_string"}],"inLanguage":"es"},{"@type":"Organization","@id":"https:\/\/mishmashidiomesbarcelona.com\/es\/#organization","name":"MishMash Idiomes Barcelona","url":"https:\/\/mishmashidiomesbarcelona.com\/es\/","logo":{"@type":"ImageObject","inLanguage":"es","@id":"https:\/\/mishmashidiomesbarcelona.com\/es\/#\/schema\/logo\/image\/","url":"https:\/\/mishmashidiomesbarcelona.com\/es\/wp-content\/uploads\/2023\/06\/cropped-logo-activitats-angles-escola-barcelona-mishmash.jpg","contentUrl":"https:\/\/mishmashidiomesbarcelona.com\/es\/wp-content\/uploads\/2023\/06\/cropped-logo-activitats-angles-escola-barcelona-mishmash.jpg","width":1343,"height":687,"caption":"MishMash Idiomes Barcelona"},"image":{"@id":"https:\/\/mishmashidiomesbarcelona.com\/es\/#\/schema\/logo\/image\/"},"sameAs":["https:\/\/www.facebook.com\/mishmashidiomasbarcelona\/","https:\/\/www.instagram.com\/mishmashidiomasbarcelona\/"]}]}},"_links":{"self":[{"href":"https:\/\/mishmashidiomesbarcelona.com\/es\/wp-json\/wp\/v2\/pages\/14","targetHints":{"allow":["GET"]}}],"collection":[{"href":"https:\/\/mishmashidiomesbarcelona.com\/es\/wp-json\/wp\/v2\/pages"}],"about":[{"href":"https:\/\/mishmashidiomesbarcelona.com\/es\/wp-json\/wp\/v2\/types\/page"}],"author":[{"embeddable":true,"href":"https:\/\/mishmashidiomesbarcelona.com\/es\/wp-json\/wp\/v2\/users\/1"}],"replies":[{"embeddable":true,"href":"https:\/\/mishmashidiomesbarcelona.com\/es\/wp-json\/wp\/v2\/comments?post=14"}],"version-history":[{"count":11,"href":"https:\/\/mishmashidiomesbarcelona.com\/es\/wp-json\/wp\/v2\/pages\/14\/revisions"}],"predecessor-version":[{"id":1045,"href":"https:\/\/mishmashidiomesbarcelona.com\/es\/wp-json\/wp\/v2\/pages\/14\/revisions\/1045"}],"wp:attachment":[{"href":"https:\/\/mishmashidiomesbarcelona.com\/es\/wp-json\/wp\/v2\/media?parent=14"}],"curies":[{"name":"wp","href":"https:\/\/api.w.org\/{rel}","templated":true}]}}