{"id":280,"date":"2017-11-10T14:08:51","date_gmt":"2017-11-10T14:08:51","guid":{"rendered":"http:\/\/tag_link_site_url\/mesmerize\/"},"modified":"2023-12-12T18:11:25","modified_gmt":"2023-12-12T17:11:25","slug":"mesmerize","status":"publish","type":"page","link":"https:\/\/mishmashidiomesbarcelona.com\/es\/","title":{"rendered":"Academia de ingl\u00e9s en Barcelona"},"content":{"rendered":"<div  data-label=\"Overlappable\" data-id=\"overlappable-1\" data-export-id=\"overlappable-1\" data-category=\"overlappable\" class=\"overlappable-1 content-section content-section-spacing white-text content-relative\" data-overlap=\"true\" id=\"overlappable-2\" style=\"background-color: rgb(255, 255, 255);\"> <div  class=\"gridContainer\"> <div  data-type=\"row\" class=\"row shadow-medium flex-grow center-sm content-center-sm\"> <div  data-type=\"column\" class=\"col-xs-12 col-sm-4 col-padding col-padding-small-xs col-md-3 bg-color1\"> <h3  class=\"\"><a data-mce-href=\"clases-de-ingles-para-colegios-y-afa\/\" href=\"https:\/\/mishmashidiomesbarcelona.com\/es\/clases-de-ingles-para-colegios-y-afa\" target=\"_self\" data-mce-selected=\"inline-boundary\" data-cp-link=\"1\" rel=\"noopener\"><span  style=\"font-weight: 600;\">COLEGIOS\ufeff<\/span><\/a><span  id=\"_mce_caret\" data-mce-bogus=\"1\" data-mce-type=\"format-caret\">\ufeff<\/span><span  id=\"_mce_caret\" data-mce-bogus=\"1\" data-mce-type=\"format-caret\">\ufeff<\/span><\/h3>  <p  class=\"\"><span  style=\"font-family: &quot;Open Sans&quot;, arial, helvetica, sans-serif;\">Ofrecemos actividades en ingl\u00e9s en las escuelas: extraescolares, talleres creativos puntuales y programas para el equipo docente. Ofrecemos una metodolog\u00eda propia, din\u00e1mica y creativa.<\/span><\/p>  <\/div> <div  data-type=\"column\" class=\"col-xs-12 col-sm-4 col-padding col-padding-small-xs inverted col-md-3 bg-color2\">  <h3  class=\"\"><a data-mce-href=\"talleres-creativos\/\" href=\"https:\/\/mishmashidiomesbarcelona.com\/es\/talleres-creativos\" target=\"_self\" data-mce-selected=\"inline-boundary\" data-cp-link=\"1\" rel=\"noopener\">\ufeffTALLERES CREATIVOS<\/a><span  id=\"_mce_caret\" data-mce-bogus=\"1\" data-mce-type=\"format-caret\"><a data-mce-href=\"talleres-creativos\/\" href=\"https:\/\/mishmashidiomesbarcelona.com\/es\/talleres-creativos\" target=\"_self\" data-cp-link=\"1\" rel=\"noopener\"><sup >\ufeff<\/sup><\/a><\/span><\/h3> <p  class=\"\"><span  style=\"font-family: &quot;Open Sans&quot;, arial, helvetica, sans-serif;\">Ofrecemos actividades creativas para estimular las habilidades comunicativas de los ni\u00f1os. Son espacios de creaci\u00f3n y experimentaci\u00f3n en los que los ni\u00f1os exploran su imaginaci\u00f3n e incorporan un nuevo vocabulario en ingl\u00e9s.<\/span><\/p>  <\/div> <div  data-type=\"column\" class=\"col-xs-12 col-sm-4 col-padding col-padding-small-xs inverted col-md-3 bg-color-white\">  <h3  class=\"\"><a data-mce-href=\"nuestros-cursos\/\" href=\"https:\/\/mishmashidiomesbarcelona.com\/es\/nuestros-cursos\" target=\"_self\" data-mce-selected=\"inline-boundary\" data-cp-link=\"1\" rel=\"noopener\"><span  style=\"color: rgb(52, 58, 64);\">\ufeffESPACIO ALCHEMIKA<\/span><\/a><span  id=\"_mce_caret\" data-mce-bogus=\"1\" data-mce-type=\"format-caret\">\ufeff<\/span><span  id=\"_mce_caret\" data-mce-bogus=\"1\" data-mce-type=\"format-caret\">\ufeff<\/span><span  id=\"_mce_caret\" data-mce-bogus=\"1\" data-mce-type=\"format-caret\"><a data-mce-href=\"nuestros-cursos\/\" href=\"https:\/\/mishmashidiomesbarcelona.com\/es\/nuestros-cursos\" target=\"_self\" data-cp-link=\"1\" rel=\"noopener\"><sup >\ufeff<\/sup><\/a><\/span><\/h3> <p  class=\"\"><span  style=\"font-family: &quot;Open Sans&quot;, arial, helvetica, sans-serif; color: rgb(52, 58, 64);\">Ofrecemos clases de ingl\u00e9s en el Espai Alchemika para todas las edades. Trabajamos con grupos reducidos y homog\u00e9neos.<\/span><\/p>  <\/div> <\/div> <\/div> <div  class=\"section-separator-bottom\">\n    <svg  class=\"section-separator-bottom\" data-separator-name=\"triangle-asymmetrical-negative\" preserveAspectRatio=\"none\" viewBox=\"0 0 1000 100\" xmlns=\"http:\/\/www.w3.org\/2000\/svg\">\n        <path  class=\"svg-white-bg\" d=\"M737.9,94.7L0,0v100h1000V0L737.9,94.7z\"><\/path>\n    <\/svg>\n<\/div><\/div><div  data-label=\"Content\" data-id=\"content--4\" data-export-id=\"content-8\" data-category=\"content\" class=\"content-8 content-section content-section-spacing content-relative\" id=\"content-17\" style=\"background-color: rgb(255, 255, 255);\"><div  class=\"section-separator-top\">\n    <svg  class=\"section-separator-top\" data-separator-name=\"triangle-asymmetrical-negative\" preserveAspectRatio=\"none\" viewBox=\"0 0 1000 100\" xmlns=\"http:\/\/www.w3.org\/2000\/svg\">\n        <path  class=\"svg-white-bg\" d=\"M737.9,94.7L0,0v100h1000V0L737.9,94.7z\"><\/path>\n    <\/svg>\n<\/div><div  class=\"gridContainer\"> <div  class=\"row middle-sm\"><div  class=\"col-sm-6 space-bottom-xs space-top-xs\" data-type=\"column\"> <img  decoding=\"async\" class=\"shadow-large\" src=\"https:\/\/mishmashidiomesbarcelona.com\/es\/wp-content\/uploads\/2023\/07\/cropped-cropped-disparo-positivo-megafono-nina-scaled-1.jpg\" title=\"Little Girl Megaphone Positive Shoot\" alt=\"\"><\/div> <div  class=\"col-sm-6\" data-type=\"column\"><h2  class=\"\">Clase de prueba gratuita!<\/h2> <p  class=\"\">\u00a1Prueba una clase gratuita con MishMash Idiomes Barcelona! Descubre nuestro enfoque din\u00e1mico y personalizado para aprender ingl\u00e9s. \u00a1Cont\u00e1ctanos ahora y comienza con nosotros!<\/p> <a class=\"button color3 dark-text\" href=\"https:\/\/mishmashidiomesbarcelona.com\/es\/contacto\" target=\"_self\" data-cp-link=\"1\" data-icon=\"\" rel=\"noopener\">CONTACTAR<\/a><\/div> <\/div><\/div> <div  class=\"section-separator-bottom\">\n    <svg  class=\"section-separator-bottom\" data-separator-name=\"triangle-asymmetrical-negative\" preserveAspectRatio=\"none\" viewBox=\"0 0 1000 100\" xmlns=\"http:\/\/www.w3.org\/2000\/svg\">\n        <path  class=\"svg-white-bg\" d=\"M737.9,94.7L0,0v100h1000V0L737.9,94.7z\"><\/path>\n    <\/svg>\n<\/div><\/div><div  data-label=\"Cta\" data-id=\"cta--1\" data-export-id=\"cta-blue-section\" data-category=\"cta\" class=\"cta-blue-section content-section content-section-spacing-medium bg-color1 white-text\" id=\"cta-1\"><div  class=\"gridContainer\"> <div  class=\"row middle-xs\"><div  class=\"col-sm-8 space-bottom-xs\" data-type=\"column\"> <h2  class=\"\"><span  style=\"font-family: &quot;Open Sans&quot;, arial, helvetica, sans-serif;\">Escuela de ingl\u00e9s en Barcelona<\/span><\/h2> <h3  class=\"\"><span  style=\"font-family: &quot;Open Sans&quot;, arial, helvetica, sans-serif; font-weight: 400;\">\u00a1Aprende ingl\u00e9s con creatividad, imaginaci\u00f3n, comunicaci\u00f3n y valores!<\/span><\/h3><\/div> <div  class=\"col-sm-4 end-sm\" data-type=\"column\"> <a class=\"button big color3 dark-text\" href=\"https:\/\/mishmashidiomesbarcelona.com\/es\/contacto\" target=\"_self\" data-cp-link=\"1\" data-icon=\"fa-angle-double-left\" rel=\"noopener\"><span  class=\"button-icon fa fa-angle-double-left\"><\/span>Empecemos!<\/a><\/div> <\/div><\/div> <\/div><div  data-label=\"Content\" data-id=\"content--3\" data-export-id=\"content-5-2\" data-category=\"content\" class=\"content-5-2 content-section content-section-spacing\" id=\"content-16\" style=\"background-color: rgb(245, 250, 253);\"><div  class=\"gridContainer\"> <div  class=\"row text-center\"><div  class=\"section-title-col\" data-type=\"column\"> <h4  class=\"\">EXTRAESCOLARES DE INGL\u00c9S PARA NI\u00d1OS Y ADULTOS<\/h4><h2  class=\"\"><span  style=\"color: rgb(52, 107, 179);\">\u00bfPor qu\u00e9 elegirnos como tu academia de ingl\u00e9s en Barcelona?<\/span><\/h2> <\/div> <\/div> <div  class=\"row middle-sm\"> <div  class=\"col-sm-6 flexbox around-xs top-xs\"> <div  class=\"overlay-box flexbox middle-xs center-xs overlay-holder\"> <div  class=\"overlay-box-offset offset-background shadow-medium bg-color2 hide-xs\"><\/div> <img  decoding=\"async\" class=\"flexbox shadow-large img1\" data-size=\"485x632\" src=\"https:\/\/mishmashidiomesbarcelona.com\/es\/wp-content\/uploads\/2023\/08\/cropped-cropped-ninos-burbujas-chat-scaled-1.jpg\" title=\"cropped-cropped-ninos-burbujas-chat-scaled-1.jpg\" alt=\"\"><\/div> <\/div> <div  class=\"col-sm-6 space-bottom-xs\"> <div  class=\"row space-bottom content-holder\" data-type=\"column\">  <\/div> <div  class=\"row space-bottom\" data-type=\"row\"><div  class=\"col-sm-6 space-bottom\">  <h3  class=\"\">Profesores cualificados<\/h3> <p  class=\"\"><span  style=\"font-family: &quot;Open Sans&quot;, arial, helvetica, sans-serif;\">Nuestro equipo est\u00e1 formado por profesionales nativos\/biling\u00fces, expertos en la ense\u00f1anza del ingl\u00e9s as\u00ed como en la gesti\u00f3n de grupos y la creaci\u00f3n de din\u00e1micas efectivas.<\/span><\/p><\/div>    <div  class=\"col-sm-6 space-bottom\">  <h3  class=\"\">Variedad de programas personalizados<\/h3> <p  class=\"\"><span  style=\"font-family: &quot;Open Sans&quot;, arial, helvetica, sans-serif;\">Ofrecemos cursos y actividades creativas para todos los niveles de ingl\u00e9s que se adaptan a tus necesidades, objetivos y ritmo de aprendizaje.<\/span><\/p><\/div><div  class=\"col-sm-6 space-bottom\">  <h3  class=\"\">Ambiente de aprendizaje estimulante<\/h3> <p  class=\"\"><span  style=\"font-family: &quot;Open Sans&quot;, arial, helvetica, sans-serif;\">Ofrecemos un proceso de aprendizaje natural e intuitivo en un entorno de inmersi\u00f3n y un ambiente divertido y seguro.<\/span><\/p><\/div><div  class=\"col-sm-6 space-bottom\">  <h3  class=\"\">Cursos para empresas<\/h3> <p  class=\"\"><span  style=\"font-family: &quot;Open Sans&quot;, arial, helvetica, sans-serif;\">Dise\u00f1amos y gestionamos cursos a medida de acuerdo a las necesidades de tu organizaci\u00f3n. Las clases pueden ser presenciales u online.<\/span><\/p><\/div><div  class=\"col-sm-6 space-bottom\">  <h3  class=\"\">Nos desplazamos a tu centro<\/h3> <p  class=\"\"><span  style=\"font-family: &quot;Open Sans&quot;, arial, helvetica, sans-serif;\">Te ofrecemos comodidad y flexibilidad en los horarios para que disfrutes de nuestras clases sin desplazarte.<\/span><\/p><\/div><\/div><\/div> <\/div><\/div> <\/div>","protected":false},"excerpt":{"rendered":"<p>COLEGIOS\ufeff\ufeff\ufeff Ofrecemos actividades en ingl\u00e9s en las escuelas: extraescolares, talleres creativos puntuales y programas para el equipo docente. Ofrecemos una metodolog\u00eda propia, din\u00e1mica y creativa. \ufeffTALLERES CREATIVOS\ufeff Ofrecemos actividades creativas para estimular las habilidades comunicativas de los ni\u00f1os. Son espacios de creaci\u00f3n y experimentaci\u00f3n en los que los ni\u00f1os exploran su imaginaci\u00f3n e incorporan un&hellip; <br \/> <a class=\"read-more\" href=\"https:\/\/mishmashidiomesbarcelona.com\/es\/\">Read more<\/a><\/p>\n","protected":false},"author":1,"featured_media":0,"parent":0,"menu_order":0,"comment_status":"closed","ping_status":"closed","template":"page-templates\/homepage.php","meta":{"footnotes":""},"class_list":["post-280","page","type-page","status-publish","hentry"],"yoast_head":"<!-- This site is optimized with the Yoast SEO plugin v22.4 - https:\/\/yoast.com\/wordpress\/plugins\/seo\/ -->\n<title>Academia de ingl\u00e9s en Barcelona - MishMash Idiomes Barcelona<\/title>\n<meta name=\"description\" content=\"Mish Mash Idiomes Barcelona | Tu academia de ingl\u00e9s en Barcelona, ll\u00e9vanos a tu colegio, empresa o clases extraescolares. Nos desplazamos!\" \/>\n<meta name=\"robots\" content=\"index, follow, max-snippet:-1, max-image-preview:large, max-video-preview:-1\" \/>\n<link rel=\"canonical\" href=\"https:\/\/mishmashidiomesbarcelona.com\/es\/\" \/>\n<meta property=\"og:locale\" content=\"es_ES\" \/>\n<meta property=\"og:type\" content=\"article\" \/>\n<meta property=\"og:title\" content=\"Academia de ingl\u00e9s en Barcelona - MishMash Idiomes Barcelona\" \/>\n<meta property=\"og:description\" content=\"Mish Mash Idiomes Barcelona | Tu academia de ingl\u00e9s en Barcelona, ll\u00e9vanos a tu colegio, empresa o clases extraescolares. Nos desplazamos!\" \/>\n<meta property=\"og:url\" content=\"https:\/\/mishmashidiomesbarcelona.com\/es\/\" \/>\n<meta property=\"og:site_name\" content=\"MishMash Idiomes Barcelona\" \/>\n<meta property=\"article:publisher\" content=\"https:\/\/www.facebook.com\/mishmashidiomasbarcelona\/\" \/>\n<meta property=\"article:modified_time\" content=\"2023-12-12T17:11:25+00:00\" \/>\n<meta property=\"og:image\" content=\"https:\/\/mishmashidiomesbarcelona.com\/es\/wp-content\/uploads\/2023\/07\/cropped-cropped-disparo-positivo-megafono-nina-scaled-1.jpg\" \/>\n<meta name=\"twitter:card\" content=\"summary_large_image\" \/>\n<meta name=\"twitter:label1\" content=\"Tiempo de lectura\" \/>\n\t<meta name=\"twitter:data1\" content=\"8 minutos\" \/>\n<script type=\"application\/ld+json\" class=\"yoast-schema-graph\">{\"@context\":\"https:\/\/schema.org\",\"@graph\":[{\"@type\":\"WebPage\",\"@id\":\"https:\/\/mishmashidiomesbarcelona.com\/es\/\",\"url\":\"https:\/\/mishmashidiomesbarcelona.com\/es\/\",\"name\":\"Academia de ingl\u00e9s en Barcelona - MishMash Idiomes Barcelona\",\"isPartOf\":{\"@id\":\"https:\/\/mishmashidiomesbarcelona.com\/es\/#website\"},\"primaryImageOfPage\":{\"@id\":\"https:\/\/mishmashidiomesbarcelona.com\/es\/#primaryimage\"},\"image\":{\"@id\":\"https:\/\/mishmashidiomesbarcelona.com\/es\/#primaryimage\"},\"thumbnailUrl\":\"https:\/\/mishmashidiomesbarcelona.com\/es\/wp-content\/uploads\/2023\/07\/cropped-cropped-disparo-positivo-megafono-nina-scaled-1.jpg\",\"datePublished\":\"2017-11-10T14:08:51+00:00\",\"dateModified\":\"2023-12-12T17:11:25+00:00\",\"description\":\"Mish Mash Idiomes Barcelona | Tu academia de ingl\u00e9s en Barcelona, ll\u00e9vanos a tu colegio, empresa o clases extraescolares. Nos desplazamos!\",\"breadcrumb\":{\"@id\":\"https:\/\/mishmashidiomesbarcelona.com\/es\/#breadcrumb\"},\"inLanguage\":\"es\",\"potentialAction\":[{\"@type\":\"ReadAction\",\"target\":[\"https:\/\/mishmashidiomesbarcelona.com\/es\/\"]}]},{\"@type\":\"ImageObject\",\"inLanguage\":\"es\",\"@id\":\"https:\/\/mishmashidiomesbarcelona.com\/es\/#primaryimage\",\"url\":\"https:\/\/mishmashidiomesbarcelona.com\/es\/wp-content\/uploads\/2023\/07\/cropped-cropped-disparo-positivo-megafono-nina-scaled-1.jpg\",\"contentUrl\":\"https:\/\/mishmashidiomesbarcelona.com\/es\/wp-content\/uploads\/2023\/07\/cropped-cropped-disparo-positivo-megafono-nina-scaled-1.jpg\",\"width\":2555,\"height\":1703,\"caption\":\"Little Girl Megaphone Positive Shoot\"},{\"@type\":\"BreadcrumbList\",\"@id\":\"https:\/\/mishmashidiomesbarcelona.com\/es\/#breadcrumb\",\"itemListElement\":[{\"@type\":\"ListItem\",\"position\":1,\"name\":\"Portada\",\"item\":\"https:\/\/mishmashidiomesbarcelona.com\/es\/\"},{\"@type\":\"ListItem\",\"position\":2,\"name\":\"Academia de ingl\u00e9s en Barcelona\"}]},{\"@type\":\"WebSite\",\"@id\":\"https:\/\/mishmashidiomesbarcelona.com\/es\/#website\",\"url\":\"https:\/\/mishmashidiomesbarcelona.com\/es\/\",\"name\":\"MishMash Idiomes Barcelona\",\"description\":\"Academia de ingl\u00e9s para ni\u00f1os y adultos. M\u00e9todo propio y creativo.\",\"publisher\":{\"@id\":\"https:\/\/mishmashidiomesbarcelona.com\/es\/#organization\"},\"potentialAction\":[{\"@type\":\"SearchAction\",\"target\":{\"@type\":\"EntryPoint\",\"urlTemplate\":\"https:\/\/mishmashidiomesbarcelona.com\/es\/?s={search_term_string}\"},\"query-input\":\"required name=search_term_string\"}],\"inLanguage\":\"es\"},{\"@type\":\"Organization\",\"@id\":\"https:\/\/mishmashidiomesbarcelona.com\/es\/#organization\",\"name\":\"MishMash Idiomes Barcelona\",\"url\":\"https:\/\/mishmashidiomesbarcelona.com\/es\/\",\"logo\":{\"@type\":\"ImageObject\",\"inLanguage\":\"es\",\"@id\":\"https:\/\/mishmashidiomesbarcelona.com\/es\/#\/schema\/logo\/image\/\",\"url\":\"https:\/\/mishmashidiomesbarcelona.com\/es\/wp-content\/uploads\/2023\/06\/cropped-logo-activitats-angles-escola-barcelona-mishmash.jpg\",\"contentUrl\":\"https:\/\/mishmashidiomesbarcelona.com\/es\/wp-content\/uploads\/2023\/06\/cropped-logo-activitats-angles-escola-barcelona-mishmash.jpg\",\"width\":1343,\"height\":687,\"caption\":\"MishMash Idiomes Barcelona\"},\"image\":{\"@id\":\"https:\/\/mishmashidiomesbarcelona.com\/es\/#\/schema\/logo\/image\/\"},\"sameAs\":[\"https:\/\/www.facebook.com\/mishmashidiomasbarcelona\/\",\"https:\/\/www.instagram.com\/mishmashidiomasbarcelona\/\"]}]}<\/script>\n<!-- \/ Yoast SEO plugin. -->","yoast_head_json":{"title":"Academia de ingl\u00e9s en Barcelona - MishMash Idiomes Barcelona","description":"Mish Mash Idiomes Barcelona | Tu academia de ingl\u00e9s en Barcelona, ll\u00e9vanos a tu colegio, empresa o clases extraescolares. Nos desplazamos!","robots":{"index":"index","follow":"follow","max-snippet":"max-snippet:-1","max-image-preview":"max-image-preview:large","max-video-preview":"max-video-preview:-1"},"canonical":"https:\/\/mishmashidiomesbarcelona.com\/es\/","og_locale":"es_ES","og_type":"article","og_title":"Academia de ingl\u00e9s en Barcelona - MishMash Idiomes Barcelona","og_description":"Mish Mash Idiomes Barcelona | Tu academia de ingl\u00e9s en Barcelona, ll\u00e9vanos a tu colegio, empresa o clases extraescolares. Nos desplazamos!","og_url":"https:\/\/mishmashidiomesbarcelona.com\/es\/","og_site_name":"MishMash Idiomes Barcelona","article_publisher":"https:\/\/www.facebook.com\/mishmashidiomasbarcelona\/","article_modified_time":"2023-12-12T17:11:25+00:00","og_image":[{"url":"https:\/\/mishmashidiomesbarcelona.com\/es\/wp-content\/uploads\/2023\/07\/cropped-cropped-disparo-positivo-megafono-nina-scaled-1.jpg"}],"twitter_card":"summary_large_image","twitter_misc":{"Tiempo de lectura":"8 minutos"},"schema":{"@context":"https:\/\/schema.org","@graph":[{"@type":"WebPage","@id":"https:\/\/mishmashidiomesbarcelona.com\/es\/","url":"https:\/\/mishmashidiomesbarcelona.com\/es\/","name":"Academia de ingl\u00e9s en Barcelona - MishMash Idiomes Barcelona","isPartOf":{"@id":"https:\/\/mishmashidiomesbarcelona.com\/es\/#website"},"primaryImageOfPage":{"@id":"https:\/\/mishmashidiomesbarcelona.com\/es\/#primaryimage"},"image":{"@id":"https:\/\/mishmashidiomesbarcelona.com\/es\/#primaryimage"},"thumbnailUrl":"https:\/\/mishmashidiomesbarcelona.com\/es\/wp-content\/uploads\/2023\/07\/cropped-cropped-disparo-positivo-megafono-nina-scaled-1.jpg","datePublished":"2017-11-10T14:08:51+00:00","dateModified":"2023-12-12T17:11:25+00:00","description":"Mish Mash Idiomes Barcelona | Tu academia de ingl\u00e9s en Barcelona, ll\u00e9vanos a tu colegio, empresa o clases extraescolares. Nos desplazamos!","breadcrumb":{"@id":"https:\/\/mishmashidiomesbarcelona.com\/es\/#breadcrumb"},"inLanguage":"es","potentialAction":[{"@type":"ReadAction","target":["https:\/\/mishmashidiomesbarcelona.com\/es\/"]}]},{"@type":"ImageObject","inLanguage":"es","@id":"https:\/\/mishmashidiomesbarcelona.com\/es\/#primaryimage","url":"https:\/\/mishmashidiomesbarcelona.com\/es\/wp-content\/uploads\/2023\/07\/cropped-cropped-disparo-positivo-megafono-nina-scaled-1.jpg","contentUrl":"https:\/\/mishmashidiomesbarcelona.com\/es\/wp-content\/uploads\/2023\/07\/cropped-cropped-disparo-positivo-megafono-nina-scaled-1.jpg","width":2555,"height":1703,"caption":"Little Girl Megaphone Positive Shoot"},{"@type":"BreadcrumbList","@id":"https:\/\/mishmashidiomesbarcelona.com\/es\/#breadcrumb","itemListElement":[{"@type":"ListItem","position":1,"name":"Portada","item":"https:\/\/mishmashidiomesbarcelona.com\/es\/"},{"@type":"ListItem","position":2,"name":"Academia de ingl\u00e9s en Barcelona"}]},{"@type":"WebSite","@id":"https:\/\/mishmashidiomesbarcelona.com\/es\/#website","url":"https:\/\/mishmashidiomesbarcelona.com\/es\/","name":"MishMash Idiomes Barcelona","description":"Academia de ingl\u00e9s para ni\u00f1os y adultos. M\u00e9todo propio y creativo.","publisher":{"@id":"https:\/\/mishmashidiomesbarcelona.com\/es\/#organization"},"potentialAction":[{"@type":"SearchAction","target":{"@type":"EntryPoint","urlTemplate":"https:\/\/mishmashidiomesbarcelona.com\/es\/?s={search_term_string}"},"query-input":"required name=search_term_string"}],"inLanguage":"es"},{"@type":"Organization","@id":"https:\/\/mishmashidiomesbarcelona.com\/es\/#organization","name":"MishMash Idiomes Barcelona","url":"https:\/\/mishmashidiomesbarcelona.com\/es\/","logo":{"@type":"ImageObject","inLanguage":"es","@id":"https:\/\/mishmashidiomesbarcelona.com\/es\/#\/schema\/logo\/image\/","url":"https:\/\/mishmashidiomesbarcelona.com\/es\/wp-content\/uploads\/2023\/06\/cropped-logo-activitats-angles-escola-barcelona-mishmash.jpg","contentUrl":"https:\/\/mishmashidiomesbarcelona.com\/es\/wp-content\/uploads\/2023\/06\/cropped-logo-activitats-angles-escola-barcelona-mishmash.jpg","width":1343,"height":687,"caption":"MishMash Idiomes Barcelona"},"image":{"@id":"https:\/\/mishmashidiomesbarcelona.com\/es\/#\/schema\/logo\/image\/"},"sameAs":["https:\/\/www.facebook.com\/mishmashidiomasbarcelona\/","https:\/\/www.instagram.com\/mishmashidiomasbarcelona\/"]}]}},"_links":{"self":[{"href":"https:\/\/mishmashidiomesbarcelona.com\/es\/wp-json\/wp\/v2\/pages\/280","targetHints":{"allow":["GET"]}}],"collection":[{"href":"https:\/\/mishmashidiomesbarcelona.com\/es\/wp-json\/wp\/v2\/pages"}],"about":[{"href":"https:\/\/mishmashidiomesbarcelona.com\/es\/wp-json\/wp\/v2\/types\/page"}],"author":[{"embeddable":true,"href":"https:\/\/mishmashidiomesbarcelona.com\/es\/wp-json\/wp\/v2\/users\/1"}],"replies":[{"embeddable":true,"href":"https:\/\/mishmashidiomesbarcelona.com\/es\/wp-json\/wp\/v2\/comments?post=280"}],"version-history":[{"count":41,"href":"https:\/\/mishmashidiomesbarcelona.com\/es\/wp-json\/wp\/v2\/pages\/280\/revisions"}],"predecessor-version":[{"id":1069,"href":"https:\/\/mishmashidiomesbarcelona.com\/es\/wp-json\/wp\/v2\/pages\/280\/revisions\/1069"}],"wp:attachment":[{"href":"https:\/\/mishmashidiomesbarcelona.com\/es\/wp-json\/wp\/v2\/media?parent=280"}],"curies":[{"name":"wp","href":"https:\/\/api.w.org\/{rel}","templated":true}]}}