{"id":340,"date":"2018-03-21T13:13:48","date_gmt":"2018-03-21T13:13:48","guid":{"rendered":"http:\/\/preschool.selena-work.cloud-press.net\/?page_id=18"},"modified":"2023-07-18T13:57:02","modified_gmt":"2023-07-18T11:57:02","slug":"contacto","status":"publish","type":"page","link":"https:\/\/mishmashidiomesbarcelona.com\/es\/contacto\/","title":{"rendered":"Contacto"},"content":{"rendered":"<div  data-label=\"Contact\" data-id=\"contact--2\" data-export-id=\"contact-7\" data-category=\"contact\" class=\"contact-7 content-section content-section-spacing white-text content-relative\" data-parallax-depth=\"20\" id=\"contact-3\" style=\"background-color: rgb(59, 140, 247); background-image: none; background-size: cover; background-position: center top;\" data-section-ov=\"1\"><div  class=\"gridContainer\"> <div  class=\"row text-center\"><div  class=\"col-xs-12\"> <div  class=\"card no-padding\"><div  class=\"row\"> <div  class=\"col-xs-12 col-sm-6 contact-form-wrapper inline-info shadow-medium\"><h2  class=\"text-center font-300 color-black\">Formulario de Contacto<\/h2> <div  class=\"\" data-content-shortcode=\"mesmerize_contact_form shortcode=&quot;contact-form-7 id=&amp;amp;quot;338&amp;amp;quot; title=&amp;amp;quot;Contact form 1&amp;amp;quot;&quot;\" data-editable=\"true\">\n<div class=\"wpcf7 no-js\" id=\"wpcf7-f338-o1\" lang=\"en-US\" dir=\"ltr\">\n<div class=\"screen-reader-response\"><p role=\"status\" aria-live=\"polite\" aria-atomic=\"true\"><\/p> <ul><\/ul><\/div>\n<form action=\"\/es\/wp-json\/wp\/v2\/pages\/340#wpcf7-f338-o1\" method=\"post\" class=\"wpcf7-form init\" aria-label=\"Contact form\" novalidate=\"novalidate\" data-status=\"init\">\n<div style=\"display: none;\">\n<input type=\"hidden\" name=\"_wpcf7\" value=\"338\" \/>\n<input type=\"hidden\" name=\"_wpcf7_version\" value=\"5.9.3\" \/>\n<input type=\"hidden\" name=\"_wpcf7_locale\" value=\"en_US\" \/>\n<input type=\"hidden\" name=\"_wpcf7_unit_tag\" value=\"wpcf7-f338-o1\" \/>\n<input type=\"hidden\" name=\"_wpcf7_container_post\" value=\"0\" \/>\n<input type=\"hidden\" name=\"_wpcf7_posted_data_hash\" value=\"\" \/>\n<\/div>\n<p><label> Tu nombre (obligatorio)<br \/>\n<span class=\"wpcf7-form-control-wrap\" data-name=\"your-name\"><input size=\"40\" class=\"wpcf7-form-control wpcf7-text wpcf7-validates-as-required\" aria-required=\"true\" aria-invalid=\"false\" value=\"\" type=\"text\" name=\"your-name\" \/><\/span> <\/label>\n<\/p>\n<p><label> Tu e-mail (obligatorio)<br \/>\n<span class=\"wpcf7-form-control-wrap\" data-name=\"your-email\"><input size=\"40\" class=\"wpcf7-form-control wpcf7-email wpcf7-validates-as-required wpcf7-text wpcf7-validates-as-email\" aria-required=\"true\" aria-invalid=\"false\" value=\"\" type=\"email\" name=\"your-email\" \/><\/span> <\/label>\n<\/p>\n<p><label> Asunto<br \/>\n<span class=\"wpcf7-form-control-wrap\" data-name=\"your-subject\"><input size=\"40\" class=\"wpcf7-form-control wpcf7-text\" aria-invalid=\"false\" value=\"\" type=\"text\" name=\"your-subject\" \/><\/span> <\/label>\n<\/p>\n<p><label> Cuerpo del mensaje<br \/>\n<span class=\"wpcf7-form-control-wrap\" data-name=\"your-message\"><textarea cols=\"40\" rows=\"10\" class=\"wpcf7-form-control wpcf7-textarea\" aria-invalid=\"false\" name=\"your-message\"><\/textarea><\/span> <\/label><br \/>\n<span class=\"wpcf7-form-control-wrap\" data-name=\"acceptance-424\"><span class=\"wpcf7-form-control wpcf7-acceptance\"><span class=\"wpcf7-list-item\"><label><input type=\"checkbox\" name=\"acceptance-424\" value=\"1\" aria-invalid=\"false\" \/><span class=\"wpcf7-list-item-label\">Haciendo click en esta casilla aceptas nuestra <a href=\"https:\/\/mishmashidiomesbarcelona.com.es\/politica-de-privacidad\/\"> pol\u00edtica de privacidad.<\/a><\/span><\/label><\/span><\/span><\/span>\n<\/p>\n<p><input class=\"wpcf7-form-control wpcf7-submit has-spinner\" type=\"submit\" value=\"Enviar\" \/>\n<\/p><p style=\"display: none !important;\" class=\"akismet-fields-container\" data-prefix=\"_wpcf7_ak_\"><label>&#916;<textarea name=\"_wpcf7_ak_hp_textarea\" cols=\"45\" rows=\"8\" maxlength=\"100\"><\/textarea><\/label><input type=\"hidden\" id=\"ak_js_1\" name=\"_wpcf7_ak_js\" value=\"30\"\/><script>document.getElementById( \"ak_js_1\" ).setAttribute( \"value\", ( new Date() ).getTime() );<\/script><\/p><div class=\"wpcf7-response-output\" aria-hidden=\"true\"><\/div>\n<\/form>\n<\/div>\n<\/div><\/div> <div  class=\"col-xs-12 col-sm-6 map-col\"><div  data-content-shortcode=\"mesmerize_maps address=&quot;Pla\u00e7a de Catalunya, 08002 Barcelona&quot; zoom=&quot;60&quot;\" data-editable=\"true\" class=\"map-wrapper\"><iframe class=\"mesmerize-google-maps mesmerize-frame-map\" src=\"https:\/\/maps.google.com\/maps?q=Pla\u00e7a de Catalunya, 08002 Barcelona&amp;z=13&amp;t=m&amp;output=embed&amp;iwloc=near\"><\/iframe><\/div><\/div> <\/div><\/div> <\/div><\/div> <\/div><div  class=\"section-separator-bottom\">\n    <svg  xmlns=\"http:\/\/www.w3.org\/2000\/svg\" viewBox=\"0 0 283.5 27.8\" preserveAspectRatio=\"xMidYMax slice\" data-separator-name=\"clouds\" class=\"section-separator-top section-separator-bottom\">\n  <path  class=\"svg-white-bg\" d=\"M0 0v6.7c1.9-.8 4.7-1.4 8.5-1 9.5 1.1 11.1 6 11.1 6s2.1-.7 4.3-.2c2.1.5 2.8 2.6 2.8 2.6s.2-.5 1.4-.7c1.2-.2 1.7.2 1.7.2s0-2.1 1.9-2.8c1.9-.7 3.6.7 3.6.7s.7-2.9 3.1-4.1 4.7 0 4.7 0 1.2-.5 2.4 0 1.7 1.4 1.7 1.4h1.4c.7 0 1.2.7 1.2.7s.8-1.8 4-2.2c3.5-.4 5.3 2.4 6.2 4.4.4-.4 1-.7 1.8-.9 2.8-.7 4 .7 4 .7s1.7-5 11.1-6c9.5-1.1 12.3 3.9 12.3 3.9s1.2-4.8 5.7-5.7c4.5-.9 6.8 1.8 6.8 1.8s.6-.6 1.5-.9c.9-.2 1.9-.2 1.9-.2s5.2-6.4 12.6-3.3c7.3 3.1 4.7 9 4.7 9s1.9-.9 4 0 2.8 2.4 2.8 2.4 1.9-1.2 4.5-1.2 4.3 1.2 4.3 1.2.2-1 1.4-1.7 2.1-.7 2.1-.7-.5-3.1 2.1-5.5 5.7-1.4 5.7-1.4 1.5-2.3 4.2-1.1c2.7 1.2 1.7 5.2 1.7 5.2s.3-.1 1.3.5c.5.4.8.8.9 1.1.5-1.4 2.4-5.8 8.4-4 7.1 2.1 3.5 8.9 3.5 8.9s.8-.4 2 0 1.1 1.1 1.1 1.1 1.1-1.1 2.3-1.1 2.1.5 2.1.5 1.9-3.6 6.2-1.2 1.9 6.4 1.9 6.4 2.6-2.4 7.4 0c3.4 1.7 3.9 4.9 3.9 4.9s3.3-6.9 10.4-7.9 11.5 2.6 11.5 2.6.8 0 1.2.2c.4.2.9.9.9.9s4.4-3.1 8.3.2c1.9 1.7 1.5 5 1.5 5s.3-1.1 1.6-1.4c1.3-.3 2.3.2 2.3.2s-.1-1.2.5-1.9 1.9-.9 1.9-.9-4.7-9.3 4.4-13.4c5.6-2.5 9.2.9 9.2.9s5-6.2 15.9-6.2 16.1 8.1 16.1 8.1.7-.2 1.6-.4V0H0z\"><\/path>\n<\/svg>\n<\/div><\/div><div  data-label=\"Contact\" data-id=\"contact--1\" data-export-id=\"contact-5\" data-category=\"contact\" class=\"contact-5 content-section content-section-spacing\" id=\"contact-2\" style=\"background-color: rgb(245, 250, 253);\"><div  class=\"gridContainer\"> <div  class=\"row text-center\"><div  class=\"section-title-col\" data-type=\"column\"> <h2  class=\"\">Contacta con nosotros<\/h2> <p  class=\"lead\">Estamos emocionados de saber que est\u00e1s interesado en Mish Mash Idiomes. Si tienes alguna pregunta, deseas obtener m\u00e1s informaci\u00f3n sobre nuestros <span  style=\"font-weight: 600;\">cursos de ingl\u00e9s en Barcelona<\/span> o deseas inscribirte, no dudes en ponerte en contacto con nosotros. Estaremos encantados de ayudarte.<\/p><\/div> <\/div> <div  class=\"row middle-sm\"> <div  class=\"col-xs-12 col-sm-6 image-holder space-bottom-xs\"> <img  decoding=\"async\" src=\"https:\/\/mishmashidiomesbarcelona.com\/es\/wp-content\/uploads\/2023\/07\/nino-en-avion-de-carton-senalando.png\" title=\"ni\u00f1o-en-avion-de-carton-se\u00f1alando\" alt=\"\"><\/div> <div  class=\"col-xs-12 col-sm-6\"><div  class=\"row middle-sm\"> <div  data-type=\"column\" class=\"col-xs-12 space-bottom-small\"><h3  class=\"color1\">\u00bfPrefieres llamarnos o mandarnos un e-mail?<\/h3><\/div> <\/div> <div  class=\"row middle-sm\" data-type=\"row\">  <div  class=\"col-xs-12 space-bottom-small\"><div  class=\"row\"> <div  data-type=\"column\" class=\"col-xs-12 col-sm-fit label-col\"><h5  class=\"\">Direcci\u00f3n:<\/h5><\/div> <div  data-type=\"column\" class=\"col-xs-12 col-sm\"><p  class=\"\">C\/St.Antoni M\u00aaClaret, 358. 08041 Barcelona<\/p><\/div> <\/div><\/div><div  class=\"col-xs-12 space-bottom-small\"><div  class=\"row\"> <div  data-type=\"column\" class=\"col-xs-12 col-sm-fit label-col\"><h5  class=\"\">Tel\u00e9fono:<\/h5><\/div> <div  data-type=\"column\" class=\"col-xs-12 col-sm\"><p  class=\"\">626 03 35 75 \/&nbsp;676 37 34 36<\/p><\/div> <\/div><\/div> <div  class=\"col-xs-12 space-bottom-small\"><div  class=\"row\"> <div  data-type=\"column\" class=\"col-xs-12 col-sm-fit label-col\"><h5  class=\"\">Email:<\/h5><\/div> <div  data-type=\"column\" class=\"col-xs-12 col-sm\"><a href=\"mailto:info@mishmashidiomesbarcelona.com\" class=\"\" target=\"_self\" data-cp-link=\"1\" rel=\"noopener\">info@mishmashidiomesbarcelona.com<\/a><\/div> <\/div><\/div> <div  class=\"col-xs-12 space-bottom-small\"><div  class=\"row\"> <div  data-type=\"column\" class=\"col-xs-12 col-sm-fit label-col\"><h5  class=\"\">S\u00edguenos:<\/h5><\/div> <div  data-type=\"column\" class=\"col-xs-12 col-sm\"><div  data-type=\"group\" class=\"\"> <a href=\"#\" target=\"_self\" data-reiki-hidden=\"true\" rel=\"noopener\"><i  class=\"fa icon fa-twitter-square color1\"><\/i><\/a> <a href=\"https:\/\/www.facebook.com\/mishmashidiomasbarcelona\" target=\"_self\" rel=\"noopener\" class=\"\"><i  class=\"fa icon fa-facebook-square color1\"><\/i><\/a> <a href=\"https:\/\/www.instagram.com\/mishmashidiomasbarcelona\" target=\"_self\" rel=\"noopener\" class=\"\"><i  class=\"fa icon fa-instagram color1\"><\/i><\/a> <a href=\"#\" target=\"_self\" data-reiki-hidden=\"true\" rel=\"noopener\"><i  class=\"fa icon fa-rss color1\"><\/i><\/a><\/div> <\/div><\/div> <\/div><\/div> <\/div><\/div> <\/div><\/div>","protected":false},"excerpt":{"rendered":"<p>Formulario de Contacto Contacta con nosotros Estamos emocionados de saber que est\u00e1s interesado en Mish Mash Idiomes. Si tienes alguna pregunta, deseas obtener m\u00e1s informaci\u00f3n sobre nuestros cursos de ingl\u00e9s en Barcelona o deseas inscribirte, no dudes en ponerte en contacto con nosotros. Estaremos encantados de ayudarte. \u00bfPrefieres llamarnos o mandarnos un e-mail? Direcci\u00f3n: C\/St.Antoni&hellip; <br \/> <a class=\"read-more\" href=\"https:\/\/mishmashidiomesbarcelona.com\/es\/contacto\/\">Read more<\/a><\/p>\n","protected":false},"author":1,"featured_media":0,"parent":0,"menu_order":0,"comment_status":"closed","ping_status":"closed","template":"pro\/page-templates\/full-width-page.php","meta":{"footnotes":""},"class_list":["post-340","page","type-page","status-publish","hentry"],"yoast_head":"<!-- This site is optimized with the Yoast SEO plugin v22.4 - https:\/\/yoast.com\/wordpress\/plugins\/seo\/ -->\n<title>Contacto - MishMash Idiomes Barcelona | Academia de ingl\u00e9s para ni\u00f1os y adultos<\/title>\n<meta name=\"description\" content=\"Contacto de la academia Mish Mash en Barcelona | Academia de ingl\u00e9s para ni\u00f1os y adultos. Extraescolares, AFA y empresas. Ll\u00e1manos y aprende!\" \/>\n<meta name=\"robots\" content=\"index, follow, max-snippet:-1, max-image-preview:large, max-video-preview:-1\" \/>\n<link rel=\"canonical\" href=\"https:\/\/mishmashidiomesbarcelona.com\/es\/contacto\/\" \/>\n<meta property=\"og:locale\" content=\"es_ES\" \/>\n<meta property=\"og:type\" content=\"article\" \/>\n<meta property=\"og:title\" content=\"Contacto - MishMash Idiomes Barcelona | Academia de ingl\u00e9s para ni\u00f1os y adultos\" \/>\n<meta property=\"og:description\" content=\"Contacto de la academia Mish Mash en Barcelona | Academia de ingl\u00e9s para ni\u00f1os y adultos. Extraescolares, AFA y empresas. Ll\u00e1manos y aprende!\" \/>\n<meta property=\"og:url\" content=\"https:\/\/mishmashidiomesbarcelona.com\/es\/contacto\/\" \/>\n<meta property=\"og:site_name\" content=\"MishMash Idiomes Barcelona\" \/>\n<meta property=\"article:publisher\" content=\"https:\/\/www.facebook.com\/mishmashidiomasbarcelona\/\" \/>\n<meta property=\"article:modified_time\" content=\"2023-07-18T11:57:02+00:00\" \/>\n<meta property=\"og:image\" content=\"https:\/\/mishmashidiomesbarcelona.com\/es\/wp-content\/uploads\/2023\/07\/nino-en-avion-de-carton-senalando.png\" \/>\n<meta name=\"twitter:card\" content=\"summary_large_image\" \/>\n<meta name=\"twitter:label1\" content=\"Tiempo de lectura\" \/>\n\t<meta name=\"twitter:data1\" content=\"1 minuto\" \/>\n<script type=\"application\/ld+json\" class=\"yoast-schema-graph\">{\"@context\":\"https:\/\/schema.org\",\"@graph\":[{\"@type\":\"WebPage\",\"@id\":\"https:\/\/mishmashidiomesbarcelona.com\/es\/contacto\/\",\"url\":\"https:\/\/mishmashidiomesbarcelona.com\/es\/contacto\/\",\"name\":\"Contacto - MishMash Idiomes Barcelona | Academia de ingl\u00e9s para ni\u00f1os y adultos\",\"isPartOf\":{\"@id\":\"https:\/\/mishmashidiomesbarcelona.com\/es\/#website\"},\"primaryImageOfPage\":{\"@id\":\"https:\/\/mishmashidiomesbarcelona.com\/es\/contacto\/#primaryimage\"},\"image\":{\"@id\":\"https:\/\/mishmashidiomesbarcelona.com\/es\/contacto\/#primaryimage\"},\"thumbnailUrl\":\"https:\/\/mishmashidiomesbarcelona.com\/es\/wp-content\/uploads\/2023\/07\/nino-en-avion-de-carton-senalando.png\",\"datePublished\":\"2018-03-21T13:13:48+00:00\",\"dateModified\":\"2023-07-18T11:57:02+00:00\",\"description\":\"Contacto de la academia Mish Mash en Barcelona | Academia de ingl\u00e9s para ni\u00f1os y adultos. Extraescolares, AFA y empresas. Ll\u00e1manos y aprende!\",\"breadcrumb\":{\"@id\":\"https:\/\/mishmashidiomesbarcelona.com\/es\/contacto\/#breadcrumb\"},\"inLanguage\":\"es\",\"potentialAction\":[{\"@type\":\"ReadAction\",\"target\":[\"https:\/\/mishmashidiomesbarcelona.com\/es\/contacto\/\"]}]},{\"@type\":\"ImageObject\",\"inLanguage\":\"es\",\"@id\":\"https:\/\/mishmashidiomesbarcelona.com\/es\/contacto\/#primaryimage\",\"url\":\"https:\/\/mishmashidiomesbarcelona.com\/es\/wp-content\/uploads\/2023\/07\/nino-en-avion-de-carton-senalando.png\",\"contentUrl\":\"https:\/\/mishmashidiomesbarcelona.com\/es\/wp-content\/uploads\/2023\/07\/nino-en-avion-de-carton-senalando.png\",\"width\":842,\"height\":595},{\"@type\":\"BreadcrumbList\",\"@id\":\"https:\/\/mishmashidiomesbarcelona.com\/es\/contacto\/#breadcrumb\",\"itemListElement\":[{\"@type\":\"ListItem\",\"position\":1,\"name\":\"Portada\",\"item\":\"https:\/\/mishmashidiomesbarcelona.com\/es\/\"},{\"@type\":\"ListItem\",\"position\":2,\"name\":\"Contacto\"}]},{\"@type\":\"WebSite\",\"@id\":\"https:\/\/mishmashidiomesbarcelona.com\/es\/#website\",\"url\":\"https:\/\/mishmashidiomesbarcelona.com\/es\/\",\"name\":\"MishMash Idiomes Barcelona\",\"description\":\"Academia de ingl\u00e9s para ni\u00f1os y adultos. M\u00e9todo propio y creativo.\",\"publisher\":{\"@id\":\"https:\/\/mishmashidiomesbarcelona.com\/es\/#organization\"},\"potentialAction\":[{\"@type\":\"SearchAction\",\"target\":{\"@type\":\"EntryPoint\",\"urlTemplate\":\"https:\/\/mishmashidiomesbarcelona.com\/es\/?s={search_term_string}\"},\"query-input\":\"required name=search_term_string\"}],\"inLanguage\":\"es\"},{\"@type\":\"Organization\",\"@id\":\"https:\/\/mishmashidiomesbarcelona.com\/es\/#organization\",\"name\":\"MishMash Idiomes Barcelona\",\"url\":\"https:\/\/mishmashidiomesbarcelona.com\/es\/\",\"logo\":{\"@type\":\"ImageObject\",\"inLanguage\":\"es\",\"@id\":\"https:\/\/mishmashidiomesbarcelona.com\/es\/#\/schema\/logo\/image\/\",\"url\":\"https:\/\/mishmashidiomesbarcelona.com\/es\/wp-content\/uploads\/2023\/06\/cropped-logo-activitats-angles-escola-barcelona-mishmash.jpg\",\"contentUrl\":\"https:\/\/mishmashidiomesbarcelona.com\/es\/wp-content\/uploads\/2023\/06\/cropped-logo-activitats-angles-escola-barcelona-mishmash.jpg\",\"width\":1343,\"height\":687,\"caption\":\"MishMash Idiomes Barcelona\"},\"image\":{\"@id\":\"https:\/\/mishmashidiomesbarcelona.com\/es\/#\/schema\/logo\/image\/\"},\"sameAs\":[\"https:\/\/www.facebook.com\/mishmashidiomasbarcelona\/\",\"https:\/\/www.instagram.com\/mishmashidiomasbarcelona\/\"]}]}<\/script>\n<!-- \/ Yoast SEO plugin. -->","yoast_head_json":{"title":"Contacto - MishMash Idiomes Barcelona | Academia de ingl\u00e9s para ni\u00f1os y adultos","description":"Contacto de la academia Mish Mash en Barcelona | Academia de ingl\u00e9s para ni\u00f1os y adultos. Extraescolares, AFA y empresas. Ll\u00e1manos y aprende!","robots":{"index":"index","follow":"follow","max-snippet":"max-snippet:-1","max-image-preview":"max-image-preview:large","max-video-preview":"max-video-preview:-1"},"canonical":"https:\/\/mishmashidiomesbarcelona.com\/es\/contacto\/","og_locale":"es_ES","og_type":"article","og_title":"Contacto - MishMash Idiomes Barcelona | Academia de ingl\u00e9s para ni\u00f1os y adultos","og_description":"Contacto de la academia Mish Mash en Barcelona | Academia de ingl\u00e9s para ni\u00f1os y adultos. Extraescolares, AFA y empresas. Ll\u00e1manos y aprende!","og_url":"https:\/\/mishmashidiomesbarcelona.com\/es\/contacto\/","og_site_name":"MishMash Idiomes Barcelona","article_publisher":"https:\/\/www.facebook.com\/mishmashidiomasbarcelona\/","article_modified_time":"2023-07-18T11:57:02+00:00","og_image":[{"url":"https:\/\/mishmashidiomesbarcelona.com\/es\/wp-content\/uploads\/2023\/07\/nino-en-avion-de-carton-senalando.png"}],"twitter_card":"summary_large_image","twitter_misc":{"Tiempo de lectura":"1 minuto"},"schema":{"@context":"https:\/\/schema.org","@graph":[{"@type":"WebPage","@id":"https:\/\/mishmashidiomesbarcelona.com\/es\/contacto\/","url":"https:\/\/mishmashidiomesbarcelona.com\/es\/contacto\/","name":"Contacto - MishMash Idiomes Barcelona | Academia de ingl\u00e9s para ni\u00f1os y adultos","isPartOf":{"@id":"https:\/\/mishmashidiomesbarcelona.com\/es\/#website"},"primaryImageOfPage":{"@id":"https:\/\/mishmashidiomesbarcelona.com\/es\/contacto\/#primaryimage"},"image":{"@id":"https:\/\/mishmashidiomesbarcelona.com\/es\/contacto\/#primaryimage"},"thumbnailUrl":"https:\/\/mishmashidiomesbarcelona.com\/es\/wp-content\/uploads\/2023\/07\/nino-en-avion-de-carton-senalando.png","datePublished":"2018-03-21T13:13:48+00:00","dateModified":"2023-07-18T11:57:02+00:00","description":"Contacto de la academia Mish Mash en Barcelona | Academia de ingl\u00e9s para ni\u00f1os y adultos. Extraescolares, AFA y empresas. Ll\u00e1manos y aprende!","breadcrumb":{"@id":"https:\/\/mishmashidiomesbarcelona.com\/es\/contacto\/#breadcrumb"},"inLanguage":"es","potentialAction":[{"@type":"ReadAction","target":["https:\/\/mishmashidiomesbarcelona.com\/es\/contacto\/"]}]},{"@type":"ImageObject","inLanguage":"es","@id":"https:\/\/mishmashidiomesbarcelona.com\/es\/contacto\/#primaryimage","url":"https:\/\/mishmashidiomesbarcelona.com\/es\/wp-content\/uploads\/2023\/07\/nino-en-avion-de-carton-senalando.png","contentUrl":"https:\/\/mishmashidiomesbarcelona.com\/es\/wp-content\/uploads\/2023\/07\/nino-en-avion-de-carton-senalando.png","width":842,"height":595},{"@type":"BreadcrumbList","@id":"https:\/\/mishmashidiomesbarcelona.com\/es\/contacto\/#breadcrumb","itemListElement":[{"@type":"ListItem","position":1,"name":"Portada","item":"https:\/\/mishmashidiomesbarcelona.com\/es\/"},{"@type":"ListItem","position":2,"name":"Contacto"}]},{"@type":"WebSite","@id":"https:\/\/mishmashidiomesbarcelona.com\/es\/#website","url":"https:\/\/mishmashidiomesbarcelona.com\/es\/","name":"MishMash Idiomes Barcelona","description":"Academia de ingl\u00e9s para ni\u00f1os y adultos. M\u00e9todo propio y creativo.","publisher":{"@id":"https:\/\/mishmashidiomesbarcelona.com\/es\/#organization"},"potentialAction":[{"@type":"SearchAction","target":{"@type":"EntryPoint","urlTemplate":"https:\/\/mishmashidiomesbarcelona.com\/es\/?s={search_term_string}"},"query-input":"required name=search_term_string"}],"inLanguage":"es"},{"@type":"Organization","@id":"https:\/\/mishmashidiomesbarcelona.com\/es\/#organization","name":"MishMash Idiomes Barcelona","url":"https:\/\/mishmashidiomesbarcelona.com\/es\/","logo":{"@type":"ImageObject","inLanguage":"es","@id":"https:\/\/mishmashidiomesbarcelona.com\/es\/#\/schema\/logo\/image\/","url":"https:\/\/mishmashidiomesbarcelona.com\/es\/wp-content\/uploads\/2023\/06\/cropped-logo-activitats-angles-escola-barcelona-mishmash.jpg","contentUrl":"https:\/\/mishmashidiomesbarcelona.com\/es\/wp-content\/uploads\/2023\/06\/cropped-logo-activitats-angles-escola-barcelona-mishmash.jpg","width":1343,"height":687,"caption":"MishMash Idiomes Barcelona"},"image":{"@id":"https:\/\/mishmashidiomesbarcelona.com\/es\/#\/schema\/logo\/image\/"},"sameAs":["https:\/\/www.facebook.com\/mishmashidiomasbarcelona\/","https:\/\/www.instagram.com\/mishmashidiomasbarcelona\/"]}]}},"_links":{"self":[{"href":"https:\/\/mishmashidiomesbarcelona.com\/es\/wp-json\/wp\/v2\/pages\/340","targetHints":{"allow":["GET"]}}],"collection":[{"href":"https:\/\/mishmashidiomesbarcelona.com\/es\/wp-json\/wp\/v2\/pages"}],"about":[{"href":"https:\/\/mishmashidiomesbarcelona.com\/es\/wp-json\/wp\/v2\/types\/page"}],"author":[{"embeddable":true,"href":"https:\/\/mishmashidiomesbarcelona.com\/es\/wp-json\/wp\/v2\/users\/1"}],"replies":[{"embeddable":true,"href":"https:\/\/mishmashidiomesbarcelona.com\/es\/wp-json\/wp\/v2\/comments?post=340"}],"version-history":[{"count":13,"href":"https:\/\/mishmashidiomesbarcelona.com\/es\/wp-json\/wp\/v2\/pages\/340\/revisions"}],"predecessor-version":[{"id":1029,"href":"https:\/\/mishmashidiomesbarcelona.com\/es\/wp-json\/wp\/v2\/pages\/340\/revisions\/1029"}],"wp:attachment":[{"href":"https:\/\/mishmashidiomesbarcelona.com\/es\/wp-json\/wp\/v2\/media?parent=340"}],"curies":[{"name":"wp","href":"https:\/\/api.w.org\/{rel}","templated":true}]}}