{"id":455,"date":"2023-07-03T21:29:24","date_gmt":"2023-07-03T19:29:24","guid":{"rendered":"https:\/\/mishmashidiomesbarcelona.com\/es\/?page_id=455"},"modified":"2023-12-18T17:36:11","modified_gmt":"2023-12-18T16:36:11","slug":"cursos-de-ingles-para-empresas","status":"publish","type":"page","link":"https:\/\/mishmashidiomesbarcelona.com\/es\/cursos-de-ingles-para-empresas\/","title":{"rendered":"Cursos de ingl\u00e9s para empresas"},"content":{"rendered":"<div  data-label=\"Content\" data-id=\"content--1\" data-export-id=\"content-3\" data-category=\"content\" class=\"content-3 content-section content-section-spacing\" id=\"content-1\" style=\"background-color: rgb(255, 255, 255);\"><div > <div  class=\"row middle-xs\"><div  class=\"col-sm-7 full-col-left-padding full-col-right-padding\"> <div  class=\"row\"><div  data-type=\"column\" class=\"space-bottom-small content-title-col\"> <h5  class=\"\">CURSOS DE INGL\u00c9S PARA EMPRESAS<\/h5> <h2  class=\"\">\u00a1Impulsa el crecimiento y desarrollo de tu equipo con nuestras clases de ingl\u00e9s!<\/h2> <p  class=\"\">Descubre nuestros programas personalizados adaptados a las necesidades y objetivos de tu empresa, ofreciendo flexibilidad y comodidad para tus empleados.\n<br ><br >Puedes disfrutar de nuestros cursos presenciales o de forma online.<br ><br >\nPotenciamos la adquisici\u00f3n de la lengua en un entorno de inmersi\u00f3n para ganar confianza en las reuniones, presentaciones y negociaciones profesionales.<\/p><\/div> <\/div> <div  class=\"row spaced-cols\" data-type=\"row\"> <div  class=\"col-xs-6\" data-type=\"column\"><a class=\"button color1\" href=\"https:\/\/mishmashidiomesbarcelona.com\/es\/contacto\" target=\"_self\" data-cp-link=\"1\" data-icon=\"\" rel=\"noopener\">CONTACTAR<\/a>  <\/div>    <\/div><\/div> <div  class=\"col-sm-5 bg-image shadow-large-black revert-classes-holder\" data-bg=\"image\" style=\"background-image: url(&quot;https:\/\/mishmashidiomesbarcelona.com\/es\/wp-content\/uploads\/2023\/07\/istockphoto-1282984212-612x612-1.jpg&quot;);\"><\/div><\/div> <\/div><\/div><div  data-label=\"Content\" data-id=\"content--2\" data-export-id=\"content-12\" data-category=\"content\" class=\"content-12 content-section content-section-spacing\" id=\"content-2\" style=\"background-color: rgb(245, 250, 253);\"><div  class=\"gridContainer\"> <div  class=\"row text-center\"><div  class=\"section-title-col\" data-type=\"column\"> <h2  class=\"\">MEJORA LAS HABILIDADES DE COMUNICACI\u00d3N DE TU EQUIPO<\/h2> <p  class=\"lead\"><span  style=\"font-family: &quot;Open Sans&quot;, arial, helvetica, sans-serif; font-weight: 400;\">Dise\u00f1amos y gestionamos cursos a medida seg\u00fan las necesidades de cada empresa, ofrecimiento diferentes opciones:\n<br >\u2013 Curso anual<br >\u2013 Curso intensivo<br >\u2013 Curso one to one\n<br ><br >\nNuestra metodolog\u00eda est\u00e1 basada en la conversaci\u00f3n, dinamismo y creatividad, a trav\u00e9s de la comunicaci\u00f3n y la experimentaci\u00f3n (learn by doing).\n<br ><br >\nSi prefieres clases presenciales, nos desplazamos a tu lugar de trabajo.<\/span><\/p><\/div> <\/div> <div  class=\"row center-xs middle-xs\"> <div  class=\"col-sm-9\" data-type=\"column\"> <img decoding=\"async\"  class=\"shadow-large\" src=\"https:\/\/mishmashidiomesbarcelona.com\/es\/wp-content\/uploads\/2023\/07\/cropped-clases-empresas-mishmash-ingles.png\" title=\"cropped-clases-empresas-mishmash-ingles.png\" alt=\"\"><\/div> <\/div><\/div> <\/div>","protected":false},"excerpt":{"rendered":"<p>CURSOS DE INGL\u00c9S PARA EMPRESAS \u00a1Impulsa el crecimiento y desarrollo de tu equipo con nuestras clases de ingl\u00e9s! Descubre nuestros programas personalizados adaptados a las necesidades y objetivos de tu empresa, ofreciendo flexibilidad y comodidad para tus empleados. Puedes disfrutar de nuestros cursos presenciales o de forma online. Potenciamos la adquisici\u00f3n de la lengua en&hellip; <br \/> <a class=\"read-more\" href=\"https:\/\/mishmashidiomesbarcelona.com\/es\/cursos-de-ingles-para-empresas\/\">Read more<\/a><\/p>\n","protected":false},"author":1,"featured_media":0,"parent":0,"menu_order":0,"comment_status":"closed","ping_status":"closed","template":"pro\/page-templates\/full-width-page.php","meta":{"footnotes":""},"class_list":["post-455","page","type-page","status-publish","hentry"],"yoast_head":"<!-- This site is optimized with the Yoast SEO plugin v22.4 - https:\/\/yoast.com\/wordpress\/plugins\/seo\/ -->\n<title>Cursos de ingl\u00e9s para empresas - MishMash Idiomes Barcelona<\/title>\n<meta name=\"description\" content=\"Clases de ingl\u00e9s para empresas | Academia de ingl\u00e9s. Mejora el nivel de ingl\u00e9s de tus empleados y lleva tu empresa a otro nivel.\" \/>\n<meta name=\"robots\" content=\"index, follow, max-snippet:-1, max-image-preview:large, max-video-preview:-1\" \/>\n<link rel=\"canonical\" href=\"https:\/\/mishmashidiomesbarcelona.com\/es\/cursos-de-ingles-para-empresas\/\" \/>\n<meta property=\"og:locale\" content=\"es_ES\" \/>\n<meta property=\"og:type\" content=\"article\" \/>\n<meta property=\"og:title\" content=\"Cursos de ingl\u00e9s para empresas - MishMash Idiomes Barcelona\" \/>\n<meta property=\"og:description\" content=\"Clases de ingl\u00e9s para empresas | Academia de ingl\u00e9s. Mejora el nivel de ingl\u00e9s de tus empleados y lleva tu empresa a otro nivel.\" \/>\n<meta property=\"og:url\" content=\"https:\/\/mishmashidiomesbarcelona.com\/es\/cursos-de-ingles-para-empresas\/\" \/>\n<meta property=\"og:site_name\" content=\"MishMash Idiomes Barcelona\" \/>\n<meta property=\"article:publisher\" content=\"https:\/\/www.facebook.com\/mishmashidiomasbarcelona\/\" \/>\n<meta property=\"article:modified_time\" content=\"2023-12-18T16:36:11+00:00\" \/>\n<meta property=\"og:image\" content=\"https:\/\/mishmashidiomesbarcelona.com\/es\/wp-content\/uploads\/2023\/07\/cropped-clases-empresas-mishmash-ingles.png\" \/>\n<meta name=\"twitter:card\" content=\"summary_large_image\" \/>\n<meta name=\"twitter:label1\" content=\"Tiempo de lectura\" \/>\n\t<meta name=\"twitter:data1\" content=\"1 minuto\" \/>\n<script type=\"application\/ld+json\" class=\"yoast-schema-graph\">{\"@context\":\"https:\/\/schema.org\",\"@graph\":[{\"@type\":\"WebPage\",\"@id\":\"https:\/\/mishmashidiomesbarcelona.com\/es\/cursos-de-ingles-para-empresas\/\",\"url\":\"https:\/\/mishmashidiomesbarcelona.com\/es\/cursos-de-ingles-para-empresas\/\",\"name\":\"Cursos de ingl\u00e9s para empresas - MishMash Idiomes Barcelona\",\"isPartOf\":{\"@id\":\"https:\/\/mishmashidiomesbarcelona.com\/es\/#website\"},\"primaryImageOfPage\":{\"@id\":\"https:\/\/mishmashidiomesbarcelona.com\/es\/cursos-de-ingles-para-empresas\/#primaryimage\"},\"image\":{\"@id\":\"https:\/\/mishmashidiomesbarcelona.com\/es\/cursos-de-ingles-para-empresas\/#primaryimage\"},\"thumbnailUrl\":\"https:\/\/mishmashidiomesbarcelona.com\/es\/wp-content\/uploads\/2023\/07\/cropped-clases-empresas-mishmash-ingles.png\",\"datePublished\":\"2023-07-03T19:29:24+00:00\",\"dateModified\":\"2023-12-18T16:36:11+00:00\",\"description\":\"Clases de ingl\u00e9s para empresas | Academia de ingl\u00e9s. Mejora el nivel de ingl\u00e9s de tus empleados y lleva tu empresa a otro nivel.\",\"breadcrumb\":{\"@id\":\"https:\/\/mishmashidiomesbarcelona.com\/es\/cursos-de-ingles-para-empresas\/#breadcrumb\"},\"inLanguage\":\"es\",\"potentialAction\":[{\"@type\":\"ReadAction\",\"target\":[\"https:\/\/mishmashidiomesbarcelona.com\/es\/cursos-de-ingles-para-empresas\/\"]}]},{\"@type\":\"ImageObject\",\"inLanguage\":\"es\",\"@id\":\"https:\/\/mishmashidiomesbarcelona.com\/es\/cursos-de-ingles-para-empresas\/#primaryimage\",\"url\":\"https:\/\/mishmashidiomesbarcelona.com\/es\/wp-content\/uploads\/2023\/07\/cropped-clases-empresas-mishmash-ingles.png\",\"contentUrl\":\"https:\/\/mishmashidiomesbarcelona.com\/es\/wp-content\/uploads\/2023\/07\/cropped-clases-empresas-mishmash-ingles.png\",\"width\":590,\"height\":284},{\"@type\":\"BreadcrumbList\",\"@id\":\"https:\/\/mishmashidiomesbarcelona.com\/es\/cursos-de-ingles-para-empresas\/#breadcrumb\",\"itemListElement\":[{\"@type\":\"ListItem\",\"position\":1,\"name\":\"Portada\",\"item\":\"https:\/\/mishmashidiomesbarcelona.com\/es\/\"},{\"@type\":\"ListItem\",\"position\":2,\"name\":\"Cursos de ingl\u00e9s para empresas\"}]},{\"@type\":\"WebSite\",\"@id\":\"https:\/\/mishmashidiomesbarcelona.com\/es\/#website\",\"url\":\"https:\/\/mishmashidiomesbarcelona.com\/es\/\",\"name\":\"MishMash Idiomes Barcelona\",\"description\":\"Academia de ingl\u00e9s para ni\u00f1os y adultos. M\u00e9todo propio y creativo.\",\"publisher\":{\"@id\":\"https:\/\/mishmashidiomesbarcelona.com\/es\/#organization\"},\"potentialAction\":[{\"@type\":\"SearchAction\",\"target\":{\"@type\":\"EntryPoint\",\"urlTemplate\":\"https:\/\/mishmashidiomesbarcelona.com\/es\/?s={search_term_string}\"},\"query-input\":\"required name=search_term_string\"}],\"inLanguage\":\"es\"},{\"@type\":\"Organization\",\"@id\":\"https:\/\/mishmashidiomesbarcelona.com\/es\/#organization\",\"name\":\"MishMash Idiomes Barcelona\",\"url\":\"https:\/\/mishmashidiomesbarcelona.com\/es\/\",\"logo\":{\"@type\":\"ImageObject\",\"inLanguage\":\"es\",\"@id\":\"https:\/\/mishmashidiomesbarcelona.com\/es\/#\/schema\/logo\/image\/\",\"url\":\"https:\/\/mishmashidiomesbarcelona.com\/es\/wp-content\/uploads\/2023\/06\/cropped-logo-activitats-angles-escola-barcelona-mishmash.jpg\",\"contentUrl\":\"https:\/\/mishmashidiomesbarcelona.com\/es\/wp-content\/uploads\/2023\/06\/cropped-logo-activitats-angles-escola-barcelona-mishmash.jpg\",\"width\":1343,\"height\":687,\"caption\":\"MishMash Idiomes Barcelona\"},\"image\":{\"@id\":\"https:\/\/mishmashidiomesbarcelona.com\/es\/#\/schema\/logo\/image\/\"},\"sameAs\":[\"https:\/\/www.facebook.com\/mishmashidiomasbarcelona\/\",\"https:\/\/www.instagram.com\/mishmashidiomasbarcelona\/\"]}]}<\/script>\n<!-- \/ Yoast SEO plugin. -->","yoast_head_json":{"title":"Cursos de ingl\u00e9s para empresas - MishMash Idiomes Barcelona","description":"Clases de ingl\u00e9s para empresas | Academia de ingl\u00e9s. Mejora el nivel de ingl\u00e9s de tus empleados y lleva tu empresa a otro nivel.","robots":{"index":"index","follow":"follow","max-snippet":"max-snippet:-1","max-image-preview":"max-image-preview:large","max-video-preview":"max-video-preview:-1"},"canonical":"https:\/\/mishmashidiomesbarcelona.com\/es\/cursos-de-ingles-para-empresas\/","og_locale":"es_ES","og_type":"article","og_title":"Cursos de ingl\u00e9s para empresas - MishMash Idiomes Barcelona","og_description":"Clases de ingl\u00e9s para empresas | Academia de ingl\u00e9s. Mejora el nivel de ingl\u00e9s de tus empleados y lleva tu empresa a otro nivel.","og_url":"https:\/\/mishmashidiomesbarcelona.com\/es\/cursos-de-ingles-para-empresas\/","og_site_name":"MishMash Idiomes Barcelona","article_publisher":"https:\/\/www.facebook.com\/mishmashidiomasbarcelona\/","article_modified_time":"2023-12-18T16:36:11+00:00","og_image":[{"url":"https:\/\/mishmashidiomesbarcelona.com\/es\/wp-content\/uploads\/2023\/07\/cropped-clases-empresas-mishmash-ingles.png"}],"twitter_card":"summary_large_image","twitter_misc":{"Tiempo de lectura":"1 minuto"},"schema":{"@context":"https:\/\/schema.org","@graph":[{"@type":"WebPage","@id":"https:\/\/mishmashidiomesbarcelona.com\/es\/cursos-de-ingles-para-empresas\/","url":"https:\/\/mishmashidiomesbarcelona.com\/es\/cursos-de-ingles-para-empresas\/","name":"Cursos de ingl\u00e9s para empresas - MishMash Idiomes Barcelona","isPartOf":{"@id":"https:\/\/mishmashidiomesbarcelona.com\/es\/#website"},"primaryImageOfPage":{"@id":"https:\/\/mishmashidiomesbarcelona.com\/es\/cursos-de-ingles-para-empresas\/#primaryimage"},"image":{"@id":"https:\/\/mishmashidiomesbarcelona.com\/es\/cursos-de-ingles-para-empresas\/#primaryimage"},"thumbnailUrl":"https:\/\/mishmashidiomesbarcelona.com\/es\/wp-content\/uploads\/2023\/07\/cropped-clases-empresas-mishmash-ingles.png","datePublished":"2023-07-03T19:29:24+00:00","dateModified":"2023-12-18T16:36:11+00:00","description":"Clases de ingl\u00e9s para empresas | Academia de ingl\u00e9s. Mejora el nivel de ingl\u00e9s de tus empleados y lleva tu empresa a otro nivel.","breadcrumb":{"@id":"https:\/\/mishmashidiomesbarcelona.com\/es\/cursos-de-ingles-para-empresas\/#breadcrumb"},"inLanguage":"es","potentialAction":[{"@type":"ReadAction","target":["https:\/\/mishmashidiomesbarcelona.com\/es\/cursos-de-ingles-para-empresas\/"]}]},{"@type":"ImageObject","inLanguage":"es","@id":"https:\/\/mishmashidiomesbarcelona.com\/es\/cursos-de-ingles-para-empresas\/#primaryimage","url":"https:\/\/mishmashidiomesbarcelona.com\/es\/wp-content\/uploads\/2023\/07\/cropped-clases-empresas-mishmash-ingles.png","contentUrl":"https:\/\/mishmashidiomesbarcelona.com\/es\/wp-content\/uploads\/2023\/07\/cropped-clases-empresas-mishmash-ingles.png","width":590,"height":284},{"@type":"BreadcrumbList","@id":"https:\/\/mishmashidiomesbarcelona.com\/es\/cursos-de-ingles-para-empresas\/#breadcrumb","itemListElement":[{"@type":"ListItem","position":1,"name":"Portada","item":"https:\/\/mishmashidiomesbarcelona.com\/es\/"},{"@type":"ListItem","position":2,"name":"Cursos de ingl\u00e9s para empresas"}]},{"@type":"WebSite","@id":"https:\/\/mishmashidiomesbarcelona.com\/es\/#website","url":"https:\/\/mishmashidiomesbarcelona.com\/es\/","name":"MishMash Idiomes Barcelona","description":"Academia de ingl\u00e9s para ni\u00f1os y adultos. M\u00e9todo propio y creativo.","publisher":{"@id":"https:\/\/mishmashidiomesbarcelona.com\/es\/#organization"},"potentialAction":[{"@type":"SearchAction","target":{"@type":"EntryPoint","urlTemplate":"https:\/\/mishmashidiomesbarcelona.com\/es\/?s={search_term_string}"},"query-input":"required name=search_term_string"}],"inLanguage":"es"},{"@type":"Organization","@id":"https:\/\/mishmashidiomesbarcelona.com\/es\/#organization","name":"MishMash Idiomes Barcelona","url":"https:\/\/mishmashidiomesbarcelona.com\/es\/","logo":{"@type":"ImageObject","inLanguage":"es","@id":"https:\/\/mishmashidiomesbarcelona.com\/es\/#\/schema\/logo\/image\/","url":"https:\/\/mishmashidiomesbarcelona.com\/es\/wp-content\/uploads\/2023\/06\/cropped-logo-activitats-angles-escola-barcelona-mishmash.jpg","contentUrl":"https:\/\/mishmashidiomesbarcelona.com\/es\/wp-content\/uploads\/2023\/06\/cropped-logo-activitats-angles-escola-barcelona-mishmash.jpg","width":1343,"height":687,"caption":"MishMash Idiomes Barcelona"},"image":{"@id":"https:\/\/mishmashidiomesbarcelona.com\/es\/#\/schema\/logo\/image\/"},"sameAs":["https:\/\/www.facebook.com\/mishmashidiomasbarcelona\/","https:\/\/www.instagram.com\/mishmashidiomasbarcelona\/"]}]}},"_links":{"self":[{"href":"https:\/\/mishmashidiomesbarcelona.com\/es\/wp-json\/wp\/v2\/pages\/455","targetHints":{"allow":["GET"]}}],"collection":[{"href":"https:\/\/mishmashidiomesbarcelona.com\/es\/wp-json\/wp\/v2\/pages"}],"about":[{"href":"https:\/\/mishmashidiomesbarcelona.com\/es\/wp-json\/wp\/v2\/types\/page"}],"author":[{"embeddable":true,"href":"https:\/\/mishmashidiomesbarcelona.com\/es\/wp-json\/wp\/v2\/users\/1"}],"replies":[{"embeddable":true,"href":"https:\/\/mishmashidiomesbarcelona.com\/es\/wp-json\/wp\/v2\/comments?post=455"}],"version-history":[{"count":7,"href":"https:\/\/mishmashidiomesbarcelona.com\/es\/wp-json\/wp\/v2\/pages\/455\/revisions"}],"predecessor-version":[{"id":1083,"href":"https:\/\/mishmashidiomesbarcelona.com\/es\/wp-json\/wp\/v2\/pages\/455\/revisions\/1083"}],"wp:attachment":[{"href":"https:\/\/mishmashidiomesbarcelona.com\/es\/wp-json\/wp\/v2\/media?parent=455"}],"curies":[{"name":"wp","href":"https:\/\/api.w.org\/{rel}","templated":true}]}}