{"id":460,"date":"2023-07-03T21:34:19","date_gmt":"2023-07-03T19:34:19","guid":{"rendered":"https:\/\/mishmashidiomesbarcelona.com\/es\/?page_id=460"},"modified":"2023-07-14T21:51:40","modified_gmt":"2023-07-14T19:51:40","slug":"talk-and-play","status":"publish","type":"page","link":"https:\/\/mishmashidiomesbarcelona.com\/es\/talk-and-play\/","title":{"rendered":"Talk &#038; Play (P4 &#8211; P5)"},"content":{"rendered":"<div  data-label=\"About\" data-id=\"about--1\" data-export-id=\"about-9\" data-category=\"about\" class=\"about-9 content-section content-section-spacing\" id=\"about-1\" style=\"background-color: rgb(255, 255, 255);\"><div  class=\"gridContainer\"> <div  class=\"row middle-sm text-center\"><div  class=\"col-sm-5 space-bottom-xs content-column content-right-sm\" data-type=\"column\"> <h5  class=\"\">TALK&amp;PLAY<\/h5> <h2  class=\"\">Clases de ingl\u00e9s para ni\u00f1os de 4 y 5 a\u00f1os<\/h2> <p  class=\"\" style=\"text-align: left;\">Los peque\u00f1os tienen la oportunidad de aprender y practicar el ingl\u00e9s a trav\u00e9s de juegos, canciones y recursos visuales. Fomentamos un ambiente l\u00fadico y estimulante que favorece su desarrollo ling\u00fc\u00edstico y comprensi\u00f3n auditiva. Adem\u00e1s, los animamos constantemente a expresarse, hacer preguntas y entablar conversaciones b\u00e1sicas en ingl\u00e9s.\n<br ><br >Nuestro principal objetivo es que los ni\u00f1os se diviertan mientras aprenden y practican el idioma. Hemos dise\u00f1ado nuestras clases siguiendo una estructura tem\u00e1tica que garantiza un enfoque completo. Adem\u00e1s, seguimos una rutina para que los ni\u00f1os se sientan seguros y vivan esta experiencia de manera positiva.<\/p> <a class=\"button big color1\" href=\"https:\/\/mishmashidiomesbarcelona.com\/es\" target=\"_self\" data-cp-link=\"1\" data-icon=\"\" rel=\"noopener\">Contacto<\/a><\/div> <div  class=\"col-sm-7 flexbox flexbox middle-xs center-xs space-bottom-xs\"><div  class=\"overlay-box flexbox middle-xs center-xs overlay-holder \"> <div  class=\"overlay-box-offset offset-background shadow-medium bg-color2 hide-xs\"><\/div> <img  decoding=\"async\" class=\"flexbox shadow-large img1\" src=\"https:\/\/mishmashidiomesbarcelona.com\/es\/wp-content\/uploads\/2023\/07\/nino-sonriendo-felicidad-arte-papel-artes-cohete-retrato-estudio-scaled.jpg\" data-size=\"600x400\" title=\"Little Boy Smiling Happiness Paper Craft Arts Rocket Studio Port\" alt=\"\"><\/div> <\/div><\/div> <\/div><\/div><div  data-label=\"Cta\" data-id=\"cta--1\" data-export-id=\"cta-centered-section-grid\" data-category=\"cta\" class=\"cta-centered-section-grid content-section content-section-spacing-medium bg-color1 dark-text\" id=\"cta-1\" style=\"background-image: none; background-color: rgb(234, 234, 234);\"><div  class=\"gridContainer\"> <div  class=\"row text-center\"><div  class=\"col-xs-12 col-sm-10 col-sm-offset-1 col-md-8 col-md-offset-2\" data-type=\"column\"> <h2  class=\"\">Exploraci\u00f3n y curiosidad<\/h2> <p  class=\"\"><span  style=\"font-family: &quot;Open Sans&quot;, arial, helvetica, sans-serif; font-weight: 400;\">Queremos que los ni\u00f1os vivan el aprendizaje como una experiencia agradable y enriquecedora para despertar su curiosidad.<\/span><\/p> <a class=\"button big color3 dark-text\" href=\"https:\/\/mishmashidiomesbarcelona.com\/es\/contacto\" target=\"_self\" data-cp-link=\"1\" data-icon=\"\" rel=\"noopener\">\u00bfEMPEZAMOS?<\/a><\/div> <\/div><\/div> <\/div>","protected":false},"excerpt":{"rendered":"<p>TALK&amp;PLAY Clases de ingl\u00e9s para ni\u00f1os de 4 y 5 a\u00f1os Los peque\u00f1os tienen la oportunidad de aprender y practicar el ingl\u00e9s a trav\u00e9s de juegos, canciones y recursos visuales. Fomentamos un ambiente l\u00fadico y estimulante que favorece su desarrollo ling\u00fc\u00edstico y comprensi\u00f3n auditiva. Adem\u00e1s, los animamos constantemente a expresarse, hacer preguntas y entablar conversaciones&hellip; <br \/> <a class=\"read-more\" href=\"https:\/\/mishmashidiomesbarcelona.com\/es\/talk-and-play\/\">Read more<\/a><\/p>\n","protected":false},"author":1,"featured_media":0,"parent":0,"menu_order":0,"comment_status":"closed","ping_status":"closed","template":"pro\/page-templates\/full-width-page.php","meta":{"footnotes":""},"class_list":["post-460","page","type-page","status-publish","hentry"],"yoast_head":"<!-- This site is optimized with the Yoast SEO plugin v22.4 - https:\/\/yoast.com\/wordpress\/plugins\/seo\/ -->\n<title>Talk &amp; Play (P4 - P5) - MishMash Idiomes Barcelona | Talleres para aprender ingl\u00e9s<\/title>\n<meta name=\"description\" content=\"Aprende ingl\u00e9s mientras te diviertes con actividades interactivas, juegos y conversaciones pr\u00e1cticas. Mejora tus habilidades comunicativas de manera entretenida y efectiva.\" \/>\n<meta name=\"robots\" content=\"index, follow, max-snippet:-1, max-image-preview:large, max-video-preview:-1\" \/>\n<link rel=\"canonical\" href=\"https:\/\/mishmashidiomesbarcelona.com\/es\/talk-and-play\/\" \/>\n<meta property=\"og:locale\" content=\"es_ES\" \/>\n<meta property=\"og:type\" content=\"article\" \/>\n<meta property=\"og:title\" content=\"Talk &amp; Play (P4 - P5) - MishMash Idiomes Barcelona | Talleres para aprender ingl\u00e9s\" \/>\n<meta property=\"og:description\" content=\"Aprende ingl\u00e9s mientras te diviertes con actividades interactivas, juegos y conversaciones pr\u00e1cticas. Mejora tus habilidades comunicativas de manera entretenida y efectiva.\" \/>\n<meta property=\"og:url\" content=\"https:\/\/mishmashidiomesbarcelona.com\/es\/talk-and-play\/\" \/>\n<meta property=\"og:site_name\" content=\"MishMash Idiomes Barcelona\" \/>\n<meta property=\"article:publisher\" content=\"https:\/\/www.facebook.com\/mishmashidiomasbarcelona\/\" \/>\n<meta property=\"article:modified_time\" content=\"2023-07-14T19:51:40+00:00\" \/>\n<meta property=\"og:image\" content=\"https:\/\/mishmashidiomesbarcelona.com\/es\/wp-content\/uploads\/2023\/07\/nino-sonriendo-felicidad-arte-papel-artes-cohete-retrato-estudio-scaled.jpg\" \/>\n<meta name=\"twitter:card\" content=\"summary_large_image\" \/>\n<script type=\"application\/ld+json\" class=\"yoast-schema-graph\">{\"@context\":\"https:\/\/schema.org\",\"@graph\":[{\"@type\":\"WebPage\",\"@id\":\"https:\/\/mishmashidiomesbarcelona.com\/es\/talk-and-play\/\",\"url\":\"https:\/\/mishmashidiomesbarcelona.com\/es\/talk-and-play\/\",\"name\":\"Talk & Play (P4 - P5) - MishMash Idiomes Barcelona | Talleres para aprender ingl\u00e9s\",\"isPartOf\":{\"@id\":\"https:\/\/mishmashidiomesbarcelona.com\/es\/#website\"},\"primaryImageOfPage\":{\"@id\":\"https:\/\/mishmashidiomesbarcelona.com\/es\/talk-and-play\/#primaryimage\"},\"image\":{\"@id\":\"https:\/\/mishmashidiomesbarcelona.com\/es\/talk-and-play\/#primaryimage\"},\"thumbnailUrl\":\"https:\/\/mishmashidiomesbarcelona.com\/es\/wp-content\/uploads\/2023\/07\/nino-sonriendo-felicidad-arte-papel-artes-cohete-retrato-estudio-scaled.jpg\",\"datePublished\":\"2023-07-03T19:34:19+00:00\",\"dateModified\":\"2023-07-14T19:51:40+00:00\",\"description\":\"Aprende ingl\u00e9s mientras te diviertes con actividades interactivas, juegos y conversaciones pr\u00e1cticas. Mejora tus habilidades comunicativas de manera entretenida y efectiva.\",\"breadcrumb\":{\"@id\":\"https:\/\/mishmashidiomesbarcelona.com\/es\/talk-and-play\/#breadcrumb\"},\"inLanguage\":\"es\",\"potentialAction\":[{\"@type\":\"ReadAction\",\"target\":[\"https:\/\/mishmashidiomesbarcelona.com\/es\/talk-and-play\/\"]}]},{\"@type\":\"ImageObject\",\"inLanguage\":\"es\",\"@id\":\"https:\/\/mishmashidiomesbarcelona.com\/es\/talk-and-play\/#primaryimage\",\"url\":\"https:\/\/mishmashidiomesbarcelona.com\/es\/wp-content\/uploads\/2023\/07\/nino-sonriendo-felicidad-arte-papel-artes-cohete-retrato-estudio-scaled.jpg\",\"contentUrl\":\"https:\/\/mishmashidiomesbarcelona.com\/es\/wp-content\/uploads\/2023\/07\/nino-sonriendo-felicidad-arte-papel-artes-cohete-retrato-estudio-scaled.jpg\",\"width\":2560,\"height\":1826,\"caption\":\"Little Boy Smiling Happiness Paper Craft Arts Rocket Studio Portrait\"},{\"@type\":\"BreadcrumbList\",\"@id\":\"https:\/\/mishmashidiomesbarcelona.com\/es\/talk-and-play\/#breadcrumb\",\"itemListElement\":[{\"@type\":\"ListItem\",\"position\":1,\"name\":\"Portada\",\"item\":\"https:\/\/mishmashidiomesbarcelona.com\/es\/\"},{\"@type\":\"ListItem\",\"position\":2,\"name\":\"Talk &#038; Play (P4 &#8211; P5)\"}]},{\"@type\":\"WebSite\",\"@id\":\"https:\/\/mishmashidiomesbarcelona.com\/es\/#website\",\"url\":\"https:\/\/mishmashidiomesbarcelona.com\/es\/\",\"name\":\"MishMash Idiomes Barcelona\",\"description\":\"Academia de ingl\u00e9s para ni\u00f1os y adultos. M\u00e9todo propio y creativo.\",\"publisher\":{\"@id\":\"https:\/\/mishmashidiomesbarcelona.com\/es\/#organization\"},\"potentialAction\":[{\"@type\":\"SearchAction\",\"target\":{\"@type\":\"EntryPoint\",\"urlTemplate\":\"https:\/\/mishmashidiomesbarcelona.com\/es\/?s={search_term_string}\"},\"query-input\":\"required name=search_term_string\"}],\"inLanguage\":\"es\"},{\"@type\":\"Organization\",\"@id\":\"https:\/\/mishmashidiomesbarcelona.com\/es\/#organization\",\"name\":\"MishMash Idiomes Barcelona\",\"url\":\"https:\/\/mishmashidiomesbarcelona.com\/es\/\",\"logo\":{\"@type\":\"ImageObject\",\"inLanguage\":\"es\",\"@id\":\"https:\/\/mishmashidiomesbarcelona.com\/es\/#\/schema\/logo\/image\/\",\"url\":\"https:\/\/mishmashidiomesbarcelona.com\/es\/wp-content\/uploads\/2023\/06\/cropped-logo-activitats-angles-escola-barcelona-mishmash.jpg\",\"contentUrl\":\"https:\/\/mishmashidiomesbarcelona.com\/es\/wp-content\/uploads\/2023\/06\/cropped-logo-activitats-angles-escola-barcelona-mishmash.jpg\",\"width\":1343,\"height\":687,\"caption\":\"MishMash Idiomes Barcelona\"},\"image\":{\"@id\":\"https:\/\/mishmashidiomesbarcelona.com\/es\/#\/schema\/logo\/image\/\"},\"sameAs\":[\"https:\/\/www.facebook.com\/mishmashidiomasbarcelona\/\",\"https:\/\/www.instagram.com\/mishmashidiomasbarcelona\/\"]}]}<\/script>\n<!-- \/ Yoast SEO plugin. -->","yoast_head_json":{"title":"Talk & Play (P4 - P5) - MishMash Idiomes Barcelona | Talleres para aprender ingl\u00e9s","description":"Aprende ingl\u00e9s mientras te diviertes con actividades interactivas, juegos y conversaciones pr\u00e1cticas. Mejora tus habilidades comunicativas de manera entretenida y efectiva.","robots":{"index":"index","follow":"follow","max-snippet":"max-snippet:-1","max-image-preview":"max-image-preview:large","max-video-preview":"max-video-preview:-1"},"canonical":"https:\/\/mishmashidiomesbarcelona.com\/es\/talk-and-play\/","og_locale":"es_ES","og_type":"article","og_title":"Talk & Play (P4 - P5) - MishMash Idiomes Barcelona | Talleres para aprender ingl\u00e9s","og_description":"Aprende ingl\u00e9s mientras te diviertes con actividades interactivas, juegos y conversaciones pr\u00e1cticas. Mejora tus habilidades comunicativas de manera entretenida y efectiva.","og_url":"https:\/\/mishmashidiomesbarcelona.com\/es\/talk-and-play\/","og_site_name":"MishMash Idiomes Barcelona","article_publisher":"https:\/\/www.facebook.com\/mishmashidiomasbarcelona\/","article_modified_time":"2023-07-14T19:51:40+00:00","og_image":[{"url":"https:\/\/mishmashidiomesbarcelona.com\/es\/wp-content\/uploads\/2023\/07\/nino-sonriendo-felicidad-arte-papel-artes-cohete-retrato-estudio-scaled.jpg"}],"twitter_card":"summary_large_image","schema":{"@context":"https:\/\/schema.org","@graph":[{"@type":"WebPage","@id":"https:\/\/mishmashidiomesbarcelona.com\/es\/talk-and-play\/","url":"https:\/\/mishmashidiomesbarcelona.com\/es\/talk-and-play\/","name":"Talk & Play (P4 - P5) - MishMash Idiomes Barcelona | Talleres para aprender ingl\u00e9s","isPartOf":{"@id":"https:\/\/mishmashidiomesbarcelona.com\/es\/#website"},"primaryImageOfPage":{"@id":"https:\/\/mishmashidiomesbarcelona.com\/es\/talk-and-play\/#primaryimage"},"image":{"@id":"https:\/\/mishmashidiomesbarcelona.com\/es\/talk-and-play\/#primaryimage"},"thumbnailUrl":"https:\/\/mishmashidiomesbarcelona.com\/es\/wp-content\/uploads\/2023\/07\/nino-sonriendo-felicidad-arte-papel-artes-cohete-retrato-estudio-scaled.jpg","datePublished":"2023-07-03T19:34:19+00:00","dateModified":"2023-07-14T19:51:40+00:00","description":"Aprende ingl\u00e9s mientras te diviertes con actividades interactivas, juegos y conversaciones pr\u00e1cticas. Mejora tus habilidades comunicativas de manera entretenida y efectiva.","breadcrumb":{"@id":"https:\/\/mishmashidiomesbarcelona.com\/es\/talk-and-play\/#breadcrumb"},"inLanguage":"es","potentialAction":[{"@type":"ReadAction","target":["https:\/\/mishmashidiomesbarcelona.com\/es\/talk-and-play\/"]}]},{"@type":"ImageObject","inLanguage":"es","@id":"https:\/\/mishmashidiomesbarcelona.com\/es\/talk-and-play\/#primaryimage","url":"https:\/\/mishmashidiomesbarcelona.com\/es\/wp-content\/uploads\/2023\/07\/nino-sonriendo-felicidad-arte-papel-artes-cohete-retrato-estudio-scaled.jpg","contentUrl":"https:\/\/mishmashidiomesbarcelona.com\/es\/wp-content\/uploads\/2023\/07\/nino-sonriendo-felicidad-arte-papel-artes-cohete-retrato-estudio-scaled.jpg","width":2560,"height":1826,"caption":"Little Boy Smiling Happiness Paper Craft Arts Rocket Studio Portrait"},{"@type":"BreadcrumbList","@id":"https:\/\/mishmashidiomesbarcelona.com\/es\/talk-and-play\/#breadcrumb","itemListElement":[{"@type":"ListItem","position":1,"name":"Portada","item":"https:\/\/mishmashidiomesbarcelona.com\/es\/"},{"@type":"ListItem","position":2,"name":"Talk &#038; Play (P4 &#8211; P5)"}]},{"@type":"WebSite","@id":"https:\/\/mishmashidiomesbarcelona.com\/es\/#website","url":"https:\/\/mishmashidiomesbarcelona.com\/es\/","name":"MishMash Idiomes Barcelona","description":"Academia de ingl\u00e9s para ni\u00f1os y adultos. M\u00e9todo propio y creativo.","publisher":{"@id":"https:\/\/mishmashidiomesbarcelona.com\/es\/#organization"},"potentialAction":[{"@type":"SearchAction","target":{"@type":"EntryPoint","urlTemplate":"https:\/\/mishmashidiomesbarcelona.com\/es\/?s={search_term_string}"},"query-input":"required name=search_term_string"}],"inLanguage":"es"},{"@type":"Organization","@id":"https:\/\/mishmashidiomesbarcelona.com\/es\/#organization","name":"MishMash Idiomes Barcelona","url":"https:\/\/mishmashidiomesbarcelona.com\/es\/","logo":{"@type":"ImageObject","inLanguage":"es","@id":"https:\/\/mishmashidiomesbarcelona.com\/es\/#\/schema\/logo\/image\/","url":"https:\/\/mishmashidiomesbarcelona.com\/es\/wp-content\/uploads\/2023\/06\/cropped-logo-activitats-angles-escola-barcelona-mishmash.jpg","contentUrl":"https:\/\/mishmashidiomesbarcelona.com\/es\/wp-content\/uploads\/2023\/06\/cropped-logo-activitats-angles-escola-barcelona-mishmash.jpg","width":1343,"height":687,"caption":"MishMash Idiomes Barcelona"},"image":{"@id":"https:\/\/mishmashidiomesbarcelona.com\/es\/#\/schema\/logo\/image\/"},"sameAs":["https:\/\/www.facebook.com\/mishmashidiomasbarcelona\/","https:\/\/www.instagram.com\/mishmashidiomasbarcelona\/"]}]}},"_links":{"self":[{"href":"https:\/\/mishmashidiomesbarcelona.com\/es\/wp-json\/wp\/v2\/pages\/460","targetHints":{"allow":["GET"]}}],"collection":[{"href":"https:\/\/mishmashidiomesbarcelona.com\/es\/wp-json\/wp\/v2\/pages"}],"about":[{"href":"https:\/\/mishmashidiomesbarcelona.com\/es\/wp-json\/wp\/v2\/types\/page"}],"author":[{"embeddable":true,"href":"https:\/\/mishmashidiomesbarcelona.com\/es\/wp-json\/wp\/v2\/users\/1"}],"replies":[{"embeddable":true,"href":"https:\/\/mishmashidiomesbarcelona.com\/es\/wp-json\/wp\/v2\/comments?post=460"}],"version-history":[{"count":11,"href":"https:\/\/mishmashidiomesbarcelona.com\/es\/wp-json\/wp\/v2\/pages\/460\/revisions"}],"predecessor-version":[{"id":981,"href":"https:\/\/mishmashidiomesbarcelona.com\/es\/wp-json\/wp\/v2\/pages\/460\/revisions\/981"}],"wp:attachment":[{"href":"https:\/\/mishmashidiomesbarcelona.com\/es\/wp-json\/wp\/v2\/media?parent=460"}],"curies":[{"name":"wp","href":"https:\/\/api.w.org\/{rel}","templated":true}]}}