{"id":462,"date":"2023-07-03T21:35:10","date_gmt":"2023-07-03T19:35:10","guid":{"rendered":"https:\/\/mishmashidiomesbarcelona.com\/es\/?page_id=462"},"modified":"2023-07-14T21:53:54","modified_gmt":"2023-07-14T19:53:54","slug":"english-is-fun","status":"publish","type":"page","link":"https:\/\/mishmashidiomesbarcelona.com\/es\/english-is-fun\/","title":{"rendered":"English is fun (1\u00ba &#8211; 2\u00ba)"},"content":{"rendered":"<div  data-label=\"Content\" data-id=\"content--2\" data-export-id=\"content-3\" data-category=\"content\" class=\"content-3 content-section content-section-spacing\" id=\"content-2\" style=\"background-color: rgb(255, 255, 255); background-image: none;\"><div  class=\"gridContainer\"> <div  class=\"row middle-xs\"><div  class=\"col-sm-7 full-col-left-padding full-col-right-padding\"> <div  class=\"row\"><div  data-type=\"column\" class=\"space-bottom-small content-title-col\"> <h5  class=\"\">ENGLISH IS FUN!<\/h5> <h2  class=\"\">Clases de ingl\u00e9s para ni\u00f1os de 6 y 7 a\u00f1os<\/h2> <p  class=\"\">\u00bfC\u00f3mo funciona English is fun? La participaci\u00f3n activa y el pasarlo bien son fundamentales en nuestras clases. Nuestra metodolog\u00eda se enfoca en transmitir informaci\u00f3n, vocabulario y experiencias en ingl\u00e9s para que los ni\u00f1os adquieran fluidez y desarrollen la capacidad de construir frases sencillas y correctas.\n<br ><br >\nUtilizamos estrategias pedag\u00f3gicas a trav\u00e9s de juegos interactivos, din\u00e1micas de grupo y actividades l\u00fadicas, que estimulan la motivaci\u00f3n y participaci\u00f3n en el proceso de aprendizaje. Adem\u00e1s, introducimos gradualmente la parte escrita para fortalecer su dominio del ingl\u00e9s.\n<br ><br >\nQueremos que disfruten mientras adquieren nuevas habilidades ling\u00fc\u00edsticas y ampl\u00edan su vocabulario.\n<br ><br >\u00danete a nosotros y descubre c\u00f3mo English is Fun puede abrirles las puertas al mundo del ingl\u00e9s de manera emocionante y educativa.<\/p><\/div> <\/div> <div  class=\"row spaced-cols\" data-type=\"row\">    <div  class=\"col-xs-6\" data-type=\"column\"><a class=\"button big color3 dark-text\" href=\"https:\/\/mishmashidiomesbarcelona.com\/es\/contacto\" target=\"_self\" data-cp-link=\"1\" data-icon=\"\" rel=\"noopener\">Contacto<\/a> <\/div> <\/div><\/div> <div  class=\"col-sm-5 bg-image shadow-large-black revert-classes-holder\" data-bg=\"image\" style=\"background-image: url(&quot;https:\/\/mishmashidiomesbarcelona.com\/es\/wp-content\/uploads\/2023\/07\/cropped-cropped-vista-frontal-nino-lindo-camiseta-azul-pantalones-color-caqui-montando-segway-espacio-rosa-scaled-1-1.jpg&quot;);\"><\/div><\/div> <\/div><\/div><div  data-label=\"Cta\" data-id=\"cta--1\" data-export-id=\"cta-centered-section-grid\" data-category=\"cta\" class=\"cta-centered-section-grid content-section content-section-spacing-medium bg-color1 dark-text\" id=\"cta-1\" style=\"background-image: none; background-color: rgb(255, 255, 255);\"><div  class=\"gridContainer\"> <div  class=\"row text-center\"><div  class=\"col-xs-12 col-sm-10 col-sm-offset-1 col-md-8 col-md-offset-2\" data-type=\"column\"> <h2  class=\"\">Creatividad y confianza<\/h2> <p  class=\"\">Los ni\u00f1os participan de manera activa en nuestras din\u00e1micas, fomentando el desarrollo de su creatividad y autoconfianza al expresarse en ingl\u00e9s.<\/p> <a class=\"button color3 dark-text\" href=\"https:\/\/mishmashidiomesbarcelona.com\/es\/contacto\" target=\"_self\" data-cp-link=\"1\" data-icon=\"\" rel=\"noopener\">\u00bfEMPEZAMOS?<\/a><\/div> <\/div><\/div> <\/div>","protected":false},"excerpt":{"rendered":"<p>ENGLISH IS FUN! Clases de ingl\u00e9s para ni\u00f1os de 6 y 7 a\u00f1os \u00bfC\u00f3mo funciona English is fun? La participaci\u00f3n activa y el pasarlo bien son fundamentales en nuestras clases. Nuestra metodolog\u00eda se enfoca en transmitir informaci\u00f3n, vocabulario y experiencias en ingl\u00e9s para que los ni\u00f1os adquieran fluidez y desarrollen la capacidad de construir frases&hellip; <br \/> <a class=\"read-more\" href=\"https:\/\/mishmashidiomesbarcelona.com\/es\/english-is-fun\/\">Read more<\/a><\/p>\n","protected":false},"author":1,"featured_media":0,"parent":0,"menu_order":0,"comment_status":"closed","ping_status":"closed","template":"pro\/page-templates\/full-width-page.php","meta":{"footnotes":""},"class_list":["post-462","page","type-page","status-publish","hentry"],"yoast_head":"<!-- This site is optimized with the Yoast SEO plugin v22.4 - https:\/\/yoast.com\/wordpress\/plugins\/seo\/ -->\n<title>English is fun (1\u00ba - 2\u00ba) - MishMash Idiomes Barcelona | Talleres para aprender ingl\u00e9s<\/title>\n<meta name=\"description\" content=\"Descubre la emoci\u00f3n de aprender ingl\u00e9s a trav\u00e9s de actividades l\u00fadicas, juegos y din\u00e1micas interactivas. Sum\u00e9rgete en un ambiente divertido mientras mejoras tus habilidades en el idioma.\" \/>\n<meta name=\"robots\" content=\"index, follow, max-snippet:-1, max-image-preview:large, max-video-preview:-1\" \/>\n<link rel=\"canonical\" href=\"https:\/\/mishmashidiomesbarcelona.com\/es\/english-is-fun\/\" \/>\n<meta property=\"og:locale\" content=\"es_ES\" \/>\n<meta property=\"og:type\" content=\"article\" \/>\n<meta property=\"og:title\" content=\"English is fun (1\u00ba - 2\u00ba) - MishMash Idiomes Barcelona | Talleres para aprender ingl\u00e9s\" \/>\n<meta property=\"og:description\" content=\"Descubre la emoci\u00f3n de aprender ingl\u00e9s a trav\u00e9s de actividades l\u00fadicas, juegos y din\u00e1micas interactivas. Sum\u00e9rgete en un ambiente divertido mientras mejoras tus habilidades en el idioma.\" \/>\n<meta property=\"og:url\" content=\"https:\/\/mishmashidiomesbarcelona.com\/es\/english-is-fun\/\" \/>\n<meta property=\"og:site_name\" content=\"MishMash Idiomes Barcelona\" \/>\n<meta property=\"article:publisher\" content=\"https:\/\/www.facebook.com\/mishmashidiomasbarcelona\/\" \/>\n<meta property=\"article:modified_time\" content=\"2023-07-14T19:53:54+00:00\" \/>\n<meta name=\"twitter:card\" content=\"summary_large_image\" \/>\n<script type=\"application\/ld+json\" class=\"yoast-schema-graph\">{\"@context\":\"https:\/\/schema.org\",\"@graph\":[{\"@type\":\"WebPage\",\"@id\":\"https:\/\/mishmashidiomesbarcelona.com\/es\/english-is-fun\/\",\"url\":\"https:\/\/mishmashidiomesbarcelona.com\/es\/english-is-fun\/\",\"name\":\"English is fun (1\u00ba - 2\u00ba) - MishMash Idiomes Barcelona | Talleres para aprender ingl\u00e9s\",\"isPartOf\":{\"@id\":\"https:\/\/mishmashidiomesbarcelona.com\/es\/#website\"},\"datePublished\":\"2023-07-03T19:35:10+00:00\",\"dateModified\":\"2023-07-14T19:53:54+00:00\",\"description\":\"Descubre la emoci\u00f3n de aprender ingl\u00e9s a trav\u00e9s de actividades l\u00fadicas, juegos y din\u00e1micas interactivas. Sum\u00e9rgete en un ambiente divertido mientras mejoras tus habilidades en el idioma.\",\"breadcrumb\":{\"@id\":\"https:\/\/mishmashidiomesbarcelona.com\/es\/english-is-fun\/#breadcrumb\"},\"inLanguage\":\"es\",\"potentialAction\":[{\"@type\":\"ReadAction\",\"target\":[\"https:\/\/mishmashidiomesbarcelona.com\/es\/english-is-fun\/\"]}]},{\"@type\":\"BreadcrumbList\",\"@id\":\"https:\/\/mishmashidiomesbarcelona.com\/es\/english-is-fun\/#breadcrumb\",\"itemListElement\":[{\"@type\":\"ListItem\",\"position\":1,\"name\":\"Portada\",\"item\":\"https:\/\/mishmashidiomesbarcelona.com\/es\/\"},{\"@type\":\"ListItem\",\"position\":2,\"name\":\"English is fun (1\u00ba &#8211; 2\u00ba)\"}]},{\"@type\":\"WebSite\",\"@id\":\"https:\/\/mishmashidiomesbarcelona.com\/es\/#website\",\"url\":\"https:\/\/mishmashidiomesbarcelona.com\/es\/\",\"name\":\"MishMash Idiomes Barcelona\",\"description\":\"Academia de ingl\u00e9s para ni\u00f1os y adultos. M\u00e9todo propio y creativo.\",\"publisher\":{\"@id\":\"https:\/\/mishmashidiomesbarcelona.com\/es\/#organization\"},\"potentialAction\":[{\"@type\":\"SearchAction\",\"target\":{\"@type\":\"EntryPoint\",\"urlTemplate\":\"https:\/\/mishmashidiomesbarcelona.com\/es\/?s={search_term_string}\"},\"query-input\":\"required name=search_term_string\"}],\"inLanguage\":\"es\"},{\"@type\":\"Organization\",\"@id\":\"https:\/\/mishmashidiomesbarcelona.com\/es\/#organization\",\"name\":\"MishMash Idiomes Barcelona\",\"url\":\"https:\/\/mishmashidiomesbarcelona.com\/es\/\",\"logo\":{\"@type\":\"ImageObject\",\"inLanguage\":\"es\",\"@id\":\"https:\/\/mishmashidiomesbarcelona.com\/es\/#\/schema\/logo\/image\/\",\"url\":\"https:\/\/mishmashidiomesbarcelona.com\/es\/wp-content\/uploads\/2023\/06\/cropped-logo-activitats-angles-escola-barcelona-mishmash.jpg\",\"contentUrl\":\"https:\/\/mishmashidiomesbarcelona.com\/es\/wp-content\/uploads\/2023\/06\/cropped-logo-activitats-angles-escola-barcelona-mishmash.jpg\",\"width\":1343,\"height\":687,\"caption\":\"MishMash Idiomes Barcelona\"},\"image\":{\"@id\":\"https:\/\/mishmashidiomesbarcelona.com\/es\/#\/schema\/logo\/image\/\"},\"sameAs\":[\"https:\/\/www.facebook.com\/mishmashidiomasbarcelona\/\",\"https:\/\/www.instagram.com\/mishmashidiomasbarcelona\/\"]}]}<\/script>\n<!-- \/ Yoast SEO plugin. -->","yoast_head_json":{"title":"English is fun (1\u00ba - 2\u00ba) - MishMash Idiomes Barcelona | Talleres para aprender ingl\u00e9s","description":"Descubre la emoci\u00f3n de aprender ingl\u00e9s a trav\u00e9s de actividades l\u00fadicas, juegos y din\u00e1micas interactivas. Sum\u00e9rgete en un ambiente divertido mientras mejoras tus habilidades en el idioma.","robots":{"index":"index","follow":"follow","max-snippet":"max-snippet:-1","max-image-preview":"max-image-preview:large","max-video-preview":"max-video-preview:-1"},"canonical":"https:\/\/mishmashidiomesbarcelona.com\/es\/english-is-fun\/","og_locale":"es_ES","og_type":"article","og_title":"English is fun (1\u00ba - 2\u00ba) - MishMash Idiomes Barcelona | Talleres para aprender ingl\u00e9s","og_description":"Descubre la emoci\u00f3n de aprender ingl\u00e9s a trav\u00e9s de actividades l\u00fadicas, juegos y din\u00e1micas interactivas. Sum\u00e9rgete en un ambiente divertido mientras mejoras tus habilidades en el idioma.","og_url":"https:\/\/mishmashidiomesbarcelona.com\/es\/english-is-fun\/","og_site_name":"MishMash Idiomes Barcelona","article_publisher":"https:\/\/www.facebook.com\/mishmashidiomasbarcelona\/","article_modified_time":"2023-07-14T19:53:54+00:00","twitter_card":"summary_large_image","schema":{"@context":"https:\/\/schema.org","@graph":[{"@type":"WebPage","@id":"https:\/\/mishmashidiomesbarcelona.com\/es\/english-is-fun\/","url":"https:\/\/mishmashidiomesbarcelona.com\/es\/english-is-fun\/","name":"English is fun (1\u00ba - 2\u00ba) - MishMash Idiomes Barcelona | Talleres para aprender ingl\u00e9s","isPartOf":{"@id":"https:\/\/mishmashidiomesbarcelona.com\/es\/#website"},"datePublished":"2023-07-03T19:35:10+00:00","dateModified":"2023-07-14T19:53:54+00:00","description":"Descubre la emoci\u00f3n de aprender ingl\u00e9s a trav\u00e9s de actividades l\u00fadicas, juegos y din\u00e1micas interactivas. Sum\u00e9rgete en un ambiente divertido mientras mejoras tus habilidades en el idioma.","breadcrumb":{"@id":"https:\/\/mishmashidiomesbarcelona.com\/es\/english-is-fun\/#breadcrumb"},"inLanguage":"es","potentialAction":[{"@type":"ReadAction","target":["https:\/\/mishmashidiomesbarcelona.com\/es\/english-is-fun\/"]}]},{"@type":"BreadcrumbList","@id":"https:\/\/mishmashidiomesbarcelona.com\/es\/english-is-fun\/#breadcrumb","itemListElement":[{"@type":"ListItem","position":1,"name":"Portada","item":"https:\/\/mishmashidiomesbarcelona.com\/es\/"},{"@type":"ListItem","position":2,"name":"English is fun (1\u00ba &#8211; 2\u00ba)"}]},{"@type":"WebSite","@id":"https:\/\/mishmashidiomesbarcelona.com\/es\/#website","url":"https:\/\/mishmashidiomesbarcelona.com\/es\/","name":"MishMash Idiomes Barcelona","description":"Academia de ingl\u00e9s para ni\u00f1os y adultos. M\u00e9todo propio y creativo.","publisher":{"@id":"https:\/\/mishmashidiomesbarcelona.com\/es\/#organization"},"potentialAction":[{"@type":"SearchAction","target":{"@type":"EntryPoint","urlTemplate":"https:\/\/mishmashidiomesbarcelona.com\/es\/?s={search_term_string}"},"query-input":"required name=search_term_string"}],"inLanguage":"es"},{"@type":"Organization","@id":"https:\/\/mishmashidiomesbarcelona.com\/es\/#organization","name":"MishMash Idiomes Barcelona","url":"https:\/\/mishmashidiomesbarcelona.com\/es\/","logo":{"@type":"ImageObject","inLanguage":"es","@id":"https:\/\/mishmashidiomesbarcelona.com\/es\/#\/schema\/logo\/image\/","url":"https:\/\/mishmashidiomesbarcelona.com\/es\/wp-content\/uploads\/2023\/06\/cropped-logo-activitats-angles-escola-barcelona-mishmash.jpg","contentUrl":"https:\/\/mishmashidiomesbarcelona.com\/es\/wp-content\/uploads\/2023\/06\/cropped-logo-activitats-angles-escola-barcelona-mishmash.jpg","width":1343,"height":687,"caption":"MishMash Idiomes Barcelona"},"image":{"@id":"https:\/\/mishmashidiomesbarcelona.com\/es\/#\/schema\/logo\/image\/"},"sameAs":["https:\/\/www.facebook.com\/mishmashidiomasbarcelona\/","https:\/\/www.instagram.com\/mishmashidiomasbarcelona\/"]}]}},"_links":{"self":[{"href":"https:\/\/mishmashidiomesbarcelona.com\/es\/wp-json\/wp\/v2\/pages\/462","targetHints":{"allow":["GET"]}}],"collection":[{"href":"https:\/\/mishmashidiomesbarcelona.com\/es\/wp-json\/wp\/v2\/pages"}],"about":[{"href":"https:\/\/mishmashidiomesbarcelona.com\/es\/wp-json\/wp\/v2\/types\/page"}],"author":[{"embeddable":true,"href":"https:\/\/mishmashidiomesbarcelona.com\/es\/wp-json\/wp\/v2\/users\/1"}],"replies":[{"embeddable":true,"href":"https:\/\/mishmashidiomesbarcelona.com\/es\/wp-json\/wp\/v2\/comments?post=462"}],"version-history":[{"count":15,"href":"https:\/\/mishmashidiomesbarcelona.com\/es\/wp-json\/wp\/v2\/pages\/462\/revisions"}],"predecessor-version":[{"id":986,"href":"https:\/\/mishmashidiomesbarcelona.com\/es\/wp-json\/wp\/v2\/pages\/462\/revisions\/986"}],"wp:attachment":[{"href":"https:\/\/mishmashidiomesbarcelona.com\/es\/wp-json\/wp\/v2\/media?parent=462"}],"curies":[{"name":"wp","href":"https:\/\/api.w.org\/{rel}","templated":true}]}}