{"id":464,"date":"2023-07-03T21:36:07","date_gmt":"2023-07-03T19:36:07","guid":{"rendered":"https:\/\/mishmashidiomesbarcelona.com\/es\/?page_id=464"},"modified":"2023-07-19T21:42:40","modified_gmt":"2023-07-19T19:42:40","slug":"pick-and-speak","status":"publish","type":"page","link":"https:\/\/mishmashidiomesbarcelona.com\/es\/pick-and-speak\/","title":{"rendered":"Pick &#038; Speak (3\u00ba &#8211; 4\u00ba)"},"content":{"rendered":"<div  data-label=\"About\" data-id=\"about--3\" data-export-id=\"about-image-text\" data-category=\"about\" class=\"about-image-text content-section content-section-spacing\" id=\"about-3\" style=\"background-color: rgb(255, 255, 255);\"><div  class=\"gridContainer\"> <div  class=\"row\"><div  class=\"col-sm-6 flexbox-strech center-xs middle-xs no-gutter-col\"> <div  class=\"shadow-large overlap-right-large flexbox middle-xs center-xs left-img\" data-bg=\"image\" style=\"background-image: url(&quot;https:\/\/mishmashidiomesbarcelona.com\/es\/wp-content\/uploads\/2023\/07\/cropped-cropped-cropped-retrato-nino-rizado-bastante-joven-ropa-roja-pared-amarilla-estudio-scaled-1.jpg&quot;);\"><\/div><\/div> <div  class=\"col-sm-6 space-bottom-xs col-padding-small-xs col-sm-padding-large bg-color5 white-text content-col\" data-type=\"column\"><h5  class=\"\">PICK&amp;SPEAK<\/h5> <h2  class=\"\">Clases de Ingl\u00e9s para Ni\u00f1os a partir de 9 a\u00f1os<\/h2> <p  class=\"\">\u00a1Potencia las habilidades de tus hijos con nuestro programa especializado en el aprendizaje del ingl\u00e9s!<br >\nLa comunicaci\u00f3n es la herramienta principal en nuestra metodolog\u00eda para que los ni\u00f1os comprendan y asimilen la gram\u00e1tica del ingl\u00e9s. Nuestros cursos de ingl\u00e9s est\u00e1n dise\u00f1ados para mejorar la comunicaci\u00f3n oral.<br >\nPreparamos a los alumnos para comunicarse con confianza en situaciones reales, brind\u00e1ndoles una ventaja en su desarrollo personal y acad\u00e9mico. Nuestro enfoque din\u00e1mico garantiza un aprendizaje efectivo.<br >\nMediante diversas actividades espec\u00edficamente dise\u00f1adas, consolidan sus conocimientos gramaticales y desarrollan habilidades en las \u00e1reas de speaking, writing y reading.<br >\n\u00a1Descubre c\u00f3mo podemos potenciar su habilidad para comunicarse en ingl\u00e9s de manera efectiva y creativa!<\/p><\/div> <\/div><\/div> <\/div><div  data-label=\"Cta\" data-id=\"cta--1\" data-export-id=\"cta-centered-section-grid\" data-category=\"cta\" class=\"cta-centered-section-grid content-section content-section-spacing-medium bg-color1 white-text content-relative\" id=\"cta-1\"><div  class=\"gridContainer\"> <div  class=\"row text-center\"><div  class=\"col-xs-12 col-sm-10 col-sm-offset-1 col-md-8 col-md-offset-2\" data-type=\"column\"> <h2  class=\"\">Comunicaci\u00f3n creativa y efectiva<\/h2> <p  class=\"\"><span  style=\"font-family: &quot;Open Sans&quot;, arial, helvetica, sans-serif; font-weight: 400;\">La comunicaci\u00f3n es la clave para desarrollar habilidades ling\u00fc\u00edsticas. Motivamos a los alumnos a expresarse y participar activamente en situaciones de la vida diaria.<\/span><\/p> <a class=\"button color3 dark-text\" href=\"https:\/\/mishmashidiomesbarcelona.com\/es\/contacto\" target=\"_self\" data-cp-link=\"1\" data-icon=\"\" rel=\"noopener\">CONTACTO<\/a><\/div> <\/div><\/div> <div  class=\"section-separator-bottom\">\n    <svg  class=\"section-separator-bottom\" data-separator-name=\"triangle-asymmetrical-negative\" preserveAspectRatio=\"none\" viewBox=\"0 0 1000 100\" xmlns=\"http:\/\/www.w3.org\/2000\/svg\">\n        <path  class=\"svg-white-bg\" d=\"M737.9,94.7L0,0v100h1000V0L737.9,94.7z\"><\/path>\n    <\/svg>\n<\/div><\/div>","protected":false},"excerpt":{"rendered":"<p>PICK&amp;SPEAK Clases de Ingl\u00e9s para Ni\u00f1os a partir de 9 a\u00f1os \u00a1Potencia las habilidades de tus hijos con nuestro programa especializado en el aprendizaje del ingl\u00e9s! La comunicaci\u00f3n es la herramienta principal en nuestra metodolog\u00eda para que los ni\u00f1os comprendan y asimilen la gram\u00e1tica del ingl\u00e9s. Nuestros cursos de ingl\u00e9s est\u00e1n dise\u00f1ados para mejorar la&hellip; <br \/> <a class=\"read-more\" href=\"https:\/\/mishmashidiomesbarcelona.com\/es\/pick-and-speak\/\">Read more<\/a><\/p>\n","protected":false},"author":1,"featured_media":0,"parent":0,"menu_order":0,"comment_status":"closed","ping_status":"closed","template":"pro\/page-templates\/full-width-page.php","meta":{"footnotes":""},"class_list":["post-464","page","type-page","status-publish","hentry"],"yoast_head":"<!-- This site is optimized with the Yoast SEO plugin v22.4 - https:\/\/yoast.com\/wordpress\/plugins\/seo\/ -->\n<title>Pick &amp; Speak (3\u00ba - 4\u00ba) - MishMash Idiomes Barcelona | Talleres ingl\u00e9s en Barcelona<\/title>\n<meta name=\"description\" content=\"Elige y habla. Mejora tu fluidez en ingl\u00e9s a trav\u00e9s de ejercicios de conversaci\u00f3n guiados y pr\u00e1cticos. \u00a1Gana confianza y comun\u00edcate con soltura en ingl\u00e9s!\" \/>\n<meta name=\"robots\" content=\"index, follow, max-snippet:-1, max-image-preview:large, max-video-preview:-1\" \/>\n<link rel=\"canonical\" href=\"https:\/\/mishmashidiomesbarcelona.com\/es\/pick-and-speak\/\" \/>\n<meta property=\"og:locale\" content=\"es_ES\" \/>\n<meta property=\"og:type\" content=\"article\" \/>\n<meta property=\"og:title\" content=\"Pick &amp; Speak (3\u00ba - 4\u00ba) - MishMash Idiomes Barcelona | Talleres ingl\u00e9s en Barcelona\" \/>\n<meta property=\"og:description\" content=\"Elige y habla. Mejora tu fluidez en ingl\u00e9s a trav\u00e9s de ejercicios de conversaci\u00f3n guiados y pr\u00e1cticos. \u00a1Gana confianza y comun\u00edcate con soltura en ingl\u00e9s!\" \/>\n<meta property=\"og:url\" content=\"https:\/\/mishmashidiomesbarcelona.com\/es\/pick-and-speak\/\" \/>\n<meta property=\"og:site_name\" content=\"MishMash Idiomes Barcelona\" \/>\n<meta property=\"article:publisher\" content=\"https:\/\/www.facebook.com\/mishmashidiomasbarcelona\/\" \/>\n<meta property=\"article:modified_time\" content=\"2023-07-19T19:42:40+00:00\" \/>\n<meta name=\"twitter:card\" content=\"summary_large_image\" \/>\n<script type=\"application\/ld+json\" class=\"yoast-schema-graph\">{\"@context\":\"https:\/\/schema.org\",\"@graph\":[{\"@type\":\"WebPage\",\"@id\":\"https:\/\/mishmashidiomesbarcelona.com\/es\/pick-and-speak\/\",\"url\":\"https:\/\/mishmashidiomesbarcelona.com\/es\/pick-and-speak\/\",\"name\":\"Pick & Speak (3\u00ba - 4\u00ba) - MishMash Idiomes Barcelona | Talleres ingl\u00e9s en Barcelona\",\"isPartOf\":{\"@id\":\"https:\/\/mishmashidiomesbarcelona.com\/es\/#website\"},\"datePublished\":\"2023-07-03T19:36:07+00:00\",\"dateModified\":\"2023-07-19T19:42:40+00:00\",\"description\":\"Elige y habla. Mejora tu fluidez en ingl\u00e9s a trav\u00e9s de ejercicios de conversaci\u00f3n guiados y pr\u00e1cticos. \u00a1Gana confianza y comun\u00edcate con soltura en ingl\u00e9s!\",\"breadcrumb\":{\"@id\":\"https:\/\/mishmashidiomesbarcelona.com\/es\/pick-and-speak\/#breadcrumb\"},\"inLanguage\":\"es\",\"potentialAction\":[{\"@type\":\"ReadAction\",\"target\":[\"https:\/\/mishmashidiomesbarcelona.com\/es\/pick-and-speak\/\"]}]},{\"@type\":\"BreadcrumbList\",\"@id\":\"https:\/\/mishmashidiomesbarcelona.com\/es\/pick-and-speak\/#breadcrumb\",\"itemListElement\":[{\"@type\":\"ListItem\",\"position\":1,\"name\":\"Portada\",\"item\":\"https:\/\/mishmashidiomesbarcelona.com\/es\/\"},{\"@type\":\"ListItem\",\"position\":2,\"name\":\"Pick &#038; Speak (3\u00ba &#8211; 4\u00ba)\"}]},{\"@type\":\"WebSite\",\"@id\":\"https:\/\/mishmashidiomesbarcelona.com\/es\/#website\",\"url\":\"https:\/\/mishmashidiomesbarcelona.com\/es\/\",\"name\":\"MishMash Idiomes Barcelona\",\"description\":\"Academia de ingl\u00e9s para ni\u00f1os y adultos. M\u00e9todo propio y creativo.\",\"publisher\":{\"@id\":\"https:\/\/mishmashidiomesbarcelona.com\/es\/#organization\"},\"potentialAction\":[{\"@type\":\"SearchAction\",\"target\":{\"@type\":\"EntryPoint\",\"urlTemplate\":\"https:\/\/mishmashidiomesbarcelona.com\/es\/?s={search_term_string}\"},\"query-input\":\"required name=search_term_string\"}],\"inLanguage\":\"es\"},{\"@type\":\"Organization\",\"@id\":\"https:\/\/mishmashidiomesbarcelona.com\/es\/#organization\",\"name\":\"MishMash Idiomes Barcelona\",\"url\":\"https:\/\/mishmashidiomesbarcelona.com\/es\/\",\"logo\":{\"@type\":\"ImageObject\",\"inLanguage\":\"es\",\"@id\":\"https:\/\/mishmashidiomesbarcelona.com\/es\/#\/schema\/logo\/image\/\",\"url\":\"https:\/\/mishmashidiomesbarcelona.com\/es\/wp-content\/uploads\/2023\/06\/cropped-logo-activitats-angles-escola-barcelona-mishmash.jpg\",\"contentUrl\":\"https:\/\/mishmashidiomesbarcelona.com\/es\/wp-content\/uploads\/2023\/06\/cropped-logo-activitats-angles-escola-barcelona-mishmash.jpg\",\"width\":1343,\"height\":687,\"caption\":\"MishMash Idiomes Barcelona\"},\"image\":{\"@id\":\"https:\/\/mishmashidiomesbarcelona.com\/es\/#\/schema\/logo\/image\/\"},\"sameAs\":[\"https:\/\/www.facebook.com\/mishmashidiomasbarcelona\/\",\"https:\/\/www.instagram.com\/mishmashidiomasbarcelona\/\"]}]}<\/script>\n<!-- \/ Yoast SEO plugin. -->","yoast_head_json":{"title":"Pick & Speak (3\u00ba - 4\u00ba) - MishMash Idiomes Barcelona | Talleres ingl\u00e9s en Barcelona","description":"Elige y habla. Mejora tu fluidez en ingl\u00e9s a trav\u00e9s de ejercicios de conversaci\u00f3n guiados y pr\u00e1cticos. \u00a1Gana confianza y comun\u00edcate con soltura en ingl\u00e9s!","robots":{"index":"index","follow":"follow","max-snippet":"max-snippet:-1","max-image-preview":"max-image-preview:large","max-video-preview":"max-video-preview:-1"},"canonical":"https:\/\/mishmashidiomesbarcelona.com\/es\/pick-and-speak\/","og_locale":"es_ES","og_type":"article","og_title":"Pick & Speak (3\u00ba - 4\u00ba) - MishMash Idiomes Barcelona | Talleres ingl\u00e9s en Barcelona","og_description":"Elige y habla. Mejora tu fluidez en ingl\u00e9s a trav\u00e9s de ejercicios de conversaci\u00f3n guiados y pr\u00e1cticos. \u00a1Gana confianza y comun\u00edcate con soltura en ingl\u00e9s!","og_url":"https:\/\/mishmashidiomesbarcelona.com\/es\/pick-and-speak\/","og_site_name":"MishMash Idiomes Barcelona","article_publisher":"https:\/\/www.facebook.com\/mishmashidiomasbarcelona\/","article_modified_time":"2023-07-19T19:42:40+00:00","twitter_card":"summary_large_image","schema":{"@context":"https:\/\/schema.org","@graph":[{"@type":"WebPage","@id":"https:\/\/mishmashidiomesbarcelona.com\/es\/pick-and-speak\/","url":"https:\/\/mishmashidiomesbarcelona.com\/es\/pick-and-speak\/","name":"Pick & Speak (3\u00ba - 4\u00ba) - MishMash Idiomes Barcelona | Talleres ingl\u00e9s en Barcelona","isPartOf":{"@id":"https:\/\/mishmashidiomesbarcelona.com\/es\/#website"},"datePublished":"2023-07-03T19:36:07+00:00","dateModified":"2023-07-19T19:42:40+00:00","description":"Elige y habla. Mejora tu fluidez en ingl\u00e9s a trav\u00e9s de ejercicios de conversaci\u00f3n guiados y pr\u00e1cticos. \u00a1Gana confianza y comun\u00edcate con soltura en ingl\u00e9s!","breadcrumb":{"@id":"https:\/\/mishmashidiomesbarcelona.com\/es\/pick-and-speak\/#breadcrumb"},"inLanguage":"es","potentialAction":[{"@type":"ReadAction","target":["https:\/\/mishmashidiomesbarcelona.com\/es\/pick-and-speak\/"]}]},{"@type":"BreadcrumbList","@id":"https:\/\/mishmashidiomesbarcelona.com\/es\/pick-and-speak\/#breadcrumb","itemListElement":[{"@type":"ListItem","position":1,"name":"Portada","item":"https:\/\/mishmashidiomesbarcelona.com\/es\/"},{"@type":"ListItem","position":2,"name":"Pick &#038; Speak (3\u00ba &#8211; 4\u00ba)"}]},{"@type":"WebSite","@id":"https:\/\/mishmashidiomesbarcelona.com\/es\/#website","url":"https:\/\/mishmashidiomesbarcelona.com\/es\/","name":"MishMash Idiomes Barcelona","description":"Academia de ingl\u00e9s para ni\u00f1os y adultos. M\u00e9todo propio y creativo.","publisher":{"@id":"https:\/\/mishmashidiomesbarcelona.com\/es\/#organization"},"potentialAction":[{"@type":"SearchAction","target":{"@type":"EntryPoint","urlTemplate":"https:\/\/mishmashidiomesbarcelona.com\/es\/?s={search_term_string}"},"query-input":"required name=search_term_string"}],"inLanguage":"es"},{"@type":"Organization","@id":"https:\/\/mishmashidiomesbarcelona.com\/es\/#organization","name":"MishMash Idiomes Barcelona","url":"https:\/\/mishmashidiomesbarcelona.com\/es\/","logo":{"@type":"ImageObject","inLanguage":"es","@id":"https:\/\/mishmashidiomesbarcelona.com\/es\/#\/schema\/logo\/image\/","url":"https:\/\/mishmashidiomesbarcelona.com\/es\/wp-content\/uploads\/2023\/06\/cropped-logo-activitats-angles-escola-barcelona-mishmash.jpg","contentUrl":"https:\/\/mishmashidiomesbarcelona.com\/es\/wp-content\/uploads\/2023\/06\/cropped-logo-activitats-angles-escola-barcelona-mishmash.jpg","width":1343,"height":687,"caption":"MishMash Idiomes Barcelona"},"image":{"@id":"https:\/\/mishmashidiomesbarcelona.com\/es\/#\/schema\/logo\/image\/"},"sameAs":["https:\/\/www.facebook.com\/mishmashidiomasbarcelona\/","https:\/\/www.instagram.com\/mishmashidiomasbarcelona\/"]}]}},"_links":{"self":[{"href":"https:\/\/mishmashidiomesbarcelona.com\/es\/wp-json\/wp\/v2\/pages\/464","targetHints":{"allow":["GET"]}}],"collection":[{"href":"https:\/\/mishmashidiomesbarcelona.com\/es\/wp-json\/wp\/v2\/pages"}],"about":[{"href":"https:\/\/mishmashidiomesbarcelona.com\/es\/wp-json\/wp\/v2\/types\/page"}],"author":[{"embeddable":true,"href":"https:\/\/mishmashidiomesbarcelona.com\/es\/wp-json\/wp\/v2\/users\/1"}],"replies":[{"embeddable":true,"href":"https:\/\/mishmashidiomesbarcelona.com\/es\/wp-json\/wp\/v2\/comments?post=464"}],"version-history":[{"count":9,"href":"https:\/\/mishmashidiomesbarcelona.com\/es\/wp-json\/wp\/v2\/pages\/464\/revisions"}],"predecessor-version":[{"id":1047,"href":"https:\/\/mishmashidiomesbarcelona.com\/es\/wp-json\/wp\/v2\/pages\/464\/revisions\/1047"}],"wp:attachment":[{"href":"https:\/\/mishmashidiomesbarcelona.com\/es\/wp-json\/wp\/v2\/media?parent=464"}],"curies":[{"name":"wp","href":"https:\/\/api.w.org\/{rel}","templated":true}]}}