{"id":466,"date":"2023-07-03T21:37:06","date_gmt":"2023-07-03T19:37:06","guid":{"rendered":"https:\/\/mishmashidiomesbarcelona.com\/es\/?page_id=466"},"modified":"2023-07-08T11:02:19","modified_gmt":"2023-07-08T09:02:19","slug":"english-is-cool","status":"publish","type":"page","link":"https:\/\/mishmashidiomesbarcelona.com\/es\/english-is-cool\/","title":{"rendered":"English is cool (5\u00ba &#8211; 6\u00ba)"},"content":{"rendered":"<div  data-label=\"Content\" data-id=\"content--1\" data-export-id=\"content-12\" data-category=\"content\" class=\"content-12 content-section content-section-spacing\" id=\"content-1\" style=\"background-color: rgb(245, 250, 253);\"><div  class=\"gridContainer\"> <div  class=\"row text-center\"><div  class=\"section-title-col\" data-type=\"column\"> <h3  class=\"\">ENGLISH IS COOL<\/h3><h2  class=\"\">Clases de ingl\u00e9s para ni\u00f1os de 11 y 12 a\u00f1os<\/h2> <h3  class=\"\">CLASES DIN\u00c1MICAS Y PARTICIPATIVAS<\/h3><p  class=\"lead\"><span  style=\"font-family: &quot;Open Sans&quot;, arial, helvetica, sans-serif; font-weight: 400;\">Sabemos que la mejor manera de aprender un idioma es habl\u00e1ndolo. Por eso, nos centramos en la comunicaci\u00f3n oral como base fundamental. Queremos que los alumnos se sumerjan en el idioma desde el primer momento, fomentando la pr\u00e1ctica activa y din\u00e1mica de la conversaci\u00f3n. De esta manera, desarrollan su esp\u00edritu cr\u00edtico, ampl\u00edan su vocabulario, comprenden las estructuras gramaticales y adquieren confianza y fluidez en su expresi\u00f3n.\n<\/span><br ><span  style=\"font-family: &quot;Open Sans&quot;, arial, helvetica, sans-serif; font-weight: 400;\">\nOfrecemos clases din\u00e1micas y participativas en un entorno de inmersi\u00f3n. Todo \u00e9sto se realiza en grupos reducidos, lo que permite una atenci\u00f3n personalizada y un ambiente propicio para el aprendizaje efectivo. Adem\u00e1s, fomentamos la interacci\u00f3n entre los estudiantes para que practiquen y se diviertan juntos.\n<\/span><br ><span  style=\"font-family: &quot;Open Sans&quot;, arial, helvetica, sans-serif; font-weight: 400;\">\n\u00a1Descubre c\u00f3mo aprenden mientras disfrutan del proceso!<\/span><\/p><\/div> <\/div> <div  class=\"row center-xs middle-xs\"> <div  class=\"col-sm-9\" data-type=\"column\"> <a class=\"button big color1\" href=\"https:\/\/mishmashidiomesbarcelona.com\/es\/contactar\" target=\"_self\" data-cp-link=\"1\" data-icon=\"\" rel=\"noopener\">CONTACTO<\/a><img  decoding=\"async\" class=\"shadow-large\" src=\"https:\/\/mishmashidiomesbarcelona.com\/es\/wp-content\/uploads\/2023\/07\/cropped-nina-caucasica-aislada-sobre-fondo-amarillo-apuntando-gran-idea-scaled-1.jpg\" title=\"Little caucasian girl isolated on yellow background pointing up a great idea\" alt=\"\"><\/div> <\/div><\/div> <\/div><div  data-label=\"Cta\" data-id=\"cta--1\" data-export-id=\"cta-centered-section-grid\" data-category=\"cta\" class=\"cta-centered-section-grid content-section content-section-spacing-medium bg-color1 white-text\" id=\"cta-1\"><div  class=\"gridContainer\"> <div  class=\"row text-center\"><div  class=\"col-xs-12 col-sm-10 col-sm-offset-1 col-md-8 col-md-offset-2\" data-type=\"column\"> <h2  class=\"\">Disfruta aprendiendo<\/h2> <p  class=\"\">Conf\u00eda en nuestro equipo de profesores nativo\/biling\u00fces para aprender ingl\u00e9s de una forma diferente.<\/p> <a class=\"button color3\" href=\"https:\/\/mishmashidiomesbarcelona.com\/es\/contacto\" target=\"_self\" data-cp-link=\"1\" data-icon=\"\" rel=\"noopener\">CONTACTO<\/a><\/div> <\/div><\/div> <\/div>","protected":false},"excerpt":{"rendered":"<p>ENGLISH IS COOLClases de ingl\u00e9s para ni\u00f1os de 11 y 12 a\u00f1os CLASES DIN\u00c1MICAS Y PARTICIPATIVASSabemos que la mejor manera de aprender un idioma es habl\u00e1ndolo. Por eso, nos centramos en la comunicaci\u00f3n oral como base fundamental. Queremos que los alumnos se sumerjan en el idioma desde el primer momento, fomentando la pr\u00e1ctica activa y&hellip; <br \/> <a class=\"read-more\" href=\"https:\/\/mishmashidiomesbarcelona.com\/es\/english-is-cool\/\">Read more<\/a><\/p>\n","protected":false},"author":1,"featured_media":0,"parent":0,"menu_order":0,"comment_status":"closed","ping_status":"closed","template":"pro\/page-templates\/full-width-page.php","meta":{"footnotes":""},"class_list":["post-466","page","type-page","status-publish","hentry"],"yoast_head":"<!-- This site is optimized with the Yoast SEO plugin v22.4 - https:\/\/yoast.com\/wordpress\/plugins\/seo\/ -->\n<title>English is cool (5\u00ba - 6\u00ba) - MishMash Idiomes Barcelona | Talleres de ingl\u00e9s en Barcelona<\/title>\n<meta name=\"description\" content=\"Sum\u00e9rgete en la experiencia de aprender ingl\u00e9s de manera fresca y divertida. Descubre lo emocionante que puede ser dominar el idioma mientras te diviertes y exploras nuevas oportunidades.\" \/>\n<meta name=\"robots\" content=\"index, follow, max-snippet:-1, max-image-preview:large, max-video-preview:-1\" \/>\n<link rel=\"canonical\" href=\"https:\/\/mishmashidiomesbarcelona.com\/es\/english-is-cool\/\" \/>\n<meta property=\"og:locale\" content=\"es_ES\" \/>\n<meta property=\"og:type\" content=\"article\" \/>\n<meta property=\"og:title\" content=\"English is cool (5\u00ba - 6\u00ba) - MishMash Idiomes Barcelona | Talleres de ingl\u00e9s en Barcelona\" \/>\n<meta property=\"og:description\" content=\"Sum\u00e9rgete en la experiencia de aprender ingl\u00e9s de manera fresca y divertida. Descubre lo emocionante que puede ser dominar el idioma mientras te diviertes y exploras nuevas oportunidades.\" \/>\n<meta property=\"og:url\" content=\"https:\/\/mishmashidiomesbarcelona.com\/es\/english-is-cool\/\" \/>\n<meta property=\"og:site_name\" content=\"MishMash Idiomes Barcelona\" \/>\n<meta property=\"article:publisher\" content=\"https:\/\/www.facebook.com\/mishmashidiomasbarcelona\/\" \/>\n<meta property=\"article:modified_time\" content=\"2023-07-08T09:02:19+00:00\" \/>\n<meta property=\"og:image\" content=\"https:\/\/mishmashidiomesbarcelona.com\/es\/wp-content\/uploads\/2023\/07\/cropped-nina-caucasica-aislada-sobre-fondo-amarillo-apuntando-gran-idea-scaled-1.jpg\" \/>\n<meta name=\"twitter:card\" content=\"summary_large_image\" \/>\n<script type=\"application\/ld+json\" class=\"yoast-schema-graph\">{\"@context\":\"https:\/\/schema.org\",\"@graph\":[{\"@type\":\"WebPage\",\"@id\":\"https:\/\/mishmashidiomesbarcelona.com\/es\/english-is-cool\/\",\"url\":\"https:\/\/mishmashidiomesbarcelona.com\/es\/english-is-cool\/\",\"name\":\"English is cool (5\u00ba - 6\u00ba) - MishMash Idiomes Barcelona | Talleres de ingl\u00e9s en Barcelona\",\"isPartOf\":{\"@id\":\"https:\/\/mishmashidiomesbarcelona.com\/es\/#website\"},\"primaryImageOfPage\":{\"@id\":\"https:\/\/mishmashidiomesbarcelona.com\/es\/english-is-cool\/#primaryimage\"},\"image\":{\"@id\":\"https:\/\/mishmashidiomesbarcelona.com\/es\/english-is-cool\/#primaryimage\"},\"thumbnailUrl\":\"https:\/\/mishmashidiomesbarcelona.com\/es\/wp-content\/uploads\/2023\/07\/cropped-nina-caucasica-aislada-sobre-fondo-amarillo-apuntando-gran-idea-scaled-1.jpg\",\"datePublished\":\"2023-07-03T19:37:06+00:00\",\"dateModified\":\"2023-07-08T09:02:19+00:00\",\"description\":\"Sum\u00e9rgete en la experiencia de aprender ingl\u00e9s de manera fresca y divertida. Descubre lo emocionante que puede ser dominar el idioma mientras te diviertes y exploras nuevas oportunidades.\",\"breadcrumb\":{\"@id\":\"https:\/\/mishmashidiomesbarcelona.com\/es\/english-is-cool\/#breadcrumb\"},\"inLanguage\":\"es\",\"potentialAction\":[{\"@type\":\"ReadAction\",\"target\":[\"https:\/\/mishmashidiomesbarcelona.com\/es\/english-is-cool\/\"]}]},{\"@type\":\"ImageObject\",\"inLanguage\":\"es\",\"@id\":\"https:\/\/mishmashidiomesbarcelona.com\/es\/english-is-cool\/#primaryimage\",\"url\":\"https:\/\/mishmashidiomesbarcelona.com\/es\/wp-content\/uploads\/2023\/07\/cropped-nina-caucasica-aislada-sobre-fondo-amarillo-apuntando-gran-idea-scaled-1.jpg\",\"contentUrl\":\"https:\/\/mishmashidiomesbarcelona.com\/es\/wp-content\/uploads\/2023\/07\/cropped-nina-caucasica-aislada-sobre-fondo-amarillo-apuntando-gran-idea-scaled-1.jpg\",\"width\":2558,\"height\":1705,\"caption\":\"Little caucasian girl isolated on yellow background pointing up a great idea\"},{\"@type\":\"BreadcrumbList\",\"@id\":\"https:\/\/mishmashidiomesbarcelona.com\/es\/english-is-cool\/#breadcrumb\",\"itemListElement\":[{\"@type\":\"ListItem\",\"position\":1,\"name\":\"Portada\",\"item\":\"https:\/\/mishmashidiomesbarcelona.com\/es\/\"},{\"@type\":\"ListItem\",\"position\":2,\"name\":\"English is cool (5\u00ba &#8211; 6\u00ba)\"}]},{\"@type\":\"WebSite\",\"@id\":\"https:\/\/mishmashidiomesbarcelona.com\/es\/#website\",\"url\":\"https:\/\/mishmashidiomesbarcelona.com\/es\/\",\"name\":\"MishMash Idiomes Barcelona\",\"description\":\"Academia de ingl\u00e9s para ni\u00f1os y adultos. M\u00e9todo propio y creativo.\",\"publisher\":{\"@id\":\"https:\/\/mishmashidiomesbarcelona.com\/es\/#organization\"},\"potentialAction\":[{\"@type\":\"SearchAction\",\"target\":{\"@type\":\"EntryPoint\",\"urlTemplate\":\"https:\/\/mishmashidiomesbarcelona.com\/es\/?s={search_term_string}\"},\"query-input\":\"required name=search_term_string\"}],\"inLanguage\":\"es\"},{\"@type\":\"Organization\",\"@id\":\"https:\/\/mishmashidiomesbarcelona.com\/es\/#organization\",\"name\":\"MishMash Idiomes Barcelona\",\"url\":\"https:\/\/mishmashidiomesbarcelona.com\/es\/\",\"logo\":{\"@type\":\"ImageObject\",\"inLanguage\":\"es\",\"@id\":\"https:\/\/mishmashidiomesbarcelona.com\/es\/#\/schema\/logo\/image\/\",\"url\":\"https:\/\/mishmashidiomesbarcelona.com\/es\/wp-content\/uploads\/2023\/06\/cropped-logo-activitats-angles-escola-barcelona-mishmash.jpg\",\"contentUrl\":\"https:\/\/mishmashidiomesbarcelona.com\/es\/wp-content\/uploads\/2023\/06\/cropped-logo-activitats-angles-escola-barcelona-mishmash.jpg\",\"width\":1343,\"height\":687,\"caption\":\"MishMash Idiomes Barcelona\"},\"image\":{\"@id\":\"https:\/\/mishmashidiomesbarcelona.com\/es\/#\/schema\/logo\/image\/\"},\"sameAs\":[\"https:\/\/www.facebook.com\/mishmashidiomasbarcelona\/\",\"https:\/\/www.instagram.com\/mishmashidiomasbarcelona\/\"]}]}<\/script>\n<!-- \/ Yoast SEO plugin. -->","yoast_head_json":{"title":"English is cool (5\u00ba - 6\u00ba) - MishMash Idiomes Barcelona | Talleres de ingl\u00e9s en Barcelona","description":"Sum\u00e9rgete en la experiencia de aprender ingl\u00e9s de manera fresca y divertida. Descubre lo emocionante que puede ser dominar el idioma mientras te diviertes y exploras nuevas oportunidades.","robots":{"index":"index","follow":"follow","max-snippet":"max-snippet:-1","max-image-preview":"max-image-preview:large","max-video-preview":"max-video-preview:-1"},"canonical":"https:\/\/mishmashidiomesbarcelona.com\/es\/english-is-cool\/","og_locale":"es_ES","og_type":"article","og_title":"English is cool (5\u00ba - 6\u00ba) - MishMash Idiomes Barcelona | Talleres de ingl\u00e9s en Barcelona","og_description":"Sum\u00e9rgete en la experiencia de aprender ingl\u00e9s de manera fresca y divertida. Descubre lo emocionante que puede ser dominar el idioma mientras te diviertes y exploras nuevas oportunidades.","og_url":"https:\/\/mishmashidiomesbarcelona.com\/es\/english-is-cool\/","og_site_name":"MishMash Idiomes Barcelona","article_publisher":"https:\/\/www.facebook.com\/mishmashidiomasbarcelona\/","article_modified_time":"2023-07-08T09:02:19+00:00","og_image":[{"url":"https:\/\/mishmashidiomesbarcelona.com\/es\/wp-content\/uploads\/2023\/07\/cropped-nina-caucasica-aislada-sobre-fondo-amarillo-apuntando-gran-idea-scaled-1.jpg"}],"twitter_card":"summary_large_image","schema":{"@context":"https:\/\/schema.org","@graph":[{"@type":"WebPage","@id":"https:\/\/mishmashidiomesbarcelona.com\/es\/english-is-cool\/","url":"https:\/\/mishmashidiomesbarcelona.com\/es\/english-is-cool\/","name":"English is cool (5\u00ba - 6\u00ba) - MishMash Idiomes Barcelona | Talleres de ingl\u00e9s en Barcelona","isPartOf":{"@id":"https:\/\/mishmashidiomesbarcelona.com\/es\/#website"},"primaryImageOfPage":{"@id":"https:\/\/mishmashidiomesbarcelona.com\/es\/english-is-cool\/#primaryimage"},"image":{"@id":"https:\/\/mishmashidiomesbarcelona.com\/es\/english-is-cool\/#primaryimage"},"thumbnailUrl":"https:\/\/mishmashidiomesbarcelona.com\/es\/wp-content\/uploads\/2023\/07\/cropped-nina-caucasica-aislada-sobre-fondo-amarillo-apuntando-gran-idea-scaled-1.jpg","datePublished":"2023-07-03T19:37:06+00:00","dateModified":"2023-07-08T09:02:19+00:00","description":"Sum\u00e9rgete en la experiencia de aprender ingl\u00e9s de manera fresca y divertida. Descubre lo emocionante que puede ser dominar el idioma mientras te diviertes y exploras nuevas oportunidades.","breadcrumb":{"@id":"https:\/\/mishmashidiomesbarcelona.com\/es\/english-is-cool\/#breadcrumb"},"inLanguage":"es","potentialAction":[{"@type":"ReadAction","target":["https:\/\/mishmashidiomesbarcelona.com\/es\/english-is-cool\/"]}]},{"@type":"ImageObject","inLanguage":"es","@id":"https:\/\/mishmashidiomesbarcelona.com\/es\/english-is-cool\/#primaryimage","url":"https:\/\/mishmashidiomesbarcelona.com\/es\/wp-content\/uploads\/2023\/07\/cropped-nina-caucasica-aislada-sobre-fondo-amarillo-apuntando-gran-idea-scaled-1.jpg","contentUrl":"https:\/\/mishmashidiomesbarcelona.com\/es\/wp-content\/uploads\/2023\/07\/cropped-nina-caucasica-aislada-sobre-fondo-amarillo-apuntando-gran-idea-scaled-1.jpg","width":2558,"height":1705,"caption":"Little caucasian girl isolated on yellow background pointing up a great idea"},{"@type":"BreadcrumbList","@id":"https:\/\/mishmashidiomesbarcelona.com\/es\/english-is-cool\/#breadcrumb","itemListElement":[{"@type":"ListItem","position":1,"name":"Portada","item":"https:\/\/mishmashidiomesbarcelona.com\/es\/"},{"@type":"ListItem","position":2,"name":"English is cool (5\u00ba &#8211; 6\u00ba)"}]},{"@type":"WebSite","@id":"https:\/\/mishmashidiomesbarcelona.com\/es\/#website","url":"https:\/\/mishmashidiomesbarcelona.com\/es\/","name":"MishMash Idiomes Barcelona","description":"Academia de ingl\u00e9s para ni\u00f1os y adultos. M\u00e9todo propio y creativo.","publisher":{"@id":"https:\/\/mishmashidiomesbarcelona.com\/es\/#organization"},"potentialAction":[{"@type":"SearchAction","target":{"@type":"EntryPoint","urlTemplate":"https:\/\/mishmashidiomesbarcelona.com\/es\/?s={search_term_string}"},"query-input":"required name=search_term_string"}],"inLanguage":"es"},{"@type":"Organization","@id":"https:\/\/mishmashidiomesbarcelona.com\/es\/#organization","name":"MishMash Idiomes Barcelona","url":"https:\/\/mishmashidiomesbarcelona.com\/es\/","logo":{"@type":"ImageObject","inLanguage":"es","@id":"https:\/\/mishmashidiomesbarcelona.com\/es\/#\/schema\/logo\/image\/","url":"https:\/\/mishmashidiomesbarcelona.com\/es\/wp-content\/uploads\/2023\/06\/cropped-logo-activitats-angles-escola-barcelona-mishmash.jpg","contentUrl":"https:\/\/mishmashidiomesbarcelona.com\/es\/wp-content\/uploads\/2023\/06\/cropped-logo-activitats-angles-escola-barcelona-mishmash.jpg","width":1343,"height":687,"caption":"MishMash Idiomes Barcelona"},"image":{"@id":"https:\/\/mishmashidiomesbarcelona.com\/es\/#\/schema\/logo\/image\/"},"sameAs":["https:\/\/www.facebook.com\/mishmashidiomasbarcelona\/","https:\/\/www.instagram.com\/mishmashidiomasbarcelona\/"]}]}},"_links":{"self":[{"href":"https:\/\/mishmashidiomesbarcelona.com\/es\/wp-json\/wp\/v2\/pages\/466","targetHints":{"allow":["GET"]}}],"collection":[{"href":"https:\/\/mishmashidiomesbarcelona.com\/es\/wp-json\/wp\/v2\/pages"}],"about":[{"href":"https:\/\/mishmashidiomesbarcelona.com\/es\/wp-json\/wp\/v2\/types\/page"}],"author":[{"embeddable":true,"href":"https:\/\/mishmashidiomesbarcelona.com\/es\/wp-json\/wp\/v2\/users\/1"}],"replies":[{"embeddable":true,"href":"https:\/\/mishmashidiomesbarcelona.com\/es\/wp-json\/wp\/v2\/comments?post=466"}],"version-history":[{"count":7,"href":"https:\/\/mishmashidiomesbarcelona.com\/es\/wp-json\/wp\/v2\/pages\/466\/revisions"}],"predecessor-version":[{"id":858,"href":"https:\/\/mishmashidiomesbarcelona.com\/es\/wp-json\/wp\/v2\/pages\/466\/revisions\/858"}],"wp:attachment":[{"href":"https:\/\/mishmashidiomesbarcelona.com\/es\/wp-json\/wp\/v2\/media?parent=466"}],"curies":[{"name":"wp","href":"https:\/\/api.w.org\/{rel}","templated":true}]}}