{"id":477,"date":"2023-07-03T21:40:26","date_gmt":"2023-07-03T19:40:26","guid":{"rendered":"https:\/\/mishmashidiomesbarcelona.com\/es\/?page_id=477"},"modified":"2023-07-19T21:42:52","modified_gmt":"2023-07-19T19:42:52","slug":"are-you-ready","status":"publish","type":"page","link":"https:\/\/mishmashidiomesbarcelona.com\/es\/are-you-ready\/","title":{"rendered":"Are you ready? (ESO)"},"content":{"rendered":"<div  data-label=\"About\" data-id=\"about--2\" data-export-id=\"about-text-image\" data-category=\"about\" class=\"about-text-image content-section content-section-spacing\" id=\"about-2\" style=\"background-color: rgb(255, 255, 255);\"><div  class=\"gridContainer\"> <div  class=\"row\"><div  class=\"col-sm-6 col-padding-small-xs col-sm-padding-large bg-color5 white-text content-col\" data-type=\"column\"> <h5  class=\"\">ARE YOU READY?<\/h5> <h2  class=\"\">Academia de ingl\u00e9s para alumnos de ESO<\/h2> <p  class=\"\">En MishMash, creemos en el poder de la comunicaci\u00f3n efectiva en ingl\u00e9s. Nuestro objetivo principal es que los estudiantes de la ESO adquieran fluidez y confianza en su expresi\u00f3n oral y escrita, as\u00ed como una s\u00f3lida comprensi\u00f3n gramatical.\n<br ><br >\nMediante actividades interactivas y debates estimulantes sobre situaciones de la vida real, fomentamos la participaci\u00f3n activa de los estudiantes y les ayudamos a desarrollar habilidades comunicativas s\u00f3lidas de manera efectiva.\n<br ><br >\nUtilizamos material espec\u00edfico adaptado al nivel de los alumnos de la ESO, asegur\u00e1ndonos de que se sientan motivados en su aprendizaje. Nuestro enfoque en la gram\u00e1tica, el vocabulario y las habilidades de comprensi\u00f3n y expresi\u00f3n escrita les ayuda a enfrentar los desaf\u00edos ling\u00fc\u00edsticos de sus estudios.\n<br ><br >\nNuestros profesores altamente capacitados est\u00e1n comprometidos en brindar a los estudiantes una experiencia educativa de calidad. Les proporcionamos un entorno de aprendizaje seguro y motivador, donde cada estudiante puede desarrollar su potencial y alcanzar el \u00e9xito en el dominio del ingl\u00e9s.<\/p><a class=\"button color3 dark-text\" href=\"https:\/\/mishmashidiomesbarcelona.com\/es\/contacto\" target=\"_self\" data-cp-link=\"1\" data-icon=\"\" rel=\"noopener\">CONTACTO<\/a><\/div> <div  class=\"col-sm-6 flexbox-strech center-xs middle-xs no-gutter-col\"><div  class=\"shadow-large overlap-left-large flexbox middle-xs center-xs right-img\" data-bg=\"image\" style=\"background-image: url(&quot;https:\/\/mishmashidiomesbarcelona.com\/es\/wp-content\/uploads\/2023\/07\/cropped-senora-sonriente-auriculares-sostiene-cuaderno-lleva-conocimiento-mochila-scaled-1.jpg&quot;);\"><\/div><\/div> <\/div><\/div> <\/div>","protected":false},"excerpt":{"rendered":"<p>ARE YOU READY? Academia de ingl\u00e9s para alumnos de ESO En MishMash, creemos en el poder de la comunicaci\u00f3n efectiva en ingl\u00e9s. Nuestro objetivo principal es que los estudiantes de la ESO adquieran fluidez y confianza en su expresi\u00f3n oral y escrita, as\u00ed como una s\u00f3lida comprensi\u00f3n gramatical. Mediante actividades interactivas y debates estimulantes sobre&hellip; <br \/> <a class=\"read-more\" href=\"https:\/\/mishmashidiomesbarcelona.com\/es\/are-you-ready\/\">Read more<\/a><\/p>\n","protected":false},"author":1,"featured_media":0,"parent":0,"menu_order":0,"comment_status":"closed","ping_status":"closed","template":"pro\/page-templates\/full-width-page.php","meta":{"footnotes":""},"class_list":["post-477","page","type-page","status-publish","hentry"],"yoast_head":"<!-- This site is optimized with the Yoast SEO plugin v22.4 - https:\/\/yoast.com\/wordpress\/plugins\/seo\/ -->\n<title>Are you ready? (ESO) - MishMash Idiomes Barcelona | Clases de ingl\u00e9s<\/title>\n<meta name=\"description\" content=\"Prep\u00e1rate para el \u00e9xito en la etapa de la ESO. A trav\u00e9s de actividades din\u00e1micas y estimulantes, fortalece tus habilidades en ingl\u00e9s y alcanza tus metas acad\u00e9micas.\" \/>\n<meta name=\"robots\" content=\"index, follow, max-snippet:-1, max-image-preview:large, max-video-preview:-1\" \/>\n<link rel=\"canonical\" href=\"https:\/\/mishmashidiomesbarcelona.com\/es\/are-you-ready\/\" \/>\n<meta property=\"og:locale\" content=\"es_ES\" \/>\n<meta property=\"og:type\" content=\"article\" \/>\n<meta property=\"og:title\" content=\"Are you ready? (ESO) - MishMash Idiomes Barcelona | Clases de ingl\u00e9s\" \/>\n<meta property=\"og:description\" content=\"Prep\u00e1rate para el \u00e9xito en la etapa de la ESO. A trav\u00e9s de actividades din\u00e1micas y estimulantes, fortalece tus habilidades en ingl\u00e9s y alcanza tus metas acad\u00e9micas.\" \/>\n<meta property=\"og:url\" content=\"https:\/\/mishmashidiomesbarcelona.com\/es\/are-you-ready\/\" \/>\n<meta property=\"og:site_name\" content=\"MishMash Idiomes Barcelona\" \/>\n<meta property=\"article:publisher\" content=\"https:\/\/www.facebook.com\/mishmashidiomasbarcelona\/\" \/>\n<meta property=\"article:modified_time\" content=\"2023-07-19T19:42:52+00:00\" \/>\n<meta name=\"twitter:card\" content=\"summary_large_image\" \/>\n<script type=\"application\/ld+json\" class=\"yoast-schema-graph\">{\"@context\":\"https:\/\/schema.org\",\"@graph\":[{\"@type\":\"WebPage\",\"@id\":\"https:\/\/mishmashidiomesbarcelona.com\/es\/are-you-ready\/\",\"url\":\"https:\/\/mishmashidiomesbarcelona.com\/es\/are-you-ready\/\",\"name\":\"Are you ready? (ESO) - MishMash Idiomes Barcelona | Clases de ingl\u00e9s\",\"isPartOf\":{\"@id\":\"https:\/\/mishmashidiomesbarcelona.com\/es\/#website\"},\"datePublished\":\"2023-07-03T19:40:26+00:00\",\"dateModified\":\"2023-07-19T19:42:52+00:00\",\"description\":\"Prep\u00e1rate para el \u00e9xito en la etapa de la ESO. A trav\u00e9s de actividades din\u00e1micas y estimulantes, fortalece tus habilidades en ingl\u00e9s y alcanza tus metas acad\u00e9micas.\",\"breadcrumb\":{\"@id\":\"https:\/\/mishmashidiomesbarcelona.com\/es\/are-you-ready\/#breadcrumb\"},\"inLanguage\":\"es\",\"potentialAction\":[{\"@type\":\"ReadAction\",\"target\":[\"https:\/\/mishmashidiomesbarcelona.com\/es\/are-you-ready\/\"]}]},{\"@type\":\"BreadcrumbList\",\"@id\":\"https:\/\/mishmashidiomesbarcelona.com\/es\/are-you-ready\/#breadcrumb\",\"itemListElement\":[{\"@type\":\"ListItem\",\"position\":1,\"name\":\"Portada\",\"item\":\"https:\/\/mishmashidiomesbarcelona.com\/es\/\"},{\"@type\":\"ListItem\",\"position\":2,\"name\":\"Are you ready? (ESO)\"}]},{\"@type\":\"WebSite\",\"@id\":\"https:\/\/mishmashidiomesbarcelona.com\/es\/#website\",\"url\":\"https:\/\/mishmashidiomesbarcelona.com\/es\/\",\"name\":\"MishMash Idiomes Barcelona\",\"description\":\"Academia de ingl\u00e9s para ni\u00f1os y adultos. M\u00e9todo propio y creativo.\",\"publisher\":{\"@id\":\"https:\/\/mishmashidiomesbarcelona.com\/es\/#organization\"},\"potentialAction\":[{\"@type\":\"SearchAction\",\"target\":{\"@type\":\"EntryPoint\",\"urlTemplate\":\"https:\/\/mishmashidiomesbarcelona.com\/es\/?s={search_term_string}\"},\"query-input\":\"required name=search_term_string\"}],\"inLanguage\":\"es\"},{\"@type\":\"Organization\",\"@id\":\"https:\/\/mishmashidiomesbarcelona.com\/es\/#organization\",\"name\":\"MishMash Idiomes Barcelona\",\"url\":\"https:\/\/mishmashidiomesbarcelona.com\/es\/\",\"logo\":{\"@type\":\"ImageObject\",\"inLanguage\":\"es\",\"@id\":\"https:\/\/mishmashidiomesbarcelona.com\/es\/#\/schema\/logo\/image\/\",\"url\":\"https:\/\/mishmashidiomesbarcelona.com\/es\/wp-content\/uploads\/2023\/06\/cropped-logo-activitats-angles-escola-barcelona-mishmash.jpg\",\"contentUrl\":\"https:\/\/mishmashidiomesbarcelona.com\/es\/wp-content\/uploads\/2023\/06\/cropped-logo-activitats-angles-escola-barcelona-mishmash.jpg\",\"width\":1343,\"height\":687,\"caption\":\"MishMash Idiomes Barcelona\"},\"image\":{\"@id\":\"https:\/\/mishmashidiomesbarcelona.com\/es\/#\/schema\/logo\/image\/\"},\"sameAs\":[\"https:\/\/www.facebook.com\/mishmashidiomasbarcelona\/\",\"https:\/\/www.instagram.com\/mishmashidiomasbarcelona\/\"]}]}<\/script>\n<!-- \/ Yoast SEO plugin. -->","yoast_head_json":{"title":"Are you ready? (ESO) - MishMash Idiomes Barcelona | Clases de ingl\u00e9s","description":"Prep\u00e1rate para el \u00e9xito en la etapa de la ESO. A trav\u00e9s de actividades din\u00e1micas y estimulantes, fortalece tus habilidades en ingl\u00e9s y alcanza tus metas acad\u00e9micas.","robots":{"index":"index","follow":"follow","max-snippet":"max-snippet:-1","max-image-preview":"max-image-preview:large","max-video-preview":"max-video-preview:-1"},"canonical":"https:\/\/mishmashidiomesbarcelona.com\/es\/are-you-ready\/","og_locale":"es_ES","og_type":"article","og_title":"Are you ready? (ESO) - MishMash Idiomes Barcelona | Clases de ingl\u00e9s","og_description":"Prep\u00e1rate para el \u00e9xito en la etapa de la ESO. A trav\u00e9s de actividades din\u00e1micas y estimulantes, fortalece tus habilidades en ingl\u00e9s y alcanza tus metas acad\u00e9micas.","og_url":"https:\/\/mishmashidiomesbarcelona.com\/es\/are-you-ready\/","og_site_name":"MishMash Idiomes Barcelona","article_publisher":"https:\/\/www.facebook.com\/mishmashidiomasbarcelona\/","article_modified_time":"2023-07-19T19:42:52+00:00","twitter_card":"summary_large_image","schema":{"@context":"https:\/\/schema.org","@graph":[{"@type":"WebPage","@id":"https:\/\/mishmashidiomesbarcelona.com\/es\/are-you-ready\/","url":"https:\/\/mishmashidiomesbarcelona.com\/es\/are-you-ready\/","name":"Are you ready? (ESO) - MishMash Idiomes Barcelona | Clases de ingl\u00e9s","isPartOf":{"@id":"https:\/\/mishmashidiomesbarcelona.com\/es\/#website"},"datePublished":"2023-07-03T19:40:26+00:00","dateModified":"2023-07-19T19:42:52+00:00","description":"Prep\u00e1rate para el \u00e9xito en la etapa de la ESO. A trav\u00e9s de actividades din\u00e1micas y estimulantes, fortalece tus habilidades en ingl\u00e9s y alcanza tus metas acad\u00e9micas.","breadcrumb":{"@id":"https:\/\/mishmashidiomesbarcelona.com\/es\/are-you-ready\/#breadcrumb"},"inLanguage":"es","potentialAction":[{"@type":"ReadAction","target":["https:\/\/mishmashidiomesbarcelona.com\/es\/are-you-ready\/"]}]},{"@type":"BreadcrumbList","@id":"https:\/\/mishmashidiomesbarcelona.com\/es\/are-you-ready\/#breadcrumb","itemListElement":[{"@type":"ListItem","position":1,"name":"Portada","item":"https:\/\/mishmashidiomesbarcelona.com\/es\/"},{"@type":"ListItem","position":2,"name":"Are you ready? (ESO)"}]},{"@type":"WebSite","@id":"https:\/\/mishmashidiomesbarcelona.com\/es\/#website","url":"https:\/\/mishmashidiomesbarcelona.com\/es\/","name":"MishMash Idiomes Barcelona","description":"Academia de ingl\u00e9s para ni\u00f1os y adultos. M\u00e9todo propio y creativo.","publisher":{"@id":"https:\/\/mishmashidiomesbarcelona.com\/es\/#organization"},"potentialAction":[{"@type":"SearchAction","target":{"@type":"EntryPoint","urlTemplate":"https:\/\/mishmashidiomesbarcelona.com\/es\/?s={search_term_string}"},"query-input":"required name=search_term_string"}],"inLanguage":"es"},{"@type":"Organization","@id":"https:\/\/mishmashidiomesbarcelona.com\/es\/#organization","name":"MishMash Idiomes Barcelona","url":"https:\/\/mishmashidiomesbarcelona.com\/es\/","logo":{"@type":"ImageObject","inLanguage":"es","@id":"https:\/\/mishmashidiomesbarcelona.com\/es\/#\/schema\/logo\/image\/","url":"https:\/\/mishmashidiomesbarcelona.com\/es\/wp-content\/uploads\/2023\/06\/cropped-logo-activitats-angles-escola-barcelona-mishmash.jpg","contentUrl":"https:\/\/mishmashidiomesbarcelona.com\/es\/wp-content\/uploads\/2023\/06\/cropped-logo-activitats-angles-escola-barcelona-mishmash.jpg","width":1343,"height":687,"caption":"MishMash Idiomes Barcelona"},"image":{"@id":"https:\/\/mishmashidiomesbarcelona.com\/es\/#\/schema\/logo\/image\/"},"sameAs":["https:\/\/www.facebook.com\/mishmashidiomasbarcelona\/","https:\/\/www.instagram.com\/mishmashidiomasbarcelona\/"]}]}},"_links":{"self":[{"href":"https:\/\/mishmashidiomesbarcelona.com\/es\/wp-json\/wp\/v2\/pages\/477","targetHints":{"allow":["GET"]}}],"collection":[{"href":"https:\/\/mishmashidiomesbarcelona.com\/es\/wp-json\/wp\/v2\/pages"}],"about":[{"href":"https:\/\/mishmashidiomesbarcelona.com\/es\/wp-json\/wp\/v2\/types\/page"}],"author":[{"embeddable":true,"href":"https:\/\/mishmashidiomesbarcelona.com\/es\/wp-json\/wp\/v2\/users\/1"}],"replies":[{"embeddable":true,"href":"https:\/\/mishmashidiomesbarcelona.com\/es\/wp-json\/wp\/v2\/comments?post=477"}],"version-history":[{"count":8,"href":"https:\/\/mishmashidiomesbarcelona.com\/es\/wp-json\/wp\/v2\/pages\/477\/revisions"}],"predecessor-version":[{"id":1015,"href":"https:\/\/mishmashidiomesbarcelona.com\/es\/wp-json\/wp\/v2\/pages\/477\/revisions\/1015"}],"wp:attachment":[{"href":"https:\/\/mishmashidiomesbarcelona.com\/es\/wp-json\/wp\/v2\/media?parent=477"}],"curies":[{"name":"wp","href":"https:\/\/api.w.org\/{rel}","templated":true}]}}