{"id":479,"date":"2023-07-03T21:41:31","date_gmt":"2023-07-03T19:41:31","guid":{"rendered":"https:\/\/mishmashidiomesbarcelona.com\/es\/?page_id=479"},"modified":"2023-07-19T21:43:03","modified_gmt":"2023-07-19T19:43:03","slug":"preparacion-para-examenes-de-ingles","status":"publish","type":"page","link":"https:\/\/mishmashidiomesbarcelona.com\/es\/preparacion-para-examenes-de-ingles\/","title":{"rendered":"Preparaci\u00f3n para ex\u00e1menes oficiales"},"content":{"rendered":"<div  data-label=\"About\" data-id=\"about--2\" data-export-id=\"about-text-image\" data-category=\"about\" class=\"about-text-image content-section content-section-spacing\" id=\"about-2\" style=\"background-color: rgb(255, 255, 255);\"><div  class=\"gridContainer\"> <div  class=\"row\"><div  class=\"col-sm-6 col-padding-small-xs col-sm-padding-large bg-color5 white-text content-col\" data-type=\"column\"> <h5  class=\"\">ACADEMIA PARA PREPARAR INGL\u00c9S EN BARCELONA<\/h5> <h2  class=\"\">Prep\u00e1rate para tus ex\u00e1menes de acceso o nivel<\/h2> <p  class=\"\">En MishMash somos expertos en la preparaci\u00f3n de ex\u00e1menes oficiales de ingl\u00e9s. Nuestro enfoque se centra en brindar a los estudiantes las habilidades y estrategias necesarias para superar con \u00e9xito los ex\u00e1menes reconocidos internacionalmente.\n<br ><br > Ofrecemos apoyo individualizado para abordar las necesidades espec\u00edficas de cada estudiante y fortalecer sus \u00e1reas de mejora.\n<br ><br >\nNuestros profesores te guiar\u00e1n a trav\u00e9s de material de estudio actualizado, incluyendo libros de texto, ejercicios pr\u00e1cticos, recursos en l\u00ednea y estrategias de examen dise\u00f1ados espec\u00edficamente. Adem\u00e1s, te ofrecemos pr\u00e1ctica intensiva para que te sientas seguro y preparado para alcanzar tus objetivos acad\u00e9micos.<\/p><a class=\"button color3 dark-text\" href=\"https:\/\/mishmashidiomesbarcelona.com\/es\/contacto\" target=\"_self\" data-cp-link=\"1\" data-icon=\"\" rel=\"noopener\">CONTACTO<\/a><\/div> <div  class=\"col-sm-6 flexbox-strech center-xs middle-xs no-gutter-col\"><div  class=\"shadow-large overlap-left-large flexbox middle-xs center-xs right-img\" data-bg=\"image\" style=\"background-image: url(&quot;https:\/\/mishmashidiomesbarcelona.com\/es\/wp-content\/uploads\/2023\/07\/cropped-cropped-cropped-mujer-joven-estudiante-mochila-bolso-mano-pulgar-arriba-gesto-aislado-sobre-pared-blanca-scaled-1-1.jpg&quot;);\"><\/div><\/div> <\/div><\/div> <\/div><div  data-label=\"Cta\" data-id=\"cta--1\" data-export-id=\"cta-centered-section-grid\" data-category=\"cta\" class=\"cta-centered-section-grid content-section content-section-spacing-medium bg-color1 dark-text\" id=\"cta-1\" style=\"background-image: none; background-color: rgb(255, 255, 255);\"><div  class=\"gridContainer\"> <div  class=\"row text-center\"><div  class=\"col-xs-12 col-sm-10 col-sm-offset-1 col-md-8 col-md-offset-2\" data-type=\"column\"> <h2  class=\"\">\u00bfEst\u00e1s listo para alcanzar tu certificaci\u00f3n oficial de ingl\u00e9s?<\/h2>  <a class=\"button color3 dark-text\" href=\"https:\/\/mishmashidiomesbarcelona.com\/es\/contacto\" target=\"_self\" data-cp-link=\"1\" data-icon=\"\" rel=\"noopener\">\u00bfEMPEZAMOS?<\/a><\/div> <\/div><\/div> <\/div>","protected":false},"excerpt":{"rendered":"<p>ACADEMIA PARA PREPARAR INGL\u00c9S EN BARCELONA Prep\u00e1rate para tus ex\u00e1menes de acceso o nivel En MishMash somos expertos en la preparaci\u00f3n de ex\u00e1menes oficiales de ingl\u00e9s. Nuestro enfoque se centra en brindar a los estudiantes las habilidades y estrategias necesarias para superar con \u00e9xito los ex\u00e1menes reconocidos internacionalmente. Ofrecemos apoyo individualizado para abordar las necesidades&hellip; <br \/> <a class=\"read-more\" href=\"https:\/\/mishmashidiomesbarcelona.com\/es\/preparacion-para-examenes-de-ingles\/\">Read more<\/a><\/p>\n","protected":false},"author":1,"featured_media":0,"parent":0,"menu_order":0,"comment_status":"closed","ping_status":"closed","template":"pro\/page-templates\/full-width-page.php","meta":{"footnotes":""},"class_list":["post-479","page","type-page","status-publish","hentry"],"yoast_head":"<!-- This site is optimized with the Yoast SEO plugin v22.4 - https:\/\/yoast.com\/wordpress\/plugins\/seo\/ -->\n<title>Preparaci\u00f3n para ex\u00e1menes oficiales - MishMash Idiomes Barcelona | Ingl\u00e9s<\/title>\n<meta name=\"description\" content=\"Obt\u00e9n la preparaci\u00f3n necesaria para superar con \u00e9xito los ex\u00e1menes oficiales de ingl\u00e9s. Nuestro enfoque centrado en el examen te brinda las habilidades y la confianza para alcanzar tus objetivos.\" \/>\n<meta name=\"robots\" content=\"index, follow, max-snippet:-1, max-image-preview:large, max-video-preview:-1\" \/>\n<link rel=\"canonical\" href=\"https:\/\/mishmashidiomesbarcelona.com\/es\/preparacion-para-examenes-de-ingles\/\" \/>\n<meta property=\"og:locale\" content=\"es_ES\" \/>\n<meta property=\"og:type\" content=\"article\" \/>\n<meta property=\"og:title\" content=\"Preparaci\u00f3n para ex\u00e1menes oficiales - MishMash Idiomes Barcelona | Ingl\u00e9s\" \/>\n<meta property=\"og:description\" content=\"Obt\u00e9n la preparaci\u00f3n necesaria para superar con \u00e9xito los ex\u00e1menes oficiales de ingl\u00e9s. Nuestro enfoque centrado en el examen te brinda las habilidades y la confianza para alcanzar tus objetivos.\" \/>\n<meta property=\"og:url\" content=\"https:\/\/mishmashidiomesbarcelona.com\/es\/preparacion-para-examenes-de-ingles\/\" \/>\n<meta property=\"og:site_name\" content=\"MishMash Idiomes Barcelona\" \/>\n<meta property=\"article:publisher\" content=\"https:\/\/www.facebook.com\/mishmashidiomasbarcelona\/\" \/>\n<meta property=\"article:modified_time\" content=\"2023-07-19T19:43:03+00:00\" \/>\n<meta name=\"twitter:card\" content=\"summary_large_image\" \/>\n<script type=\"application\/ld+json\" class=\"yoast-schema-graph\">{\"@context\":\"https:\/\/schema.org\",\"@graph\":[{\"@type\":\"WebPage\",\"@id\":\"https:\/\/mishmashidiomesbarcelona.com\/es\/preparacion-para-examenes-de-ingles\/\",\"url\":\"https:\/\/mishmashidiomesbarcelona.com\/es\/preparacion-para-examenes-de-ingles\/\",\"name\":\"Preparaci\u00f3n para ex\u00e1menes oficiales - MishMash Idiomes Barcelona | Ingl\u00e9s\",\"isPartOf\":{\"@id\":\"https:\/\/mishmashidiomesbarcelona.com\/es\/#website\"},\"datePublished\":\"2023-07-03T19:41:31+00:00\",\"dateModified\":\"2023-07-19T19:43:03+00:00\",\"description\":\"Obt\u00e9n la preparaci\u00f3n necesaria para superar con \u00e9xito los ex\u00e1menes oficiales de ingl\u00e9s. Nuestro enfoque centrado en el examen te brinda las habilidades y la confianza para alcanzar tus objetivos.\",\"breadcrumb\":{\"@id\":\"https:\/\/mishmashidiomesbarcelona.com\/es\/preparacion-para-examenes-de-ingles\/#breadcrumb\"},\"inLanguage\":\"es\",\"potentialAction\":[{\"@type\":\"ReadAction\",\"target\":[\"https:\/\/mishmashidiomesbarcelona.com\/es\/preparacion-para-examenes-de-ingles\/\"]}]},{\"@type\":\"BreadcrumbList\",\"@id\":\"https:\/\/mishmashidiomesbarcelona.com\/es\/preparacion-para-examenes-de-ingles\/#breadcrumb\",\"itemListElement\":[{\"@type\":\"ListItem\",\"position\":1,\"name\":\"Portada\",\"item\":\"https:\/\/mishmashidiomesbarcelona.com\/es\/\"},{\"@type\":\"ListItem\",\"position\":2,\"name\":\"Preparaci\u00f3n para ex\u00e1menes oficiales\"}]},{\"@type\":\"WebSite\",\"@id\":\"https:\/\/mishmashidiomesbarcelona.com\/es\/#website\",\"url\":\"https:\/\/mishmashidiomesbarcelona.com\/es\/\",\"name\":\"MishMash Idiomes Barcelona\",\"description\":\"Academia de ingl\u00e9s para ni\u00f1os y adultos. M\u00e9todo propio y creativo.\",\"publisher\":{\"@id\":\"https:\/\/mishmashidiomesbarcelona.com\/es\/#organization\"},\"potentialAction\":[{\"@type\":\"SearchAction\",\"target\":{\"@type\":\"EntryPoint\",\"urlTemplate\":\"https:\/\/mishmashidiomesbarcelona.com\/es\/?s={search_term_string}\"},\"query-input\":\"required name=search_term_string\"}],\"inLanguage\":\"es\"},{\"@type\":\"Organization\",\"@id\":\"https:\/\/mishmashidiomesbarcelona.com\/es\/#organization\",\"name\":\"MishMash Idiomes Barcelona\",\"url\":\"https:\/\/mishmashidiomesbarcelona.com\/es\/\",\"logo\":{\"@type\":\"ImageObject\",\"inLanguage\":\"es\",\"@id\":\"https:\/\/mishmashidiomesbarcelona.com\/es\/#\/schema\/logo\/image\/\",\"url\":\"https:\/\/mishmashidiomesbarcelona.com\/es\/wp-content\/uploads\/2023\/06\/cropped-logo-activitats-angles-escola-barcelona-mishmash.jpg\",\"contentUrl\":\"https:\/\/mishmashidiomesbarcelona.com\/es\/wp-content\/uploads\/2023\/06\/cropped-logo-activitats-angles-escola-barcelona-mishmash.jpg\",\"width\":1343,\"height\":687,\"caption\":\"MishMash Idiomes Barcelona\"},\"image\":{\"@id\":\"https:\/\/mishmashidiomesbarcelona.com\/es\/#\/schema\/logo\/image\/\"},\"sameAs\":[\"https:\/\/www.facebook.com\/mishmashidiomasbarcelona\/\",\"https:\/\/www.instagram.com\/mishmashidiomasbarcelona\/\"]}]}<\/script>\n<!-- \/ Yoast SEO plugin. -->","yoast_head_json":{"title":"Preparaci\u00f3n para ex\u00e1menes oficiales - MishMash Idiomes Barcelona | Ingl\u00e9s","description":"Obt\u00e9n la preparaci\u00f3n necesaria para superar con \u00e9xito los ex\u00e1menes oficiales de ingl\u00e9s. Nuestro enfoque centrado en el examen te brinda las habilidades y la confianza para alcanzar tus objetivos.","robots":{"index":"index","follow":"follow","max-snippet":"max-snippet:-1","max-image-preview":"max-image-preview:large","max-video-preview":"max-video-preview:-1"},"canonical":"https:\/\/mishmashidiomesbarcelona.com\/es\/preparacion-para-examenes-de-ingles\/","og_locale":"es_ES","og_type":"article","og_title":"Preparaci\u00f3n para ex\u00e1menes oficiales - MishMash Idiomes Barcelona | Ingl\u00e9s","og_description":"Obt\u00e9n la preparaci\u00f3n necesaria para superar con \u00e9xito los ex\u00e1menes oficiales de ingl\u00e9s. Nuestro enfoque centrado en el examen te brinda las habilidades y la confianza para alcanzar tus objetivos.","og_url":"https:\/\/mishmashidiomesbarcelona.com\/es\/preparacion-para-examenes-de-ingles\/","og_site_name":"MishMash Idiomes Barcelona","article_publisher":"https:\/\/www.facebook.com\/mishmashidiomasbarcelona\/","article_modified_time":"2023-07-19T19:43:03+00:00","twitter_card":"summary_large_image","schema":{"@context":"https:\/\/schema.org","@graph":[{"@type":"WebPage","@id":"https:\/\/mishmashidiomesbarcelona.com\/es\/preparacion-para-examenes-de-ingles\/","url":"https:\/\/mishmashidiomesbarcelona.com\/es\/preparacion-para-examenes-de-ingles\/","name":"Preparaci\u00f3n para ex\u00e1menes oficiales - MishMash Idiomes Barcelona | Ingl\u00e9s","isPartOf":{"@id":"https:\/\/mishmashidiomesbarcelona.com\/es\/#website"},"datePublished":"2023-07-03T19:41:31+00:00","dateModified":"2023-07-19T19:43:03+00:00","description":"Obt\u00e9n la preparaci\u00f3n necesaria para superar con \u00e9xito los ex\u00e1menes oficiales de ingl\u00e9s. Nuestro enfoque centrado en el examen te brinda las habilidades y la confianza para alcanzar tus objetivos.","breadcrumb":{"@id":"https:\/\/mishmashidiomesbarcelona.com\/es\/preparacion-para-examenes-de-ingles\/#breadcrumb"},"inLanguage":"es","potentialAction":[{"@type":"ReadAction","target":["https:\/\/mishmashidiomesbarcelona.com\/es\/preparacion-para-examenes-de-ingles\/"]}]},{"@type":"BreadcrumbList","@id":"https:\/\/mishmashidiomesbarcelona.com\/es\/preparacion-para-examenes-de-ingles\/#breadcrumb","itemListElement":[{"@type":"ListItem","position":1,"name":"Portada","item":"https:\/\/mishmashidiomesbarcelona.com\/es\/"},{"@type":"ListItem","position":2,"name":"Preparaci\u00f3n para ex\u00e1menes oficiales"}]},{"@type":"WebSite","@id":"https:\/\/mishmashidiomesbarcelona.com\/es\/#website","url":"https:\/\/mishmashidiomesbarcelona.com\/es\/","name":"MishMash Idiomes Barcelona","description":"Academia de ingl\u00e9s para ni\u00f1os y adultos. M\u00e9todo propio y creativo.","publisher":{"@id":"https:\/\/mishmashidiomesbarcelona.com\/es\/#organization"},"potentialAction":[{"@type":"SearchAction","target":{"@type":"EntryPoint","urlTemplate":"https:\/\/mishmashidiomesbarcelona.com\/es\/?s={search_term_string}"},"query-input":"required name=search_term_string"}],"inLanguage":"es"},{"@type":"Organization","@id":"https:\/\/mishmashidiomesbarcelona.com\/es\/#organization","name":"MishMash Idiomes Barcelona","url":"https:\/\/mishmashidiomesbarcelona.com\/es\/","logo":{"@type":"ImageObject","inLanguage":"es","@id":"https:\/\/mishmashidiomesbarcelona.com\/es\/#\/schema\/logo\/image\/","url":"https:\/\/mishmashidiomesbarcelona.com\/es\/wp-content\/uploads\/2023\/06\/cropped-logo-activitats-angles-escola-barcelona-mishmash.jpg","contentUrl":"https:\/\/mishmashidiomesbarcelona.com\/es\/wp-content\/uploads\/2023\/06\/cropped-logo-activitats-angles-escola-barcelona-mishmash.jpg","width":1343,"height":687,"caption":"MishMash Idiomes Barcelona"},"image":{"@id":"https:\/\/mishmashidiomesbarcelona.com\/es\/#\/schema\/logo\/image\/"},"sameAs":["https:\/\/www.facebook.com\/mishmashidiomasbarcelona\/","https:\/\/www.instagram.com\/mishmashidiomasbarcelona\/"]}]}},"_links":{"self":[{"href":"https:\/\/mishmashidiomesbarcelona.com\/es\/wp-json\/wp\/v2\/pages\/479","targetHints":{"allow":["GET"]}}],"collection":[{"href":"https:\/\/mishmashidiomesbarcelona.com\/es\/wp-json\/wp\/v2\/pages"}],"about":[{"href":"https:\/\/mishmashidiomesbarcelona.com\/es\/wp-json\/wp\/v2\/types\/page"}],"author":[{"embeddable":true,"href":"https:\/\/mishmashidiomesbarcelona.com\/es\/wp-json\/wp\/v2\/users\/1"}],"replies":[{"embeddable":true,"href":"https:\/\/mishmashidiomesbarcelona.com\/es\/wp-json\/wp\/v2\/comments?post=479"}],"version-history":[{"count":9,"href":"https:\/\/mishmashidiomesbarcelona.com\/es\/wp-json\/wp\/v2\/pages\/479\/revisions"}],"predecessor-version":[{"id":1022,"href":"https:\/\/mishmashidiomesbarcelona.com\/es\/wp-json\/wp\/v2\/pages\/479\/revisions\/1022"}],"wp:attachment":[{"href":"https:\/\/mishmashidiomesbarcelona.com\/es\/wp-json\/wp\/v2\/media?parent=479"}],"curies":[{"name":"wp","href":"https:\/\/api.w.org\/{rel}","templated":true}]}}