{"id":549,"date":"2023-07-04T15:02:56","date_gmt":"2023-07-04T13:02:56","guid":{"rendered":"https:\/\/mishmashidiomesbarcelona.com\/es\/?page_id=549"},"modified":"2023-08-01T09:05:54","modified_gmt":"2023-08-01T07:05:54","slug":"cooking-storytelling","status":"publish","type":"page","link":"https:\/\/mishmashidiomesbarcelona.com\/es\/cooking-storytelling\/","title":{"rendered":"Cooking Storytelling"},"content":{"rendered":"<div  data-label=\"Content\" data-id=\"content--1\" data-export-id=\"content-17\" data-category=\"content\" class=\"content-17 content-section content-section-spacing content-relative\" id=\"content-1\" style=\"background-color: rgb(255, 255, 255);\"><div  class=\"gridContainer\"> <div  class=\"row middle-sm\"><div  class=\"col-sm-6 space-bottom-xs\" data-type=\"column\"> <h3  class=\"\">Aprende ingl\u00e9s cocinando en familia<\/h3><h2  class=\"\">Cooking Storytelling<\/h2> <p  class=\"\">En este taller, los ni\u00f1os tendr\u00e1n la oportunidad de sumergirse en el mundo de los cuentos mientras aprenden y practican ingl\u00e9s, adem\u00e1s de disfrutar de una divertida actividad culinaria sin necesidad de usar fuego.\n<\/p> <a class=\"button color3 dark-text\" href=\"https:\/\/mishmashidiomesbarcelona.com\/es\/contacto\" target=\"_self\" data-cp-link=\"1\" data-icon=\"\" rel=\"noopener\">QUIERO SABER M\u00c1S<\/a><\/div> <div  class=\"col-sm-6 flexbox around-xs top-xs space-top-xs space-bottom-xs\"><div  class=\"overlay-box flexbox middle-xs center-xs overlay-holder\"> <div  class=\"overlay-box-offset offset-background shadow-medium bg-color2 hide-xs\"><\/div> <img  decoding=\"async\" class=\"flexbox shadow-large img1\" data-size=\"500x500\" src=\"https:\/\/mishmashidiomesbarcelona.com\/es\/wp-content\/uploads\/2023\/08\/cropped-cooking-storytelling-mishmash-1-1.jpg\" title=\"cropped-cooking-storytelling-mishmash-1-1\" alt=\"\"><\/div> <\/div><\/div> <\/div><\/div><div  data-label=\"Cta\" data-id=\"cta--1\" data-export-id=\"cta-centered-section-grid\" data-category=\"cta\" class=\"cta-centered-section-grid content-section content-section-spacing-medium bg-color1 white-text content-relative\" id=\"cta-1\"><div  class=\"gridContainer\"> <div  class=\"row text-center\"><div  class=\"col-xs-12 col-sm-10 col-sm-offset-1 col-md-8 col-md-offset-2\" data-type=\"column\"> <h2  class=\"\">\u00bfC\u00f3mo lo hacemos?<\/h2> <p  class=\"\">Utilizaremos cuentos en ingl\u00e9s, especialmente seleccionados para captar la atenci\u00f3n y la curiosidad de los ni\u00f1os, y podr\u00e1n desarrollar sus habilidades de escucha y comprensi\u00f3n del idioma.<\/p> <\/div> <\/div><\/div> <\/div><div  data-label=\"Content\" data-id=\"content--2\" data-export-id=\"content-12\" data-category=\"content\" class=\"content-12 content-section content-section-spacing\" id=\"content-2\" style=\"background-color: rgb(255, 255, 255);\"><div  class=\"gridContainer\"> <div  class=\"row text-center\"><div  class=\"section-title-col\" data-type=\"column\"> <h2  class=\"\">Aprender ingl\u00e9s nunca fue tan f\u00e1cil<\/h2> <p  class=\"lead\"><span  style=\"font-family: &quot;Open Sans&quot;, arial, helvetica, sans-serif;\">Es una oportunidad ideal para las familias que deseen compartir con sus hijos experiencias, tiempo de calidad juntos y una actividad enriquecedora en ingl\u00e9s.<\/span><\/p><\/div> <\/div> <div  class=\"row center-xs middle-xs\"> <div  class=\"col-sm-9\" data-type=\"column\"><a class=\"button big color1\" href=\"https:\/\/mishmashidiomesbarcelona.com\/es\/contacto\" target=\"_self\" data-cp-link=\"1\" data-icon=\"\" rel=\"noopener\">CONTACTAR<\/a> <\/div> <\/div><\/div> <\/div>","protected":false},"excerpt":{"rendered":"<p>Aprende ingl\u00e9s cocinando en familiaCooking Storytelling En este taller, los ni\u00f1os tendr\u00e1n la oportunidad de sumergirse en el mundo de los cuentos mientras aprenden y practican ingl\u00e9s, adem\u00e1s de disfrutar de una divertida actividad culinaria sin necesidad de usar fuego. QUIERO SABER M\u00c1S \u00bfC\u00f3mo lo hacemos? Utilizaremos cuentos en ingl\u00e9s, especialmente seleccionados para captar la&hellip; <br \/> <a class=\"read-more\" href=\"https:\/\/mishmashidiomesbarcelona.com\/es\/cooking-storytelling\/\">Read more<\/a><\/p>\n","protected":false},"author":1,"featured_media":0,"parent":0,"menu_order":0,"comment_status":"closed","ping_status":"closed","template":"pro\/page-templates\/full-width-page.php","meta":{"footnotes":""},"class_list":["post-549","page","type-page","status-publish","hentry"],"yoast_head":"<!-- This site is optimized with the Yoast SEO plugin v22.4 - https:\/\/yoast.com\/wordpress\/plugins\/seo\/ -->\n<title>Cooking Storytelling - MishMash Idiomes Barcelona | Aprender ingl\u00e9s cocinando<\/title>\n<meta name=\"description\" content=\"Es una forma din\u00e1mica y pr\u00e1ctica de aprender ingl\u00e9s al combinar la cocina y la narraci\u00f3n de historias | Aprende ingl\u00e9s cocinando con Mish Mash\" \/>\n<meta name=\"robots\" content=\"index, follow, max-snippet:-1, max-image-preview:large, max-video-preview:-1\" \/>\n<link rel=\"canonical\" href=\"https:\/\/mishmashidiomesbarcelona.com\/es\/cooking-storytelling\/\" \/>\n<meta property=\"og:locale\" content=\"es_ES\" \/>\n<meta property=\"og:type\" content=\"article\" \/>\n<meta property=\"og:title\" content=\"Cooking Storytelling - MishMash Idiomes Barcelona | Aprender ingl\u00e9s cocinando\" \/>\n<meta property=\"og:description\" content=\"Es una forma din\u00e1mica y pr\u00e1ctica de aprender ingl\u00e9s al combinar la cocina y la narraci\u00f3n de historias | Aprende ingl\u00e9s cocinando con Mish Mash\" \/>\n<meta property=\"og:url\" content=\"https:\/\/mishmashidiomesbarcelona.com\/es\/cooking-storytelling\/\" \/>\n<meta property=\"og:site_name\" content=\"MishMash Idiomes Barcelona\" \/>\n<meta property=\"article:publisher\" content=\"https:\/\/www.facebook.com\/mishmashidiomasbarcelona\/\" \/>\n<meta property=\"article:modified_time\" content=\"2023-08-01T07:05:54+00:00\" \/>\n<meta property=\"og:image\" content=\"https:\/\/mishmashidiomesbarcelona.com\/es\/wp-content\/uploads\/2023\/08\/cropped-cooking-storytelling-mishmash-1-1.jpg\" \/>\n<meta name=\"twitter:card\" content=\"summary_large_image\" \/>\n<script type=\"application\/ld+json\" class=\"yoast-schema-graph\">{\"@context\":\"https:\/\/schema.org\",\"@graph\":[{\"@type\":\"WebPage\",\"@id\":\"https:\/\/mishmashidiomesbarcelona.com\/es\/cooking-storytelling\/\",\"url\":\"https:\/\/mishmashidiomesbarcelona.com\/es\/cooking-storytelling\/\",\"name\":\"Cooking Storytelling - MishMash Idiomes Barcelona | Aprender ingl\u00e9s cocinando\",\"isPartOf\":{\"@id\":\"https:\/\/mishmashidiomesbarcelona.com\/es\/#website\"},\"primaryImageOfPage\":{\"@id\":\"https:\/\/mishmashidiomesbarcelona.com\/es\/cooking-storytelling\/#primaryimage\"},\"image\":{\"@id\":\"https:\/\/mishmashidiomesbarcelona.com\/es\/cooking-storytelling\/#primaryimage\"},\"thumbnailUrl\":\"https:\/\/mishmashidiomesbarcelona.com\/es\/wp-content\/uploads\/2023\/08\/cropped-cooking-storytelling-mishmash-1-1.jpg\",\"datePublished\":\"2023-07-04T13:02:56+00:00\",\"dateModified\":\"2023-08-01T07:05:54+00:00\",\"description\":\"Es una forma din\u00e1mica y pr\u00e1ctica de aprender ingl\u00e9s al combinar la cocina y la narraci\u00f3n de historias | Aprende ingl\u00e9s cocinando con Mish Mash\",\"breadcrumb\":{\"@id\":\"https:\/\/mishmashidiomesbarcelona.com\/es\/cooking-storytelling\/#breadcrumb\"},\"inLanguage\":\"es\",\"potentialAction\":[{\"@type\":\"ReadAction\",\"target\":[\"https:\/\/mishmashidiomesbarcelona.com\/es\/cooking-storytelling\/\"]}]},{\"@type\":\"ImageObject\",\"inLanguage\":\"es\",\"@id\":\"https:\/\/mishmashidiomesbarcelona.com\/es\/cooking-storytelling\/#primaryimage\",\"url\":\"https:\/\/mishmashidiomesbarcelona.com\/es\/wp-content\/uploads\/2023\/08\/cropped-cooking-storytelling-mishmash-1-1.jpg\",\"contentUrl\":\"https:\/\/mishmashidiomesbarcelona.com\/es\/wp-content\/uploads\/2023\/08\/cropped-cooking-storytelling-mishmash-1-1.jpg\",\"width\":557,\"height\":557},{\"@type\":\"BreadcrumbList\",\"@id\":\"https:\/\/mishmashidiomesbarcelona.com\/es\/cooking-storytelling\/#breadcrumb\",\"itemListElement\":[{\"@type\":\"ListItem\",\"position\":1,\"name\":\"Portada\",\"item\":\"https:\/\/mishmashidiomesbarcelona.com\/es\/\"},{\"@type\":\"ListItem\",\"position\":2,\"name\":\"Cooking Storytelling\"}]},{\"@type\":\"WebSite\",\"@id\":\"https:\/\/mishmashidiomesbarcelona.com\/es\/#website\",\"url\":\"https:\/\/mishmashidiomesbarcelona.com\/es\/\",\"name\":\"MishMash Idiomes Barcelona\",\"description\":\"Academia de ingl\u00e9s para ni\u00f1os y adultos. M\u00e9todo propio y creativo.\",\"publisher\":{\"@id\":\"https:\/\/mishmashidiomesbarcelona.com\/es\/#organization\"},\"potentialAction\":[{\"@type\":\"SearchAction\",\"target\":{\"@type\":\"EntryPoint\",\"urlTemplate\":\"https:\/\/mishmashidiomesbarcelona.com\/es\/?s={search_term_string}\"},\"query-input\":\"required name=search_term_string\"}],\"inLanguage\":\"es\"},{\"@type\":\"Organization\",\"@id\":\"https:\/\/mishmashidiomesbarcelona.com\/es\/#organization\",\"name\":\"MishMash Idiomes Barcelona\",\"url\":\"https:\/\/mishmashidiomesbarcelona.com\/es\/\",\"logo\":{\"@type\":\"ImageObject\",\"inLanguage\":\"es\",\"@id\":\"https:\/\/mishmashidiomesbarcelona.com\/es\/#\/schema\/logo\/image\/\",\"url\":\"https:\/\/mishmashidiomesbarcelona.com\/es\/wp-content\/uploads\/2023\/06\/cropped-logo-activitats-angles-escola-barcelona-mishmash.jpg\",\"contentUrl\":\"https:\/\/mishmashidiomesbarcelona.com\/es\/wp-content\/uploads\/2023\/06\/cropped-logo-activitats-angles-escola-barcelona-mishmash.jpg\",\"width\":1343,\"height\":687,\"caption\":\"MishMash Idiomes Barcelona\"},\"image\":{\"@id\":\"https:\/\/mishmashidiomesbarcelona.com\/es\/#\/schema\/logo\/image\/\"},\"sameAs\":[\"https:\/\/www.facebook.com\/mishmashidiomasbarcelona\/\",\"https:\/\/www.instagram.com\/mishmashidiomasbarcelona\/\"]}]}<\/script>\n<!-- \/ Yoast SEO plugin. -->","yoast_head_json":{"title":"Cooking Storytelling - MishMash Idiomes Barcelona | Aprender ingl\u00e9s cocinando","description":"Es una forma din\u00e1mica y pr\u00e1ctica de aprender ingl\u00e9s al combinar la cocina y la narraci\u00f3n de historias | Aprende ingl\u00e9s cocinando con Mish Mash","robots":{"index":"index","follow":"follow","max-snippet":"max-snippet:-1","max-image-preview":"max-image-preview:large","max-video-preview":"max-video-preview:-1"},"canonical":"https:\/\/mishmashidiomesbarcelona.com\/es\/cooking-storytelling\/","og_locale":"es_ES","og_type":"article","og_title":"Cooking Storytelling - MishMash Idiomes Barcelona | Aprender ingl\u00e9s cocinando","og_description":"Es una forma din\u00e1mica y pr\u00e1ctica de aprender ingl\u00e9s al combinar la cocina y la narraci\u00f3n de historias | Aprende ingl\u00e9s cocinando con Mish Mash","og_url":"https:\/\/mishmashidiomesbarcelona.com\/es\/cooking-storytelling\/","og_site_name":"MishMash Idiomes Barcelona","article_publisher":"https:\/\/www.facebook.com\/mishmashidiomasbarcelona\/","article_modified_time":"2023-08-01T07:05:54+00:00","og_image":[{"url":"https:\/\/mishmashidiomesbarcelona.com\/es\/wp-content\/uploads\/2023\/08\/cropped-cooking-storytelling-mishmash-1-1.jpg"}],"twitter_card":"summary_large_image","schema":{"@context":"https:\/\/schema.org","@graph":[{"@type":"WebPage","@id":"https:\/\/mishmashidiomesbarcelona.com\/es\/cooking-storytelling\/","url":"https:\/\/mishmashidiomesbarcelona.com\/es\/cooking-storytelling\/","name":"Cooking Storytelling - MishMash Idiomes Barcelona | Aprender ingl\u00e9s cocinando","isPartOf":{"@id":"https:\/\/mishmashidiomesbarcelona.com\/es\/#website"},"primaryImageOfPage":{"@id":"https:\/\/mishmashidiomesbarcelona.com\/es\/cooking-storytelling\/#primaryimage"},"image":{"@id":"https:\/\/mishmashidiomesbarcelona.com\/es\/cooking-storytelling\/#primaryimage"},"thumbnailUrl":"https:\/\/mishmashidiomesbarcelona.com\/es\/wp-content\/uploads\/2023\/08\/cropped-cooking-storytelling-mishmash-1-1.jpg","datePublished":"2023-07-04T13:02:56+00:00","dateModified":"2023-08-01T07:05:54+00:00","description":"Es una forma din\u00e1mica y pr\u00e1ctica de aprender ingl\u00e9s al combinar la cocina y la narraci\u00f3n de historias | Aprende ingl\u00e9s cocinando con Mish Mash","breadcrumb":{"@id":"https:\/\/mishmashidiomesbarcelona.com\/es\/cooking-storytelling\/#breadcrumb"},"inLanguage":"es","potentialAction":[{"@type":"ReadAction","target":["https:\/\/mishmashidiomesbarcelona.com\/es\/cooking-storytelling\/"]}]},{"@type":"ImageObject","inLanguage":"es","@id":"https:\/\/mishmashidiomesbarcelona.com\/es\/cooking-storytelling\/#primaryimage","url":"https:\/\/mishmashidiomesbarcelona.com\/es\/wp-content\/uploads\/2023\/08\/cropped-cooking-storytelling-mishmash-1-1.jpg","contentUrl":"https:\/\/mishmashidiomesbarcelona.com\/es\/wp-content\/uploads\/2023\/08\/cropped-cooking-storytelling-mishmash-1-1.jpg","width":557,"height":557},{"@type":"BreadcrumbList","@id":"https:\/\/mishmashidiomesbarcelona.com\/es\/cooking-storytelling\/#breadcrumb","itemListElement":[{"@type":"ListItem","position":1,"name":"Portada","item":"https:\/\/mishmashidiomesbarcelona.com\/es\/"},{"@type":"ListItem","position":2,"name":"Cooking Storytelling"}]},{"@type":"WebSite","@id":"https:\/\/mishmashidiomesbarcelona.com\/es\/#website","url":"https:\/\/mishmashidiomesbarcelona.com\/es\/","name":"MishMash Idiomes Barcelona","description":"Academia de ingl\u00e9s para ni\u00f1os y adultos. M\u00e9todo propio y creativo.","publisher":{"@id":"https:\/\/mishmashidiomesbarcelona.com\/es\/#organization"},"potentialAction":[{"@type":"SearchAction","target":{"@type":"EntryPoint","urlTemplate":"https:\/\/mishmashidiomesbarcelona.com\/es\/?s={search_term_string}"},"query-input":"required name=search_term_string"}],"inLanguage":"es"},{"@type":"Organization","@id":"https:\/\/mishmashidiomesbarcelona.com\/es\/#organization","name":"MishMash Idiomes Barcelona","url":"https:\/\/mishmashidiomesbarcelona.com\/es\/","logo":{"@type":"ImageObject","inLanguage":"es","@id":"https:\/\/mishmashidiomesbarcelona.com\/es\/#\/schema\/logo\/image\/","url":"https:\/\/mishmashidiomesbarcelona.com\/es\/wp-content\/uploads\/2023\/06\/cropped-logo-activitats-angles-escola-barcelona-mishmash.jpg","contentUrl":"https:\/\/mishmashidiomesbarcelona.com\/es\/wp-content\/uploads\/2023\/06\/cropped-logo-activitats-angles-escola-barcelona-mishmash.jpg","width":1343,"height":687,"caption":"MishMash Idiomes Barcelona"},"image":{"@id":"https:\/\/mishmashidiomesbarcelona.com\/es\/#\/schema\/logo\/image\/"},"sameAs":["https:\/\/www.facebook.com\/mishmashidiomasbarcelona\/","https:\/\/www.instagram.com\/mishmashidiomasbarcelona\/"]}]}},"_links":{"self":[{"href":"https:\/\/mishmashidiomesbarcelona.com\/es\/wp-json\/wp\/v2\/pages\/549","targetHints":{"allow":["GET"]}}],"collection":[{"href":"https:\/\/mishmashidiomesbarcelona.com\/es\/wp-json\/wp\/v2\/pages"}],"about":[{"href":"https:\/\/mishmashidiomesbarcelona.com\/es\/wp-json\/wp\/v2\/types\/page"}],"author":[{"embeddable":true,"href":"https:\/\/mishmashidiomesbarcelona.com\/es\/wp-json\/wp\/v2\/users\/1"}],"replies":[{"embeddable":true,"href":"https:\/\/mishmashidiomesbarcelona.com\/es\/wp-json\/wp\/v2\/comments?post=549"}],"version-history":[{"count":11,"href":"https:\/\/mishmashidiomesbarcelona.com\/es\/wp-json\/wp\/v2\/pages\/549\/revisions"}],"predecessor-version":[{"id":1062,"href":"https:\/\/mishmashidiomesbarcelona.com\/es\/wp-json\/wp\/v2\/pages\/549\/revisions\/1062"}],"wp:attachment":[{"href":"https:\/\/mishmashidiomesbarcelona.com\/es\/wp-json\/wp\/v2\/media?parent=549"}],"curies":[{"name":"wp","href":"https:\/\/api.w.org\/{rel}","templated":true}]}}