{"id":551,"date":"2023-07-04T15:04:16","date_gmt":"2023-07-04T13:04:16","guid":{"rendered":"https:\/\/mishmashidiomesbarcelona.com\/es\/?page_id=551"},"modified":"2023-08-01T09:05:21","modified_gmt":"2023-08-01T07:05:21","slug":"mishmash-chef","status":"publish","type":"page","link":"https:\/\/mishmashidiomesbarcelona.com\/es\/mishmash-chef\/","title":{"rendered":"MishMash Chef"},"content":{"rendered":"<div  data-label=\"About\" data-id=\"about--1\" data-export-id=\"about-9\" data-category=\"about\" class=\"about-9 content-section content-section-spacing\" id=\"about-1\" style=\"background-color: rgb(255, 255, 255);\"><div  class=\"gridContainer\"> <div  class=\"row middle-sm text-center\"><div  class=\"col-sm-5 space-bottom-xs content-column content-right-sm\" data-type=\"column\">  <h2  class=\"\">\u00a1EXPERIMENTA COCINANDO MIENTRAS HABLAMOS INGL\u00c9S!<\/h2> <p  class=\"\" style=\"text-align: left;\">\u00a1Prep\u00e1rate para una experiencia culinaria \u00fanica en nuestro taller de MishMash Chef, donde aprender ingl\u00e9s es delicioso!\n<br ><br >\nImagina a tus hijos describiendo los pasos que siguen, discutiendo sabores y texturas de ingredientes, compartiendo experiencias y opiniones sobre las recetas, en un entorno de inmersi\u00f3n. Este enfoque interactivo les ayuda a desarrollar habilidades de expresi\u00f3n efectiva en el idioma y a ganar una confianza en su capacidad para comunicarse en ingl\u00e9s.\n<br ><br >\nLos ni\u00f1os tendr\u00e1n la oportunidad de poner en pr\u00e1ctica sus habilidades culinarias mientras siguen instrucciones en ingl\u00e9s. Mezclar\u00e1n ingredientes, cortar\u00e1n y preparar\u00e1n alimentos.\n<br ><br >\nY lo mejor de todo, al final del taller, tus hijos podr\u00e1n disfrutar de las deliciosas creaciones que han preparado y compartir con sus compa\u00f1eros los resultados de su receta.<\/p> <\/div> <div  class=\"col-sm-7 flexbox flexbox middle-xs center-xs space-bottom-xs\"><div  class=\"overlay-box flexbox middle-xs center-xs overlay-holder \"> <div  class=\"overlay-box-offset offset-background shadow-medium bg-color2 hide-xs\"><\/div> <img  decoding=\"async\" class=\"flexbox shadow-large img1\" src=\"https:\/\/mishmashidiomesbarcelona.com\/es\/wp-content\/uploads\/2023\/08\/cropped-cooking-storytelling-mishmash.jpg\" data-size=\"600x400\" title=\"cropped-cooking-storytelling-mishmash\" alt=\"\"><\/div> <\/div><\/div> <\/div><\/div><div  data-label=\"Content\" data-id=\"content--1\" data-export-id=\"content-12\" data-category=\"content\" class=\"content-12 content-section content-section-spacing\" id=\"content-1\" style=\"background-color: rgb(245, 250, 253);\"><div  class=\"gridContainer\"> <div  class=\"row text-center\"><div  class=\"section-title-col\" data-type=\"column\"> <h3  class=\"\">MISMASH CHEF<\/h3><h2  class=\"\">Talleres de cocina en ingl\u00e9s<\/h2> <p  class=\"lead\"><span  style=\"font-family: &quot;Open Sans&quot;, arial, helvetica, sans-serif; font-weight: 400;\">En este taller, los ni\u00f1os tendr\u00e1n la oportunidad de aprender y practicar ingl\u00e9s mientras exploran el mundo de la cocina y se convierten en peque\u00f1os chefs.\n<\/span><br ><span  style=\"font-family: &quot;Open Sans&quot;, arial, helvetica, sans-serif; font-weight: 400;\">\nUtilizaremos recetas sencillas y seguras sin fuego. Los ni\u00f1os participar\u00e1n activamente en el proceso de preparaci\u00f3n de alimentos de manera segura y divertida.<\/span><\/p><a class=\"button color1\" href=\"https:\/\/mishmashidiomesbarcelona.com\/es\/contacto\" target=\"_self\" data-cp-link=\"1\" data-icon=\"\" rel=\"noopener\">CONTACTO<\/a><\/div> <\/div> <div  class=\"row center-xs middle-xs\"> <div  class=\"col-sm-9\" data-type=\"column\"> <\/div> <\/div><\/div> <\/div><div  data-label=\"Cta\" data-id=\"cta--1\" data-export-id=\"cta-centered-section-grid\" data-category=\"cta\" class=\"cta-centered-section-grid content-section content-section-spacing-medium bg-color1 white-text\" id=\"cta-1\"><div  class=\"gridContainer\"> <div  class=\"row text-center\"><div  class=\"col-xs-12 col-sm-10 col-sm-offset-1 col-md-8 col-md-offset-2\" data-type=\"column\"> <h2  class=\"\">\u00bfEmpezamos?<\/h2> <p  class=\"\"><span  style=\"font-family: &quot;Open Sans&quot;, arial, helvetica, sans-serif;\">Nuestro objetivo principal en este taller es que los ni\u00f1os disfruten y aprendan en un ambiente seguro y estimulante. A trav\u00e9s de la cocina sin fuego y el uso del idioma ingl\u00e9s, promoveremos el desarrollo de habilitados culinarias, ling\u00fc\u00edsticas y sociales de los ni\u00f1os.<\/span><\/p> <a class=\"button color3\" href=\"https:\/\/mishmashidiomesbarcelona.com\/es\/contacto\" target=\"_self\" data-cp-link=\"1\" data-icon=\"\" rel=\"noopener\">CONTACTO<\/a><\/div> <\/div><\/div> <\/div>","protected":false},"excerpt":{"rendered":"<p>\u00a1EXPERIMENTA COCINANDO MIENTRAS HABLAMOS INGL\u00c9S! \u00a1Prep\u00e1rate para una experiencia culinaria \u00fanica en nuestro taller de MishMash Chef, donde aprender ingl\u00e9s es delicioso! Imagina a tus hijos describiendo los pasos que siguen, discutiendo sabores y texturas de ingredientes, compartiendo experiencias y opiniones sobre las recetas, en un entorno de inmersi\u00f3n. Este enfoque interactivo les ayuda a&hellip; <br \/> <a class=\"read-more\" href=\"https:\/\/mishmashidiomesbarcelona.com\/es\/mishmash-chef\/\">Read more<\/a><\/p>\n","protected":false},"author":1,"featured_media":0,"parent":0,"menu_order":0,"comment_status":"closed","ping_status":"closed","template":"pro\/page-templates\/full-width-page.php","meta":{"footnotes":""},"class_list":["post-551","page","type-page","status-publish","hentry"],"yoast_head":"<!-- This site is optimized with the Yoast SEO plugin v22.4 - https:\/\/yoast.com\/wordpress\/plugins\/seo\/ -->\n<title>MishMash Chef - MishMash Idiomes Barcelona | Academia de ingl\u00e9s<\/title>\n<meta name=\"description\" content=\"MishMash Chef | Aprende ingl\u00e9s con ayuda de la cocina, una forma divertida y diferente de mejorar tu nivel de ingl\u00e9s. Contacta ya con nosotros\" \/>\n<meta name=\"robots\" content=\"index, follow, max-snippet:-1, max-image-preview:large, max-video-preview:-1\" \/>\n<link rel=\"canonical\" href=\"https:\/\/mishmashidiomesbarcelona.com\/es\/mishmash-chef\/\" \/>\n<meta property=\"og:locale\" content=\"es_ES\" \/>\n<meta property=\"og:type\" content=\"article\" \/>\n<meta property=\"og:title\" content=\"MishMash Chef - MishMash Idiomes Barcelona | Academia de ingl\u00e9s\" \/>\n<meta property=\"og:description\" content=\"MishMash Chef | Aprende ingl\u00e9s con ayuda de la cocina, una forma divertida y diferente de mejorar tu nivel de ingl\u00e9s. Contacta ya con nosotros\" \/>\n<meta property=\"og:url\" content=\"https:\/\/mishmashidiomesbarcelona.com\/es\/mishmash-chef\/\" \/>\n<meta property=\"og:site_name\" content=\"MishMash Idiomes Barcelona\" \/>\n<meta property=\"article:publisher\" content=\"https:\/\/www.facebook.com\/mishmashidiomasbarcelona\/\" \/>\n<meta property=\"article:modified_time\" content=\"2023-08-01T07:05:21+00:00\" \/>\n<meta property=\"og:image\" content=\"https:\/\/mishmashidiomesbarcelona.com\/es\/wp-content\/uploads\/2023\/08\/cropped-cooking-storytelling-mishmash.jpg\" \/>\n<meta name=\"twitter:card\" content=\"summary_large_image\" \/>\n<script type=\"application\/ld+json\" class=\"yoast-schema-graph\">{\"@context\":\"https:\/\/schema.org\",\"@graph\":[{\"@type\":\"WebPage\",\"@id\":\"https:\/\/mishmashidiomesbarcelona.com\/es\/mishmash-chef\/\",\"url\":\"https:\/\/mishmashidiomesbarcelona.com\/es\/mishmash-chef\/\",\"name\":\"MishMash Chef - MishMash Idiomes Barcelona | Academia de ingl\u00e9s\",\"isPartOf\":{\"@id\":\"https:\/\/mishmashidiomesbarcelona.com\/es\/#website\"},\"primaryImageOfPage\":{\"@id\":\"https:\/\/mishmashidiomesbarcelona.com\/es\/mishmash-chef\/#primaryimage\"},\"image\":{\"@id\":\"https:\/\/mishmashidiomesbarcelona.com\/es\/mishmash-chef\/#primaryimage\"},\"thumbnailUrl\":\"https:\/\/mishmashidiomesbarcelona.com\/es\/wp-content\/uploads\/2023\/08\/cropped-cooking-storytelling-mishmash.jpg\",\"datePublished\":\"2023-07-04T13:04:16+00:00\",\"dateModified\":\"2023-08-01T07:05:21+00:00\",\"description\":\"MishMash Chef | Aprende ingl\u00e9s con ayuda de la cocina, una forma divertida y diferente de mejorar tu nivel de ingl\u00e9s. Contacta ya con nosotros\",\"breadcrumb\":{\"@id\":\"https:\/\/mishmashidiomesbarcelona.com\/es\/mishmash-chef\/#breadcrumb\"},\"inLanguage\":\"es\",\"potentialAction\":[{\"@type\":\"ReadAction\",\"target\":[\"https:\/\/mishmashidiomesbarcelona.com\/es\/mishmash-chef\/\"]}]},{\"@type\":\"ImageObject\",\"inLanguage\":\"es\",\"@id\":\"https:\/\/mishmashidiomesbarcelona.com\/es\/mishmash-chef\/#primaryimage\",\"url\":\"https:\/\/mishmashidiomesbarcelona.com\/es\/wp-content\/uploads\/2023\/08\/cropped-cooking-storytelling-mishmash.jpg\",\"contentUrl\":\"https:\/\/mishmashidiomesbarcelona.com\/es\/wp-content\/uploads\/2023\/08\/cropped-cooking-storytelling-mishmash.jpg\",\"width\":937,\"height\":937},{\"@type\":\"BreadcrumbList\",\"@id\":\"https:\/\/mishmashidiomesbarcelona.com\/es\/mishmash-chef\/#breadcrumb\",\"itemListElement\":[{\"@type\":\"ListItem\",\"position\":1,\"name\":\"Portada\",\"item\":\"https:\/\/mishmashidiomesbarcelona.com\/es\/\"},{\"@type\":\"ListItem\",\"position\":2,\"name\":\"MishMash Chef\"}]},{\"@type\":\"WebSite\",\"@id\":\"https:\/\/mishmashidiomesbarcelona.com\/es\/#website\",\"url\":\"https:\/\/mishmashidiomesbarcelona.com\/es\/\",\"name\":\"MishMash Idiomes Barcelona\",\"description\":\"Academia de ingl\u00e9s para ni\u00f1os y adultos. M\u00e9todo propio y creativo.\",\"publisher\":{\"@id\":\"https:\/\/mishmashidiomesbarcelona.com\/es\/#organization\"},\"potentialAction\":[{\"@type\":\"SearchAction\",\"target\":{\"@type\":\"EntryPoint\",\"urlTemplate\":\"https:\/\/mishmashidiomesbarcelona.com\/es\/?s={search_term_string}\"},\"query-input\":\"required name=search_term_string\"}],\"inLanguage\":\"es\"},{\"@type\":\"Organization\",\"@id\":\"https:\/\/mishmashidiomesbarcelona.com\/es\/#organization\",\"name\":\"MishMash Idiomes Barcelona\",\"url\":\"https:\/\/mishmashidiomesbarcelona.com\/es\/\",\"logo\":{\"@type\":\"ImageObject\",\"inLanguage\":\"es\",\"@id\":\"https:\/\/mishmashidiomesbarcelona.com\/es\/#\/schema\/logo\/image\/\",\"url\":\"https:\/\/mishmashidiomesbarcelona.com\/es\/wp-content\/uploads\/2023\/06\/cropped-logo-activitats-angles-escola-barcelona-mishmash.jpg\",\"contentUrl\":\"https:\/\/mishmashidiomesbarcelona.com\/es\/wp-content\/uploads\/2023\/06\/cropped-logo-activitats-angles-escola-barcelona-mishmash.jpg\",\"width\":1343,\"height\":687,\"caption\":\"MishMash Idiomes Barcelona\"},\"image\":{\"@id\":\"https:\/\/mishmashidiomesbarcelona.com\/es\/#\/schema\/logo\/image\/\"},\"sameAs\":[\"https:\/\/www.facebook.com\/mishmashidiomasbarcelona\/\",\"https:\/\/www.instagram.com\/mishmashidiomasbarcelona\/\"]}]}<\/script>\n<!-- \/ Yoast SEO plugin. -->","yoast_head_json":{"title":"MishMash Chef - MishMash Idiomes Barcelona | Academia de ingl\u00e9s","description":"MishMash Chef | Aprende ingl\u00e9s con ayuda de la cocina, una forma divertida y diferente de mejorar tu nivel de ingl\u00e9s. Contacta ya con nosotros","robots":{"index":"index","follow":"follow","max-snippet":"max-snippet:-1","max-image-preview":"max-image-preview:large","max-video-preview":"max-video-preview:-1"},"canonical":"https:\/\/mishmashidiomesbarcelona.com\/es\/mishmash-chef\/","og_locale":"es_ES","og_type":"article","og_title":"MishMash Chef - MishMash Idiomes Barcelona | Academia de ingl\u00e9s","og_description":"MishMash Chef | Aprende ingl\u00e9s con ayuda de la cocina, una forma divertida y diferente de mejorar tu nivel de ingl\u00e9s. Contacta ya con nosotros","og_url":"https:\/\/mishmashidiomesbarcelona.com\/es\/mishmash-chef\/","og_site_name":"MishMash Idiomes Barcelona","article_publisher":"https:\/\/www.facebook.com\/mishmashidiomasbarcelona\/","article_modified_time":"2023-08-01T07:05:21+00:00","og_image":[{"url":"https:\/\/mishmashidiomesbarcelona.com\/es\/wp-content\/uploads\/2023\/08\/cropped-cooking-storytelling-mishmash.jpg"}],"twitter_card":"summary_large_image","schema":{"@context":"https:\/\/schema.org","@graph":[{"@type":"WebPage","@id":"https:\/\/mishmashidiomesbarcelona.com\/es\/mishmash-chef\/","url":"https:\/\/mishmashidiomesbarcelona.com\/es\/mishmash-chef\/","name":"MishMash Chef - MishMash Idiomes Barcelona | Academia de ingl\u00e9s","isPartOf":{"@id":"https:\/\/mishmashidiomesbarcelona.com\/es\/#website"},"primaryImageOfPage":{"@id":"https:\/\/mishmashidiomesbarcelona.com\/es\/mishmash-chef\/#primaryimage"},"image":{"@id":"https:\/\/mishmashidiomesbarcelona.com\/es\/mishmash-chef\/#primaryimage"},"thumbnailUrl":"https:\/\/mishmashidiomesbarcelona.com\/es\/wp-content\/uploads\/2023\/08\/cropped-cooking-storytelling-mishmash.jpg","datePublished":"2023-07-04T13:04:16+00:00","dateModified":"2023-08-01T07:05:21+00:00","description":"MishMash Chef | Aprende ingl\u00e9s con ayuda de la cocina, una forma divertida y diferente de mejorar tu nivel de ingl\u00e9s. Contacta ya con nosotros","breadcrumb":{"@id":"https:\/\/mishmashidiomesbarcelona.com\/es\/mishmash-chef\/#breadcrumb"},"inLanguage":"es","potentialAction":[{"@type":"ReadAction","target":["https:\/\/mishmashidiomesbarcelona.com\/es\/mishmash-chef\/"]}]},{"@type":"ImageObject","inLanguage":"es","@id":"https:\/\/mishmashidiomesbarcelona.com\/es\/mishmash-chef\/#primaryimage","url":"https:\/\/mishmashidiomesbarcelona.com\/es\/wp-content\/uploads\/2023\/08\/cropped-cooking-storytelling-mishmash.jpg","contentUrl":"https:\/\/mishmashidiomesbarcelona.com\/es\/wp-content\/uploads\/2023\/08\/cropped-cooking-storytelling-mishmash.jpg","width":937,"height":937},{"@type":"BreadcrumbList","@id":"https:\/\/mishmashidiomesbarcelona.com\/es\/mishmash-chef\/#breadcrumb","itemListElement":[{"@type":"ListItem","position":1,"name":"Portada","item":"https:\/\/mishmashidiomesbarcelona.com\/es\/"},{"@type":"ListItem","position":2,"name":"MishMash Chef"}]},{"@type":"WebSite","@id":"https:\/\/mishmashidiomesbarcelona.com\/es\/#website","url":"https:\/\/mishmashidiomesbarcelona.com\/es\/","name":"MishMash Idiomes Barcelona","description":"Academia de ingl\u00e9s para ni\u00f1os y adultos. M\u00e9todo propio y creativo.","publisher":{"@id":"https:\/\/mishmashidiomesbarcelona.com\/es\/#organization"},"potentialAction":[{"@type":"SearchAction","target":{"@type":"EntryPoint","urlTemplate":"https:\/\/mishmashidiomesbarcelona.com\/es\/?s={search_term_string}"},"query-input":"required name=search_term_string"}],"inLanguage":"es"},{"@type":"Organization","@id":"https:\/\/mishmashidiomesbarcelona.com\/es\/#organization","name":"MishMash Idiomes Barcelona","url":"https:\/\/mishmashidiomesbarcelona.com\/es\/","logo":{"@type":"ImageObject","inLanguage":"es","@id":"https:\/\/mishmashidiomesbarcelona.com\/es\/#\/schema\/logo\/image\/","url":"https:\/\/mishmashidiomesbarcelona.com\/es\/wp-content\/uploads\/2023\/06\/cropped-logo-activitats-angles-escola-barcelona-mishmash.jpg","contentUrl":"https:\/\/mishmashidiomesbarcelona.com\/es\/wp-content\/uploads\/2023\/06\/cropped-logo-activitats-angles-escola-barcelona-mishmash.jpg","width":1343,"height":687,"caption":"MishMash Idiomes Barcelona"},"image":{"@id":"https:\/\/mishmashidiomesbarcelona.com\/es\/#\/schema\/logo\/image\/"},"sameAs":["https:\/\/www.facebook.com\/mishmashidiomasbarcelona\/","https:\/\/www.instagram.com\/mishmashidiomasbarcelona\/"]}]}},"_links":{"self":[{"href":"https:\/\/mishmashidiomesbarcelona.com\/es\/wp-json\/wp\/v2\/pages\/551","targetHints":{"allow":["GET"]}}],"collection":[{"href":"https:\/\/mishmashidiomesbarcelona.com\/es\/wp-json\/wp\/v2\/pages"}],"about":[{"href":"https:\/\/mishmashidiomesbarcelona.com\/es\/wp-json\/wp\/v2\/types\/page"}],"author":[{"embeddable":true,"href":"https:\/\/mishmashidiomesbarcelona.com\/es\/wp-json\/wp\/v2\/users\/1"}],"replies":[{"embeddable":true,"href":"https:\/\/mishmashidiomesbarcelona.com\/es\/wp-json\/wp\/v2\/comments?post=551"}],"version-history":[{"count":9,"href":"https:\/\/mishmashidiomesbarcelona.com\/es\/wp-json\/wp\/v2\/pages\/551\/revisions"}],"predecessor-version":[{"id":1059,"href":"https:\/\/mishmashidiomesbarcelona.com\/es\/wp-json\/wp\/v2\/pages\/551\/revisions\/1059"}],"wp:attachment":[{"href":"https:\/\/mishmashidiomesbarcelona.com\/es\/wp-json\/wp\/v2\/media?parent=551"}],"curies":[{"name":"wp","href":"https:\/\/api.w.org\/{rel}","templated":true}]}}