{"id":553,"date":"2023-07-04T15:05:56","date_gmt":"2023-07-04T13:05:56","guid":{"rendered":"https:\/\/mishmashidiomesbarcelona.com\/es\/?page_id=553"},"modified":"2023-08-01T09:06:20","modified_gmt":"2023-08-01T07:06:20","slug":"scrapbooking","status":"publish","type":"page","link":"https:\/\/mishmashidiomesbarcelona.com\/es\/scrapbooking\/","title":{"rendered":"Scrapbooking"},"content":{"rendered":"<div  data-label=\"Content\" data-id=\"content--4\" data-export-id=\"content-7\" data-category=\"content\" class=\"content-7 content-section content-section-spacing\" id=\"content-4\" style=\"background-color: rgb(255, 255, 255);\"><div  class=\"gridContainer\"> <div  class=\"row middle-sm\"><div  class=\"col-sm-6 space-bottom-xs\" data-type=\"column\"> <h2  class=\"\">\u00a1Este taller de scrapbooking es mucho m\u00e1s que una actividad art\u00edstica!<\/h2> <p  class=\"\">Es una oportunidad para que los ni\u00f1os mejoren sus habilidades de comunicaci\u00f3n en ingl\u00e9s y ganen confianza al expresarse mientras dan vida a sus creaciones.\n<br ><br >\nNuestro objetivo principal es brindar a los ni\u00f1os una experiencia l\u00fadica y educativa, donde puedan practicar el ingl\u00e9s como segunda lengua de manera divertida y significativa. Les proporcionamos todo el material necesario y los guiamos en cada paso del proceso creativo, siempre en un entorno de inmersi\u00f3n.\n<br ><br >\n\u00a1El scrapbooking se convertir\u00e1 en su puerta de entrada al mundo del ingl\u00e9s!<\/p> <a class=\"button color1\" href=\"https:\/\/mishmashidiomesbarcelona.com\/es\/contacto\" target=\"_self\" data-cp-link=\"1\" data-icon=\"\" rel=\"noopener\">CONTACTA CON NOSOTROS<\/a><\/div> <div  class=\"col-sm-6\" data-type=\"column\"> <img decoding=\"async\"  class=\"shadow-large\" src=\"https:\/\/mishmashidiomesbarcelona.com\/es\/wp-content\/uploads\/2023\/07\/cropped-scrapbooking-libro-recortes-1-3.png\" title=\"cropped-scrapbooking-libro-recortes-1-3.png\" alt=\"\"><\/div> <\/div><\/div> <\/div><div  data-label=\"Content\" data-id=\"content--1\" data-export-id=\"content-19\" data-category=\"content\" class=\"content-19 content-section content-section-spacing white-text\" id=\"content-1\" style=\"background-image: none; background-color: rgb(255, 255, 255);\"><div  class=\"gridContainer\"> <div  class=\"row\"><div  data-type=\"column\" class=\"col-sm-6 content-col text-center content-section-spacing shadow\">  <h2  class=\"font-300\"><span  style=\"font-weight: 400;\">CREATIVIDAD Y APRENDIZAJE<\/span><\/h2>  <p  class=\"\">Nuestro taller de scrapbooking en ingl\u00e9s no solo despertar\u00e1 la imaginaci\u00f3n de tus hijos, sino que tambi\u00e9n les permitir\u00e1 describir las im\u00e1genes, escribir anotaciones y etiquetar elementos, permiti\u00e9ndoles expresar sus pensamientos y emociones en un nuevo idioma.<\/p> <\/div> <div  class=\"col-sm-5 flexbox-strech center-xs middle-xs no-gutter-col\"><div  class=\"flexbox middle-xs center-xs right-img\" data-bg=\"image\" style=\"background-image: url(&quot;https:\/\/mishmashidiomesbarcelona.com\/es\/wp-content\/uploads\/2023\/08\/cropped-mishmash-scrapbooking.jpg&quot;);\"><\/div><\/div> <\/div><\/div> <\/div>","protected":false},"excerpt":{"rendered":"<p>\u00a1Este taller de scrapbooking es mucho m\u00e1s que una actividad art\u00edstica! Es una oportunidad para que los ni\u00f1os mejoren sus habilidades de comunicaci\u00f3n en ingl\u00e9s y ganen confianza al expresarse mientras dan vida a sus creaciones. Nuestro objetivo principal es brindar a los ni\u00f1os una experiencia l\u00fadica y educativa, donde puedan practicar el ingl\u00e9s como&hellip; <br \/> <a class=\"read-more\" href=\"https:\/\/mishmashidiomesbarcelona.com\/es\/scrapbooking\/\">Read more<\/a><\/p>\n","protected":false},"author":1,"featured_media":0,"parent":0,"menu_order":0,"comment_status":"closed","ping_status":"closed","template":"pro\/page-templates\/full-width-page.php","meta":{"footnotes":""},"class_list":["post-553","page","type-page","status-publish","hentry"],"yoast_head":"<!-- This site is optimized with the Yoast SEO plugin v22.4 - https:\/\/yoast.com\/wordpress\/plugins\/seo\/ -->\n<title>Scrapbooking - MishMash Idiomes Barcelona | Aprender ingl\u00e9s f\u00e1cil<\/title>\n<meta name=\"description\" content=\"Aprende ingl\u00e9s creando tu \u00e1lbum de recuerdos y fotos o recortes | Scrapbooking, crea un libro divertido mientras aprendes ingl\u00e9s.\" \/>\n<meta name=\"robots\" content=\"index, follow, max-snippet:-1, max-image-preview:large, max-video-preview:-1\" \/>\n<link rel=\"canonical\" href=\"https:\/\/mishmashidiomesbarcelona.com\/es\/scrapbooking\/\" \/>\n<meta property=\"og:locale\" content=\"es_ES\" \/>\n<meta property=\"og:type\" content=\"article\" \/>\n<meta property=\"og:title\" content=\"Scrapbooking - MishMash Idiomes Barcelona | Aprender ingl\u00e9s f\u00e1cil\" \/>\n<meta property=\"og:description\" content=\"Aprende ingl\u00e9s creando tu \u00e1lbum de recuerdos y fotos o recortes | Scrapbooking, crea un libro divertido mientras aprendes ingl\u00e9s.\" \/>\n<meta property=\"og:url\" content=\"https:\/\/mishmashidiomesbarcelona.com\/es\/scrapbooking\/\" \/>\n<meta property=\"og:site_name\" content=\"MishMash Idiomes Barcelona\" \/>\n<meta property=\"article:publisher\" content=\"https:\/\/www.facebook.com\/mishmashidiomasbarcelona\/\" \/>\n<meta property=\"article:modified_time\" content=\"2023-08-01T07:06:20+00:00\" \/>\n<meta property=\"og:image\" content=\"https:\/\/mishmashidiomesbarcelona.com\/es\/wp-content\/uploads\/2023\/07\/cropped-scrapbooking-libro-recortes-1-3.png\" \/>\n<meta name=\"twitter:card\" content=\"summary_large_image\" \/>\n<script type=\"application\/ld+json\" class=\"yoast-schema-graph\">{\"@context\":\"https:\/\/schema.org\",\"@graph\":[{\"@type\":\"WebPage\",\"@id\":\"https:\/\/mishmashidiomesbarcelona.com\/es\/scrapbooking\/\",\"url\":\"https:\/\/mishmashidiomesbarcelona.com\/es\/scrapbooking\/\",\"name\":\"Scrapbooking - MishMash Idiomes Barcelona | Aprender ingl\u00e9s f\u00e1cil\",\"isPartOf\":{\"@id\":\"https:\/\/mishmashidiomesbarcelona.com\/es\/#website\"},\"primaryImageOfPage\":{\"@id\":\"https:\/\/mishmashidiomesbarcelona.com\/es\/scrapbooking\/#primaryimage\"},\"image\":{\"@id\":\"https:\/\/mishmashidiomesbarcelona.com\/es\/scrapbooking\/#primaryimage\"},\"thumbnailUrl\":\"https:\/\/mishmashidiomesbarcelona.com\/es\/wp-content\/uploads\/2023\/07\/cropped-scrapbooking-libro-recortes-1-3.png\",\"datePublished\":\"2023-07-04T13:05:56+00:00\",\"dateModified\":\"2023-08-01T07:06:20+00:00\",\"description\":\"Aprende ingl\u00e9s creando tu \u00e1lbum de recuerdos y fotos o recortes | Scrapbooking, crea un libro divertido mientras aprendes ingl\u00e9s.\",\"breadcrumb\":{\"@id\":\"https:\/\/mishmashidiomesbarcelona.com\/es\/scrapbooking\/#breadcrumb\"},\"inLanguage\":\"es\",\"potentialAction\":[{\"@type\":\"ReadAction\",\"target\":[\"https:\/\/mishmashidiomesbarcelona.com\/es\/scrapbooking\/\"]}]},{\"@type\":\"ImageObject\",\"inLanguage\":\"es\",\"@id\":\"https:\/\/mishmashidiomesbarcelona.com\/es\/scrapbooking\/#primaryimage\",\"url\":\"https:\/\/mishmashidiomesbarcelona.com\/es\/wp-content\/uploads\/2023\/07\/cropped-scrapbooking-libro-recortes-1-3.png\",\"contentUrl\":\"https:\/\/mishmashidiomesbarcelona.com\/es\/wp-content\/uploads\/2023\/07\/cropped-scrapbooking-libro-recortes-1-3.png\",\"width\":599,\"height\":398},{\"@type\":\"BreadcrumbList\",\"@id\":\"https:\/\/mishmashidiomesbarcelona.com\/es\/scrapbooking\/#breadcrumb\",\"itemListElement\":[{\"@type\":\"ListItem\",\"position\":1,\"name\":\"Portada\",\"item\":\"https:\/\/mishmashidiomesbarcelona.com\/es\/\"},{\"@type\":\"ListItem\",\"position\":2,\"name\":\"Scrapbooking\"}]},{\"@type\":\"WebSite\",\"@id\":\"https:\/\/mishmashidiomesbarcelona.com\/es\/#website\",\"url\":\"https:\/\/mishmashidiomesbarcelona.com\/es\/\",\"name\":\"MishMash Idiomes Barcelona\",\"description\":\"Academia de ingl\u00e9s para ni\u00f1os y adultos. M\u00e9todo propio y creativo.\",\"publisher\":{\"@id\":\"https:\/\/mishmashidiomesbarcelona.com\/es\/#organization\"},\"potentialAction\":[{\"@type\":\"SearchAction\",\"target\":{\"@type\":\"EntryPoint\",\"urlTemplate\":\"https:\/\/mishmashidiomesbarcelona.com\/es\/?s={search_term_string}\"},\"query-input\":\"required name=search_term_string\"}],\"inLanguage\":\"es\"},{\"@type\":\"Organization\",\"@id\":\"https:\/\/mishmashidiomesbarcelona.com\/es\/#organization\",\"name\":\"MishMash Idiomes Barcelona\",\"url\":\"https:\/\/mishmashidiomesbarcelona.com\/es\/\",\"logo\":{\"@type\":\"ImageObject\",\"inLanguage\":\"es\",\"@id\":\"https:\/\/mishmashidiomesbarcelona.com\/es\/#\/schema\/logo\/image\/\",\"url\":\"https:\/\/mishmashidiomesbarcelona.com\/es\/wp-content\/uploads\/2023\/06\/cropped-logo-activitats-angles-escola-barcelona-mishmash.jpg\",\"contentUrl\":\"https:\/\/mishmashidiomesbarcelona.com\/es\/wp-content\/uploads\/2023\/06\/cropped-logo-activitats-angles-escola-barcelona-mishmash.jpg\",\"width\":1343,\"height\":687,\"caption\":\"MishMash Idiomes Barcelona\"},\"image\":{\"@id\":\"https:\/\/mishmashidiomesbarcelona.com\/es\/#\/schema\/logo\/image\/\"},\"sameAs\":[\"https:\/\/www.facebook.com\/mishmashidiomasbarcelona\/\",\"https:\/\/www.instagram.com\/mishmashidiomasbarcelona\/\"]}]}<\/script>\n<!-- \/ Yoast SEO plugin. -->","yoast_head_json":{"title":"Scrapbooking - MishMash Idiomes Barcelona | Aprender ingl\u00e9s f\u00e1cil","description":"Aprende ingl\u00e9s creando tu \u00e1lbum de recuerdos y fotos o recortes | Scrapbooking, crea un libro divertido mientras aprendes ingl\u00e9s.","robots":{"index":"index","follow":"follow","max-snippet":"max-snippet:-1","max-image-preview":"max-image-preview:large","max-video-preview":"max-video-preview:-1"},"canonical":"https:\/\/mishmashidiomesbarcelona.com\/es\/scrapbooking\/","og_locale":"es_ES","og_type":"article","og_title":"Scrapbooking - MishMash Idiomes Barcelona | Aprender ingl\u00e9s f\u00e1cil","og_description":"Aprende ingl\u00e9s creando tu \u00e1lbum de recuerdos y fotos o recortes | Scrapbooking, crea un libro divertido mientras aprendes ingl\u00e9s.","og_url":"https:\/\/mishmashidiomesbarcelona.com\/es\/scrapbooking\/","og_site_name":"MishMash Idiomes Barcelona","article_publisher":"https:\/\/www.facebook.com\/mishmashidiomasbarcelona\/","article_modified_time":"2023-08-01T07:06:20+00:00","og_image":[{"url":"https:\/\/mishmashidiomesbarcelona.com\/es\/wp-content\/uploads\/2023\/07\/cropped-scrapbooking-libro-recortes-1-3.png"}],"twitter_card":"summary_large_image","schema":{"@context":"https:\/\/schema.org","@graph":[{"@type":"WebPage","@id":"https:\/\/mishmashidiomesbarcelona.com\/es\/scrapbooking\/","url":"https:\/\/mishmashidiomesbarcelona.com\/es\/scrapbooking\/","name":"Scrapbooking - MishMash Idiomes Barcelona | Aprender ingl\u00e9s f\u00e1cil","isPartOf":{"@id":"https:\/\/mishmashidiomesbarcelona.com\/es\/#website"},"primaryImageOfPage":{"@id":"https:\/\/mishmashidiomesbarcelona.com\/es\/scrapbooking\/#primaryimage"},"image":{"@id":"https:\/\/mishmashidiomesbarcelona.com\/es\/scrapbooking\/#primaryimage"},"thumbnailUrl":"https:\/\/mishmashidiomesbarcelona.com\/es\/wp-content\/uploads\/2023\/07\/cropped-scrapbooking-libro-recortes-1-3.png","datePublished":"2023-07-04T13:05:56+00:00","dateModified":"2023-08-01T07:06:20+00:00","description":"Aprende ingl\u00e9s creando tu \u00e1lbum de recuerdos y fotos o recortes | Scrapbooking, crea un libro divertido mientras aprendes ingl\u00e9s.","breadcrumb":{"@id":"https:\/\/mishmashidiomesbarcelona.com\/es\/scrapbooking\/#breadcrumb"},"inLanguage":"es","potentialAction":[{"@type":"ReadAction","target":["https:\/\/mishmashidiomesbarcelona.com\/es\/scrapbooking\/"]}]},{"@type":"ImageObject","inLanguage":"es","@id":"https:\/\/mishmashidiomesbarcelona.com\/es\/scrapbooking\/#primaryimage","url":"https:\/\/mishmashidiomesbarcelona.com\/es\/wp-content\/uploads\/2023\/07\/cropped-scrapbooking-libro-recortes-1-3.png","contentUrl":"https:\/\/mishmashidiomesbarcelona.com\/es\/wp-content\/uploads\/2023\/07\/cropped-scrapbooking-libro-recortes-1-3.png","width":599,"height":398},{"@type":"BreadcrumbList","@id":"https:\/\/mishmashidiomesbarcelona.com\/es\/scrapbooking\/#breadcrumb","itemListElement":[{"@type":"ListItem","position":1,"name":"Portada","item":"https:\/\/mishmashidiomesbarcelona.com\/es\/"},{"@type":"ListItem","position":2,"name":"Scrapbooking"}]},{"@type":"WebSite","@id":"https:\/\/mishmashidiomesbarcelona.com\/es\/#website","url":"https:\/\/mishmashidiomesbarcelona.com\/es\/","name":"MishMash Idiomes Barcelona","description":"Academia de ingl\u00e9s para ni\u00f1os y adultos. M\u00e9todo propio y creativo.","publisher":{"@id":"https:\/\/mishmashidiomesbarcelona.com\/es\/#organization"},"potentialAction":[{"@type":"SearchAction","target":{"@type":"EntryPoint","urlTemplate":"https:\/\/mishmashidiomesbarcelona.com\/es\/?s={search_term_string}"},"query-input":"required name=search_term_string"}],"inLanguage":"es"},{"@type":"Organization","@id":"https:\/\/mishmashidiomesbarcelona.com\/es\/#organization","name":"MishMash Idiomes Barcelona","url":"https:\/\/mishmashidiomesbarcelona.com\/es\/","logo":{"@type":"ImageObject","inLanguage":"es","@id":"https:\/\/mishmashidiomesbarcelona.com\/es\/#\/schema\/logo\/image\/","url":"https:\/\/mishmashidiomesbarcelona.com\/es\/wp-content\/uploads\/2023\/06\/cropped-logo-activitats-angles-escola-barcelona-mishmash.jpg","contentUrl":"https:\/\/mishmashidiomesbarcelona.com\/es\/wp-content\/uploads\/2023\/06\/cropped-logo-activitats-angles-escola-barcelona-mishmash.jpg","width":1343,"height":687,"caption":"MishMash Idiomes Barcelona"},"image":{"@id":"https:\/\/mishmashidiomesbarcelona.com\/es\/#\/schema\/logo\/image\/"},"sameAs":["https:\/\/www.facebook.com\/mishmashidiomasbarcelona\/","https:\/\/www.instagram.com\/mishmashidiomasbarcelona\/"]}]}},"_links":{"self":[{"href":"https:\/\/mishmashidiomesbarcelona.com\/es\/wp-json\/wp\/v2\/pages\/553","targetHints":{"allow":["GET"]}}],"collection":[{"href":"https:\/\/mishmashidiomesbarcelona.com\/es\/wp-json\/wp\/v2\/pages"}],"about":[{"href":"https:\/\/mishmashidiomesbarcelona.com\/es\/wp-json\/wp\/v2\/types\/page"}],"author":[{"embeddable":true,"href":"https:\/\/mishmashidiomesbarcelona.com\/es\/wp-json\/wp\/v2\/users\/1"}],"replies":[{"embeddable":true,"href":"https:\/\/mishmashidiomesbarcelona.com\/es\/wp-json\/wp\/v2\/comments?post=553"}],"version-history":[{"count":10,"href":"https:\/\/mishmashidiomesbarcelona.com\/es\/wp-json\/wp\/v2\/pages\/553\/revisions"}],"predecessor-version":[{"id":1065,"href":"https:\/\/mishmashidiomesbarcelona.com\/es\/wp-json\/wp\/v2\/pages\/553\/revisions\/1065"}],"wp:attachment":[{"href":"https:\/\/mishmashidiomesbarcelona.com\/es\/wp-json\/wp\/v2\/media?parent=553"}],"curies":[{"name":"wp","href":"https:\/\/api.w.org\/{rel}","templated":true}]}}