{"id":746,"date":"2023-07-08T09:25:38","date_gmt":"2023-07-08T07:25:38","guid":{"rendered":"https:\/\/mishmashidiomesbarcelona.com\/es\/?page_id=746"},"modified":"2023-08-01T09:04:33","modified_gmt":"2023-08-01T07:04:33","slug":"baby-and-me","status":"publish","type":"page","link":"https:\/\/mishmashidiomesbarcelona.com\/es\/baby-and-me\/","title":{"rendered":"Baby&#038;Me"},"content":{"rendered":"<div  data-label=\"About\" data-id=\"about--1\" data-export-id=\"about-9\" data-category=\"about\" class=\"about-9 content-section content-section-spacing content-relative\" id=\"about-1\" style=\"background-color: rgb(255, 255, 255);\"><div  class=\"gridContainer\"> <div  class=\"row middle-sm text-center\"><div  class=\"col-sm-5 space-bottom-xs content-column content-right-sm\" data-type=\"column\"> <h5  class=\"\">BABY&amp;ME<\/h5> <h2  class=\"\">Explora el ingl\u00e9s en fam\u00edlia<\/h2> <p  class=\"\"><span  style=\"font-family: &quot;Open Sans&quot;, arial, helvetica, sans-serif; font-weight: 400;\">Grandes y peque\u00f1os comparten momentos muy divertidos, en un entorno de inmersi\u00f3n. Los ni\u00f1os abren el o\u00eddo de manera natural, mediante canciones, cuentos, juegos y manualidades.<\/span><br ><span  style=\"font-family: &quot;Open Sans&quot;, arial, helvetica, sans-serif; font-weight: 400;\">\nLos padres participan activamente en el aprendizaje del idioma, disfrutando de este tiempo en familia.<\/span>.<\/p> <a class=\"button color3 dark-text\" href=\"https:\/\/mishmashidiomesbarcelona.com\/es\/contacto\" target=\"_self\" data-cp-link=\"1\" data-icon=\"\" rel=\"noopener\">SABER M\u00c1S<\/a><\/div> <div  class=\"col-sm-7 flexbox flexbox middle-xs center-xs space-bottom-xs\"><div  class=\"overlay-box flexbox middle-xs center-xs overlay-holder \"> <div  class=\"overlay-box-offset offset-background shadow-medium bg-color2 hide-xs\"><\/div> <img  decoding=\"async\" class=\"flexbox shadow-large img1\" src=\"https:\/\/mishmashidiomesbarcelona.com\/es\/wp-content\/uploads\/2023\/08\/cropped-baby-me-1.jpg\" data-size=\"600x400\" title=\"cropped-baby-me-1\" alt=\"\"><\/div> <\/div><\/div> <\/div><div  class=\"section-separator-bottom\">\n    <svg  class=\"section-separator-bottom\" data-separator-name=\"triangle-asymmetrical-negative\" preserveAspectRatio=\"none\" viewBox=\"0 0 1000 100\" xmlns=\"http:\/\/www.w3.org\/2000\/svg\">\n        <path  class=\"svg-white-bg\" d=\"M737.9,94.7L0,0v100h1000V0L737.9,94.7z\"><\/path>\n    <\/svg>\n<\/div><\/div><div  data-label=\"Cta\" data-id=\"cta--1\" data-export-id=\"cta-centered-section-grid\" data-category=\"cta\" class=\"cta-centered-section-grid content-section content-section-spacing-medium bg-color1 white-text content-relative\" id=\"cta-1\"><div  class=\"gridContainer\"> <div  class=\"row text-center\"><div  class=\"col-xs-12 col-sm-10 col-sm-offset-1 col-md-8 col-md-offset-2\" data-type=\"column\"> <h2  class=\"\">Acompa\u00f1a a tu hijo en nuestras clases de ingl\u00e9s<\/h2> <p  class=\"\">Es una oportunidad ideal para las familias que quieran compartir con sus hijos experiencias, tiempos de calidad juntos y una actividad l\u00fadica en ingl\u00e9s.<\/p> <a class=\"button color3\" href=\"https:\/\/mishmashidiomesbarcelona.com\/es\/contacto\" target=\"_self\" data-cp-link=\"1\" data-icon=\"\" rel=\"noopener\">\u00bfEMPEZAMOS?<\/a><\/div> <\/div><\/div> <div  class=\"section-separator-bottom\">\n    <svg  xmlns=\"http:\/\/www.w3.org\/2000\/svg\" viewBox=\"0 0 1000 100\" preserveAspectRatio=\"none\" data-separator-name=\"mountains\" class=\"section-separator-bottom\">\n\t<path  class=\"svg-white-bg\" opacity=\"0.33\" d=\"M473,67.3c-203.9,88.3-263.1-34-320.3,0C66,119.1,0,59.7,0,59.7V0h1000v59.7 c0,0-62.1,26.1-94.9,29.3c-32.8,3.3-62.8-12.3-75.8-22.1C806,49.6,745.3,8.7,694.9,4.7S492.4,59,473,67.3z\"><\/path>\n\t<path  class=\"svg-white-bg\" opacity=\"0.66\" d=\"M734,67.3c-45.5,0-77.2-23.2-129.1-39.1c-28.6-8.7-150.3-10.1-254,39.1 s-91.7-34.4-149.2,0C115.7,118.3,0,39.8,0,39.8V0h1000v36.5c0,0-28.2-18.5-92.1-18.5C810.2,18.1,775.7,67.3,734,67.3z\"><\/path>\n\t<path  class=\"svg-white-bg\" d=\"M766.1,28.9c-200-57.5-266,65.5-395.1,19.5C242,1.8,242,5.4,184.8,20.6C128,35.8,132.3,44.9,89.9,52.5C28.6,63.7,0,0,0,0 h1000c0,0-9.9,40.9-83.6,48.1S829.6,47,766.1,28.9z\"><\/path>\n<\/svg>\n<\/div><\/div>","protected":false},"excerpt":{"rendered":"<p>BABY&amp;ME Explora el ingl\u00e9s en fam\u00edlia Grandes y peque\u00f1os comparten momentos muy divertidos, en un entorno de inmersi\u00f3n. Los ni\u00f1os abren el o\u00eddo de manera natural, mediante canciones, cuentos, juegos y manualidades. Los padres participan activamente en el aprendizaje del idioma, disfrutando de este tiempo en familia.. SABER M\u00c1S Acompa\u00f1a a tu hijo en nuestras&hellip; <br \/> <a class=\"read-more\" href=\"https:\/\/mishmashidiomesbarcelona.com\/es\/baby-and-me\/\">Read more<\/a><\/p>\n","protected":false},"author":1,"featured_media":0,"parent":0,"menu_order":0,"comment_status":"closed","ping_status":"closed","template":"pro\/page-templates\/full-width-page.php","meta":{"footnotes":""},"class_list":["post-746","page","type-page","status-publish","hentry"],"yoast_head":"<!-- This site is optimized with the Yoast SEO plugin v22.4 - https:\/\/yoast.com\/wordpress\/plugins\/seo\/ -->\n<title>Baby&amp;Me - MishMash Idiomes Barcelona | Clases de ingl\u00e9s para beb\u00e9s<\/title>\n<meta name=\"description\" content=\"Baby&amp;Me | Clases de ingl\u00e9s para beb\u00e9s en Barcelona. Deja que los m\u00e1s peque\u00f1os entrenen el o\u00eddo de forma natural en este idioma. Entra ya!\" \/>\n<meta name=\"robots\" content=\"index, follow, max-snippet:-1, max-image-preview:large, max-video-preview:-1\" \/>\n<link rel=\"canonical\" href=\"https:\/\/mishmashidiomesbarcelona.com\/es\/baby-and-me\/\" \/>\n<meta property=\"og:locale\" content=\"es_ES\" \/>\n<meta property=\"og:type\" content=\"article\" \/>\n<meta property=\"og:title\" content=\"Baby&amp;Me - MishMash Idiomes Barcelona | Clases de ingl\u00e9s para beb\u00e9s\" \/>\n<meta property=\"og:description\" content=\"Baby&amp;Me | Clases de ingl\u00e9s para beb\u00e9s en Barcelona. Deja que los m\u00e1s peque\u00f1os entrenen el o\u00eddo de forma natural en este idioma. Entra ya!\" \/>\n<meta property=\"og:url\" content=\"https:\/\/mishmashidiomesbarcelona.com\/es\/baby-and-me\/\" \/>\n<meta property=\"og:site_name\" content=\"MishMash Idiomes Barcelona\" \/>\n<meta property=\"article:publisher\" content=\"https:\/\/www.facebook.com\/mishmashidiomasbarcelona\/\" \/>\n<meta property=\"article:modified_time\" content=\"2023-08-01T07:04:33+00:00\" \/>\n<meta property=\"og:image\" content=\"https:\/\/mishmashidiomesbarcelona.com\/es\/wp-content\/uploads\/2023\/08\/cropped-baby-me-1.jpg\" \/>\n<meta name=\"twitter:card\" content=\"summary_large_image\" \/>\n<script type=\"application\/ld+json\" class=\"yoast-schema-graph\">{\"@context\":\"https:\/\/schema.org\",\"@graph\":[{\"@type\":\"WebPage\",\"@id\":\"https:\/\/mishmashidiomesbarcelona.com\/es\/baby-and-me\/\",\"url\":\"https:\/\/mishmashidiomesbarcelona.com\/es\/baby-and-me\/\",\"name\":\"Baby&Me - MishMash Idiomes Barcelona | Clases de ingl\u00e9s para beb\u00e9s\",\"isPartOf\":{\"@id\":\"https:\/\/mishmashidiomesbarcelona.com\/es\/#website\"},\"primaryImageOfPage\":{\"@id\":\"https:\/\/mishmashidiomesbarcelona.com\/es\/baby-and-me\/#primaryimage\"},\"image\":{\"@id\":\"https:\/\/mishmashidiomesbarcelona.com\/es\/baby-and-me\/#primaryimage\"},\"thumbnailUrl\":\"https:\/\/mishmashidiomesbarcelona.com\/es\/wp-content\/uploads\/2023\/08\/cropped-baby-me-1.jpg\",\"datePublished\":\"2023-07-08T07:25:38+00:00\",\"dateModified\":\"2023-08-01T07:04:33+00:00\",\"description\":\"Baby&Me | Clases de ingl\u00e9s para beb\u00e9s en Barcelona. Deja que los m\u00e1s peque\u00f1os entrenen el o\u00eddo de forma natural en este idioma. Entra ya!\",\"breadcrumb\":{\"@id\":\"https:\/\/mishmashidiomesbarcelona.com\/es\/baby-and-me\/#breadcrumb\"},\"inLanguage\":\"es\",\"potentialAction\":[{\"@type\":\"ReadAction\",\"target\":[\"https:\/\/mishmashidiomesbarcelona.com\/es\/baby-and-me\/\"]}]},{\"@type\":\"ImageObject\",\"inLanguage\":\"es\",\"@id\":\"https:\/\/mishmashidiomesbarcelona.com\/es\/baby-and-me\/#primaryimage\",\"url\":\"https:\/\/mishmashidiomesbarcelona.com\/es\/wp-content\/uploads\/2023\/08\/cropped-baby-me-1.jpg\",\"contentUrl\":\"https:\/\/mishmashidiomesbarcelona.com\/es\/wp-content\/uploads\/2023\/08\/cropped-baby-me-1.jpg\",\"width\":644,\"height\":431},{\"@type\":\"BreadcrumbList\",\"@id\":\"https:\/\/mishmashidiomesbarcelona.com\/es\/baby-and-me\/#breadcrumb\",\"itemListElement\":[{\"@type\":\"ListItem\",\"position\":1,\"name\":\"Portada\",\"item\":\"https:\/\/mishmashidiomesbarcelona.com\/es\/\"},{\"@type\":\"ListItem\",\"position\":2,\"name\":\"Baby&#038;Me\"}]},{\"@type\":\"WebSite\",\"@id\":\"https:\/\/mishmashidiomesbarcelona.com\/es\/#website\",\"url\":\"https:\/\/mishmashidiomesbarcelona.com\/es\/\",\"name\":\"MishMash Idiomes Barcelona\",\"description\":\"Academia de ingl\u00e9s para ni\u00f1os y adultos. M\u00e9todo propio y creativo.\",\"publisher\":{\"@id\":\"https:\/\/mishmashidiomesbarcelona.com\/es\/#organization\"},\"potentialAction\":[{\"@type\":\"SearchAction\",\"target\":{\"@type\":\"EntryPoint\",\"urlTemplate\":\"https:\/\/mishmashidiomesbarcelona.com\/es\/?s={search_term_string}\"},\"query-input\":\"required name=search_term_string\"}],\"inLanguage\":\"es\"},{\"@type\":\"Organization\",\"@id\":\"https:\/\/mishmashidiomesbarcelona.com\/es\/#organization\",\"name\":\"MishMash Idiomes Barcelona\",\"url\":\"https:\/\/mishmashidiomesbarcelona.com\/es\/\",\"logo\":{\"@type\":\"ImageObject\",\"inLanguage\":\"es\",\"@id\":\"https:\/\/mishmashidiomesbarcelona.com\/es\/#\/schema\/logo\/image\/\",\"url\":\"https:\/\/mishmashidiomesbarcelona.com\/es\/wp-content\/uploads\/2023\/06\/cropped-logo-activitats-angles-escola-barcelona-mishmash.jpg\",\"contentUrl\":\"https:\/\/mishmashidiomesbarcelona.com\/es\/wp-content\/uploads\/2023\/06\/cropped-logo-activitats-angles-escola-barcelona-mishmash.jpg\",\"width\":1343,\"height\":687,\"caption\":\"MishMash Idiomes Barcelona\"},\"image\":{\"@id\":\"https:\/\/mishmashidiomesbarcelona.com\/es\/#\/schema\/logo\/image\/\"},\"sameAs\":[\"https:\/\/www.facebook.com\/mishmashidiomasbarcelona\/\",\"https:\/\/www.instagram.com\/mishmashidiomasbarcelona\/\"]}]}<\/script>\n<!-- \/ Yoast SEO plugin. -->","yoast_head_json":{"title":"Baby&Me - MishMash Idiomes Barcelona | Clases de ingl\u00e9s para beb\u00e9s","description":"Baby&Me | Clases de ingl\u00e9s para beb\u00e9s en Barcelona. Deja que los m\u00e1s peque\u00f1os entrenen el o\u00eddo de forma natural en este idioma. Entra ya!","robots":{"index":"index","follow":"follow","max-snippet":"max-snippet:-1","max-image-preview":"max-image-preview:large","max-video-preview":"max-video-preview:-1"},"canonical":"https:\/\/mishmashidiomesbarcelona.com\/es\/baby-and-me\/","og_locale":"es_ES","og_type":"article","og_title":"Baby&Me - MishMash Idiomes Barcelona | Clases de ingl\u00e9s para beb\u00e9s","og_description":"Baby&Me | Clases de ingl\u00e9s para beb\u00e9s en Barcelona. Deja que los m\u00e1s peque\u00f1os entrenen el o\u00eddo de forma natural en este idioma. Entra ya!","og_url":"https:\/\/mishmashidiomesbarcelona.com\/es\/baby-and-me\/","og_site_name":"MishMash Idiomes Barcelona","article_publisher":"https:\/\/www.facebook.com\/mishmashidiomasbarcelona\/","article_modified_time":"2023-08-01T07:04:33+00:00","og_image":[{"url":"https:\/\/mishmashidiomesbarcelona.com\/es\/wp-content\/uploads\/2023\/08\/cropped-baby-me-1.jpg"}],"twitter_card":"summary_large_image","schema":{"@context":"https:\/\/schema.org","@graph":[{"@type":"WebPage","@id":"https:\/\/mishmashidiomesbarcelona.com\/es\/baby-and-me\/","url":"https:\/\/mishmashidiomesbarcelona.com\/es\/baby-and-me\/","name":"Baby&Me - MishMash Idiomes Barcelona | Clases de ingl\u00e9s para beb\u00e9s","isPartOf":{"@id":"https:\/\/mishmashidiomesbarcelona.com\/es\/#website"},"primaryImageOfPage":{"@id":"https:\/\/mishmashidiomesbarcelona.com\/es\/baby-and-me\/#primaryimage"},"image":{"@id":"https:\/\/mishmashidiomesbarcelona.com\/es\/baby-and-me\/#primaryimage"},"thumbnailUrl":"https:\/\/mishmashidiomesbarcelona.com\/es\/wp-content\/uploads\/2023\/08\/cropped-baby-me-1.jpg","datePublished":"2023-07-08T07:25:38+00:00","dateModified":"2023-08-01T07:04:33+00:00","description":"Baby&Me | Clases de ingl\u00e9s para beb\u00e9s en Barcelona. Deja que los m\u00e1s peque\u00f1os entrenen el o\u00eddo de forma natural en este idioma. Entra ya!","breadcrumb":{"@id":"https:\/\/mishmashidiomesbarcelona.com\/es\/baby-and-me\/#breadcrumb"},"inLanguage":"es","potentialAction":[{"@type":"ReadAction","target":["https:\/\/mishmashidiomesbarcelona.com\/es\/baby-and-me\/"]}]},{"@type":"ImageObject","inLanguage":"es","@id":"https:\/\/mishmashidiomesbarcelona.com\/es\/baby-and-me\/#primaryimage","url":"https:\/\/mishmashidiomesbarcelona.com\/es\/wp-content\/uploads\/2023\/08\/cropped-baby-me-1.jpg","contentUrl":"https:\/\/mishmashidiomesbarcelona.com\/es\/wp-content\/uploads\/2023\/08\/cropped-baby-me-1.jpg","width":644,"height":431},{"@type":"BreadcrumbList","@id":"https:\/\/mishmashidiomesbarcelona.com\/es\/baby-and-me\/#breadcrumb","itemListElement":[{"@type":"ListItem","position":1,"name":"Portada","item":"https:\/\/mishmashidiomesbarcelona.com\/es\/"},{"@type":"ListItem","position":2,"name":"Baby&#038;Me"}]},{"@type":"WebSite","@id":"https:\/\/mishmashidiomesbarcelona.com\/es\/#website","url":"https:\/\/mishmashidiomesbarcelona.com\/es\/","name":"MishMash Idiomes Barcelona","description":"Academia de ingl\u00e9s para ni\u00f1os y adultos. M\u00e9todo propio y creativo.","publisher":{"@id":"https:\/\/mishmashidiomesbarcelona.com\/es\/#organization"},"potentialAction":[{"@type":"SearchAction","target":{"@type":"EntryPoint","urlTemplate":"https:\/\/mishmashidiomesbarcelona.com\/es\/?s={search_term_string}"},"query-input":"required name=search_term_string"}],"inLanguage":"es"},{"@type":"Organization","@id":"https:\/\/mishmashidiomesbarcelona.com\/es\/#organization","name":"MishMash Idiomes Barcelona","url":"https:\/\/mishmashidiomesbarcelona.com\/es\/","logo":{"@type":"ImageObject","inLanguage":"es","@id":"https:\/\/mishmashidiomesbarcelona.com\/es\/#\/schema\/logo\/image\/","url":"https:\/\/mishmashidiomesbarcelona.com\/es\/wp-content\/uploads\/2023\/06\/cropped-logo-activitats-angles-escola-barcelona-mishmash.jpg","contentUrl":"https:\/\/mishmashidiomesbarcelona.com\/es\/wp-content\/uploads\/2023\/06\/cropped-logo-activitats-angles-escola-barcelona-mishmash.jpg","width":1343,"height":687,"caption":"MishMash Idiomes Barcelona"},"image":{"@id":"https:\/\/mishmashidiomesbarcelona.com\/es\/#\/schema\/logo\/image\/"},"sameAs":["https:\/\/www.facebook.com\/mishmashidiomasbarcelona\/","https:\/\/www.instagram.com\/mishmashidiomasbarcelona\/"]}]}},"_links":{"self":[{"href":"https:\/\/mishmashidiomesbarcelona.com\/es\/wp-json\/wp\/v2\/pages\/746","targetHints":{"allow":["GET"]}}],"collection":[{"href":"https:\/\/mishmashidiomesbarcelona.com\/es\/wp-json\/wp\/v2\/pages"}],"about":[{"href":"https:\/\/mishmashidiomesbarcelona.com\/es\/wp-json\/wp\/v2\/types\/page"}],"author":[{"embeddable":true,"href":"https:\/\/mishmashidiomesbarcelona.com\/es\/wp-json\/wp\/v2\/users\/1"}],"replies":[{"embeddable":true,"href":"https:\/\/mishmashidiomesbarcelona.com\/es\/wp-json\/wp\/v2\/comments?post=746"}],"version-history":[{"count":8,"href":"https:\/\/mishmashidiomesbarcelona.com\/es\/wp-json\/wp\/v2\/pages\/746\/revisions"}],"predecessor-version":[{"id":1056,"href":"https:\/\/mishmashidiomesbarcelona.com\/es\/wp-json\/wp\/v2\/pages\/746\/revisions\/1056"}],"wp:attachment":[{"href":"https:\/\/mishmashidiomesbarcelona.com\/es\/wp-json\/wp\/v2\/media?parent=746"}],"curies":[{"name":"wp","href":"https:\/\/api.w.org\/{rel}","templated":true}]}}