{"id":749,"date":"2023-07-08T09:29:07","date_gmt":"2023-07-08T07:29:07","guid":{"rendered":"https:\/\/mishmashidiomesbarcelona.com\/es\/?page_id=749"},"modified":"2023-07-08T11:41:23","modified_gmt":"2023-07-08T09:41:23","slug":"clases-de-ingles-para-colegios-y-afa","status":"publish","type":"page","link":"https:\/\/mishmashidiomesbarcelona.com\/es\/clases-de-ingles-para-colegios-y-afa\/","title":{"rendered":"Colegios &#8211; AFA"},"content":{"rendered":"<div data-label=\"Features\" data-id=\"features--1\" data-export-id=\"features-16\" data-category=\"features\" class=\"features-16 content-section content-section-spacing\" id=\"features-1\"  style=\"background-color: rgb(255, 255, 255);\"><div class=\"gridContainer\" > <div class=\"row text-center\" ><div class=\"section-title-col\" data-type=\"column\" > <h2 class=\"\" >Conoce toda nuestra oferta acad\u00e9mica<\/h2> <p class=\"lead\" ><span style=\"font-family: &quot;Open Sans&quot;, arial, helvetica, sans-serif; font-weight: 400;\" >Desde los m\u00e1s peque\u00f1os hasta preparaci\u00f3n de ex\u00e1menes oficiales para cualquier edad.&nbsp;<\/span><\/p><\/div> <\/div> <div class=\"row spaced-cols\" data-type=\"row\" > <div class=\"col-xs-12 col-sm-6 col-md-4 space-bottom\" >  <div data-type=\"column\" class=\"col-padding-small col-padding-small-xs description-container\" > <h4 class=\"font-500\" ><a data-mce-href=\"..\/baby-and-me\/\" href=\"..\/baby-and-me\/\" target=\"_self\" data-mce-selected=\"inline-boundary\" data-cp-link=\"1\" rel=\"noopener\"><span style=\"font-weight: 700;\" >BABY&amp;ME<\/span><\/a><\/h4> <p class=\"\" >Grandes y peque\u00f1os comparten momentos muy divertidos, en un entorno de inmersi\u00f3n.<\/p> <\/div> <\/div>  <div class=\"col-xs-12 col-sm-6 col-md-4 space-bottom\" >  <div data-type=\"column\" class=\"col-padding-small col-padding-small-xs description-container\" > <h4 class=\"font-500\" ><a data-mce-href=\"..\/little-english\/\" href=\"..\/little-english\/\" target=\"_self\" data-mce-selected=\"inline-boundary\" data-cp-link=\"1\" rel=\"noopener\"><span style=\"font-weight: 700;\" >LITTLE ENGLISH (P3)<\/span><\/a><\/h4> <p class=\"\" >En nuestras clases de ingl\u00e9s para ni\u00f1os de 3 a\u00f1os, nos enfocamos en fomentar la exploraci\u00f3n y el descubrimiento.<\/p> <\/div> <\/div><div class=\"col-xs-12 col-sm-6 col-md-4 space-bottom\" >  <div data-type=\"column\" class=\"col-padding-small col-padding-small-xs description-container\" > <h4 class=\"font-500\" ><a data-mce-href=\"..\/talk-and-play\/\" href=\"..\/talk-and-play\/\" target=\"_self\" data-mce-selected=\"inline-boundary\" data-cp-link=\"1\" rel=\"noopener\"><span style=\"font-weight: 700;\" >TALK&amp;PLAY<\/span><\/a><\/h4> <p class=\"\" >Nuestro principal objetivo es que los ni\u00f1os se diviertan mientras aprenden y practican el idioma.<\/p> <\/div> <\/div><div class=\"col-xs-12 col-sm-6 col-md-4 space-bottom\" >  <div data-type=\"column\" class=\"col-padding-small col-padding-small-xs description-container\" > <h4 class=\"font-500\" ><a data-mce-href=\"..\/english-is-fun\/\" href=\"..\/english-is-fun\/\" target=\"_self\" data-mce-selected=\"inline-boundary\" data-cp-link=\"1\" rel=\"noopener\"><span style=\"font-weight: 700;\" >ENGLISH IS FUN!<\/span><\/a><\/h4> <p class=\"\" >La participaci\u00f3n activa y el pasarlo bien son fundamentales en nuestras clases.<\/p> <\/div> <\/div><div class=\"col-xs-12 col-sm-6 col-md-4 space-bottom\" >  <div data-type=\"column\" class=\"col-padding-small col-padding-small-xs description-container\" > <h4 class=\"font-500\" ><a data-mce-href=\"..\/pick-and-speak\/\" href=\"..\/pick-and-speak\/\" target=\"_self\" data-mce-selected=\"inline-boundary\" data-cp-link=\"1\" rel=\"noopener\"><span style=\"font-weight: 700;\" >PICK&amp;SPEAK<\/span><\/a><\/h4> <p class=\"\" >La comunicaci\u00f3n es la herramienta principal en nuestra metodolog\u00eda para que los ni\u00f1os comprendan y asimilen la gram\u00e1tica del ingl\u00e9s.<\/p> <\/div> <\/div><div class=\"col-xs-12 col-sm-6 col-md-4 space-bottom\" >  <div data-type=\"column\" class=\"col-padding-small col-padding-small-xs description-container\" > <h4 class=\"font-500\" ><a data-mce-href=\"..\/english-is-cool\/\" href=\"..\/english-is-cool\/\" target=\"_self\" data-mce-selected=\"inline-boundary\" data-cp-link=\"1\" rel=\"noopener\"><span style=\"font-weight: 700;\" >ENGLISH IS COOL!<\/span><\/a><\/h4> <p class=\"\" >Queremos que los alumnos se sumerjan en el idioma desde el primer momento, fomentando la pr\u00e1ctica activa y din\u00e1mica de la conversaci\u00f3n.<\/p> <\/div> <\/div><div class=\"col-xs-12 col-sm-6 col-md-4 space-bottom\" >  <div data-type=\"column\" class=\"col-padding-small col-padding-small-xs description-container\" > <h4 class=\"font-500\" ><a data-mce-href=\"..\/are-you-ready\/\" href=\"..\/are-you-ready\/\" target=\"_self\" data-mce-selected=\"inline-boundary\" data-cp-link=\"1\" rel=\"noopener\"><span style=\"font-weight: 700;\" >ARE YOU READY?<\/span><\/a><\/h4> <p class=\"\" >Nuestro objetivo principal es que los estudiantes de la ESO adquieran fluidez y confianza en su expresi\u00f3n oral y escrita<\/p> <\/div> <\/div><div class=\"col-xs-12 col-sm-6 col-md-4 space-bottom\" >  <div data-type=\"column\" class=\"col-padding-small col-padding-small-xs description-container\" > <h4 class=\"font-500\" ><a data-mce-href=\"..\/preparacion-para-examenes-de-ingles\/\" href=\"..\/preparacion-para-examenes-de-ingles\/\" target=\"_self\" data-mce-selected=\"inline-boundary\" data-cp-link=\"1\" rel=\"noopener\"><span style=\"font-weight: 700;\" >PREPARACI\u00d3N PARA EXAMENES OFICIALES<\/span><\/a><\/h4> <p class=\"\" >En MishMash somos expertos en la preparaci\u00f3n de ex\u00e1menes oficiales de ingl\u00e9s.<\/p> <\/div> <\/div><div class=\"col-xs-12 col-sm-6 col-md-4 space-bottom\" >  <div data-type=\"column\" class=\"col-padding-small col-padding-small-xs description-container\" > <h4 class=\"font-500\" ><a data-mce-href=\"..\/cooking-storytelling\/\" href=\"..\/cooking-storytelling\/\" target=\"_self\" data-mce-selected=\"inline-boundary\" data-cp-link=\"1\" rel=\"noopener\"><span style=\"font-weight: 700;\" >COOKING STORYTELLING<\/span><\/a><\/h4> <p class=\"\" >En este taller, los ni\u00f1os tendr\u00e1n la oportunidad de sumergirse en el mundo de los cuentos mientras aprenden y practican ingl\u00e9s.<\/p> <\/div> <\/div><div class=\"col-xs-12 col-sm-6 col-md-4 space-bottom\" >  <div data-type=\"column\" class=\"col-padding-small col-padding-small-xs description-container\" > <h4 class=\"font-500\" ><a data-mce-href=\"..\/mishmash-chef\/\" href=\"..\/mishmash-chef\/\" target=\"_self\" data-mce-selected=\"inline-boundary\" data-cp-link=\"1\" rel=\"noopener\"><span style=\"font-weight: 700;\" >MISHMASH CHEF<\/span><\/a><\/h4> <p class=\"\" >Los ense\u00f1aremos el vocabulario relacionado, como los nombres de los alimentos, utensilios de cocina.<\/p> <\/div> <\/div><div class=\"col-xs-12 col-sm-6 col-md-4 space-bottom\" >  <div data-type=\"column\" class=\"col-padding-small col-padding-small-xs description-container\" > <h4 class=\"font-500\" ><a data-mce-href=\"..\/scrapbooking\/\" href=\"..\/scrapbooking\/\" target=\"_self\" data-mce-selected=\"inline-boundary\" data-cp-link=\"1\" rel=\"noopener\"><span style=\"font-weight: 700;\" >SCRAPBOOKING<\/span><\/a><\/h4> <p class=\"\" >Los ni\u00f1os tendr\u00e1n la oportunidad de ampliar su vocabulario, mejorar sus habilidades de comunicaci\u00f3n en ingl\u00e9s y ganar confianza en su expresi\u00f3n oral mientras mientras dan vida a sus creaciones \u00fanicas.<\/p> <\/div> <\/div><div class=\"col-xs-12 col-sm-6 col-md-4 space-bottom\" >  <div data-type=\"column\" class=\"col-padding-small col-padding-small-xs description-container\" > <h4 class=\"font-500\" ><a data-mce-href=\"..\/its-your-turn\/\" href=\"..\/its-your-turn\/\" target=\"_self\" data-mce-selected=\"inline-boundary\" data-cp-link=\"1\" rel=\"noopener\"><span style=\"font-weight: 700;\" >IT&#8217;S YOUR TURN<\/span><\/a><\/h4> <p class=\"\" >En este taller los ni\u00f1os tendr\u00e1n la oportunidad de aprender y practicar el ingl\u00e9s mientras se divierten y participan en diferentes juegos en un ambiente entretenido y seguro.<\/p> <\/div> <\/div><\/div> <\/div><\/div>","protected":false},"excerpt":{"rendered":"<p>Conoce toda nuestra oferta acad\u00e9mica Desde los m\u00e1s peque\u00f1os hasta preparaci\u00f3n de ex\u00e1menes oficiales para cualquier edad.&nbsp; BABY&amp;ME Grandes y peque\u00f1os comparten momentos muy divertidos, en un entorno de inmersi\u00f3n. LITTLE ENGLISH (P3) En nuestras clases de ingl\u00e9s para ni\u00f1os de 3 a\u00f1os, nos enfocamos en fomentar la exploraci\u00f3n y el descubrimiento. TALK&amp;PLAY Nuestro principal&hellip; <br \/> <a class=\"read-more\" href=\"https:\/\/mishmashidiomesbarcelona.com\/es\/clases-de-ingles-para-colegios-y-afa\/\">Read more<\/a><\/p>\n","protected":false},"author":1,"featured_media":0,"parent":0,"menu_order":0,"comment_status":"closed","ping_status":"closed","template":"pro\/page-templates\/full-width-page.php","meta":{"footnotes":""},"class_list":["post-749","page","type-page","status-publish","hentry"],"yoast_head":"<!-- This site is optimized with the Yoast SEO plugin v22.4 - https:\/\/yoast.com\/wordpress\/plugins\/seo\/ -->\n<title>Colegios - AFA - MishMash Idiomes Barcelona<\/title>\n<meta name=\"description\" content=\"Clases de ingl\u00e9s para colegios y asociaciones de familias (AFA) | Aprende ingl\u00e9s de una forma diferente, r\u00e1pida y divertida. Contacta ya!!\" \/>\n<meta name=\"robots\" content=\"index, follow, max-snippet:-1, max-image-preview:large, max-video-preview:-1\" \/>\n<link rel=\"canonical\" href=\"https:\/\/mishmashidiomesbarcelona.com\/es\/clases-de-ingles-para-colegios-y-afa\/\" \/>\n<meta property=\"og:locale\" content=\"es_ES\" \/>\n<meta property=\"og:type\" content=\"article\" \/>\n<meta property=\"og:title\" content=\"Colegios - AFA - MishMash Idiomes Barcelona\" \/>\n<meta property=\"og:description\" content=\"Clases de ingl\u00e9s para colegios y asociaciones de familias (AFA) | Aprende ingl\u00e9s de una forma diferente, r\u00e1pida y divertida. Contacta ya!!\" \/>\n<meta property=\"og:url\" content=\"https:\/\/mishmashidiomesbarcelona.com\/es\/clases-de-ingles-para-colegios-y-afa\/\" \/>\n<meta property=\"og:site_name\" content=\"MishMash Idiomes Barcelona\" \/>\n<meta property=\"article:publisher\" content=\"https:\/\/www.facebook.com\/mishmashidiomasbarcelona\/\" \/>\n<meta property=\"article:modified_time\" content=\"2023-07-08T09:41:23+00:00\" \/>\n<meta name=\"twitter:card\" content=\"summary_large_image\" \/>\n<script type=\"application\/ld+json\" class=\"yoast-schema-graph\">{\"@context\":\"https:\/\/schema.org\",\"@graph\":[{\"@type\":\"WebPage\",\"@id\":\"https:\/\/mishmashidiomesbarcelona.com\/es\/clases-de-ingles-para-colegios-y-afa\/\",\"url\":\"https:\/\/mishmashidiomesbarcelona.com\/es\/clases-de-ingles-para-colegios-y-afa\/\",\"name\":\"Colegios - AFA - MishMash Idiomes Barcelona\",\"isPartOf\":{\"@id\":\"https:\/\/mishmashidiomesbarcelona.com\/es\/#website\"},\"datePublished\":\"2023-07-08T07:29:07+00:00\",\"dateModified\":\"2023-07-08T09:41:23+00:00\",\"description\":\"Clases de ingl\u00e9s para colegios y asociaciones de familias (AFA) | Aprende ingl\u00e9s de una forma diferente, r\u00e1pida y divertida. Contacta ya!!\",\"breadcrumb\":{\"@id\":\"https:\/\/mishmashidiomesbarcelona.com\/es\/clases-de-ingles-para-colegios-y-afa\/#breadcrumb\"},\"inLanguage\":\"es\",\"potentialAction\":[{\"@type\":\"ReadAction\",\"target\":[\"https:\/\/mishmashidiomesbarcelona.com\/es\/clases-de-ingles-para-colegios-y-afa\/\"]}]},{\"@type\":\"BreadcrumbList\",\"@id\":\"https:\/\/mishmashidiomesbarcelona.com\/es\/clases-de-ingles-para-colegios-y-afa\/#breadcrumb\",\"itemListElement\":[{\"@type\":\"ListItem\",\"position\":1,\"name\":\"Portada\",\"item\":\"https:\/\/mishmashidiomesbarcelona.com\/es\/\"},{\"@type\":\"ListItem\",\"position\":2,\"name\":\"Colegios &#8211; AFA\"}]},{\"@type\":\"WebSite\",\"@id\":\"https:\/\/mishmashidiomesbarcelona.com\/es\/#website\",\"url\":\"https:\/\/mishmashidiomesbarcelona.com\/es\/\",\"name\":\"MishMash Idiomes Barcelona\",\"description\":\"Academia de ingl\u00e9s para ni\u00f1os y adultos. M\u00e9todo propio y creativo.\",\"publisher\":{\"@id\":\"https:\/\/mishmashidiomesbarcelona.com\/es\/#organization\"},\"potentialAction\":[{\"@type\":\"SearchAction\",\"target\":{\"@type\":\"EntryPoint\",\"urlTemplate\":\"https:\/\/mishmashidiomesbarcelona.com\/es\/?s={search_term_string}\"},\"query-input\":\"required name=search_term_string\"}],\"inLanguage\":\"es\"},{\"@type\":\"Organization\",\"@id\":\"https:\/\/mishmashidiomesbarcelona.com\/es\/#organization\",\"name\":\"MishMash Idiomes Barcelona\",\"url\":\"https:\/\/mishmashidiomesbarcelona.com\/es\/\",\"logo\":{\"@type\":\"ImageObject\",\"inLanguage\":\"es\",\"@id\":\"https:\/\/mishmashidiomesbarcelona.com\/es\/#\/schema\/logo\/image\/\",\"url\":\"https:\/\/mishmashidiomesbarcelona.com\/es\/wp-content\/uploads\/2023\/06\/cropped-logo-activitats-angles-escola-barcelona-mishmash.jpg\",\"contentUrl\":\"https:\/\/mishmashidiomesbarcelona.com\/es\/wp-content\/uploads\/2023\/06\/cropped-logo-activitats-angles-escola-barcelona-mishmash.jpg\",\"width\":1343,\"height\":687,\"caption\":\"MishMash Idiomes Barcelona\"},\"image\":{\"@id\":\"https:\/\/mishmashidiomesbarcelona.com\/es\/#\/schema\/logo\/image\/\"},\"sameAs\":[\"https:\/\/www.facebook.com\/mishmashidiomasbarcelona\/\",\"https:\/\/www.instagram.com\/mishmashidiomasbarcelona\/\"]}]}<\/script>\n<!-- \/ Yoast SEO plugin. -->","yoast_head_json":{"title":"Colegios - AFA - MishMash Idiomes Barcelona","description":"Clases de ingl\u00e9s para colegios y asociaciones de familias (AFA) | Aprende ingl\u00e9s de una forma diferente, r\u00e1pida y divertida. Contacta ya!!","robots":{"index":"index","follow":"follow","max-snippet":"max-snippet:-1","max-image-preview":"max-image-preview:large","max-video-preview":"max-video-preview:-1"},"canonical":"https:\/\/mishmashidiomesbarcelona.com\/es\/clases-de-ingles-para-colegios-y-afa\/","og_locale":"es_ES","og_type":"article","og_title":"Colegios - AFA - MishMash Idiomes Barcelona","og_description":"Clases de ingl\u00e9s para colegios y asociaciones de familias (AFA) | Aprende ingl\u00e9s de una forma diferente, r\u00e1pida y divertida. Contacta ya!!","og_url":"https:\/\/mishmashidiomesbarcelona.com\/es\/clases-de-ingles-para-colegios-y-afa\/","og_site_name":"MishMash Idiomes Barcelona","article_publisher":"https:\/\/www.facebook.com\/mishmashidiomasbarcelona\/","article_modified_time":"2023-07-08T09:41:23+00:00","twitter_card":"summary_large_image","schema":{"@context":"https:\/\/schema.org","@graph":[{"@type":"WebPage","@id":"https:\/\/mishmashidiomesbarcelona.com\/es\/clases-de-ingles-para-colegios-y-afa\/","url":"https:\/\/mishmashidiomesbarcelona.com\/es\/clases-de-ingles-para-colegios-y-afa\/","name":"Colegios - AFA - MishMash Idiomes Barcelona","isPartOf":{"@id":"https:\/\/mishmashidiomesbarcelona.com\/es\/#website"},"datePublished":"2023-07-08T07:29:07+00:00","dateModified":"2023-07-08T09:41:23+00:00","description":"Clases de ingl\u00e9s para colegios y asociaciones de familias (AFA) | Aprende ingl\u00e9s de una forma diferente, r\u00e1pida y divertida. Contacta ya!!","breadcrumb":{"@id":"https:\/\/mishmashidiomesbarcelona.com\/es\/clases-de-ingles-para-colegios-y-afa\/#breadcrumb"},"inLanguage":"es","potentialAction":[{"@type":"ReadAction","target":["https:\/\/mishmashidiomesbarcelona.com\/es\/clases-de-ingles-para-colegios-y-afa\/"]}]},{"@type":"BreadcrumbList","@id":"https:\/\/mishmashidiomesbarcelona.com\/es\/clases-de-ingles-para-colegios-y-afa\/#breadcrumb","itemListElement":[{"@type":"ListItem","position":1,"name":"Portada","item":"https:\/\/mishmashidiomesbarcelona.com\/es\/"},{"@type":"ListItem","position":2,"name":"Colegios &#8211; AFA"}]},{"@type":"WebSite","@id":"https:\/\/mishmashidiomesbarcelona.com\/es\/#website","url":"https:\/\/mishmashidiomesbarcelona.com\/es\/","name":"MishMash Idiomes Barcelona","description":"Academia de ingl\u00e9s para ni\u00f1os y adultos. M\u00e9todo propio y creativo.","publisher":{"@id":"https:\/\/mishmashidiomesbarcelona.com\/es\/#organization"},"potentialAction":[{"@type":"SearchAction","target":{"@type":"EntryPoint","urlTemplate":"https:\/\/mishmashidiomesbarcelona.com\/es\/?s={search_term_string}"},"query-input":"required name=search_term_string"}],"inLanguage":"es"},{"@type":"Organization","@id":"https:\/\/mishmashidiomesbarcelona.com\/es\/#organization","name":"MishMash Idiomes Barcelona","url":"https:\/\/mishmashidiomesbarcelona.com\/es\/","logo":{"@type":"ImageObject","inLanguage":"es","@id":"https:\/\/mishmashidiomesbarcelona.com\/es\/#\/schema\/logo\/image\/","url":"https:\/\/mishmashidiomesbarcelona.com\/es\/wp-content\/uploads\/2023\/06\/cropped-logo-activitats-angles-escola-barcelona-mishmash.jpg","contentUrl":"https:\/\/mishmashidiomesbarcelona.com\/es\/wp-content\/uploads\/2023\/06\/cropped-logo-activitats-angles-escola-barcelona-mishmash.jpg","width":1343,"height":687,"caption":"MishMash Idiomes Barcelona"},"image":{"@id":"https:\/\/mishmashidiomesbarcelona.com\/es\/#\/schema\/logo\/image\/"},"sameAs":["https:\/\/www.facebook.com\/mishmashidiomasbarcelona\/","https:\/\/www.instagram.com\/mishmashidiomasbarcelona\/"]}]}},"_links":{"self":[{"href":"https:\/\/mishmashidiomesbarcelona.com\/es\/wp-json\/wp\/v2\/pages\/749","targetHints":{"allow":["GET"]}}],"collection":[{"href":"https:\/\/mishmashidiomesbarcelona.com\/es\/wp-json\/wp\/v2\/pages"}],"about":[{"href":"https:\/\/mishmashidiomesbarcelona.com\/es\/wp-json\/wp\/v2\/types\/page"}],"author":[{"embeddable":true,"href":"https:\/\/mishmashidiomesbarcelona.com\/es\/wp-json\/wp\/v2\/users\/1"}],"replies":[{"embeddable":true,"href":"https:\/\/mishmashidiomesbarcelona.com\/es\/wp-json\/wp\/v2\/comments?post=749"}],"version-history":[{"count":3,"href":"https:\/\/mishmashidiomesbarcelona.com\/es\/wp-json\/wp\/v2\/pages\/749\/revisions"}],"predecessor-version":[{"id":889,"href":"https:\/\/mishmashidiomesbarcelona.com\/es\/wp-json\/wp\/v2\/pages\/749\/revisions\/889"}],"wp:attachment":[{"href":"https:\/\/mishmashidiomesbarcelona.com\/es\/wp-json\/wp\/v2\/media?parent=749"}],"curies":[{"name":"wp","href":"https:\/\/api.w.org\/{rel}","templated":true}]}}