{"id":761,"date":"2023-07-08T09:39:25","date_gmt":"2023-07-08T07:39:25","guid":{"rendered":"https:\/\/mishmashidiomesbarcelona.com\/es\/?page_id=761"},"modified":"2025-05-08T12:13:06","modified_gmt":"2025-05-08T10:13:06","slug":"nuestros-cursos","status":"publish","type":"page","link":"https:\/\/mishmashidiomesbarcelona.com\/es\/nuestros-cursos\/","title":{"rendered":"Curso 2025-26"},"content":{"rendered":"<div id=\"content-1\" class=\"content-12 content-section content-section-spacing\" style=\"background-color: #f5fafd;\" data-label=\"Content\" data-id=\"content--1\" data-export-id=\"content-12\" data-category=\"content\">\n<div class=\"gridContainer\">\n<div class=\"row text-center\">\n<div class=\"section-title-col\" data-type=\"column\">\n<h2 class=\"\">Horarios y cursos<\/h2>\n<p data-start=\"76\" data-end=\"338\">En <strong data-start=\"79\" data-end=\"91\">MishMash<\/strong> ofrecemos clases de ingl\u00e9s para todas las edades en el Espai Alchemika (C\/ St. Antoni M\u00aa Claret, 358). Nuestras sesiones se realizan en grupos reducidos y homog\u00e9neos, con un m\u00e9todo de inmersi\u00f3n total y en un entorno estimulante, cercano y seguro.<\/p>\n<p data-start=\"340\" data-end=\"611\">Nuestro equipo est\u00e1 formado por profesionales nativos o biling\u00fces con amplia experiencia en la ense\u00f1anza del idioma. Todos ellos tienen un perfil creativo y din\u00e1mico que se refleja en cada clase, generando una relaci\u00f3n de confianza y un feedback positivo con el alumnado.<\/p>\n<p data-start=\"613\" data-end=\"791\">En MishMash, el aprendizaje es vivo, natural y divertido. Trabajamos desde la creatividad, la comunicaci\u00f3n y el respeto, adapt\u00e1ndonos a las necesidades e intereses de cada grupo.<\/p>\n<p data-start=\"613\" data-end=\"791\">Consulta los <strong data-start=\"809\" data-end=\"831\">horarios y precios<\/strong> aqu\u00ed:\u00a0 \u00a0\u00a0<a href=\"https:\/\/drive.google.com\/file\/d\/1L791mEOF6s8lkIxCUSCFXfPRGlFO_Vaq\/view?usp=sharing\"><strong>MishMash Horarios Curso 2025-26<\/strong><\/a><\/p>\n\n<\/div>\n<\/div>\n<div class=\"row center-xs middle-xs\">\n<div class=\"col-sm-9\" data-type=\"column\"><\/div>\n<\/div>\n<\/div>\n<\/div>","protected":false},"excerpt":{"rendered":"<p>Horarios y cursos En MishMash ofrecemos clases de ingl\u00e9s para todas las edades en el Espai Alchemika (C\/ St. Antoni M\u00aa Claret, 358). Nuestras sesiones se realizan en grupos reducidos y homog\u00e9neos, con un m\u00e9todo de inmersi\u00f3n total y en un entorno estimulante, cercano y seguro. Nuestro equipo est\u00e1 formado por profesionales nativos o biling\u00fces&hellip; <br \/> <a class=\"read-more\" href=\"https:\/\/mishmashidiomesbarcelona.com\/es\/nuestros-cursos\/\">Read more<\/a><\/p>\n","protected":false},"author":1,"featured_media":0,"parent":0,"menu_order":0,"comment_status":"closed","ping_status":"closed","template":"pro\/page-templates\/full-width-page.php","meta":{"footnotes":""},"class_list":["post-761","page","type-page","status-publish","hentry"],"yoast_head":"<!-- This site is optimized with the Yoast SEO plugin v22.4 - https:\/\/yoast.com\/wordpress\/plugins\/seo\/ -->\n<title>Curso 2025-26 - MishMash Idiomes Barcelona | Cursos de ingl\u00e9s<\/title>\n<meta name=\"description\" content=\"Nuestros cursos | Qu\u00e9 ofrecemos en MishMash Idiomes Barcelona. Tenemos una amplia selecci\u00f3n de cursos orientados a ni\u00f1os, adultos y empresas.\" \/>\n<meta name=\"robots\" content=\"index, follow, max-snippet:-1, max-image-preview:large, max-video-preview:-1\" \/>\n<link rel=\"canonical\" href=\"https:\/\/mishmashidiomesbarcelona.com\/es\/nuestros-cursos\/\" \/>\n<meta property=\"og:locale\" content=\"es_ES\" \/>\n<meta property=\"og:type\" content=\"article\" \/>\n<meta property=\"og:title\" content=\"Curso 2025-26 - MishMash Idiomes Barcelona | Cursos de ingl\u00e9s\" \/>\n<meta property=\"og:description\" content=\"Nuestros cursos | Qu\u00e9 ofrecemos en MishMash Idiomes Barcelona. Tenemos una amplia selecci\u00f3n de cursos orientados a ni\u00f1os, adultos y empresas.\" \/>\n<meta property=\"og:url\" content=\"https:\/\/mishmashidiomesbarcelona.com\/es\/nuestros-cursos\/\" \/>\n<meta property=\"og:site_name\" content=\"MishMash Idiomes Barcelona\" \/>\n<meta property=\"article:publisher\" content=\"https:\/\/www.facebook.com\/mishmashidiomasbarcelona\/\" \/>\n<meta property=\"article:modified_time\" content=\"2025-05-08T10:13:06+00:00\" \/>\n<meta name=\"twitter:card\" content=\"summary_large_image\" \/>\n<meta name=\"twitter:label1\" content=\"Tiempo de lectura\" \/>\n\t<meta name=\"twitter:data1\" content=\"1 minuto\" \/>\n<script type=\"application\/ld+json\" class=\"yoast-schema-graph\">{\"@context\":\"https:\/\/schema.org\",\"@graph\":[{\"@type\":\"WebPage\",\"@id\":\"https:\/\/mishmashidiomesbarcelona.com\/es\/nuestros-cursos\/\",\"url\":\"https:\/\/mishmashidiomesbarcelona.com\/es\/nuestros-cursos\/\",\"name\":\"Curso 2025-26 - MishMash Idiomes Barcelona | Cursos de ingl\u00e9s\",\"isPartOf\":{\"@id\":\"https:\/\/mishmashidiomesbarcelona.com\/es\/#website\"},\"datePublished\":\"2023-07-08T07:39:25+00:00\",\"dateModified\":\"2025-05-08T10:13:06+00:00\",\"description\":\"Nuestros cursos | Qu\u00e9 ofrecemos en MishMash Idiomes Barcelona. Tenemos una amplia selecci\u00f3n de cursos orientados a ni\u00f1os, adultos y empresas.\",\"breadcrumb\":{\"@id\":\"https:\/\/mishmashidiomesbarcelona.com\/es\/nuestros-cursos\/#breadcrumb\"},\"inLanguage\":\"es\",\"potentialAction\":[{\"@type\":\"ReadAction\",\"target\":[\"https:\/\/mishmashidiomesbarcelona.com\/es\/nuestros-cursos\/\"]}]},{\"@type\":\"BreadcrumbList\",\"@id\":\"https:\/\/mishmashidiomesbarcelona.com\/es\/nuestros-cursos\/#breadcrumb\",\"itemListElement\":[{\"@type\":\"ListItem\",\"position\":1,\"name\":\"Portada\",\"item\":\"https:\/\/mishmashidiomesbarcelona.com\/es\/\"},{\"@type\":\"ListItem\",\"position\":2,\"name\":\"Curso 2025-26\"}]},{\"@type\":\"WebSite\",\"@id\":\"https:\/\/mishmashidiomesbarcelona.com\/es\/#website\",\"url\":\"https:\/\/mishmashidiomesbarcelona.com\/es\/\",\"name\":\"MishMash Idiomes Barcelona\",\"description\":\"Academia de ingl\u00e9s para ni\u00f1os y adultos. M\u00e9todo propio y creativo.\",\"publisher\":{\"@id\":\"https:\/\/mishmashidiomesbarcelona.com\/es\/#organization\"},\"potentialAction\":[{\"@type\":\"SearchAction\",\"target\":{\"@type\":\"EntryPoint\",\"urlTemplate\":\"https:\/\/mishmashidiomesbarcelona.com\/es\/?s={search_term_string}\"},\"query-input\":\"required name=search_term_string\"}],\"inLanguage\":\"es\"},{\"@type\":\"Organization\",\"@id\":\"https:\/\/mishmashidiomesbarcelona.com\/es\/#organization\",\"name\":\"MishMash Idiomes Barcelona\",\"url\":\"https:\/\/mishmashidiomesbarcelona.com\/es\/\",\"logo\":{\"@type\":\"ImageObject\",\"inLanguage\":\"es\",\"@id\":\"https:\/\/mishmashidiomesbarcelona.com\/es\/#\/schema\/logo\/image\/\",\"url\":\"https:\/\/mishmashidiomesbarcelona.com\/es\/wp-content\/uploads\/2023\/06\/cropped-logo-activitats-angles-escola-barcelona-mishmash.jpg\",\"contentUrl\":\"https:\/\/mishmashidiomesbarcelona.com\/es\/wp-content\/uploads\/2023\/06\/cropped-logo-activitats-angles-escola-barcelona-mishmash.jpg\",\"width\":1343,\"height\":687,\"caption\":\"MishMash Idiomes Barcelona\"},\"image\":{\"@id\":\"https:\/\/mishmashidiomesbarcelona.com\/es\/#\/schema\/logo\/image\/\"},\"sameAs\":[\"https:\/\/www.facebook.com\/mishmashidiomasbarcelona\/\",\"https:\/\/www.instagram.com\/mishmashidiomasbarcelona\/\"]}]}<\/script>\n<!-- \/ Yoast SEO plugin. -->","yoast_head_json":{"title":"Curso 2025-26 - MishMash Idiomes Barcelona | Cursos de ingl\u00e9s","description":"Nuestros cursos | Qu\u00e9 ofrecemos en MishMash Idiomes Barcelona. Tenemos una amplia selecci\u00f3n de cursos orientados a ni\u00f1os, adultos y empresas.","robots":{"index":"index","follow":"follow","max-snippet":"max-snippet:-1","max-image-preview":"max-image-preview:large","max-video-preview":"max-video-preview:-1"},"canonical":"https:\/\/mishmashidiomesbarcelona.com\/es\/nuestros-cursos\/","og_locale":"es_ES","og_type":"article","og_title":"Curso 2025-26 - MishMash Idiomes Barcelona | Cursos de ingl\u00e9s","og_description":"Nuestros cursos | Qu\u00e9 ofrecemos en MishMash Idiomes Barcelona. Tenemos una amplia selecci\u00f3n de cursos orientados a ni\u00f1os, adultos y empresas.","og_url":"https:\/\/mishmashidiomesbarcelona.com\/es\/nuestros-cursos\/","og_site_name":"MishMash Idiomes Barcelona","article_publisher":"https:\/\/www.facebook.com\/mishmashidiomasbarcelona\/","article_modified_time":"2025-05-08T10:13:06+00:00","twitter_card":"summary_large_image","twitter_misc":{"Tiempo de lectura":"1 minuto"},"schema":{"@context":"https:\/\/schema.org","@graph":[{"@type":"WebPage","@id":"https:\/\/mishmashidiomesbarcelona.com\/es\/nuestros-cursos\/","url":"https:\/\/mishmashidiomesbarcelona.com\/es\/nuestros-cursos\/","name":"Curso 2025-26 - MishMash Idiomes Barcelona | Cursos de ingl\u00e9s","isPartOf":{"@id":"https:\/\/mishmashidiomesbarcelona.com\/es\/#website"},"datePublished":"2023-07-08T07:39:25+00:00","dateModified":"2025-05-08T10:13:06+00:00","description":"Nuestros cursos | Qu\u00e9 ofrecemos en MishMash Idiomes Barcelona. Tenemos una amplia selecci\u00f3n de cursos orientados a ni\u00f1os, adultos y empresas.","breadcrumb":{"@id":"https:\/\/mishmashidiomesbarcelona.com\/es\/nuestros-cursos\/#breadcrumb"},"inLanguage":"es","potentialAction":[{"@type":"ReadAction","target":["https:\/\/mishmashidiomesbarcelona.com\/es\/nuestros-cursos\/"]}]},{"@type":"BreadcrumbList","@id":"https:\/\/mishmashidiomesbarcelona.com\/es\/nuestros-cursos\/#breadcrumb","itemListElement":[{"@type":"ListItem","position":1,"name":"Portada","item":"https:\/\/mishmashidiomesbarcelona.com\/es\/"},{"@type":"ListItem","position":2,"name":"Curso 2025-26"}]},{"@type":"WebSite","@id":"https:\/\/mishmashidiomesbarcelona.com\/es\/#website","url":"https:\/\/mishmashidiomesbarcelona.com\/es\/","name":"MishMash Idiomes Barcelona","description":"Academia de ingl\u00e9s para ni\u00f1os y adultos. M\u00e9todo propio y creativo.","publisher":{"@id":"https:\/\/mishmashidiomesbarcelona.com\/es\/#organization"},"potentialAction":[{"@type":"SearchAction","target":{"@type":"EntryPoint","urlTemplate":"https:\/\/mishmashidiomesbarcelona.com\/es\/?s={search_term_string}"},"query-input":"required name=search_term_string"}],"inLanguage":"es"},{"@type":"Organization","@id":"https:\/\/mishmashidiomesbarcelona.com\/es\/#organization","name":"MishMash Idiomes Barcelona","url":"https:\/\/mishmashidiomesbarcelona.com\/es\/","logo":{"@type":"ImageObject","inLanguage":"es","@id":"https:\/\/mishmashidiomesbarcelona.com\/es\/#\/schema\/logo\/image\/","url":"https:\/\/mishmashidiomesbarcelona.com\/es\/wp-content\/uploads\/2023\/06\/cropped-logo-activitats-angles-escola-barcelona-mishmash.jpg","contentUrl":"https:\/\/mishmashidiomesbarcelona.com\/es\/wp-content\/uploads\/2023\/06\/cropped-logo-activitats-angles-escola-barcelona-mishmash.jpg","width":1343,"height":687,"caption":"MishMash Idiomes Barcelona"},"image":{"@id":"https:\/\/mishmashidiomesbarcelona.com\/es\/#\/schema\/logo\/image\/"},"sameAs":["https:\/\/www.facebook.com\/mishmashidiomasbarcelona\/","https:\/\/www.instagram.com\/mishmashidiomasbarcelona\/"]}]}},"_links":{"self":[{"href":"https:\/\/mishmashidiomesbarcelona.com\/es\/wp-json\/wp\/v2\/pages\/761","targetHints":{"allow":["GET"]}}],"collection":[{"href":"https:\/\/mishmashidiomesbarcelona.com\/es\/wp-json\/wp\/v2\/pages"}],"about":[{"href":"https:\/\/mishmashidiomesbarcelona.com\/es\/wp-json\/wp\/v2\/types\/page"}],"author":[{"embeddable":true,"href":"https:\/\/mishmashidiomesbarcelona.com\/es\/wp-json\/wp\/v2\/users\/1"}],"replies":[{"embeddable":true,"href":"https:\/\/mishmashidiomesbarcelona.com\/es\/wp-json\/wp\/v2\/comments?post=761"}],"version-history":[{"count":7,"href":"https:\/\/mishmashidiomesbarcelona.com\/es\/wp-json\/wp\/v2\/pages\/761\/revisions"}],"predecessor-version":[{"id":1108,"href":"https:\/\/mishmashidiomesbarcelona.com\/es\/wp-json\/wp\/v2\/pages\/761\/revisions\/1108"}],"wp:attachment":[{"href":"https:\/\/mishmashidiomesbarcelona.com\/es\/wp-json\/wp\/v2\/media?parent=761"}],"curies":[{"name":"wp","href":"https:\/\/api.w.org\/{rel}","templated":true}]}}