{"id":8,"date":"2023-06-30T09:36:18","date_gmt":"2023-06-30T07:36:18","guid":{"rendered":"https:\/\/mishmashidiomesbarcelona.com\/es\/?page_id=8-old"},"modified":"2023-07-18T23:18:17","modified_gmt":"2023-07-18T21:18:17","slug":"politica-de-privacidad","status":"publish","type":"page","link":"https:\/\/mishmashidiomesbarcelona.com\/es\/politica-de-privacidad\/","title":{"rendered":"Pol\u00edtica de Privacidad"},"content":{"rendered":"\n<p><strong>POL\u00cdTICA DE PRIVACIDAD<\/strong><\/p>\n\n\n\n<p>Los datos personales facilitados a trav\u00e9s de esta p\u00e1gina web ser\u00e1n tratados por Mishmash Idiomes amb Art S.L. (B65843401) , cuyos datos de contacto son los siguientes:<\/p>\n\n\n\n<p>\u00b7\u00a0 \u00a0 Domicilio: C\/ Besal\u00fa 87, 1r, 08026 Barcelona<\/p>\n\n\n\n<p>\u00b7\u00a0 \u00a0 Tel\u00e9fono: 626033575 \/ 676373436<\/p>\n\n\n\n<p>\u00b7&nbsp; &nbsp; Correo electr\u00f3nico: info@mishmashidiomesbarcelona.com.<\/p>\n\n\n\n<p>La finalidad del tratamiento de los datos es la de poder contactar con el remitente de la informaci\u00f3n, dar respuesta a su petici\u00f3n o consulta y hacer un seguimiento posterior. Los datos ser\u00e1n tratados sobre la base jur\u00eddica del consentimiento de la persona que los proporciona. Puede retirarse dicho consentimiento en cualquier momento, si bien ello no afectar\u00e1 a la licitud de los tratamientos efectuados con anterioridad. El hecho de facilitar los datos es voluntario, aunque, en caso de no hacerlo, no se podr\u00e1 responder a la solicitud, consulta o reclamaci\u00f3n. Por tanto, la comunicaci\u00f3n de sus datos personales a estos efectos es un requisito necesario para que podamos atender las peticiones formuladas por esta v\u00eda.<\/p>\n\n\n\n<p>Los datos ser\u00e1n conservados durante el tiempo necesario para dar respuesta a su solicitud, petici\u00f3n, consulta o reclamaci\u00f3n y dar esta por definitivamente cerrada. Posteriormente, ser\u00e1n conservados a modo de hist\u00f3rico de comunicaciones, salvo que usted solicite su supresi\u00f3n.<\/p>\n\n\n\n<p>El titular de los datos tiene derecho a solicitar el acceso a ellos, su rectificaci\u00f3n o supresi\u00f3n, as\u00ed como a la limitaci\u00f3n de su tratamiento, a oponerse al mismo y a la portabilidad de sus datos, en los casos previstos en el Reglamento General de Protecci\u00f3n de Datos. Frente a cualquier hecho que considerase una violaci\u00f3n de sus derechos, puede presentar una reclamaci\u00f3n ante la Agencia Espa\u00f1ola de Protecci\u00f3n de Datos, cuyos datos de contacto se encuentran&nbsp;<a href=\"http:\/\/www.aepd.es\/\" target=\"_blank\" rel=\"noreferrer noopener\">www.aepd.es<\/a>.<\/p>\n\n\n\n<p>Si se facilitan datos de terceros, quien lo haga asume la responsabilidad de informarles previamente de lo previsto en el art\u00edculo 14 del Reglamento General de Protecci\u00f3n de Datos.<\/p>\n\n\n\n<p>El usuario es responsable de que la informaci\u00f3n que proporcione a trav\u00e9s de esta Web sea cierta. A estos efectos, responde de la veracidad de todos los datos que comunique y mantendr\u00e1 convenientemente actualizada la informaci\u00f3n facilitada, de tal forma que responda a su situaci\u00f3n real. El usuario ser\u00e1 responsable de las informaciones falsas o inexactas que proporcione y de los perjuicios que ello cause a MishMashIdiomes o a terceros.<\/p>\n\n\n\n<p>Esta web garantiza la seguridad y confidencialidad de los datos de car\u00e1cter personal que le sean facilitados. A tal fin, tiene implantadas las medidas de seguridad de \u00edndole t\u00e9cnica y organizativa que son necesarias para evitar su alteraci\u00f3n, p\u00e9rdida, tratamiento o acceso no autorizados, de acuerdo con lo establecido en la normativa aplicable.<\/p>\n","protected":false},"excerpt":{"rendered":"<p>POL\u00cdTICA DE PRIVACIDAD Los datos personales facilitados a trav\u00e9s de esta p\u00e1gina web ser\u00e1n tratados por Mishmash Idiomes amb Art S.L. (B65843401) , cuyos datos de contacto son los siguientes: \u00b7\u00a0 \u00a0 Domicilio: C\/ Besal\u00fa 87, 1r, 08026 Barcelona \u00b7\u00a0 \u00a0 Tel\u00e9fono: 626033575 \/ 676373436 \u00b7&nbsp; &nbsp; Correo electr\u00f3nico: info@mishmashidiomesbarcelona.com. La finalidad del tratamiento de&hellip; <br \/> <a class=\"read-more\" href=\"https:\/\/mishmashidiomesbarcelona.com\/es\/politica-de-privacidad\/\">Read more<\/a><\/p>\n","protected":false},"author":1,"featured_media":0,"parent":0,"menu_order":0,"comment_status":"closed","ping_status":"closed","template":"","meta":{"footnotes":""},"class_list":["post-8","page","type-page","status-publish","hentry"],"yoast_head":"<!-- This site is optimized with the Yoast SEO plugin v22.4 - https:\/\/yoast.com\/wordpress\/plugins\/seo\/ -->\n<title>Pol\u00edtica de Privacidad - MishMash Idiomes Barcelona<\/title>\n<meta name=\"robots\" content=\"index, follow, max-snippet:-1, max-image-preview:large, max-video-preview:-1\" \/>\n<link rel=\"canonical\" href=\"https:\/\/mishmashidiomesbarcelona.com\/es\/politica-de-privacidad\/\" \/>\n<meta property=\"og:locale\" content=\"es_ES\" \/>\n<meta property=\"og:type\" content=\"article\" \/>\n<meta property=\"og:title\" content=\"Pol\u00edtica de Privacidad - MishMash Idiomes Barcelona\" \/>\n<meta property=\"og:description\" content=\"POL\u00cdTICA DE PRIVACIDAD Los datos personales facilitados a trav\u00e9s de esta p\u00e1gina web ser\u00e1n tratados por Mishmash Idiomes amb Art S.L. (B65843401) , cuyos datos de contacto son los siguientes: \u00b7\u00a0 \u00a0 Domicilio: C\/ Besal\u00fa 87, 1r, 08026 Barcelona \u00b7\u00a0 \u00a0 Tel\u00e9fono: 626033575 \/ 676373436 \u00b7&nbsp; &nbsp; Correo electr\u00f3nico: info@mishmashidiomesbarcelona.com. La finalidad del tratamiento de&hellip; Read more\" \/>\n<meta property=\"og:url\" content=\"https:\/\/mishmashidiomesbarcelona.com\/es\/politica-de-privacidad\/\" \/>\n<meta property=\"og:site_name\" content=\"MishMash Idiomes Barcelona\" \/>\n<meta property=\"article:publisher\" content=\"https:\/\/www.facebook.com\/mishmashidiomasbarcelona\/\" \/>\n<meta property=\"article:modified_time\" content=\"2023-07-18T21:18:17+00:00\" \/>\n<meta name=\"twitter:card\" content=\"summary_large_image\" \/>\n<meta name=\"twitter:label1\" content=\"Tiempo de lectura\" \/>\n\t<meta name=\"twitter:data1\" content=\"2 minutos\" \/>\n<script type=\"application\/ld+json\" class=\"yoast-schema-graph\">{\"@context\":\"https:\/\/schema.org\",\"@graph\":[{\"@type\":\"WebPage\",\"@id\":\"https:\/\/mishmashidiomesbarcelona.com\/es\/politica-de-privacidad\/\",\"url\":\"https:\/\/mishmashidiomesbarcelona.com\/es\/politica-de-privacidad\/\",\"name\":\"Pol\u00edtica de Privacidad - MishMash Idiomes Barcelona\",\"isPartOf\":{\"@id\":\"https:\/\/mishmashidiomesbarcelona.com\/es\/#website\"},\"datePublished\":\"2023-06-30T07:36:18+00:00\",\"dateModified\":\"2023-07-18T21:18:17+00:00\",\"breadcrumb\":{\"@id\":\"https:\/\/mishmashidiomesbarcelona.com\/es\/politica-de-privacidad\/#breadcrumb\"},\"inLanguage\":\"es\",\"potentialAction\":[{\"@type\":\"ReadAction\",\"target\":[\"https:\/\/mishmashidiomesbarcelona.com\/es\/politica-de-privacidad\/\"]}]},{\"@type\":\"BreadcrumbList\",\"@id\":\"https:\/\/mishmashidiomesbarcelona.com\/es\/politica-de-privacidad\/#breadcrumb\",\"itemListElement\":[{\"@type\":\"ListItem\",\"position\":1,\"name\":\"Portada\",\"item\":\"https:\/\/mishmashidiomesbarcelona.com\/es\/\"},{\"@type\":\"ListItem\",\"position\":2,\"name\":\"Pol\u00edtica de Privacidad\"}]},{\"@type\":\"WebSite\",\"@id\":\"https:\/\/mishmashidiomesbarcelona.com\/es\/#website\",\"url\":\"https:\/\/mishmashidiomesbarcelona.com\/es\/\",\"name\":\"MishMash Idiomes Barcelona\",\"description\":\"Academia de ingl\u00e9s para ni\u00f1os y adultos. M\u00e9todo propio y creativo.\",\"publisher\":{\"@id\":\"https:\/\/mishmashidiomesbarcelona.com\/es\/#organization\"},\"potentialAction\":[{\"@type\":\"SearchAction\",\"target\":{\"@type\":\"EntryPoint\",\"urlTemplate\":\"https:\/\/mishmashidiomesbarcelona.com\/es\/?s={search_term_string}\"},\"query-input\":\"required name=search_term_string\"}],\"inLanguage\":\"es\"},{\"@type\":\"Organization\",\"@id\":\"https:\/\/mishmashidiomesbarcelona.com\/es\/#organization\",\"name\":\"MishMash Idiomes Barcelona\",\"url\":\"https:\/\/mishmashidiomesbarcelona.com\/es\/\",\"logo\":{\"@type\":\"ImageObject\",\"inLanguage\":\"es\",\"@id\":\"https:\/\/mishmashidiomesbarcelona.com\/es\/#\/schema\/logo\/image\/\",\"url\":\"https:\/\/mishmashidiomesbarcelona.com\/es\/wp-content\/uploads\/2023\/06\/cropped-logo-activitats-angles-escola-barcelona-mishmash.jpg\",\"contentUrl\":\"https:\/\/mishmashidiomesbarcelona.com\/es\/wp-content\/uploads\/2023\/06\/cropped-logo-activitats-angles-escola-barcelona-mishmash.jpg\",\"width\":1343,\"height\":687,\"caption\":\"MishMash Idiomes Barcelona\"},\"image\":{\"@id\":\"https:\/\/mishmashidiomesbarcelona.com\/es\/#\/schema\/logo\/image\/\"},\"sameAs\":[\"https:\/\/www.facebook.com\/mishmashidiomasbarcelona\/\",\"https:\/\/www.instagram.com\/mishmashidiomasbarcelona\/\"]}]}<\/script>\n<!-- \/ Yoast SEO plugin. -->","yoast_head_json":{"title":"Pol\u00edtica de Privacidad - MishMash Idiomes Barcelona","robots":{"index":"index","follow":"follow","max-snippet":"max-snippet:-1","max-image-preview":"max-image-preview:large","max-video-preview":"max-video-preview:-1"},"canonical":"https:\/\/mishmashidiomesbarcelona.com\/es\/politica-de-privacidad\/","og_locale":"es_ES","og_type":"article","og_title":"Pol\u00edtica de Privacidad - MishMash Idiomes Barcelona","og_description":"POL\u00cdTICA DE PRIVACIDAD Los datos personales facilitados a trav\u00e9s de esta p\u00e1gina web ser\u00e1n tratados por Mishmash Idiomes amb Art S.L. (B65843401) , cuyos datos de contacto son los siguientes: \u00b7\u00a0 \u00a0 Domicilio: C\/ Besal\u00fa 87, 1r, 08026 Barcelona \u00b7\u00a0 \u00a0 Tel\u00e9fono: 626033575 \/ 676373436 \u00b7&nbsp; &nbsp; Correo electr\u00f3nico: info@mishmashidiomesbarcelona.com. La finalidad del tratamiento de&hellip; Read more","og_url":"https:\/\/mishmashidiomesbarcelona.com\/es\/politica-de-privacidad\/","og_site_name":"MishMash Idiomes Barcelona","article_publisher":"https:\/\/www.facebook.com\/mishmashidiomasbarcelona\/","article_modified_time":"2023-07-18T21:18:17+00:00","twitter_card":"summary_large_image","twitter_misc":{"Tiempo de lectura":"2 minutos"},"schema":{"@context":"https:\/\/schema.org","@graph":[{"@type":"WebPage","@id":"https:\/\/mishmashidiomesbarcelona.com\/es\/politica-de-privacidad\/","url":"https:\/\/mishmashidiomesbarcelona.com\/es\/politica-de-privacidad\/","name":"Pol\u00edtica de Privacidad - MishMash Idiomes Barcelona","isPartOf":{"@id":"https:\/\/mishmashidiomesbarcelona.com\/es\/#website"},"datePublished":"2023-06-30T07:36:18+00:00","dateModified":"2023-07-18T21:18:17+00:00","breadcrumb":{"@id":"https:\/\/mishmashidiomesbarcelona.com\/es\/politica-de-privacidad\/#breadcrumb"},"inLanguage":"es","potentialAction":[{"@type":"ReadAction","target":["https:\/\/mishmashidiomesbarcelona.com\/es\/politica-de-privacidad\/"]}]},{"@type":"BreadcrumbList","@id":"https:\/\/mishmashidiomesbarcelona.com\/es\/politica-de-privacidad\/#breadcrumb","itemListElement":[{"@type":"ListItem","position":1,"name":"Portada","item":"https:\/\/mishmashidiomesbarcelona.com\/es\/"},{"@type":"ListItem","position":2,"name":"Pol\u00edtica de Privacidad"}]},{"@type":"WebSite","@id":"https:\/\/mishmashidiomesbarcelona.com\/es\/#website","url":"https:\/\/mishmashidiomesbarcelona.com\/es\/","name":"MishMash Idiomes Barcelona","description":"Academia de ingl\u00e9s para ni\u00f1os y adultos. M\u00e9todo propio y creativo.","publisher":{"@id":"https:\/\/mishmashidiomesbarcelona.com\/es\/#organization"},"potentialAction":[{"@type":"SearchAction","target":{"@type":"EntryPoint","urlTemplate":"https:\/\/mishmashidiomesbarcelona.com\/es\/?s={search_term_string}"},"query-input":"required name=search_term_string"}],"inLanguage":"es"},{"@type":"Organization","@id":"https:\/\/mishmashidiomesbarcelona.com\/es\/#organization","name":"MishMash Idiomes Barcelona","url":"https:\/\/mishmashidiomesbarcelona.com\/es\/","logo":{"@type":"ImageObject","inLanguage":"es","@id":"https:\/\/mishmashidiomesbarcelona.com\/es\/#\/schema\/logo\/image\/","url":"https:\/\/mishmashidiomesbarcelona.com\/es\/wp-content\/uploads\/2023\/06\/cropped-logo-activitats-angles-escola-barcelona-mishmash.jpg","contentUrl":"https:\/\/mishmashidiomesbarcelona.com\/es\/wp-content\/uploads\/2023\/06\/cropped-logo-activitats-angles-escola-barcelona-mishmash.jpg","width":1343,"height":687,"caption":"MishMash Idiomes Barcelona"},"image":{"@id":"https:\/\/mishmashidiomesbarcelona.com\/es\/#\/schema\/logo\/image\/"},"sameAs":["https:\/\/www.facebook.com\/mishmashidiomasbarcelona\/","https:\/\/www.instagram.com\/mishmashidiomasbarcelona\/"]}]}},"_links":{"self":[{"href":"https:\/\/mishmashidiomesbarcelona.com\/es\/wp-json\/wp\/v2\/pages\/8","targetHints":{"allow":["GET"]}}],"collection":[{"href":"https:\/\/mishmashidiomesbarcelona.com\/es\/wp-json\/wp\/v2\/pages"}],"about":[{"href":"https:\/\/mishmashidiomesbarcelona.com\/es\/wp-json\/wp\/v2\/types\/page"}],"author":[{"embeddable":true,"href":"https:\/\/mishmashidiomesbarcelona.com\/es\/wp-json\/wp\/v2\/users\/1"}],"replies":[{"embeddable":true,"href":"https:\/\/mishmashidiomesbarcelona.com\/es\/wp-json\/wp\/v2\/comments?post=8"}],"version-history":[{"count":6,"href":"https:\/\/mishmashidiomesbarcelona.com\/es\/wp-json\/wp\/v2\/pages\/8\/revisions"}],"predecessor-version":[{"id":1038,"href":"https:\/\/mishmashidiomesbarcelona.com\/es\/wp-json\/wp\/v2\/pages\/8\/revisions\/1038"}],"wp:attachment":[{"href":"https:\/\/mishmashidiomesbarcelona.com\/es\/wp-json\/wp\/v2\/media?parent=8"}],"curies":[{"name":"wp","href":"https:\/\/api.w.org\/{rel}","templated":true}]}}